{"id":996,"date":"2023-03-23T15:41:48","date_gmt":"2023-03-23T18:41:48","guid":{"rendered":"https:\/\/pastoral.lasalle.edu.br\/?page_id=996"},"modified":"2023-05-09T10:12:58","modified_gmt":"2023-05-09T13:12:58","slug":"semana-de-la-salle-2023","status":"publish","type":"page","link":"https:\/\/pastoral.lasalle.edu.br\/index.php\/semana-de-la-salle-2023\/","title":{"rendered":"Semana de La Salle 2023"},"content":{"rendered":"<p>[et_pb_section fb_built=&#8221;1&#8243; admin_label=&#8221;Hero section&#8221; _builder_version=&#8221;4.9.7&#8243; background_color=&#8221;#4070b5&#8243; background_enable_image=&#8221;off&#8221; min_height=&#8221;318.2px&#8221; max_height=&#8221;1000px&#8221; custom_margin=&#8221;-86px||-122px||false|false&#8221; custom_padding=&#8221;5%||5%||true|false&#8221;][et_pb_row column_structure=&#8221;1_2,1_2&#8243; _builder_version=&#8221;4.9.7&#8243; _module_preset=&#8221;default&#8221; min_height=&#8221;94px&#8221; custom_margin=&#8221;|auto|-25px|10px||&#8221;][et_pb_column type=&#8221;1_2&#8243; _builder_version=&#8221;4.9.7&#8243; _module_preset=&#8221;default&#8221;][\/et_pb_column][et_pb_column type=&#8221;1_2&#8243; _builder_version=&#8221;4.9.7&#8243; _module_preset=&#8221;default&#8221;][et_pb_image src=&#8221;https:\/\/pastoral.lasalle.edu.br\/wp-content\/uploads\/2023\/01\/Chi.png&#8221; title_text=&#8221;Chi&#8221; url=&#8221;@ET-DC@eyJkeW5hbWljIjp0cnVlLCJjb250ZW50IjoicG9zdF9saW5rX3VybF9wYWdlIiwic2V0dGluZ3MiOnsicG9zdF9pZCI6IjEzMzQifX0=@&#8221; _builder_version=&#8221;4.9.7&#8243; _dynamic_attributes=&#8221;url&#8221; _module_preset=&#8221;default&#8221; width=&#8221;43%&#8221; module_alignment=&#8221;left&#8221; custom_margin=&#8221;||-47px|||&#8221; custom_padding=&#8221;|41px|13px|0px||&#8221;][\/et_pb_image][\/et_pb_column][\/et_pb_row][\/et_pb_section][et_pb_section fb_built=&#8221;1&#8243; admin_label=&#8221;Hero section&#8221; _builder_version=&#8221;4.9.7&#8243; background_image=&#8221;https:\/\/pastoral.lasalle.edu.br\/wp-content\/uploads\/2023\/03\/BANNER-SITE_Semana-de-La-Salle.png&#8221; min_height=&#8221;318.2px&#8221; max_height=&#8221;1000px&#8221; custom_margin=&#8221;-23px||0px||false|false&#8221; custom_padding=&#8221;10%||10%||true|&#8221;][et_pb_row _builder_version=&#8221;4.9.7&#8243; _module_preset=&#8221;default&#8221;][et_pb_column type=&#8221;4_4&#8243; _builder_version=&#8221;4.9.7&#8243; _module_preset=&#8221;default&#8221;][\/et_pb_column][\/et_pb_row][et_pb_row _builder_version=&#8221;4.9.7&#8243; _module_preset=&#8221;default&#8221;][et_pb_column type=&#8221;4_4&#8243; _builder_version=&#8221;4.9.7&#8243; _module_preset=&#8221;default&#8221;][\/et_pb_column][\/et_pb_row][\/et_pb_section][et_pb_section fb_built=&#8221;1&#8243; _builder_version=&#8221;4.9.7&#8243; _module_preset=&#8221;default&#8221; background_color=&#8221;RGBA(0,0,0,0)&#8221; min_height=&#8221;384.2px&#8221; custom_padding=&#8221;29px||29px|||&#8221; global_colors_info=&#8221;{%22gcid-895a277b-7d16-4175-b71c-03941378d685%22:%91%93}&#8221;][et_pb_row _builder_version=&#8221;3.25&#8243; custom_margin=&#8221;|||&#8221; custom_padding=&#8221;||12px|||&#8221;][et_pb_column type=&#8221;4_4&#8243; _builder_version=&#8221;3.25&#8243; custom_padding=&#8221;|||&#8221; custom_padding__hover=&#8221;|||&#8221;][et_pb_text _builder_version=&#8221;4.9.7&#8243; text_font=&#8221;Lato||||||||&#8221; text_text_color=&#8221;#898f99&#8243; text_font_size=&#8221;18px&#8221; text_line_height=&#8221;1.8em&#8221; header_font=&#8221;||||||||&#8221; header_2_font=&#8221;Lato|700|||||||&#8221; header_2_font_size=&#8221;42px&#8221; header_2_line_height=&#8221;1.5em&#8221; text_orientation=&#8221;center&#8221; max_width=&#8221;800px&#8221; module_alignment=&#8221;center&#8221; locked=&#8221;off&#8221;]<\/p>\n<h3><span style=\"color: #000000;\"><strong>Estimado Lassalista!<\/strong><\/span><\/h3>\n<p style=\"text-align: center;\">A <strong>Semana de La Salle 2023<\/strong> se aproxima.<br \/>Entre os dias <strong>15 e 19 de maio<\/strong>, somos convidados a refletir sobre os valores ensinados por S\u00e3o Jo\u00e3o Batista de La Salle, que hoje somos chamados a seguir e a manter vivos.<br \/>Alinhado ao <strong>DNA<\/strong>, tema da <strong>Reflex\u00e3o Lassalista<\/strong> deste ano, reflex\u00f5es, din\u00e2micas e a\u00e7\u00f5es foram planejadas para serem realizadas na sua Comunidade Educativa.<br \/>Contamos com a sua participa\u00e7\u00e3o e engajamento!<\/p>\n<p>[\/et_pb_text][et_pb_button button_url=&#8221;https:\/\/drive.google.com\/file\/d\/1VajSyeu7m9pQgtAN_ihHk6oEVmGVjwvp\/view&#8221; url_new_window=&#8221;on&#8221; button_text=&#8221;Confira a carta de orienta\u00e7\u00f5es&#8221; button_alignment=&#8221;center&#8221; _builder_version=&#8221;4.9.7&#8243; custom_button=&#8221;on&#8221; button_text_size=&#8221;15px&#8221; button_bg_color=&#8221;#E09900&#8243; button_border_width=&#8221;0px&#8221; button_border_radius=&#8221;6px&#8221; button_letter_spacing=&#8221;1px&#8221; button_font=&#8221;Lato|700||on|||||&#8221; button_use_icon=&#8221;off&#8221; background_layout=&#8221;dark&#8221; custom_margin=&#8221;|||&#8221; custom_padding=&#8221;12px|30px|12px|30px&#8221; box_shadow_style=&#8221;preset3&#8243; box_shadow_color=&#8221;rgba(60,57,230,0.15)&#8221; button_letter_spacing_hover=&#8221;1px&#8221; locked=&#8221;off&#8221; button_text_size__hover_enabled=&#8221;off&#8221; button_one_text_size__hover_enabled=&#8221;off&#8221; button_two_text_size__hover_enabled=&#8221;off&#8221; button_text_color__hover_enabled=&#8221;off&#8221; button_one_text_color__hover_enabled=&#8221;off&#8221; button_two_text_color__hover_enabled=&#8221;off&#8221; button_border_width__hover_enabled=&#8221;off&#8221; button_one_border_width__hover_enabled=&#8221;off&#8221; button_two_border_width__hover_enabled=&#8221;off&#8221; button_border_color__hover_enabled=&#8221;off&#8221; button_one_border_color__hover_enabled=&#8221;off&#8221; button_two_border_color__hover_enabled=&#8221;off&#8221; button_border_radius__hover_enabled=&#8221;off&#8221; button_one_border_radius__hover_enabled=&#8221;off&#8221; button_two_border_radius__hover_enabled=&#8221;off&#8221; button_letter_spacing__hover_enabled=&#8221;on&#8221; button_letter_spacing__hover=&#8221;1px&#8221; button_one_letter_spacing__hover_enabled=&#8221;off&#8221; button_two_letter_spacing__hover_enabled=&#8221;off&#8221; button_bg_color__hover_enabled=&#8221;off&#8221; button_one_bg_color__hover_enabled=&#8221;off&#8221; button_two_bg_color__hover_enabled=&#8221;off&#8221;][\/et_pb_button][\/et_pb_column][\/et_pb_row][\/et_pb_section][et_pb_section fb_built=&#8221;1&#8243; _builder_version=&#8221;4.9.7&#8243; _module_preset=&#8221;default&#8221; background_color=&#8221;rgba(232,179,81,0.71)&#8221; use_background_color_gradient=&#8221;on&#8221; background_color_gradient_start=&#8221;#91016f&#8221; background_color_gradient_end=&#8221;#c47629&#8243; background_color_gradient_type=&#8221;radial&#8221; min_height=&#8221;358.1px&#8221; custom_padding=&#8221;15px||0px|||&#8221; global_colors_info=&#8221;{%22gcid-895a277b-7d16-4175-b71c-03941378d685%22:%91%93}&#8221;][et_pb_row _builder_version=&#8221;4.9.7&#8243; min_height=&#8221;384px&#8221; custom_margin=&#8221;|||&#8221; custom_padding=&#8221;||0px|||&#8221; filter_saturate=&#8221;131%&#8221; filter_brightness=&#8221;108%&#8221;][et_pb_column type=&#8221;4_4&#8243; _builder_version=&#8221;3.25&#8243; custom_padding=&#8221;|||&#8221; custom_padding__hover=&#8221;|||&#8221;][et_pb_text _builder_version=&#8221;4.9.7&#8243; text_font=&#8221;Lato||||||||&#8221; text_text_color=&#8221;#898f99&#8243; text_font_size=&#8221;18px&#8221; text_line_height=&#8221;1.8em&#8221; header_font=&#8221;||||||||&#8221; header_2_font=&#8221;Lato|700|||||||&#8221; header_2_font_size=&#8221;42px&#8221; header_2_line_height=&#8221;1.5em&#8221; text_orientation=&#8221;center&#8221; max_width=&#8221;800px&#8221; module_alignment=&#8221;center&#8221; locked=&#8221;off&#8221;]<\/p>\n<h2><span style=\"color: #ffffff;\">TEXTO PARA FORMA\u00c7\u00c3O<\/span><\/h2>\n<p><span style=\"font-size: x-large; color: #ffffff;\"><em>Servir como express\u00e3o de amor:<br \/>com todo o cora\u00e7\u00e3o, com toda mente e com toda a pot\u00eancia da vontade.<\/em><\/span><\/p>\n<p><span style=\"font-size: x-large; color: #ffffff;\">A reflex\u00e3o escrita pelo Irm\u00e3o Paulo Dullius nos convida a refletir sobre os cinco valores lassalistas: f\u00e9, fraternidade, servi\u00e7o, justi\u00e7a e compromisso.<\/span><\/p>\n<p>[\/et_pb_text][et_pb_button button_url=&#8221;https:\/\/drive.google.com\/file\/d\/1oX5bjY3bSX-IPwuDRVRiQlZeNHW8GHi7\/view?usp=share_link&#8221; url_new_window=&#8221;on&#8221; button_text=&#8221;Leia o texto&#8221; button_alignment=&#8221;center&#8221; _builder_version=&#8221;4.9.7&#8243; custom_button=&#8221;on&#8221; button_text_size=&#8221;15px&#8221; button_text_color=&#8221;#FFFFFF&#8221; button_bg_color=&#8221;#007FE0&#8243; button_border_width=&#8221;0px&#8221; button_border_radius=&#8221;6px&#8221; button_letter_spacing=&#8221;1px&#8221; button_font=&#8221;Lato|700||on|||||&#8221; button_use_icon=&#8221;off&#8221; background_layout=&#8221;dark&#8221; custom_margin=&#8221;|||&#8221; custom_padding=&#8221;12px|30px|12px|30px&#8221; box_shadow_style=&#8221;preset3&#8243; box_shadow_color=&#8221;rgba(60,57,230,0.15)&#8221; button_letter_spacing_hover=&#8221;1px&#8221; locked=&#8221;off&#8221; button_text_size__hover_enabled=&#8221;off&#8221; button_one_text_size__hover_enabled=&#8221;off&#8221; button_two_text_size__hover_enabled=&#8221;off&#8221; button_text_color__hover_enabled=&#8221;off&#8221; button_one_text_color__hover_enabled=&#8221;off&#8221; button_two_text_color__hover_enabled=&#8221;off&#8221; button_border_width__hover_enabled=&#8221;off&#8221; button_one_border_width__hover_enabled=&#8221;off&#8221; button_two_border_width__hover_enabled=&#8221;off&#8221; button_border_color__hover_enabled=&#8221;off&#8221; button_one_border_color__hover_enabled=&#8221;off&#8221; button_two_border_color__hover_enabled=&#8221;off&#8221; button_border_radius__hover_enabled=&#8221;off&#8221; button_one_border_radius__hover_enabled=&#8221;off&#8221; button_two_border_radius__hover_enabled=&#8221;off&#8221; button_letter_spacing__hover_enabled=&#8221;on&#8221; button_letter_spacing__hover=&#8221;1px&#8221; button_one_letter_spacing__hover_enabled=&#8221;off&#8221; button_two_letter_spacing__hover_enabled=&#8221;off&#8221; button_bg_color__hover_enabled=&#8221;off&#8221; button_one_bg_color__hover_enabled=&#8221;off&#8221; button_two_bg_color__hover_enabled=&#8221;off&#8221;][\/et_pb_button][\/et_pb_column][\/et_pb_row][\/et_pb_section][et_pb_section fb_built=&#8221;1&#8243; admin_label=&#8221;Featured Places&#8221; _builder_version=&#8221;4.9.7&#8243; use_background_color_gradient=&#8221;on&#8221; background_color_gradient_start=&#8221;rgba(64,119,183,0.65)&#8221; background_color_gradient_end=&#8221;#27549e&#8221; background_color_gradient_type=&#8221;radial&#8221; width=&#8221;100%&#8221; min_height=&#8221;1151.8px&#8221; custom_margin=&#8221;-22px||-151px||false|false&#8221; custom_padding=&#8221;62px|0px|0px|0px|false|false&#8221; filter_saturate=&#8221;165%&#8221;][et_pb_row _builder_version=&#8221;3.25&#8243; min_height=&#8221;298px&#8221; custom_margin=&#8221;-57px|auto|50px|auto||&#8221; custom_padding=&#8221;||7px|||&#8221;][et_pb_column type=&#8221;4_4&#8243; _builder_version=&#8221;3.25&#8243; custom_padding=&#8221;|||&#8221; custom_padding__hover=&#8221;|||&#8221;][et_pb_text _builder_version=&#8221;4.9.7&#8243; text_font=&#8221;Lato||||||||&#8221; text_text_color=&#8221;#898f99&#8243; text_font_size=&#8221;18px&#8221; text_line_height=&#8221;1.8em&#8221; header_font=&#8221;||||||||&#8221; header_2_font=&#8221;Lato|700|||||||&#8221; header_2_font_size=&#8221;42px&#8221; header_2_line_height=&#8221;1.5em&#8221; header_3_font=&#8221;||||||||&#8221; text_orientation=&#8221;center&#8221; max_width=&#8221;800px&#8221; module_alignment=&#8221;center&#8221;]<\/p>\n<h2><span style=\"color: #ffffff;\">REFLEX\u00d5ES DI\u00c1RIAS<\/span><\/h2>\n<p><span style=\"color: #ffffff;\">Para cada um dos dias da semana, foram elaboradas reflex\u00f5es e a\u00e7\u00f5es concretas que se conectam com os cinco valores que La Salle nos ensina por meio da sua vida, para melhor vivermos o seu carisma:<br \/><\/span><strong><span style=\"color: #ffffff;\">f\u00e9, fraternidade, servi\u00e7o, justi\u00e7a e compromisso.<br \/><\/span><\/strong><span style=\"color: #ffffff;\">Abaixo, podem ser conferidas as reflex\u00f5es e as a\u00e7\u00f5es propostas para trabalhar com <strong>Crian\u00e7as, Adolescentes e Colaboradores<\/strong> da sua Comunidade Educativa ao longo da Semana de La Salle.<\/span><\/p>\n<p>[\/et_pb_text][\/et_pb_column][\/et_pb_row][et_pb_row column_structure=&#8221;1_3,1_3,1_3&#8243; _builder_version=&#8221;4.9.7&#8243; _module_preset=&#8221;default&#8221; min_height=&#8221;336.2px&#8221; custom_margin=&#8221;-41px|auto||auto||&#8221; custom_padding=&#8221;13px|||||&#8221;][et_pb_column type=&#8221;1_3&#8243; _builder_version=&#8221;4.9.7&#8243; _module_preset=&#8221;default&#8221;][et_pb_image src=&#8221;https:\/\/pastoral.lasalle.edu.br\/wp-content\/uploads\/2023\/03\/CAPA-ATIVIDADES-PROPOSTAS_Semana-de-La-Salle_FE-1.png&#8221; title_text=&#8221;CAPA ATIVIDADES PROPOSTAS_Semana de La Salle_F\u00c9&#8221; _builder_version=&#8221;4.9.7&#8243; _module_preset=&#8221;default&#8221; min_height=&#8221;135.2px&#8221; custom_padding=&#8221;||0px|||&#8221;][\/et_pb_image][et_pb_button button_url=&#8221;https:\/\/pastoral.lasalle.edu.br\/index.php\/semana-de-la-salle-dia-1&#8243; button_text=&#8221;CONFIRA&#8221; _builder_version=&#8221;4.9.7&#8243; _module_preset=&#8221;9ed3df9c-8724-4e15-88d4-75c4010bdb81&#8243; saved_tabs=&#8221;all&#8221;][\/et_pb_button][\/et_pb_column][et_pb_column type=&#8221;1_3&#8243; _builder_version=&#8221;4.9.7&#8243; _module_preset=&#8221;default&#8221;][et_pb_image src=&#8221;https:\/\/pastoral.lasalle.edu.br\/wp-content\/uploads\/2023\/03\/CAPA-ATIVIDADES-PROPOSTAS_Semana-de-La-Salle_FRATERNIDADE-1.png&#8221; title_text=&#8221;CAPA ATIVIDADES PROPOSTAS_Semana de La Salle_FRATERNIDADE&#8221; _builder_version=&#8221;4.9.7&#8243; _module_preset=&#8221;default&#8221;][\/et_pb_image][et_pb_button button_url=&#8221;https:\/\/pastoral.lasalle.edu.br\/index.php\/semana-de-la-salle-2o-dia&#8221; button_text=&#8221;CONFIRA&#8221; _builder_version=&#8221;4.9.7&#8243; _module_preset=&#8221;9ed3df9c-8724-4e15-88d4-75c4010bdb81&#8243; saved_tabs=&#8221;all&#8221;][\/et_pb_button][\/et_pb_column][et_pb_column type=&#8221;1_3&#8243; _builder_version=&#8221;4.9.7&#8243; _module_preset=&#8221;default&#8221;][et_pb_image src=&#8221;https:\/\/pastoral.lasalle.edu.br\/wp-content\/uploads\/2023\/03\/CAPA-ATIVIDADES-PROPOSTAS_Semana-de-La-Salle_SERVICO-1.png&#8221; title_text=&#8221;CAPA ATIVIDADES PROPOSTAS_Semana de La Salle_SERVI\u00c7O&#8221; _builder_version=&#8221;4.9.7&#8243; _module_preset=&#8221;default&#8221;][\/et_pb_image][et_pb_button button_url=&#8221;https:\/\/pastoral.lasalle.edu.br\/index.php\/semana-de-la-salle-3o-dia&#8221; button_text=&#8221;CONFIRA&#8221; _builder_version=&#8221;4.9.7&#8243; _module_preset=&#8221;9ed3df9c-8724-4e15-88d4-75c4010bdb81&#8243; saved_tabs=&#8221;all&#8221;][\/et_pb_button][\/et_pb_column][\/et_pb_row][et_pb_row column_structure=&#8221;1_3,1_3,1_3&#8243; _builder_version=&#8221;4.9.7&#8243; _module_preset=&#8221;default&#8221;][et_pb_column type=&#8221;1_3&#8243; _builder_version=&#8221;4.9.7&#8243; _module_preset=&#8221;default&#8221;][et_pb_image src=&#8221;https:\/\/pastoral.lasalle.edu.br\/wp-content\/uploads\/2023\/03\/CAPA-ATIVIDADES-PROPOSTAS_Semana-de-La-Salle_JUSTICA-1.png&#8221; title_text=&#8221;CAPA ATIVIDADES PROPOSTAS_Semana de La Salle_JUSTI\u00c7A&#8221; _builder_version=&#8221;4.9.7&#8243; _module_preset=&#8221;default&#8221; min_height=&#8221;206.2px&#8221;][\/et_pb_image][et_pb_button button_url=&#8221;https:\/\/pastoral.lasalle.edu.br\/index.php\/semana-de-la-salle-4o-dia&#8221; button_text=&#8221;CONFIRA&#8221; _builder_version=&#8221;4.9.7&#8243; _module_preset=&#8221;9ed3df9c-8724-4e15-88d4-75c4010bdb81&#8243; saved_tabs=&#8221;all&#8221;][\/et_pb_button][\/et_pb_column][et_pb_column type=&#8221;1_3&#8243; _builder_version=&#8221;4.9.7&#8243; _module_preset=&#8221;default&#8221;][et_pb_image src=&#8221;https:\/\/pastoral.lasalle.edu.br\/wp-content\/uploads\/2023\/03\/CAPA-ATIVIDADES-PROPOSTAS_Semana-de-La-Salle_COMPROMISSO-1.png&#8221; title_text=&#8221;CAPA ATIVIDADES PROPOSTAS_Semana de La Salle_COMPROMISSO&#8221; _builder_version=&#8221;4.9.7&#8243; _module_preset=&#8221;default&#8221;][\/et_pb_image][et_pb_button button_url=&#8221;https:\/\/pastoral.lasalle.edu.br\/index.php\/semana-de-la-salle-5o-dia&#8221; button_text=&#8221;CONFIRA&#8221; _builder_version=&#8221;4.9.7&#8243; _module_preset=&#8221;9ed3df9c-8724-4e15-88d4-75c4010bdb81&#8243; custom_margin=&#8221;|0px||||&#8221; saved_tabs=&#8221;all&#8221;][\/et_pb_button][\/et_pb_column][et_pb_column type=&#8221;1_3&#8243; _builder_version=&#8221;4.9.7&#8243; _module_preset=&#8221;default&#8221;][et_pb_image src=&#8221;https:\/\/pastoral.lasalle.edu.br\/wp-content\/uploads\/2023\/04\/SSSS.png&#8221; title_text=&#8221;SSSS&#8221; _builder_version=&#8221;4.9.7&#8243; _module_preset=&#8221;default&#8221; width=&#8221;97.2%&#8221; min_height=&#8221;159.8px&#8221; custom_margin=&#8221;||70px|||&#8221; custom_padding=&#8221;|45px|24px|62px||&#8221; border_radii=&#8221;off|3px|3px|3px|3px&#8221; border_width_all=&#8221;1px&#8221; border_color_all=&#8221;#FFFFFF&#8221;][\/et_pb_image][et_pb_button button_url=&#8221;https:\/\/drive.google.com\/drive\/folders\/1b_qEiWtpIr2zPPWTkRM0Q2FCQk_4Wl4z&#8221; url_new_window=&#8221;on&#8221; button_text=&#8221;BAIXE AQUI&#8221; _builder_version=&#8221;4.9.7&#8243; _module_preset=&#8221;9ed3df9c-8724-4e15-88d4-75c4010bdb81&#8243; transform_translate=&#8221;12px|-46px&#8221; saved_tabs=&#8221;all&#8221;][\/et_pb_button][\/et_pb_column][\/et_pb_row][\/et_pb_section][et_pb_section fb_built=&#8221;1&#8243; admin_label=&#8221;Testimonial&#8221; _builder_version=&#8221;4.9.7&#8243; background_color_gradient_direction=&#8221;1deg&#8221; background_image=&#8221;https:\/\/pastoral.lasalle.edu.br\/wp-content\/uploads\/2023\/03\/BANNER-MATERIAIS-DIVULGACAO_Semana-de-La-Salle-1.png&#8221; min_height=&#8221;303.2px&#8221; custom_margin=&#8221;-6px||-52px||false|false&#8221; custom_padding=&#8221;6%|0px|1.6%|0px|false|false&#8221;][et_pb_row _builder_version=&#8221;3.25&#8243; min_height=&#8221;310.4px&#8221; custom_margin=&#8221;-94px|auto|18px|176px||&#8221; custom_padding=&#8221;48px|||||&#8221;][et_pb_column type=&#8221;4_4&#8243; _builder_version=&#8221;3.25&#8243; custom_padding=&#8221;|||&#8221; custom_padding__hover=&#8221;|||&#8221;][et_pb_cta title=&#8221;MATERIAIS&#8221; button_url=&#8221;https:\/\/drive.google.com\/drive\/folders\/15Du_rrnSpaT66wpyBcLlDB7AVVLfItT4&#8243; url_new_window=&#8221;on&#8221; button_text=&#8221;CLIQUE E CONFIRA&#8221; _builder_version=&#8221;4.9.7&#8243; header_font=&#8221;Lato|900||on|||||&#8221; header_text_align=&#8221;center&#8221; header_font_size=&#8221;48px&#8221; header_letter_spacing=&#8221;2px&#8221; header_line_height=&#8221;1.2em&#8221; body_font=&#8221;Lato||||||||&#8221; body_font_size=&#8221;20px&#8221; body_line_height=&#8221;1.8em&#8221; use_background_color=&#8221;off&#8221; custom_button=&#8221;on&#8221; button_text_size=&#8221;16px&#8221; button_text_color=&#8221;#ffffff&#8221; button_bg_color=&#8221;#fa7f28&#8243; button_border_width=&#8221;6px&#8221; button_border_color=&#8221;#fa7f28&#8243; button_border_radius=&#8221;5px&#8221; button_letter_spacing=&#8221;2px&#8221; button_font=&#8221;Lato|900||on|||||&#8221; max_width=&#8221;750px&#8221; module_alignment=&#8221;center&#8221; custom_margin=&#8221;||24px|||&#8221; link_option_url=&#8221;https:\/\/drive.google.com\/drive\/folders\/15Du_rrnSpaT66wpyBcLlDB7AVVLfItT4&#8243; header_font_size_tablet=&#8221;40px&#8221; header_font_size_phone=&#8221;&#8221; header_font_size_last_edited=&#8221;on|tablet&#8221; header_text_shadow_style=&#8221;preset1&#8243; header_text_shadow_blur_strength=&#8221;0.6em&#8221; header_text_shadow_color=&#8221;rgba(0,0,0,0.24)&#8221; box_shadow_style_button=&#8221;preset3&#8243; box_shadow_blur_button=&#8221;30px&#8221; box_shadow_spread_button=&#8221;8px&#8221; box_shadow_color_button=&#8221;rgba(250,127,40,0.15)&#8221; button_letter_spacing_hover=&#8221;2px&#8221; button_text_size__hover_enabled=&#8221;off&#8221; button_one_text_size__hover_enabled=&#8221;off&#8221; button_two_text_size__hover_enabled=&#8221;off&#8221; button_text_color__hover_enabled=&#8221;off&#8221; button_one_text_color__hover_enabled=&#8221;off&#8221; button_two_text_color__hover_enabled=&#8221;off&#8221; button_border_width__hover_enabled=&#8221;off&#8221; button_one_border_width__hover_enabled=&#8221;off&#8221; button_two_border_width__hover_enabled=&#8221;off&#8221; button_border_color__hover_enabled=&#8221;off&#8221; button_one_border_color__hover_enabled=&#8221;off&#8221; button_two_border_color__hover_enabled=&#8221;off&#8221; button_border_radius__hover_enabled=&#8221;off&#8221; button_one_border_radius__hover_enabled=&#8221;off&#8221; button_two_border_radius__hover_enabled=&#8221;off&#8221; button_letter_spacing__hover_enabled=&#8221;on&#8221; button_letter_spacing__hover=&#8221;2px&#8221; button_one_letter_spacing__hover_enabled=&#8221;off&#8221; button_two_letter_spacing__hover_enabled=&#8221;off&#8221; button_bg_color__hover_enabled=&#8221;off&#8221; button_one_bg_color__hover_enabled=&#8221;off&#8221; button_two_bg_color__hover_enabled=&#8221;off&#8221;]<\/p>\n<p dir=\"ltr\" class=\"CDt4Ke zfr3Q\" style=\"text-align: left;\">Uma s\u00e9rie de materiais foram elaborados para auxiliar na divulga\u00e7\u00e3o da <strong>Semana de La Salle<\/strong> da sua Comunidade Educativa:<\/p>\n<ul>\n<li style=\"list-style-type: none;\">\n<ul>\n<li style=\"list-style-type: none;\">\n<ul>\n<li dir=\"ltr\" class=\"CDt4Ke zfr3Q\" style=\"text-align: left;\">Pe\u00e7as para redes sociais e e-mail marketing\u00a0<\/li>\n<li dir=\"ltr\" class=\"CDt4Ke zfr3Q\" style=\"text-align: left;\">Camiseta<\/li>\n<li dir=\"ltr\" class=\"CDt4Ke zfr3Q\" style=\"text-align: left;\">Boton<\/li>\n<li dir=\"ltr\" class=\"CDt4Ke zfr3Q\" style=\"text-align: left;\">Cartazes<\/li>\n<li dir=\"ltr\" class=\"CDt4Ke zfr3Q\" style=\"text-align: left;\">Modelo de PPT<\/li>\n<li dir=\"ltr\" class=\"CDt4Ke zfr3Q\" style=\"text-align: left;\">Folha timbrada<\/li>\n<\/ul>\n<\/li>\n<\/ul>\n<\/li>\n<\/ul>\n<p>[\/et_pb_cta][\/et_pb_column][\/et_pb_row][\/et_pb_section][et_pb_section fb_built=&#8221;1&#8243; _builder_version=&#8221;4.9.7&#8243; _module_preset=&#8221;default&#8221; background_image=&#8221;https:\/\/pastoral.lasalle.edu.br\/wp-content\/uploads\/2023\/03\/RODAPE_Semana-de-La-Salle-1.png&#8221; background_position=&#8221;bottom_right&#8221; min_height=&#8221;162px&#8221;][et_pb_row _builder_version=&#8221;4.9.7&#8243; _module_preset=&#8221;default&#8221; min_height=&#8221;52px&#8221; custom_margin=&#8221;-41px||0px||false|false&#8221;][et_pb_column type=&#8221;4_4&#8243; _builder_version=&#8221;4.9.7&#8243; _module_preset=&#8221;default&#8221;][\/et_pb_column][\/et_pb_row][\/et_pb_section]<\/p>\n","protected":false},"excerpt":{"rendered":"<p>Estimado Lassalista! A Semana de La Salle 2023 se aproxima.Entre os dias 15 e 19 de maio, somos convidados a refletir sobre os valores ensinados por S\u00e3o Jo\u00e3o Batista de La Salle, que hoje somos chamados a seguir e a manter vivos.Alinhado ao DNA, tema da Reflex\u00e3o Lassalista deste ano, reflex\u00f5es, din\u00e2micas e a\u00e7\u00f5es foram [&hellip;]<\/p>\n","protected":false},"author":1,"featured_media":0,"parent":0,"menu_order":0,"comment_status":"closed","ping_status":"closed","template":"","meta":{"_et_pb_use_builder":"on","_et_pb_old_content":"","_et_gb_content_width":"","footnotes":""},"class_list":["post-996","page","type-page","status-publish","hentry"],"_links":{"self":[{"href":"https:\/\/pastoral.lasalle.edu.br\/index.php\/wp-json\/wp\/v2\/pages\/996","targetHints":{"allow":["GET"]}}],"collection":[{"href":"https:\/\/pastoral.lasalle.edu.br\/index.php\/wp-json\/wp\/v2\/pages"}],"about":[{"href":"https:\/\/pastoral.lasalle.edu.br\/index.php\/wp-json\/wp\/v2\/types\/page"}],"author":[{"embeddable":true,"href":"https:\/\/pastoral.lasalle.edu.br\/index.php\/wp-json\/wp\/v2\/users\/1"}],"replies":[{"embeddable":true,"href":"https:\/\/pastoral.lasalle.edu.br\/index.php\/wp-json\/wp\/v2\/comments?post=996"}],"version-history":[{"count":99,"href":"https:\/\/pastoral.lasalle.edu.br\/index.php\/wp-json\/wp\/v2\/pages\/996\/revisions"}],"predecessor-version":[{"id":1516,"href":"https:\/\/pastoral.lasalle.edu.br\/index.php\/wp-json\/wp\/v2\/pages\/996\/revisions\/1516"}],"wp:attachment":[{"href":"https:\/\/pastoral.lasalle.edu.br\/index.php\/wp-json\/wp\/v2\/media?parent=996"}],"curies":[{"name":"wp","href":"https:\/\/api.w.org\/{rel}","templated":true}]}}