{"id":968,"date":"2023-03-10T08:56:00","date_gmt":"2023-03-10T11:56:00","guid":{"rendered":"https:\/\/pastoral.lasalle.edu.br\/?page_id=968"},"modified":"2023-03-10T11:51:45","modified_gmt":"2023-03-10T14:51:45","slug":"pascoa-2023","status":"publish","type":"page","link":"https:\/\/pastoral.lasalle.edu.br\/index.php\/pascoa-2023\/","title":{"rendered":"P\u00e1scoa 2023"},"content":{"rendered":"<p>[et_pb_section fb_built=&#8221;1&#8243; admin_label=&#8221;Header&#8221; _builder_version=&#8221;4.9.7&#8243; background_enable_color=&#8221;off&#8221; use_background_color_gradient=&#8221;on&#8221; background_color_gradient_start=&#8221;rgba(247,148,0,0.42)&#8221; background_color_gradient_end=&#8221;rgba(244,195,80,0.76)&#8221; background_color_gradient_direction=&#8221;130deg&#8221; background_color_gradient_end_position=&#8221;45%&#8221; background_image=&#8221;https:\/\/pastoral.lasalle.edu.br\/wp-content\/uploads\/2023\/03\/Fundo.png&#8221; background_position=&#8221;bottom_center&#8221; background_blend=&#8221;multiply&#8221; custom_padding=&#8221;11vw||0||false|false&#8221; background_size__hover=&#8221;cover&#8221; background_size__hover_enabled=&#8221;cover&#8221;][et_pb_row _builder_version=&#8221;4.9.7&#8243; background_enable_image=&#8221;off&#8221; background_position=&#8221;top_center&#8221; width=&#8221;100%&#8221; max_width=&#8221;100%&#8221; custom_margin=&#8221;-71px|auto||auto||&#8221; custom_padding=&#8221;0px|10%||10%||true&#8221; animation_style=&#8221;slide&#8221; animation_direction=&#8221;bottom&#8221; animation_intensity_slide=&#8221;1%&#8221; use_custom_width=&#8221;on&#8221; width_unit=&#8221;off&#8221; custom_width_percent=&#8221;100%&#8221;][et_pb_column type=&#8221;4_4&#8243; _builder_version=&#8221;3.25&#8243; custom_padding=&#8221;|||&#8221; custom_padding__hover=&#8221;|||&#8221;][et_pb_text _builder_version=&#8221;4.9.7&#8243; text_font=&#8221;||||||||&#8221; text_font_size=&#8221;20px&#8221; text_line_height=&#8221;1.8em&#8221; header_font=&#8221;Lato|900|||||||&#8221; header_font_size=&#8221;82px&#8221; header_letter_spacing=&#8221;1px&#8221; header_line_height=&#8221;1.2em&#8221; header_4_font=&#8221;Raleway|||on|||||&#8221; header_4_font_size=&#8221;22px&#8221; header_4_letter_spacing=&#8221;4px&#8221; header_4_line_height=&#8221;1.6em&#8221; text_orientation=&#8221;center&#8221; background_layout=&#8221;dark&#8221; max_width=&#8221;800px&#8221; module_alignment=&#8221;center&#8221; text_font_size_tablet=&#8221;&#8221; text_font_size_phone=&#8221;14px&#8221; text_font_size_last_edited=&#8221;on|desktop&#8221; header_font_size_tablet=&#8221;62px&#8221; header_font_size_phone=&#8221;38px&#8221; header_font_size_last_edited=&#8221;on|phone&#8221;]<\/p>\n<h1 style=\"text-align: left;\"><span style=\"color: #A0252A;\">P\u00c1SCOA<\/span><\/h1>\n<p>[\/et_pb_text][et_pb_text _builder_version=&#8221;4.9.7&#8243; text_font=&#8221;||||||||&#8221; text_font_size=&#8221;20px&#8221; text_line_height=&#8221;1.8em&#8221; header_font=&#8221;Lato|900|||||||&#8221; header_font_size=&#8221;82px&#8221; header_letter_spacing=&#8221;1px&#8221; header_line_height=&#8221;1.2em&#8221; header_4_font=&#8221;Raleway|||on|||||&#8221; header_4_font_size=&#8221;22px&#8221; header_4_letter_spacing=&#8221;4px&#8221; header_4_line_height=&#8221;1.6em&#8221; text_orientation=&#8221;center&#8221; background_layout=&#8221;dark&#8221; max_width=&#8221;1115px&#8221; module_alignment=&#8221;center&#8221; custom_margin=&#8221;|||316px||&#8221; custom_padding=&#8221;|||0px||&#8221; text_font_size_tablet=&#8221;&#8221; text_font_size_phone=&#8221;14px&#8221; text_font_size_last_edited=&#8221;on|desktop&#8221; header_font_size_tablet=&#8221;62px&#8221; header_font_size_phone=&#8221;38px&#8221; header_font_size_last_edited=&#8221;on|phone&#8221;]<\/p>\n<p style=\"text-align: justify;\"><span style=\"color: #000000; font-size: 20px;\">Levando em considera\u00e7\u00e3o o verdadeiro significado da P\u00e1scoa, morte e ressurrei\u00e7\u00e3o de Jesus, torna-se essencial, na escola cat\u00f3lica, a reflex\u00e3o sobre a grandiosidade e o significado desta data, assim como o conhecimento da pessoa de Jesus Cristo, o seu jeito de viver e se relacionar com as pessoas e com o mundo. No que se refere \u00e0s crian\u00e7as, aos adolescentes e aos jovens, precisa-se pensar em formas criativas e pedag\u00f3gicas para que essa reflex\u00e3o seja compreendida.<\/span><\/p>\n<p style=\"text-align: justify;\"><span style=\"color: #000000;\">Listaremos abaixo algumas sugest\u00f5es para o trabalho sobre a p\u00e1scoa jovem, infantil e com os colaboradores, assim como ambienta\u00e7\u00e3o e redes sociais.<\/span><\/p>\n<p style=\"text-align: justify;\"><span style=\"color: #000000;\">J\u00e1 existe um roteiro completo para a <strong>P\u00e1scoa Jovem<\/strong>, um retiro de p\u00e1scoa com adolescentes e jovens, de tr\u00eas dias <a href=\"https:\/\/drive.google.com\/file\/d\/1y2Q4ZXS_lAAzsN6im7QgmoK8bj_-6UW6\/view?usp=share_link\" target=\"_blank\" rel=\"noopener\"><strong>(clique aqui para acessar)<\/strong><\/a>. Dentro deste roteiro, muitas din\u00e2micas sugeridas, podem ser adaptadas para um momento mais curto, de um dia, uma tarde ou um per\u00edodo de aula. Os materiais de apoio para a P\u00e1scoa Jovem, como crach\u00e1, camiseta e ppt est\u00e3o <strong><a href=\"https:\/\/drive.google.com\/drive\/folders\/1wrCiQdCb7qaaastdG1gVYECpT8JqLifX?usp=share_link\" target=\"_blank\" rel=\"noopener\">neste link<\/a><\/strong>. Sugerimos que observem com aten\u00e7\u00e3o e aproveitem os materiais.<\/span><\/p>\n<p style=\"text-align: justify;\"><span style=\"color: #000000;\">Para aproveitar a tem\u00e1tica da Campanha da Fraternidade (Fraternidade e Fome), sugerimos que fa\u00e7am, em forma de celebra\u00e7\u00e3o e reflex\u00e3o, o Caf\u00e9 da Manh\u00e3 Social, que est\u00e1 sugerido dentro do roteiro da P\u00e1scoa Jovem. N\u00e3o precisa ser exatamente um caf\u00e9 da manh\u00e3, mas um lanche, desde que a reflex\u00e3o sobre a inseguran\u00e7a alimentar seja realizada.<\/span><\/p>\n<p style=\"text-align: justify;\"><span style=\"color: #000000;\">Criamos uma celebra\u00e7\u00e3o utilizando o texto \u201c<strong>Cristo nossa P\u00e1scoa, modelo de servi\u00e7o<\/strong>\u201d, elaborado pelo Setor de Forma\u00e7\u00e3o e Pastoral Provincial, que voc\u00ea pode acessar <a href=\"https:\/\/drive.google.com\/file\/d\/1MU2fQWe46VE_hVPSalRBOTxeU4GeTciv\/view?usp=share_link\" target=\"_blank\" rel=\"noopener\"><strong>clicando aqui.<\/strong><\/a><\/span><\/p>\n<p style=\"text-align: justify;\"><span style=\"color: #000000;\">Importante que sejam realizadas Celebra\u00e7\u00f5es com as turmas e os colaboradores trazendo presente o contexto da P\u00e1scoa e todas as sugest\u00f5es enviadas.<\/span><\/p>\n<p style=\"text-align: justify;\"><span style=\"color: #000000;\">Decorar a Comunidade de forma que o clima pascal esteja refletido.<\/span><\/p>\n<p style=\"text-align: justify;\"><span style=\"color: #000000;\">Pensar postagens para as Redes Sociais e para as fam\u00edlias retomando cada dia do tr\u00edduo Pascal.<\/span><\/p>\n<p style=\"text-align: justify;\"><span style=\"color: #000000;\">Utilizar as celebra\u00e7\u00f5es do tema pastoral (<a href=\"https:\/\/drive.google.com\/file\/d\/17khleTZ23xL7QIXFzAeX62GTTnRG2BBT\/view\" target=\"_blank\" rel=\"noopener\"><strong>clique aqui para acessar<\/strong><\/a>), que foram enviadas e est\u00e3o no site pastoral, caso ainda n\u00e3o tenham realizado, pois elas apresentam o prato, os v\u00eddeos e can\u00e7\u00f5es que se conectam com o tema da Campanha da Fraternidade e a P\u00e1scoa.<\/span><\/p>\n<p style=\"text-align: justify;\"><strong><span style=\"color: #000000;\">Alguns links aqui de m\u00fasicas e v\u00eddeos que podem ser utilizados:<\/span><\/strong><br \/><em><span style=\"color: #000000;\">&#8211; Para crian\u00e7as:<\/span><\/em><br \/><span style=\"color: #0c71c3;\"><a href=\"https:\/\/www.youtube.com\/watch?v=YEIi7KTTX9k\" style=\"color: #0c71c3;\" target=\"_blank\" rel=\"noopener\">A verdadeira hist\u00f3ria da P\u00e1scoa<\/a><\/span><br \/><span style=\"color: #0c71c3;\"><a href=\"https:\/\/www.youtube.com\/watch?v=xNN2dUPcFvI\" style=\"color: #0c71c3;\" target=\"_blank\" rel=\"noopener\">A hist\u00f3ria da P\u00e1scoa contada por crian\u00e7as<\/a><\/span><br \/><a href=\"https:\/\/www.youtube.com\/watch?v=V6sKsJyQB3U\" target=\"_blank\" rel=\"noopener\"><span style=\"color: #0c71c3;\">O Cordeiro de Deus<\/span><\/a><br \/><span style=\"color: #0c71c3;\"><a href=\"https:\/\/www.youtube.com\/watch?v=4rlEtszNmkA\" style=\"color: #0c71c3;\" target=\"_blank\" rel=\"noopener\">A hist\u00f3ria da P\u00e1scoa<\/a>\u00a0<\/span><br \/><span style=\"color: #0c71c3;\"><a href=\"https:\/\/www.youtube.com\/watch?v=pDcz7hsU2kI\" style=\"color: #0c71c3;\" target=\"_blank\" rel=\"noopener\">O verdadeiro sentido da P\u00e1scoa<\/a>\u00a0<\/span><br \/><span style=\"color: #0c71c3;\"><a href=\"https:\/\/www.youtube.com\/watch?v=R0z5PaSLMfc\" style=\"color: #0c71c3;\" target=\"_blank\" rel=\"noopener\">A hist\u00f3ria da P\u00e1scoa<\/a><\/span><br \/><em><span style=\"color: #000000;\">&#8211; Para adolescentes e adultos:<\/span><\/em><br \/><a href=\"https:\/\/www.youtube.com\/watch?v=t965Sx5RXbE\" target=\"_blank\" rel=\"noopener\"><span style=\"color: #000000;\"><span style=\"color: #0c71c3;\">Colheres de cabo comprido<\/span><\/span><\/a><\/p>\n<p style=\"text-align: justify;\"><span style=\"color: #000000;\"><\/span><\/p>\n<p style=\"text-align: justify;\"><span style=\"color: #000000;\"><\/span><\/p>\n<p>[\/et_pb_text][\/et_pb_column][\/et_pb_row][\/et_pb_section]<\/p>\n","protected":false},"excerpt":{"rendered":"<p>P\u00c1SCOALevando em considera\u00e7\u00e3o o verdadeiro significado da P\u00e1scoa, morte e ressurrei\u00e7\u00e3o de Jesus, torna-se essencial, na escola cat\u00f3lica, a reflex\u00e3o sobre a grandiosidade e o significado desta data, assim como o conhecimento da pessoa de Jesus Cristo, o seu jeito de viver e se relacionar com as pessoas e com o mundo. No que se [&hellip;]<\/p>\n","protected":false},"author":1,"featured_media":0,"parent":0,"menu_order":0,"comment_status":"closed","ping_status":"closed","template":"","meta":{"_et_pb_use_builder":"on","_et_pb_old_content":"","_et_gb_content_width":"","footnotes":""},"class_list":["post-968","page","type-page","status-publish","hentry"],"_links":{"self":[{"href":"https:\/\/pastoral.lasalle.edu.br\/index.php\/wp-json\/wp\/v2\/pages\/968","targetHints":{"allow":["GET"]}}],"collection":[{"href":"https:\/\/pastoral.lasalle.edu.br\/index.php\/wp-json\/wp\/v2\/pages"}],"about":[{"href":"https:\/\/pastoral.lasalle.edu.br\/index.php\/wp-json\/wp\/v2\/types\/page"}],"author":[{"embeddable":true,"href":"https:\/\/pastoral.lasalle.edu.br\/index.php\/wp-json\/wp\/v2\/users\/1"}],"replies":[{"embeddable":true,"href":"https:\/\/pastoral.lasalle.edu.br\/index.php\/wp-json\/wp\/v2\/comments?post=968"}],"version-history":[{"count":12,"href":"https:\/\/pastoral.lasalle.edu.br\/index.php\/wp-json\/wp\/v2\/pages\/968\/revisions"}],"predecessor-version":[{"id":994,"href":"https:\/\/pastoral.lasalle.edu.br\/index.php\/wp-json\/wp\/v2\/pages\/968\/revisions\/994"}],"wp:attachment":[{"href":"https:\/\/pastoral.lasalle.edu.br\/index.php\/wp-json\/wp\/v2\/media?parent=968"}],"curies":[{"name":"wp","href":"https:\/\/api.w.org\/{rel}","templated":true}]}}