{"id":733,"date":"2023-01-06T14:12:36","date_gmt":"2023-01-06T17:12:36","guid":{"rendered":"https:\/\/pastoral.lasalle.edu.br\/?page_id=733"},"modified":"2023-01-06T14:26:33","modified_gmt":"2023-01-06T17:26:33","slug":"tema-pastoral-esp","status":"publish","type":"page","link":"https:\/\/pastoral.lasalle.edu.br\/index.php\/tema-pastoral-esp\/","title":{"rendered":"Tema Pastoral esp"},"content":{"rendered":"<p>[et_pb_section fb_built=&#8221;1&#8243; custom_padding_last_edited=&#8221;on|phone&#8221; admin_label=&#8221;Hero Section&#8221; _builder_version=&#8221;4.9.7&#8243; background_color=&#8221;#0C71C3&#8243; background_enable_image=&#8221;off&#8221; background_enable_video_mp4=&#8221;off&#8221; custom_margin=&#8221;||-181px||false|false&#8221; custom_padding=&#8221;49px|0px|21px|0px||&#8221; custom_padding_tablet=&#8221;200px|0px|1px|0px||&#8221; custom_padding_phone=&#8221;104px|0px|74px|0px||&#8221;][et_pb_row column_structure=&#8221;1_2,1_2&#8243; _builder_version=&#8221;4.9.7&#8243; _module_preset=&#8221;default&#8221; custom_margin_tablet=&#8221;&#8221; custom_margin_phone=&#8221;-34px||||false|false&#8221; custom_margin_last_edited=&#8221;on|phone&#8221; custom_padding=&#8221;0px|||0px|false|false&#8221;][et_pb_column type=&#8221;1_2&#8243; _builder_version=&#8221;4.9.7&#8243; _module_preset=&#8221;default&#8221; custom_padding=&#8221;|||22px|false|false&#8221;][et_pb_text _builder_version=&#8221;4.9.7&#8243; _module_preset=&#8221;default&#8221; width=&#8221;100%&#8221; max_width=&#8221;100%&#8221; custom_margin=&#8221;8px|0px|8px|131px|false|false&#8221; hover_enabled=&#8221;0&#8243; sticky_enabled=&#8221;0&#8243;]<\/p>\n<div class=\"et-module-768dc081-9538-46c0-979e-6b52413b323a et_pb_column ui-sortable et-animated--vb et_pb_column_1_2 et_pb_column_0 et-first-child et-last-child-2 et_pb_with_border\" data-address=\"0.0.0\">\n<div class=\"et_fb_editing_enabled et-module-5bffa8e0-e8e5-47e2-8243-fbb0a2804186 et_pb_text et_pb_module ui-sortable et_pb_text_0 et-animated--vb et_pb_text_align_left et_pb_bg_layout_light et-fb-module--has-mousetrap et-first-child et-last-child\" data-address=\"0.0.0.0\" dynamic=\"[object Object]\" matching=\"[object Object]\" _key=\"5bffa8e0-e8e5-47e2-8243-fbb0a2804186\" parent_slug=\"et_pb_column\">\n<div class=\"et_pb_text_inner\">\n<div data-shortcode-id=\"0.0.0.0-1673024838069\" data-quickaccess-editable=\"yes\" class=\"et-fb-popover-tinymce\">\n<div class=\"mce-content-body\" contenteditable=\"true\" style=\"position: relative;\">\n<p style=\"text-align: right;\"><span style=\"color: #ffffff;\">Para acessar o site em portugu\u00eas clique no \u00edcone<\/span><\/p>\n<\/div>\n<\/div>\n<\/div>\n<\/div>\n<\/div>\n<p>[\/et_pb_text][\/et_pb_column][et_pb_column type=&#8221;1_2&#8243; _builder_version=&#8221;4.9.7&#8243; _module_preset=&#8221;default&#8221;][et_pb_image src=&#8221;https:\/\/pastoral.lasalle.edu.br\/wp-content\/uploads\/2023\/01\/Bra.png&#8221; title_text=&#8221;Bra&#8221; _builder_version=&#8221;4.9.7&#8243; _module_preset=&#8221;default&#8221; width=&#8221;24%&#8221; hover_enabled=&#8221;0&#8243; sticky_enabled=&#8221;0&#8243; url=&#8221;@ET-DC@eyJkeW5hbWljIjp0cnVlLCJjb250ZW50IjoicG9zdF9saW5rX3VybF9wYWdlIiwic2V0dGluZ3MiOnsicG9zdF9pZCI6IjQ4OCJ9fQ==@&#8221; _dynamic_attributes=&#8221;url&#8221;][\/et_pb_image][\/et_pb_column][\/et_pb_row][\/et_pb_section][et_pb_section fb_built=&#8221;1&#8243; custom_padding_last_edited=&#8221;on|phone&#8221; admin_label=&#8221;Hero Section&#8221; _builder_version=&#8221;4.9.7&#8243; background_color=&#8221;rgba(25,14,108,0)&#8221; background_image=&#8221;https:\/\/pastoral.lasalle.edu.br\/wp-content\/uploads\/2023\/01\/Fundo.png&#8221; background_enable_video_mp4=&#8221;off&#8221; custom_padding=&#8221;49px|0px|21px|0px||&#8221; custom_padding_tablet=&#8221;200px|0px|1px|0px||&#8221; custom_padding_phone=&#8221;104px|0px|74px|0px||&#8221;][et_pb_row custom_padding_last_edited=&#8221;on|phone&#8221; _builder_version=&#8221;4.9.7&#8243; custom_padding=&#8221;|||&#8221; custom_padding_tablet=&#8221;&#8221; custom_padding_phone=&#8221;|7px|||false|false&#8221; animation_style=&#8221;slide&#8221; animation_direction=&#8221;bottom&#8221; animation_intensity_slide=&#8221;10%&#8221;][et_pb_column type=&#8221;4_4&#8243; _builder_version=&#8221;4.9.7&#8243; _module_preset=&#8221;default&#8221;][et_pb_image src=&#8221;https:\/\/pastoral.lasalle.edu.br\/wp-content\/uploads\/2023\/01\/Logo-TP-ESP.png&#8221; title_text=&#8221;Logo-TP-ESP&#8221; align=&#8221;center&#8221; src_tablet=&#8221;https:\/\/pastoral.lasalle.edu.br\/wp-content\/uploads\/2023\/01\/Logo-TP.png&#8221; src_phone=&#8221;https:\/\/pastoral.lasalle.edu.br\/wp-content\/uploads\/2023\/01\/Logo-TP.png&#8221; src_last_edited=&#8221;on|tablet&#8221; _builder_version=&#8221;4.9.7&#8243; _module_preset=&#8221;default&#8221; transform_scale_tablet=&#8221;&#8221; transform_scale_phone=&#8221;156%|156%&#8221; transform_scale_last_edited=&#8221;on|phone&#8221; transform_translate_tablet=&#8221;&#8221; transform_translate_phone=&#8221;&#8221; transform_translate_last_edited=&#8221;on|phone&#8221; transform_rotate_tablet=&#8221;&#8221; transform_rotate_phone=&#8221;&#8221; transform_rotate_last_edited=&#8221;on|phone&#8221; transform_skew_tablet=&#8221;&#8221; transform_skew_phone=&#8221;&#8221; transform_skew_last_edited=&#8221;on|phone&#8221; transform_origin_tablet=&#8221;&#8221; transform_origin_phone=&#8221;&#8221; transform_origin_last_edited=&#8221;on|phone&#8221; transform_styles_last_edited=&#8221;on|phone&#8221; width=&#8221;51%&#8221; width_tablet=&#8221;69%&#8221; width_phone=&#8221;60%&#8221; width_last_edited=&#8221;on|phone&#8221; max_width=&#8221;100%&#8221; max_width_tablet=&#8221;&#8221; max_width_phone=&#8221;100%&#8221; max_width_last_edited=&#8221;on|phone&#8221; module_alignment=&#8221;center&#8221; min_height=&#8221;502px&#8221; min_height_tablet=&#8221;&#8221; min_height_phone=&#8221;157px&#8221; min_height_last_edited=&#8221;on|tablet&#8221; custom_margin=&#8221;-22px||-12px||false|false&#8221; custom_margin_tablet=&#8221;-179px||-29px||false|false&#8221; custom_margin_phone=&#8221;||99px||false|false&#8221; custom_margin_last_edited=&#8221;on|phone&#8221; custom_padding=&#8221;29px||0px|||&#8221; custom_padding_tablet=&#8221;&#8221; custom_padding_phone=&#8221;116px||||false|false&#8221; custom_padding_last_edited=&#8221;on|phone&#8221; animation_style=&#8221;fade&#8221; animation_duration=&#8221;1700ms&#8221; animation_speed_curve=&#8221;ease-in&#8221; hover_enabled=&#8221;0&#8243; transform_styles_tablet=&#8221;&#8221; transform_styles_phone=&#8221;&#8221; sticky_enabled=&#8221;0&#8243;][\/et_pb_image][\/et_pb_column][\/et_pb_row][et_pb_row _builder_version=&#8221;4.9.7&#8243; _module_preset=&#8221;default&#8221; custom_margin_tablet=&#8221;&#8221; custom_margin_phone=&#8221;-34px||||false|false&#8221; custom_margin_last_edited=&#8221;on|phone&#8221; custom_padding=&#8221;0px|||0px|false|false&#8221;][et_pb_column type=&#8221;4_4&#8243; _builder_version=&#8221;4.9.7&#8243; _module_preset=&#8221;default&#8221;][et_pb_toggle title=&#8221;Sobre el Tema Pastoral 2023&#8243; open_toggle_text_color=&#8221;#212285&#8243; open_toggle_background_color=&#8221;#FFFFFF&#8221; closed_toggle_text_color=&#8221;#212285&#8243; closed_toggle_background_color=&#8221;#FFFFFF&#8221; icon_color=&#8221;#212285&#8243; use_icon_font_size=&#8221;on&#8221; icon_font_size=&#8221;34px&#8221; _builder_version=&#8221;4.9.7&#8243; _module_preset=&#8221;default&#8221; title_text_color=&#8221;#212285&#8243; title_font=&#8221;Alata|700|||||||&#8221; title_text_align=&#8221;center&#8221; title_font_size=&#8221;24px&#8221; title_letter_spacing=&#8221;3px&#8221; closed_title_font=&#8221;Alata||||||||&#8221; closed_title_text_align=&#8221;center&#8221; closed_title_font_size=&#8221;24px&#8221; text_orientation=&#8221;center&#8221; width=&#8221;50%&#8221; width_tablet=&#8221;95%&#8221; width_phone=&#8221;100%&#8221; width_last_edited=&#8221;on|phone&#8221; max_width=&#8221;100%&#8221; module_alignment=&#8221;center&#8221; custom_margin=&#8221;|0px||0px|false|false&#8221; custom_margin_tablet=&#8221;|||-18px|false|false&#8221; custom_margin_phone=&#8221;|94px||25px|false|false&#8221; custom_margin_last_edited=&#8221;on|desktop&#8221; custom_padding=&#8221;|30px||25px|false|false&#8221; custom_padding_tablet=&#8221;|67px||25px|false|false&#8221; custom_padding_phone=&#8221;|32px||24px|false|false&#8221; custom_padding_last_edited=&#8221;on|phone&#8221; animation_style=&#8221;zoom&#8221; link_option_url_new_window=&#8221;on&#8221; hover_enabled=&#8221;0&#8243; border_radii=&#8221;on|58px|58px|58px|58px&#8221; box_shadow_style=&#8221;preset4&#8243; box_shadow_horizontal=&#8221;-7px&#8221; box_shadow_vertical=&#8221;8px&#8221; box_shadow_color=&#8221;#ffb52b&#8221; sticky_enabled=&#8221;0&#8243;]<\/p>\n<p style=\"text-align: center;\"><a href=\"https:\/\/drive.google.com\/file\/d\/1qCwqGZ8tWYH1D5uxXSHmtJ-jb-IIBm-m\/view?usp=share_link\" target=\"_blank\" rel=\"noopener\"><strong>Haga clic aqu\u00ed<\/strong><\/a><span style=\"color: #190e6c;\">\u00a0para acceder a la presentaci\u00f3n de<br \/>la Reflexi\u00f3n Lasaliana N\u00ba8 de este a\u00f1o.<\/span><\/p>\n<p>[\/et_pb_toggle][et_pb_toggle title=&#8221;Materiales Gr\u00e1ficos&#8221; open_toggle_text_color=&#8221;#212285&#8243; open_toggle_background_color=&#8221;#FFFFFF&#8221; closed_toggle_background_color=&#8221;#FFFFFF&#8221; icon_color=&#8221;#212285&#8243; use_icon_font_size=&#8221;on&#8221; icon_font_size=&#8221;34px&#8221; _builder_version=&#8221;4.9.7&#8243; _module_preset=&#8221;default&#8221; title_text_color=&#8221;#212285&#8243; title_font=&#8221;Alata|700|||||||&#8221; title_text_align=&#8221;center&#8221; title_font_size=&#8221;24px&#8221; title_letter_spacing=&#8221;3px&#8221; closed_title_font=&#8221;Alata||||||||&#8221; closed_title_text_align=&#8221;center&#8221; closed_title_font_size=&#8221;24px&#8221; text_orientation=&#8221;center&#8221; width=&#8221;50%&#8221; width_tablet=&#8221;95%&#8221; width_phone=&#8221;100%&#8221; width_last_edited=&#8221;on|phone&#8221; max_width=&#8221;100%&#8221; module_alignment=&#8221;center&#8221; custom_margin=&#8221;|0px||0px|false|false&#8221; custom_margin_tablet=&#8221;|||-18px|false|false&#8221; custom_margin_phone=&#8221;|94px||25px|false|false&#8221; custom_margin_last_edited=&#8221;on|desktop&#8221; custom_padding=&#8221;|30px||25px|false|false&#8221; custom_padding_tablet=&#8221;|67px||25px|false|false&#8221; custom_padding_phone=&#8221;|32px||24px|false|false&#8221; custom_padding_last_edited=&#8221;on|phone&#8221; animation_style=&#8221;zoom&#8221; animation_duration=&#8221;1150ms&#8221; hover_enabled=&#8221;0&#8243; border_radii=&#8221;on|58px|58px|58px|58px&#8221; box_shadow_style=&#8221;preset4&#8243; box_shadow_horizontal=&#8221;-7px&#8221; box_shadow_vertical=&#8221;8px&#8221; box_shadow_color=&#8221;#ffb52b&#8221; sticky_enabled=&#8221;0&#8243;]<\/p>\n<p style=\"text-align: center;\"><span style=\"color: #190e6c;\"><a href=\"https:\/\/drive.google.com\/drive\/folders\/1PRcfpKfGPpp0av_REXCUqqhKX36CeW7n?usp=share_link\" target=\"_blank\" rel=\"noopener\"><strong>Haga clic aqu\u00ed<\/strong> <\/a>para acceder a los materiales gr\u00e1ficos relacionados<br \/>con el Tema Pastoral 2023.<\/span><\/p>\n<p>[\/et_pb_toggle][\/et_pb_column][\/et_pb_row][\/et_pb_section]<\/p>\n","protected":false},"excerpt":{"rendered":"<p>Para acessar o site em portugu\u00eas clique no \u00edcone Haga clic aqu\u00ed\u00a0para acceder a la presentaci\u00f3n dela Reflexi\u00f3n Lasaliana N\u00ba8 de este a\u00f1o.Haga clic aqu\u00ed para acceder a los materiales gr\u00e1ficos relacionadoscon el Tema Pastoral 2023.<\/p>\n","protected":false},"author":1,"featured_media":0,"parent":0,"menu_order":0,"comment_status":"closed","ping_status":"closed","template":"","meta":{"_et_pb_use_builder":"on","_et_pb_old_content":"","_et_gb_content_width":"","footnotes":""},"class_list":["post-733","page","type-page","status-publish","hentry"],"_links":{"self":[{"href":"https:\/\/pastoral.lasalle.edu.br\/index.php\/wp-json\/wp\/v2\/pages\/733","targetHints":{"allow":["GET"]}}],"collection":[{"href":"https:\/\/pastoral.lasalle.edu.br\/index.php\/wp-json\/wp\/v2\/pages"}],"about":[{"href":"https:\/\/pastoral.lasalle.edu.br\/index.php\/wp-json\/wp\/v2\/types\/page"}],"author":[{"embeddable":true,"href":"https:\/\/pastoral.lasalle.edu.br\/index.php\/wp-json\/wp\/v2\/users\/1"}],"replies":[{"embeddable":true,"href":"https:\/\/pastoral.lasalle.edu.br\/index.php\/wp-json\/wp\/v2\/comments?post=733"}],"version-history":[{"count":4,"href":"https:\/\/pastoral.lasalle.edu.br\/index.php\/wp-json\/wp\/v2\/pages\/733\/revisions"}],"predecessor-version":[{"id":741,"href":"https:\/\/pastoral.lasalle.edu.br\/index.php\/wp-json\/wp\/v2\/pages\/733\/revisions\/741"}],"wp:attachment":[{"href":"https:\/\/pastoral.lasalle.edu.br\/index.php\/wp-json\/wp\/v2\/media?parent=733"}],"curies":[{"name":"wp","href":"https:\/\/api.w.org\/{rel}","templated":true}]}}