{"id":399,"date":"2022-03-03T14:43:10","date_gmt":"2022-03-03T17:43:10","guid":{"rendered":"https:\/\/pastoral.lasalle.edu.br\/?page_id=399"},"modified":"2022-03-03T15:37:52","modified_gmt":"2022-03-03T18:37:52","slug":"pascoa-jovem-2022","status":"publish","type":"page","link":"https:\/\/pastoral.lasalle.edu.br\/index.php\/pascoa-jovem-2022\/","title":{"rendered":"P\u00e1scoa Jovem 2022"},"content":{"rendered":"<p>[et_pb_section fb_built=&#8221;1&#8243; admin_label=&#8221;Header&#8221; _builder_version=&#8221;3.26.3&#8243; custom_padding=&#8221;0vw||0px||false|false&#8221; locked=&#8221;off&#8221;][et_pb_row column_structure=&#8221;3_5,2_5&#8243; _builder_version=&#8221;4.9.7&#8243; custom_padding=&#8221;60px||||false|false&#8221;][et_pb_column type=&#8221;3_5&#8243; _builder_version=&#8221;3.26.3&#8243;][et_pb_text _builder_version=&#8221;4.9.7&#8243; header_font=&#8221;Prompt|900|||||||&#8221; header_text_color=&#8221;#000000&#8243; header_font_size=&#8221;150px&#8221; header_letter_spacing=&#8221;7px&#8221; background_color=&#8221;RGBA(0,0,0,0)&#8221; background_image=&#8221;https:\/\/pastoral.lasalle.edu.br\/wp-content\/uploads\/2022\/03\/Prancheta-1.png&#8221; z_index=&#8221;1&#8243; custom_margin=&#8221;-60px|||-20vw|false|false&#8221; custom_padding=&#8221;60px|40px|50px|20vw|false|false&#8221; header_font_size_tablet=&#8221;80px&#8221; header_font_size_phone=&#8221;60px&#8221; header_font_size_last_edited=&#8221;on|phone&#8221; header_letter_spacing_tablet=&#8221;0px&#8221; header_letter_spacing_phone=&#8221;&#8221; header_letter_spacing_last_edited=&#8221;on|tablet&#8221; locked=&#8221;off&#8221;]<\/p>\n<h1><span style=\"color: #ffffff;\">P\u00e1scoa Jovem<\/span><\/h1>\n<p>[\/et_pb_text][\/et_pb_column][et_pb_column type=&#8221;2_5&#8243; _builder_version=&#8221;4.9.7&#8243; background_color=&#8221;RGBA(0,0,0,0)&#8221; custom_padding=&#8221;40px|30px|40px|30px|true|true&#8221;][et_pb_image src=&#8221;https:\/\/pastoral.lasalle.edu.br\/wp-content\/uploads\/2022\/03\/lgo.png&#8221; title_text=&#8221;lgo&#8221; _builder_version=&#8221;4.9.7&#8243; _module_preset=&#8221;default&#8221; width=&#8221;100%&#8221; max_width=&#8221;100%&#8221; module_alignment=&#8221;center&#8221; custom_margin=&#8221;-65px||-86px||false|false&#8221; custom_padding=&#8221;||0px||false|false&#8221;][\/et_pb_image][\/et_pb_column][\/et_pb_row][\/et_pb_section][et_pb_section fb_built=&#8221;1&#8243; admin_label=&#8221;Footer&#8221; _builder_version=&#8221;3.26.3&#8243; custom_padding=&#8221;15px|||||&#8221; locked=&#8221;off&#8221;][et_pb_row column_structure=&#8221;1_2,1_2&#8243; _builder_version=&#8221;4.9.7&#8243; _module_preset=&#8221;default&#8221;][et_pb_column type=&#8221;1_2&#8243; _builder_version=&#8221;4.9.7&#8243; _module_preset=&#8221;default&#8221;][et_pb_text _builder_version=&#8221;4.9.7&#8243; _module_preset=&#8221;default&#8221;]<\/p>\n<p><span style=\"color: #686868;\">A <strong>P\u00e1scoa Jovem<\/strong> \u00e9 um momento importante de reflex\u00e3o para os jovens das Comunidades Educativas Lassalistas. Pensando nisso a Equipe Provincial de Pastoral elaborou subs\u00eddios para um <strong>retiro de 3 dias e um roteiro de 1 dia<\/strong>, que podem ser adaptados conforme cada realidade. Os arquivos referentes a P\u00e1scoa Jovem est\u00e3o dispon\u00edveis nos bot\u00f5es abaixo para que cada Pastoral possa produzir os seus materiais.<\/span><\/p>\n<p>[\/et_pb_text][et_pb_button button_url=&#8221;https:\/\/drive.google.com\/file\/d\/18uJGu2k2_cgekWQ7ivPJan59r4P7zBR6\/view?usp=sharing&#8221; url_new_window=&#8221;on&#8221; button_text=&#8221;Roteiro Retiro 3 dias&#8221; _builder_version=&#8221;4.9.7&#8243; _module_preset=&#8221;default&#8221; custom_button=&#8221;on&#8221; button_text_size=&#8221;28px&#8221; button_border_width=&#8221;3px&#8221; button_border_radius=&#8221;33px&#8221; button_icon=&#8221;%%1%%&#8221; hover_enabled=&#8221;0&#8243; box_shadow_style=&#8221;preset2&#8243; box_shadow_horizontal=&#8221;-3px&#8221; box_shadow_vertical=&#8221;3px&#8221; box_shadow_blur=&#8221;5px&#8221; box_shadow_color=&#8221;#158737&#8243; sticky_enabled=&#8221;0&#8243;][\/et_pb_button][et_pb_button button_url=&#8221;https:\/\/drive.google.com\/file\/d\/1zJcdhE2RbL2n_MliljLyIO6tSPJ5tQsS\/view?usp=sharing&#8221; url_new_window=&#8221;on&#8221; button_text=&#8221;Roteiro 1 dia&#8221; _builder_version=&#8221;4.9.7&#8243; _module_preset=&#8221;default&#8221; custom_button=&#8221;on&#8221; button_text_size=&#8221;28px&#8221; button_border_width=&#8221;3px&#8221; button_border_radius=&#8221;33px&#8221; button_icon=&#8221;%%1%%&#8221; hover_enabled=&#8221;0&#8243; box_shadow_style=&#8221;preset2&#8243; box_shadow_horizontal=&#8221;-3px&#8221; box_shadow_vertical=&#8221;3px&#8221; box_shadow_blur=&#8221;5px&#8221; box_shadow_color=&#8221;#158737&#8243; sticky_enabled=&#8221;0&#8243;][\/et_pb_button][et_pb_button button_url=&#8221;https:\/\/drive.google.com\/drive\/folders\/1fCWdUZzPdnURwPcJeIJMtb2iq5OCrJPL?usp=sharing&#8221; url_new_window=&#8221;on&#8221; button_text=&#8221;Materiais de Apoio&#8221; _builder_version=&#8221;4.9.7&#8243; _module_preset=&#8221;default&#8221; custom_button=&#8221;on&#8221; button_text_size=&#8221;28px&#8221; button_border_width=&#8221;3px&#8221; button_border_radius=&#8221;33px&#8221; button_icon=&#8221;%%1%%&#8221; box_shadow_style=&#8221;preset2&#8243; box_shadow_horizontal=&#8221;-3px&#8221; box_shadow_vertical=&#8221;3px&#8221; box_shadow_blur=&#8221;5px&#8221; box_shadow_color=&#8221;#158737&#8243;][\/et_pb_button][et_pb_button button_url=&#8221;https:\/\/drive.google.com\/drive\/folders\/1sjMT7voYnG_ownsyp7giDmQ_jWV60Bp1?usp=sharing&#8221; url_new_window=&#8221;on&#8221; button_text=&#8221;Impressos&#8221; _builder_version=&#8221;4.9.7&#8243; _module_preset=&#8221;default&#8221; custom_button=&#8221;on&#8221; button_text_size=&#8221;28px&#8221; button_border_width=&#8221;3px&#8221; button_border_radius=&#8221;33px&#8221; button_icon=&#8221;%%1%%&#8221; box_shadow_style=&#8221;preset2&#8243; box_shadow_horizontal=&#8221;-3px&#8221; box_shadow_vertical=&#8221;3px&#8221; box_shadow_blur=&#8221;5px&#8221; box_shadow_color=&#8221;#158737&#8243;][\/et_pb_button][et_pb_button button_url=&#8221;https:\/\/drive.google.com\/drive\/folders\/16Z-u7tXZ6dfFIyHipNbAdHtqVCh-Ffc0?usp=sharing&#8221; url_new_window=&#8221;on&#8221; button_text=&#8221;Camiseta e M\u00e1scara&#8221; _builder_version=&#8221;4.9.7&#8243; _module_preset=&#8221;default&#8221; custom_button=&#8221;on&#8221; button_text_size=&#8221;28px&#8221; button_border_width=&#8221;3px&#8221; button_border_radius=&#8221;33px&#8221; button_icon=&#8221;%%1%%&#8221; box_shadow_style=&#8221;preset2&#8243; box_shadow_horizontal=&#8221;-3px&#8221; box_shadow_vertical=&#8221;3px&#8221; box_shadow_blur=&#8221;5px&#8221; box_shadow_color=&#8221;#158737&#8243;][\/et_pb_button][\/et_pb_column][et_pb_column type=&#8221;1_2&#8243; _builder_version=&#8221;4.9.7&#8243; _module_preset=&#8221;default&#8221;][\/et_pb_column][\/et_pb_row][\/et_pb_section][et_pb_section fb_built=&#8221;1&#8243; admin_label=&#8221;Footer&#8221; _builder_version=&#8221;4.9.7&#8243; background_color=&#8221;#0cadaf&#8221; min_height=&#8221;8px&#8221; custom_margin=&#8221;||-7px|||&#8221; custom_padding=&#8221;||42px|||&#8221; locked=&#8221;off&#8221;][et_pb_row _builder_version=&#8221;4.9.7&#8243; _module_preset=&#8221;default&#8221;][et_pb_column type=&#8221;4_4&#8243; _builder_version=&#8221;4.9.7&#8243; _module_preset=&#8221;default&#8221;][\/et_pb_column][\/et_pb_row][\/et_pb_section]<\/p>\n","protected":false},"excerpt":{"rendered":"<p>P\u00e1scoa JovemA P\u00e1scoa Jovem \u00e9 um momento importante de reflex\u00e3o para os jovens das Comunidades Educativas Lassalistas. Pensando nisso a Equipe Provincial de Pastoral elaborou subs\u00eddios para um retiro de 3 dias e um roteiro de 1 dia, que podem ser adaptados conforme cada realidade. Os arquivos referentes a P\u00e1scoa Jovem est\u00e3o dispon\u00edveis nos bot\u00f5es [&hellip;]<\/p>\n","protected":false},"author":1,"featured_media":0,"parent":0,"menu_order":0,"comment_status":"closed","ping_status":"closed","template":"","meta":{"_et_pb_use_builder":"on","_et_pb_old_content":"","_et_gb_content_width":"","footnotes":""},"class_list":["post-399","page","type-page","status-publish","hentry"],"_links":{"self":[{"href":"https:\/\/pastoral.lasalle.edu.br\/index.php\/wp-json\/wp\/v2\/pages\/399","targetHints":{"allow":["GET"]}}],"collection":[{"href":"https:\/\/pastoral.lasalle.edu.br\/index.php\/wp-json\/wp\/v2\/pages"}],"about":[{"href":"https:\/\/pastoral.lasalle.edu.br\/index.php\/wp-json\/wp\/v2\/types\/page"}],"author":[{"embeddable":true,"href":"https:\/\/pastoral.lasalle.edu.br\/index.php\/wp-json\/wp\/v2\/users\/1"}],"replies":[{"embeddable":true,"href":"https:\/\/pastoral.lasalle.edu.br\/index.php\/wp-json\/wp\/v2\/comments?post=399"}],"version-history":[{"count":11,"href":"https:\/\/pastoral.lasalle.edu.br\/index.php\/wp-json\/wp\/v2\/pages\/399\/revisions"}],"predecessor-version":[{"id":416,"href":"https:\/\/pastoral.lasalle.edu.br\/index.php\/wp-json\/wp\/v2\/pages\/399\/revisions\/416"}],"wp:attachment":[{"href":"https:\/\/pastoral.lasalle.edu.br\/index.php\/wp-json\/wp\/v2\/media?parent=399"}],"curies":[{"name":"wp","href":"https:\/\/api.w.org\/{rel}","templated":true}]}}