{"id":3383,"date":"2025-07-15T13:33:31","date_gmt":"2025-07-15T16:33:31","guid":{"rendered":"https:\/\/pastoral.lasalle.edu.br\/?page_id=3383"},"modified":"2026-02-10T10:12:41","modified_gmt":"2026-02-10T13:12:41","slug":"mes-vocacional-2025","status":"publish","type":"page","link":"https:\/\/pastoral.lasalle.edu.br\/index.php\/mes-vocacional-2025\/","title":{"rendered":"M\u00eas Vocacional 2025"},"content":{"rendered":"<p>[et_pb_section fb_built=&#8221;1&#8243; fullwidth=&#8221;on&#8221; _builder_version=&#8221;4.27.4&#8243; _module_preset=&#8221;default&#8221; custom_margin=&#8221;||76px|||&#8221; custom_padding=&#8221;||4px|||&#8221; global_colors_info=&#8221;{}&#8221;][et_pb_fullwidth_header text_orientation=&#8221;center&#8221; header_image_url=&#8221;https:\/\/pastoral.lasalle.edu.br\/wp-content\/uploads\/2025\/07\/marca.png&#8221; image_orientation=&#8221;bottom&#8221; header_image_url_tablet=&#8221;https:\/\/pastoral.lasalle.edu.br\/wp-content\/uploads\/2025\/07\/marca.png&#8221; header_image_url_phone=&#8221;https:\/\/pastoral.lasalle.edu.br\/wp-content\/uploads\/2025\/07\/marca.png&#8221; header_image_url_last_edited=&#8221;on|desktop&#8221; _builder_version=&#8221;4.27.4&#8243; _module_preset=&#8221;default&#8221; content_text_align=&#8221;center&#8221; background_image=&#8221;https:\/\/pastoral.lasalle.edu.br\/wp-content\/uploads\/2025\/07\/fundo.png&#8221; transform_scale=&#8221;125%|125%&#8221; width=&#8221;100%&#8221; max_width=&#8221;100%&#8221; module_alignment=&#8221;center&#8221; custom_margin=&#8221;||36px||false|false&#8221; custom_padding=&#8221;||0px|||&#8221; global_colors_info=&#8221;{}&#8221;][\/et_pb_fullwidth_header][\/et_pb_section][et_pb_section fb_built=&#8221;1&#8243; custom_padding_last_edited=&#8221;on|phone&#8221; admin_label=&#8221;Banner Logo&#8221; _builder_version=&#8221;4.27.4&#8243; background_color=&#8221;gcid-144fbbe4-137e-479a-9db9-a6ee3599e848&#8243; background_enable_color=&#8221;off&#8221; background_enable_image=&#8221;off&#8221; width=&#8221;100%&#8221; max_width=&#8221;100%&#8221; min_height=&#8221;647.8px&#8221; custom_margin=&#8221;-143px||||false|false&#8221; custom_margin_tablet=&#8221;&#8221; custom_margin_phone=&#8221;-82px||-97px||false|false&#8221; custom_margin_last_edited=&#8221;on|desktop&#8221; custom_padding=&#8221;0px||0px||true|false&#8221; custom_padding_tablet=&#8221;&#8221; custom_padding_phone=&#8221;0%||0%||true|false&#8221; background_last_edited=&#8221;on|phone&#8221; background_enable_image_phone=&#8221;off&#8221; background_size_phone=&#8221;cover&#8221; background_position_phone=&#8221;bottom_center&#8221; background_repeat_phone=&#8221;repeat&#8221; global_colors_info=&#8221;{%22gcid-1d250360-9f11-4b1d-944e-d6e8a9d36b41%22:%91%93,%22gcid-144fbbe4-137e-479a-9db9-a6ee3599e848%22:%91%22background_color%22%93}&#8221;][et_pb_row custom_padding_last_edited=&#8221;on|phone&#8221; _builder_version=&#8221;4.27.4&#8243; module_alignment=&#8221;center&#8221; custom_margin=&#8221;17px|auto||auto|false|false&#8221; custom_margin_tablet=&#8221;&#8221; custom_margin_phone=&#8221;17px|auto|102px|auto|false|false&#8221; custom_margin_last_edited=&#8221;on|phone&#8221; custom_padding=&#8221;4px||0px||false|false&#8221; custom_padding_tablet=&#8221;&#8221; custom_padding_phone=&#8221;0px||||false|false&#8221; global_colors_info=&#8221;{}&#8221;][et_pb_column type=&#8221;4_4&#8243; _builder_version=&#8221;4.16&#8243; custom_padding=&#8221;|||&#8221; global_colors_info=&#8221;{}&#8221; custom_padding__hover=&#8221;|||&#8221;][et_pb_text _builder_version=&#8221;4.27.4&#8243; text_font=&#8221;Lato||||||||&#8221; text_text_color=&#8221;#002d66&#8243; text_font_size=&#8221;18px&#8221; text_line_height=&#8221;1.8em&#8221; header_font=&#8221;||||||||&#8221; header_2_font=&#8221;Lato|700|||||||&#8221; header_2_font_size=&#8221;42px&#8221; header_2_line_height=&#8221;1.5em&#8221; text_orientation=&#8221;center&#8221; max_width=&#8221;1096px&#8221; module_alignment=&#8221;center&#8221; min_height=&#8221;390.5px&#8221; custom_margin=&#8221;-23px|-19px||-205px||&#8221; custom_padding=&#8221;44px|0px|0px|0px||&#8221; animation_style=&#8221;fade&#8221; text_font_size_tablet=&#8221;18px&#8221; text_font_size_phone=&#8221;16px&#8221; text_font_size_last_edited=&#8221;on|phone&#8221; locked=&#8221;off&#8221; global_colors_info=&#8221;{}&#8221; text_text_color__hover_enabled=&#8221;on|desktop&#8221; text_text_color__hover=&#8221;#002d66&#8243;]<\/p>\n<p style=\"text-align: left;\">Cremos em um Deus que habita junto ao seu povo, que v\u00ea sua mis\u00e9ria e conhece seu sofrimento, pois caminha lado a lado com ele (Ex 3,7). Esse Deus, que nos ama, tamb\u00e9m nos convoca a sermos presen\u00e7a junto \u00e0s periferias do mundo. A voca\u00e7\u00e3o \u00e9 chamado e resposta: o encontro entre o amor que arde em nossos cora\u00e7\u00f5es com as necessidades de nossos irm\u00e3os e irm\u00e3s. \u00c9 a tradu\u00e7\u00e3o deste amor, express\u00e3o de um modo de ser e viver que escolhemos a cada dia.<\/p>\n<p style=\"text-align: left;\">O caminho que trilhamos \u00e9 do seguimento a Jesus Cristo, sendo instrumentos de seu Evangelho onde quer que estejamos. Inspirados pelo exemplo de La Salle, de ser presen\u00e7a de f\u00e9, zelo e fraternidade entre os educandos, percorremos juntos e associados este itiner\u00e1rio, de m\u00e3os dadas com os destinat\u00e1rios de nossas a\u00e7\u00f5es: crian\u00e7as e jovens, principalmente, que caminham conosco.<\/p>\n<p style=\"text-align: left;\">Em nosso horizonte, o peregrinar na esperan\u00e7a torna-se verbo: \u201cesperan\u00e7ar\u201d, significando que atuamos na constru\u00e7\u00e3o de um mundo mais justo e fraterno, onde a paz e a n\u00e3o-viol\u00eancia n\u00e3o s\u00e3o apenas objetivos, mas uma meio neste processo.<\/p>\n<p style=\"text-align: left;\">A Espiritualidade Lassalista, assim como a estrela-norte no c\u00e9u, nos indica a dire\u00e7\u00e3o deste caminho: como Lassalistas, escolhemos viver esta miss\u00e3o.<\/p>\n<p>[\/et_pb_text][et_pb_button button_url=&#8221;https:\/\/drive.google.com\/file\/d\/1CEZPmAIuPBe-VtFBqJCaZvldmqbvP-Lk\/view?usp=sharing&#8221; url_new_window=&#8221;on&#8221; button_text=&#8221;Roteiro para o M\u00eas Vocacional Lassalista 2025&#8243; button_alignment=&#8221;center&#8221; button_alignment_tablet=&#8221;&#8221; button_alignment_phone=&#8221;center&#8221; button_alignment_last_edited=&#8221;on|phone&#8221; _builder_version=&#8221;4.27.4&#8243; custom_button=&#8221;on&#8221; button_text_size=&#8221;14px&#8221; button_bg_color=&#8221;#449991&#8243; button_border_width=&#8221;2px&#8221; button_border_color=&#8221;RGBA(255,255,255,0)&#8221; button_border_radius=&#8221;100px&#8221; button_letter_spacing=&#8221;1px&#8221; button_font=&#8221;Lato|700||on|||||&#8221; button_use_icon=&#8221;off&#8221; background_layout=&#8221;dark&#8221; custom_margin=&#8221;0px||22px|-1px|false|false&#8221; custom_padding=&#8221;12px|30px|12px|30px&#8221; animation_style=&#8221;slide&#8221; animation_delay=&#8221;100ms&#8221; box_shadow_style=&#8221;preset2&#8243; box_shadow_horizontal=&#8221;4px&#8221; box_shadow_blur=&#8221;7px&#8221; box_shadow_spread=&#8221;3px&#8221; box_shadow_color=&#8221;rgba(60,57,230,0.15)&#8221; button_letter_spacing_hover=&#8221;1px&#8221; locked=&#8221;off&#8221; global_colors_info=&#8221;{}&#8221; button_text_size__hover_enabled=&#8221;off&#8221; button_one_text_size__hover_enabled=&#8221;off&#8221; button_two_text_size__hover_enabled=&#8221;off&#8221; button_text_color__hover_enabled=&#8221;off&#8221; button_one_text_color__hover_enabled=&#8221;off&#8221; button_two_text_color__hover_enabled=&#8221;off&#8221; button_border_width__hover_enabled=&#8221;off&#8221; button_one_border_width__hover_enabled=&#8221;off&#8221; button_two_border_width__hover_enabled=&#8221;off&#8221; button_border_color__hover_enabled=&#8221;off&#8221; button_one_border_color__hover_enabled=&#8221;off&#8221; button_two_border_color__hover_enabled=&#8221;off&#8221; button_border_radius__hover_enabled=&#8221;off&#8221; button_one_border_radius__hover_enabled=&#8221;off&#8221; button_two_border_radius__hover_enabled=&#8221;off&#8221; button_letter_spacing__hover_enabled=&#8221;on&#8221; button_letter_spacing__hover=&#8221;1px&#8221; button_one_letter_spacing__hover_enabled=&#8221;off&#8221; button_two_letter_spacing__hover_enabled=&#8221;off&#8221; button_bg_color__hover_enabled=&#8221;off&#8221; button_one_bg_color__hover_enabled=&#8221;off&#8221; button_two_bg_color__hover_enabled=&#8221;off&#8221; transform_styles__hover_enabled=&#8221;on|hover&#8221; transform_scale__hover_enabled=&#8221;on|hover&#8221; transform_translate__hover_enabled=&#8221;on|desktop&#8221; transform_rotate__hover_enabled=&#8221;on|desktop&#8221; transform_skew__hover_enabled=&#8221;on|desktop&#8221; transform_origin__hover_enabled=&#8221;on|desktop&#8221; transform_scale__hover=&#8221;115%|115%&#8221;][\/et_pb_button][et_pb_button button_url=&#8221;https:\/\/drive.google.com\/drive\/folders\/1cEcvqsymaYwzc1tXZ9-kprrx7JBYhVxm?usp=sharing&#8221; url_new_window=&#8221;on&#8221; button_text=&#8221;Materias de comunica\u00e7\u00e3o&#8221; button_alignment=&#8221;center&#8221; button_alignment_tablet=&#8221;&#8221; button_alignment_phone=&#8221;center&#8221; button_alignment_last_edited=&#8221;on|phone&#8221; _builder_version=&#8221;4.27.4&#8243; custom_button=&#8221;on&#8221; button_text_size=&#8221;14px&#8221; button_bg_color=&#8221;#5a9cce&#8221; button_border_width=&#8221;2px&#8221; button_border_color=&#8221;RGBA(255,255,255,0)&#8221; button_border_radius=&#8221;100px&#8221; button_letter_spacing=&#8221;1px&#8221; button_font=&#8221;Lato|700||on|||||&#8221; button_use_icon=&#8221;off&#8221; background_layout=&#8221;dark&#8221; custom_margin=&#8221;0px||22px|-1px|false|false&#8221; custom_padding=&#8221;12px|30px|12px|30px&#8221; animation_style=&#8221;slide&#8221; animation_delay=&#8221;100ms&#8221; box_shadow_style=&#8221;preset2&#8243; box_shadow_horizontal=&#8221;4px&#8221; box_shadow_blur=&#8221;7px&#8221; box_shadow_spread=&#8221;3px&#8221; box_shadow_color=&#8221;rgba(60,57,230,0.15)&#8221; button_letter_spacing_hover=&#8221;1px&#8221; locked=&#8221;off&#8221; global_colors_info=&#8221;{}&#8221; button_text_size__hover_enabled=&#8221;off&#8221; button_one_text_size__hover_enabled=&#8221;off&#8221; button_two_text_size__hover_enabled=&#8221;off&#8221; button_text_color__hover_enabled=&#8221;off&#8221; button_one_text_color__hover_enabled=&#8221;off&#8221; button_two_text_color__hover_enabled=&#8221;off&#8221; button_border_width__hover_enabled=&#8221;off&#8221; button_one_border_width__hover_enabled=&#8221;off&#8221; button_two_border_width__hover_enabled=&#8221;off&#8221; button_border_color__hover_enabled=&#8221;off&#8221; button_one_border_color__hover_enabled=&#8221;off&#8221; button_two_border_color__hover_enabled=&#8221;off&#8221; button_border_radius__hover_enabled=&#8221;off&#8221; button_one_border_radius__hover_enabled=&#8221;off&#8221; button_two_border_radius__hover_enabled=&#8221;off&#8221; button_letter_spacing__hover_enabled=&#8221;on&#8221; button_letter_spacing__hover=&#8221;1px&#8221; button_one_letter_spacing__hover_enabled=&#8221;off&#8221; button_two_letter_spacing__hover_enabled=&#8221;off&#8221; button_bg_color__hover_enabled=&#8221;off&#8221; button_one_bg_color__hover_enabled=&#8221;off&#8221; button_two_bg_color__hover_enabled=&#8221;off&#8221; transform_styles__hover_enabled=&#8221;on|hover&#8221; transform_scale__hover_enabled=&#8221;on|hover&#8221; transform_translate__hover_enabled=&#8221;on|desktop&#8221; transform_rotate__hover_enabled=&#8221;on|desktop&#8221; transform_skew__hover_enabled=&#8221;on|desktop&#8221; transform_origin__hover_enabled=&#8221;on|desktop&#8221; transform_scale__hover=&#8221;115%|115%&#8221;][\/et_pb_button][et_pb_button button_url=&#8221;https:\/\/drive.google.com\/file\/d\/1tRryLoCb71ZPXeLk3HZih_ywPG6ddxmg\/view?usp=sharing&#8221; url_new_window=&#8221;on&#8221; button_text=&#8221;Proposta da CNBB para a Semana do Estudante&#8221; button_alignment=&#8221;center&#8221; button_alignment_tablet=&#8221;&#8221; button_alignment_phone=&#8221;center&#8221; button_alignment_last_edited=&#8221;on|phone&#8221; _builder_version=&#8221;4.27.4&#8243; custom_button=&#8221;on&#8221; button_text_size=&#8221;14px&#8221; button_bg_color=&#8221;#E09900&#8243; button_border_width=&#8221;2px&#8221; button_border_color=&#8221;RGBA(255,255,255,0)&#8221; button_border_radius=&#8221;100px&#8221; button_letter_spacing=&#8221;1px&#8221; button_font=&#8221;Lato|700||on|||||&#8221; button_use_icon=&#8221;off&#8221; background_layout=&#8221;dark&#8221; custom_margin=&#8221;0px||22px|-1px|false|false&#8221; custom_padding=&#8221;12px|30px|12px|30px&#8221; animation_style=&#8221;slide&#8221; animation_delay=&#8221;100ms&#8221; hover_enabled=&#8221;0&#8243; box_shadow_style=&#8221;preset2&#8243; box_shadow_horizontal=&#8221;4px&#8221; box_shadow_blur=&#8221;7px&#8221; box_shadow_spread=&#8221;3px&#8221; box_shadow_color=&#8221;rgba(60,57,230,0.15)&#8221; button_letter_spacing_hover=&#8221;1px&#8221; locked=&#8221;off&#8221; global_colors_info=&#8221;{}&#8221; button_text_size__hover_enabled=&#8221;off&#8221; button_one_text_size__hover_enabled=&#8221;off&#8221; button_two_text_size__hover_enabled=&#8221;off&#8221; button_text_color__hover_enabled=&#8221;off&#8221; button_one_text_color__hover_enabled=&#8221;off&#8221; button_two_text_color__hover_enabled=&#8221;off&#8221; button_border_width__hover_enabled=&#8221;off&#8221; button_one_border_width__hover_enabled=&#8221;off&#8221; button_two_border_width__hover_enabled=&#8221;off&#8221; button_border_color__hover_enabled=&#8221;off&#8221; button_one_border_color__hover_enabled=&#8221;off&#8221; button_two_border_color__hover_enabled=&#8221;off&#8221; button_border_radius__hover_enabled=&#8221;off&#8221; button_one_border_radius__hover_enabled=&#8221;off&#8221; button_two_border_radius__hover_enabled=&#8221;off&#8221; button_letter_spacing__hover_enabled=&#8221;on&#8221; button_letter_spacing__hover=&#8221;1px&#8221; button_one_letter_spacing__hover_enabled=&#8221;off&#8221; button_two_letter_spacing__hover_enabled=&#8221;off&#8221; button_bg_color__hover_enabled=&#8221;off&#8221; button_one_bg_color__hover_enabled=&#8221;off&#8221; button_two_bg_color__hover_enabled=&#8221;off&#8221; transform_styles__hover_enabled=&#8221;on|hover&#8221; transform_scale__hover_enabled=&#8221;on|hover&#8221; transform_translate__hover_enabled=&#8221;on|desktop&#8221; transform_rotate__hover_enabled=&#8221;on|desktop&#8221; transform_skew__hover_enabled=&#8221;on|desktop&#8221; transform_origin__hover_enabled=&#8221;on|desktop&#8221; transform_scale__hover=&#8221;115%|115%&#8221; sticky_enabled=&#8221;0&#8243; button_text_color=&#8221;#FFFFFF&#8221; button_bg_enable_color=&#8221;on&#8221;][\/et_pb_button][\/et_pb_column][\/et_pb_row][\/et_pb_section]<\/p>\n","protected":false},"excerpt":{"rendered":"<p>Cremos em um Deus que habita junto ao seu povo, que v\u00ea sua mis\u00e9ria e conhece seu sofrimento, pois caminha lado a lado com ele (Ex 3,7). Esse Deus, que nos ama, tamb\u00e9m nos convoca a sermos presen\u00e7a junto \u00e0s periferias do mundo. A voca\u00e7\u00e3o \u00e9 chamado e resposta: o encontro entre o amor que [&hellip;]<\/p>\n","protected":false},"author":1,"featured_media":0,"parent":0,"menu_order":0,"comment_status":"closed","ping_status":"closed","template":"","meta":{"_et_pb_use_builder":"on","_et_pb_old_content":"","_et_gb_content_width":"","footnotes":""},"class_list":["post-3383","page","type-page","status-publish","hentry"],"_links":{"self":[{"href":"https:\/\/pastoral.lasalle.edu.br\/index.php\/wp-json\/wp\/v2\/pages\/3383","targetHints":{"allow":["GET"]}}],"collection":[{"href":"https:\/\/pastoral.lasalle.edu.br\/index.php\/wp-json\/wp\/v2\/pages"}],"about":[{"href":"https:\/\/pastoral.lasalle.edu.br\/index.php\/wp-json\/wp\/v2\/types\/page"}],"author":[{"embeddable":true,"href":"https:\/\/pastoral.lasalle.edu.br\/index.php\/wp-json\/wp\/v2\/users\/1"}],"replies":[{"embeddable":true,"href":"https:\/\/pastoral.lasalle.edu.br\/index.php\/wp-json\/wp\/v2\/comments?post=3383"}],"version-history":[{"count":21,"href":"https:\/\/pastoral.lasalle.edu.br\/index.php\/wp-json\/wp\/v2\/pages\/3383\/revisions"}],"predecessor-version":[{"id":3426,"href":"https:\/\/pastoral.lasalle.edu.br\/index.php\/wp-json\/wp\/v2\/pages\/3383\/revisions\/3426"}],"wp:attachment":[{"href":"https:\/\/pastoral.lasalle.edu.br\/index.php\/wp-json\/wp\/v2\/media?parent=3383"}],"curies":[{"name":"wp","href":"https:\/\/api.w.org\/{rel}","templated":true}]}}