{"id":2913,"date":"2025-03-06T16:09:33","date_gmt":"2025-03-06T19:09:33","guid":{"rendered":"https:\/\/pastoral.lasalle.edu.br\/?page_id=2913"},"modified":"2025-03-07T14:12:00","modified_gmt":"2025-03-07T17:12:00","slug":"pascoa2025","status":"publish","type":"page","link":"https:\/\/pastoral.lasalle.edu.br\/index.php\/pascoa2025\/","title":{"rendered":"P\u00e1scoa 2025"},"content":{"rendered":"<p>[et_pb_section fb_built=&#8221;1&#8243; admin_label=&#8221;Header&#8221; _builder_version=&#8221;4.27.4&#8243; _module_preset=&#8221;default&#8221; background_enable_color=&#8221;off&#8221; background_image=&#8221;https:\/\/pastoral.lasalle.edu.br\/wp-content\/uploads\/2025\/03\/Fundo_1.jpg&#8221; overflow-x=&#8221;hidden&#8221; overflow-y=&#8221;hidden&#8221; custom_padding=&#8221;||709px|||&#8221; collapsed=&#8221;on&#8221; global_colors_info=&#8221;{%22gcid-d214ab81-0383-475f-b48e-2c27b44bd017%22:%91%22background_color%22%93}&#8221;][et_pb_row make_equal=&#8221;on&#8221; _builder_version=&#8221;4.23.1&#8243; _module_preset=&#8221;default&#8221; custom_padding=&#8221;||78px|||&#8221; global_colors_info=&#8221;{}&#8221;][et_pb_column type=&#8221;4_4&#8243; _builder_version=&#8221;4.23.1&#8243; _module_preset=&#8221;default&#8221; z_index=&#8221;10&#8243; global_colors_info=&#8221;{}&#8221;][et_pb_image src=&#8221;https:\/\/pastoral.lasalle.edu.br\/wp-content\/uploads\/2025\/03\/Marca-Pascoa.png&#8221; title_text=&#8221;P\u00e1scoa: \u00c9 tempo de Esperan\u00e7ar&#8221; align=&#8221;center&#8221; _builder_version=&#8221;4.27.4&#8243; _module_preset=&#8221;default&#8221; custom_margin=&#8221;-24px|||||&#8221; global_colors_info=&#8221;{}&#8221;][\/et_pb_image][et_pb_text _builder_version=&#8221;4.27.4&#8243; _module_preset=&#8221;default&#8221; custom_margin=&#8221;-20px|||||&#8221; hover_enabled=&#8221;0&#8243; global_colors_info=&#8221;{}&#8221; sticky_enabled=&#8221;0&#8243;]<\/p>\n<p style=\"text-align: center;\"><span style=\"color: #2d3e6f;\">Neste per\u00edodo Quaresmal, nos preparamos para a P\u00e1scoa que se aproxima, <br \/><strong>renovando a esperan\u00e7a<\/strong> e reafirmando nosso compromisso com a vida nova que Cristo nos oferece.<\/span><\/p>\n<p>[\/et_pb_text][\/et_pb_column][\/et_pb_row][et_pb_row column_structure=&#8221;1_2,1_2&#8243; _builder_version=&#8221;4.27.4&#8243; _module_preset=&#8221;default&#8221; custom_padding=&#8221;17px||17px||true|&#8221; global_colors_info=&#8221;{}&#8221;][et_pb_column type=&#8221;1_2&#8243; _builder_version=&#8221;4.27.4&#8243; _module_preset=&#8221;default&#8221; background_color=&#8221;#ffeacc&#8221; custom_padding=&#8221;30px|30px|30px|30px|true|true&#8221; custom_padding_tablet=&#8221;30px|30px|30px|30px|true|true&#8221; custom_padding_phone=&#8221;20px|20px|20px|20px|true|true&#8221; custom_padding_last_edited=&#8221;on|desktop&#8221; animation_style=&#8221;fade&#8221; link_option_url_new_window=&#8221;on&#8221; border_radii=&#8221;on|20px|20px|20px|20px&#8221; border_color_all=&#8221;gcid-550e6957-ead1-46e6-b51c-29b21fd97559&#8243; border_width_all_last_edited=&#8221;off|desktop&#8221; box_shadow_style=&#8221;preset2&#8243; global_colors_info=&#8221;{%22gcid-550e6957-ead1-46e6-b51c-29b21fd97559%22:%91%22border_color_all%22%93}&#8221; border_width_all__hover_enabled=&#8221;on|hover&#8221; border_width_all__hover=&#8221;0px&#8221; border_radii__hover_enabled=&#8221;on|hover&#8221; border_radii__hover=&#8221;on|20px|20px|20px|20px&#8221;][et_pb_text _builder_version=&#8221;4.27.4&#8243; _module_preset=&#8221;_initial&#8221; header_4_font=&#8221;Poppins|700|||||||&#8221; header_4_font_size=&#8221;24px&#8221; header_4_line_height=&#8221;1.4em&#8221; text_orientation=&#8221;center&#8221; custom_margin=&#8221;||10px||false|false&#8221; header_4_font_size_tablet=&#8221;16px&#8221; header_4_font_size_phone=&#8221;15px&#8221; header_4_font_size_last_edited=&#8221;on|desktop&#8221; global_colors_info=&#8221;{}&#8221;]<\/p>\n<h4><span style=\"color: #2d3e6f;\">Roteiro da P\u00e1scoa<\/span><\/h4>\n<p>[\/et_pb_text][et_pb_text _builder_version=&#8221;4.27.4&#8243; _module_preset=&#8221;_initial&#8221; text_line_height=&#8221;1.6em&#8221; text_orientation=&#8221;center&#8221; global_colors_info=&#8221;{}&#8221;]<\/p>\n<p><span style=\"color: #2d3e6f;\">Acesse o subs\u00eddio para a Celebra\u00e7\u00e3o da P\u00e1scoa.<\/span><\/p>\n<p>[\/et_pb_text][et_pb_button button_url=&#8221;https:\/\/drive.google.com\/drive\/folders\/1sOt4UkbCYD4ViiM3-wqUZa0aq3CG1D5n?usp=drive_link&#8221; url_new_window=&#8221;on&#8221; button_text=&#8221;Clique aqui&#8221; button_alignment=&#8221;center&#8221; _builder_version=&#8221;4.27.4&#8243; _module_preset=&#8221;_initial&#8221; custom_button=&#8221;on&#8221; button_text_size=&#8221;14px&#8221; button_text_color=&#8221;#2d3e6f&#8221; button_bg_color=&#8221;RGBA(255,255,255,0)&#8221; button_border_color=&#8221;gcid-dd8ea19d-81cb-4074-bc8d-b1da674e2c08&#8243; button_border_radius=&#8221;100px&#8221; button_letter_spacing=&#8221;0.16em&#8221; button_font=&#8221;Poppins|700||on|||||&#8221; custom_padding=&#8221;16px|24px|16px|24px|true|true&#8221; global_colors_info=&#8221;{%22gcid-dd8ea19d-81cb-4074-bc8d-b1da674e2c08%22:%91%22button_border_color%22%93}&#8221;][\/et_pb_button][\/et_pb_column][et_pb_column type=&#8221;1_2&#8243; _builder_version=&#8221;4.27.4&#8243; _module_preset=&#8221;default&#8221; background_color=&#8221;#a2462e&#8221; use_background_color_gradient=&#8221;on&#8221; background_color_gradient_type=&#8221;circular&#8221; background_color_gradient_stops=&#8221;#a2462e 63%|#560100 100%&#8221; custom_padding=&#8221;30px|30px|30px|30px|true|true&#8221; custom_padding_tablet=&#8221;30px|30px|30px|30px|true|true&#8221; custom_padding_phone=&#8221;20px|20px|20px|20px|true|true&#8221; custom_padding_last_edited=&#8221;on|desktop&#8221; animation_style=&#8221;fade&#8221; border_radii=&#8221;on|20px|20px|20px|20px&#8221; border_color_all=&#8221;gcid-550e6957-ead1-46e6-b51c-29b21fd97559&#8243; border_width_all_last_edited=&#8221;off|desktop&#8221; box_shadow_style=&#8221;preset2&#8243; global_colors_info=&#8221;{%22gcid-550e6957-ead1-46e6-b51c-29b21fd97559%22:%91%22border_color_all%22%93}&#8221; border_width_all__hover_enabled=&#8221;on|hover&#8221; border_width_all__hover=&#8221;0px&#8221;][et_pb_text _builder_version=&#8221;4.27.4&#8243; _module_preset=&#8221;_initial&#8221; header_4_font=&#8221;Poppins|700|||||||&#8221; header_4_font_size=&#8221;24px&#8221; header_4_line_height=&#8221;1.4em&#8221; text_orientation=&#8221;center&#8221; custom_margin=&#8221;||10px||false|false&#8221; header_4_font_size_tablet=&#8221;16px&#8221; header_4_font_size_phone=&#8221;15px&#8221; header_4_font_size_last_edited=&#8221;on|desktop&#8221; global_colors_info=&#8221;{}&#8221;]<\/p>\n<h4><span style=\"color: #ffffff;\">P\u00e1scoa Jovem<\/span><\/h4>\n<p>[\/et_pb_text][et_pb_text _builder_version=&#8221;4.27.4&#8243; _module_preset=&#8221;_initial&#8221; text_line_height=&#8221;1.6em&#8221; text_orientation=&#8221;center&#8221; global_colors_info=&#8221;{}&#8221;]<\/p>\n<p><span style=\"color: #ffffff;\">Acesse os subs\u00eddios para a P\u00e1scoa Jovem.<\/span><\/p>\n<p>[\/et_pb_text][et_pb_button button_url=&#8221;https:\/\/drive.google.com\/drive\/folders\/18tdCTtKX5trr7POWCchaN0yc6osxhWi5?usp=drive_link&#8221; url_new_window=&#8221;on&#8221; button_text=&#8221;Clique Aqui&#8221; button_alignment=&#8221;center&#8221; _builder_version=&#8221;4.27.4&#8243; _module_preset=&#8221;_initial&#8221; custom_button=&#8221;on&#8221; button_text_size=&#8221;14px&#8221; button_text_color=&#8221;#FFFFFF&#8221; button_bg_color=&#8221;RGBA(255,255,255,0)&#8221; button_border_color=&#8221;gcid-27d27316-00ff-460e-9cc1-5df31af25225&#8243; button_border_radius=&#8221;100px&#8221; button_letter_spacing=&#8221;0.16em&#8221; button_font=&#8221;Poppins|700||on|||||&#8221; custom_padding=&#8221;16px|24px|16px|24px|true|true&#8221; global_colors_info=&#8221;{%22gcid-27d27316-00ff-460e-9cc1-5df31af25225%22:%91%22button_border_color%22%93}&#8221;][\/et_pb_button][\/et_pb_column][\/et_pb_row][\/et_pb_section]<\/p>\n","protected":false},"excerpt":{"rendered":"<p>Neste per\u00edodo Quaresmal, nos preparamos para a P\u00e1scoa que se aproxima, renovando a esperan\u00e7a e reafirmando nosso compromisso com a vida nova que Cristo nos oferece.Roteiro da P\u00e1scoaAcesse o subs\u00eddio para a Celebra\u00e7\u00e3o da P\u00e1scoa.P\u00e1scoa JovemAcesse os subs\u00eddios para a P\u00e1scoa Jovem.<\/p>\n","protected":false},"author":1,"featured_media":0,"parent":0,"menu_order":0,"comment_status":"closed","ping_status":"closed","template":"","meta":{"_et_pb_use_builder":"on","_et_pb_old_content":"","_et_gb_content_width":"","footnotes":""},"class_list":["post-2913","page","type-page","status-publish","hentry"],"_links":{"self":[{"href":"https:\/\/pastoral.lasalle.edu.br\/index.php\/wp-json\/wp\/v2\/pages\/2913","targetHints":{"allow":["GET"]}}],"collection":[{"href":"https:\/\/pastoral.lasalle.edu.br\/index.php\/wp-json\/wp\/v2\/pages"}],"about":[{"href":"https:\/\/pastoral.lasalle.edu.br\/index.php\/wp-json\/wp\/v2\/types\/page"}],"author":[{"embeddable":true,"href":"https:\/\/pastoral.lasalle.edu.br\/index.php\/wp-json\/wp\/v2\/users\/1"}],"replies":[{"embeddable":true,"href":"https:\/\/pastoral.lasalle.edu.br\/index.php\/wp-json\/wp\/v2\/comments?post=2913"}],"version-history":[{"count":14,"href":"https:\/\/pastoral.lasalle.edu.br\/index.php\/wp-json\/wp\/v2\/pages\/2913\/revisions"}],"predecessor-version":[{"id":2955,"href":"https:\/\/pastoral.lasalle.edu.br\/index.php\/wp-json\/wp\/v2\/pages\/2913\/revisions\/2955"}],"wp:attachment":[{"href":"https:\/\/pastoral.lasalle.edu.br\/index.php\/wp-json\/wp\/v2\/media?parent=2913"}],"curies":[{"name":"wp","href":"https:\/\/api.w.org\/{rel}","templated":true}]}}