{"id":258,"date":"2022-01-05T11:19:38","date_gmt":"2022-01-05T14:19:38","guid":{"rendered":"https:\/\/pastoral.lasalle.edu.br\/?page_id=258"},"modified":"2022-01-06T09:27:28","modified_gmt":"2022-01-06T12:27:28","slug":"sobre-a-reflexao-lassalista","status":"publish","type":"page","link":"https:\/\/pastoral.lasalle.edu.br\/index.php\/sobre-a-reflexao-lassalista\/","title":{"rendered":"Sobre a Reflex\u00e3o Lassalista"},"content":{"rendered":"<p>[et_pb_section fb_built=&#8221;1&#8243; _builder_version=&#8221;4.9.7&#8243; _module_preset=&#8221;default&#8221; background_image=&#8221;https:\/\/pastoral.lasalle.edu.br\/wp-content\/uploads\/2022\/01\/banner-2.png&#8221; min_height=&#8221;734.4px&#8221; custom_margin=&#8221;0px||||false|false&#8221; custom_padding=&#8221;0px||0px||false|false&#8221;][et_pb_row _builder_version=&#8221;4.9.7&#8243; _module_preset=&#8221;default&#8221;][et_pb_column type=&#8221;4_4&#8243; _builder_version=&#8221;4.9.7&#8243; _module_preset=&#8221;default&#8221; custom_padding=&#8221;104px||||false|false&#8221;][et_pb_image src=&#8221;https:\/\/pastoral.lasalle.edu.br\/wp-content\/uploads\/2021\/11\/LogoInstitutoSite.png&#8221; title_text=&#8221;LogoInstitutoSite&#8221; url=&#8221;@ET-DC@eyJkeW5hbWljIjp0cnVlLCJjb250ZW50IjoicG9zdF9saW5rX3VybF9wYWdlIiwic2V0dGluZ3MiOnsicG9zdF9pZCI6IjIxMSJ9fQ==@&#8221; align=&#8221;center&#8221; _builder_version=&#8221;4.9.7&#8243; _dynamic_attributes=&#8221;url&#8221; _module_preset=&#8221;default&#8221; width=&#8221;49%&#8221; module_alignment=&#8221;center&#8221; custom_margin=&#8221;73px||||false|false&#8221; hover_enabled=&#8221;0&#8243; animation_style=&#8221;fade&#8221; sticky_enabled=&#8221;0&#8243;][\/et_pb_image][\/et_pb_column][\/et_pb_row][et_pb_row _builder_version=&#8221;4.9.7&#8243; _module_preset=&#8221;default&#8221;][et_pb_column type=&#8221;4_4&#8243; _builder_version=&#8221;4.9.7&#8243; _module_preset=&#8221;default&#8221; custom_padding=&#8221;104px||||false|false&#8221;][et_pb_text _builder_version=&#8221;4.9.7&#8243; _module_preset=&#8221;default&#8221; hover_enabled=&#8221;0&#8243; inline_fonts=&#8221;Open Sans&#8221; animation_style=&#8221;fade&#8221; sticky_enabled=&#8221;0&#8243;]<\/p>\n<p style=\"text-align: center;\"><span style=\"color: #ffffff; font-size: xx-large; font-family: 'Open Sans'; font-weight: normal;\"><strong>Sobre a Reflex\u00e3o Lassalista 7<\/strong><\/span><\/p>\n<p>[\/et_pb_text][\/et_pb_column][\/et_pb_row][\/et_pb_section][et_pb_section fb_built=&#8221;1&#8243; _builder_version=&#8221;4.9.7&#8243; _module_preset=&#8221;default&#8221; background_image=&#8221;https:\/\/pastoral.lasalle.edu.br\/wp-content\/uploads\/2022\/01\/banner_site_transparente.png&#8221; custom_margin=&#8221;-4px|||||&#8221; custom_padding=&#8221;42px|||||&#8221;][et_pb_row _builder_version=&#8221;4.9.7&#8243; _module_preset=&#8221;default&#8221;][et_pb_column type=&#8221;4_4&#8243; _builder_version=&#8221;4.9.7&#8243; _module_preset=&#8221;default&#8221;][et_pb_text _builder_version=&#8221;4.9.7&#8243; _module_preset=&#8221;default&#8221; animation_style=&#8221;fade&#8221; animation_duration=&#8221;1150ms&#8221; animation_speed_curve=&#8221;ease-in&#8221; hover_enabled=&#8221;0&#8243; animation_delay=&#8221;250ms&#8221; sticky_enabled=&#8221;0&#8243;]<\/p>\n<p>A incerteza destes \u00faltimos tempos n\u00e3o conseguiu nos fazer duvidar de nosso carisma lassalista. Pelo contr\u00e1rio, intensificou nosso compromisso pela educa\u00e7\u00e3o das crian\u00e7as e dos jovens e deu sentido \u00e0 nossa exist\u00eancia, porque exigiu, contra todas as probabilidades, que a miss\u00e3o que realizamos tenha um motivo e que a tornemos poss\u00edvel.<\/p>\n<p>A utopia n\u00e3o significa uma simples suposi\u00e7\u00e3o de que tudo \u00e9 ou ser\u00e1 maravilhoso, mas representa nossa convic\u00e7\u00e3o de que sempre h\u00e1 alternativas. S\u00e3o Jo\u00e3o Batista de La Salle, na Carta 54.8, de 1\u00ba de maio de 1708, destinada ao Ir. Roberto, nos recorda que \u201cnada se ganha com deixar-se levar pelo des\u00e2nimo\u201d.<\/p>\n<p>A partir dos valores lassalistas, caminhamos para esse horizonte mantendo viva essa utopia, porque acreditamos em uma vida que vale a pena seguir vivendo. Formamos uma grande comunidade que nos torna fortes, e estamos construindo novos caminhos que nos aproximam do horizonte do servi\u00e7o educativo.<\/p>\n<p>Podemos fazer da nossa uma miss\u00e3o poss\u00edvel, porque acreditamos que utopia significa:<\/p>\n<p>&#8211; Fomentar o di\u00e1logo correto entre a justi\u00e7a e a caridade, sem ficarmos calados diante das viol\u00eancias indiz\u00edveis provocadas pela discrimina\u00e7\u00e3o e pelo racismo.<br \/>&#8211; Criar um ambiente onde cada ser humano conhe\u00e7a o papel que exerce no cosmos, sem esquecer as v\u00edtimas an\u00f4nimas que perecem por causa da falta de respeito por nossa m\u00e3e Terra.<br \/>&#8211; Lutar pelas coisas tal como deveriam ser, sem entregar-se \u00e0s coisas tais como s\u00e3o.<br \/>&#8211; Reconhecer a presen\u00e7a de Deus onde acontecem coisas boas para os pobres, sem desanimar quando se prolonga o tempo de espera.<br \/>&#8211; Acreditar firmemente que podemos viver uma vida que valha a pena seguir vivendo, sem deixar-nos levar pela ang\u00fastia.<\/p>\n<p>Nosso carisma tem muito a oferecer ao mundo, com uma pedagogia que esteja em sintonia com a fraternidade e a amizade social para a constru\u00e7\u00e3o de um mundo melhor, e que integra de forma mais direta e clara o sentido social da exist\u00eancia, a dimens\u00e3o fraterna da espiritualidade, a convic\u00e7\u00e3o sobre a dignidade de cada pessoa e as motiva\u00e7\u00f5es para amar e acolher a todos.<\/p>\n<p>[\/et_pb_text][\/et_pb_column][\/et_pb_row][\/et_pb_section][et_pb_section fb_built=&#8221;1&#8243; _builder_version=&#8221;4.9.7&#8243; _module_preset=&#8221;default&#8221; background_image=&#8221;https:\/\/pastoral.lasalle.edu.br\/wp-content\/uploads\/2022\/01\/banner-2.png&#8221; min_height=&#8221;734.4px&#8221; custom_margin=&#8221;0px||-4px||false|false&#8221; custom_padding=&#8221;0px||0px||false|false&#8221;][et_pb_row _builder_version=&#8221;4.9.7&#8243; _module_preset=&#8221;default&#8221;][et_pb_column type=&#8221;4_4&#8243; _builder_version=&#8221;4.9.7&#8243; _module_preset=&#8221;default&#8221; custom_padding=&#8221;104px||||false|false&#8221;][et_pb_image src=&#8221;https:\/\/pastoral.lasalle.edu.br\/wp-content\/uploads\/2022\/01\/Botao_retorno_Verde.png&#8221; title_text=&#8221;Botao_retorno_Verde&#8221; url=&#8221;@ET-DC@eyJkeW5hbWljIjp0cnVlLCJjb250ZW50IjoicG9zdF9saW5rX3VybF9wYWdlIiwic2V0dGluZ3MiOnsicG9zdF9pZCI6IjIxMSJ9fQ==@&#8221; _builder_version=&#8221;4.9.7&#8243; _dynamic_attributes=&#8221;url&#8221; _module_preset=&#8221;default&#8221; width=&#8221;28%&#8221; module_alignment=&#8221;center&#8221; hover_enabled=&#8221;0&#8243; custom_margin__hover_enabled=&#8221;on|desktop&#8221; custom_margin=&#8221;-13px||||false|false&#8221; sticky_enabled=&#8221;0&#8243;][\/et_pb_image][\/et_pb_column][\/et_pb_row][\/et_pb_section]<\/p>\n","protected":false},"excerpt":{"rendered":"<p>Sobre a Reflex\u00e3o Lassalista 7A incerteza destes \u00faltimos tempos n\u00e3o conseguiu nos fazer duvidar de nosso carisma lassalista. Pelo contr\u00e1rio, intensificou nosso compromisso pela educa\u00e7\u00e3o das crian\u00e7as e dos jovens e deu sentido \u00e0 nossa exist\u00eancia, porque exigiu, contra todas as probabilidades, que a miss\u00e3o que realizamos tenha um motivo e que a tornemos poss\u00edvel. [&hellip;]<\/p>\n","protected":false},"author":1,"featured_media":0,"parent":0,"menu_order":0,"comment_status":"closed","ping_status":"closed","template":"","meta":{"_et_pb_use_builder":"on","_et_pb_old_content":"","_et_gb_content_width":"","footnotes":""},"class_list":["post-258","page","type-page","status-publish","hentry"],"_links":{"self":[{"href":"https:\/\/pastoral.lasalle.edu.br\/index.php\/wp-json\/wp\/v2\/pages\/258","targetHints":{"allow":["GET"]}}],"collection":[{"href":"https:\/\/pastoral.lasalle.edu.br\/index.php\/wp-json\/wp\/v2\/pages"}],"about":[{"href":"https:\/\/pastoral.lasalle.edu.br\/index.php\/wp-json\/wp\/v2\/types\/page"}],"author":[{"embeddable":true,"href":"https:\/\/pastoral.lasalle.edu.br\/index.php\/wp-json\/wp\/v2\/users\/1"}],"replies":[{"embeddable":true,"href":"https:\/\/pastoral.lasalle.edu.br\/index.php\/wp-json\/wp\/v2\/comments?post=258"}],"version-history":[{"count":5,"href":"https:\/\/pastoral.lasalle.edu.br\/index.php\/wp-json\/wp\/v2\/pages\/258\/revisions"}],"predecessor-version":[{"id":311,"href":"https:\/\/pastoral.lasalle.edu.br\/index.php\/wp-json\/wp\/v2\/pages\/258\/revisions\/311"}],"wp:attachment":[{"href":"https:\/\/pastoral.lasalle.edu.br\/index.php\/wp-json\/wp\/v2\/media?parent=258"}],"curies":[{"name":"wp","href":"https:\/\/api.w.org\/{rel}","templated":true}]}}