{"id":2541,"date":"2025-02-05T14:21:42","date_gmt":"2025-02-05T17:21:42","guid":{"rendered":"https:\/\/pastoral.lasalle.edu.br\/?page_id=2541"},"modified":"2025-02-17T10:13:28","modified_gmt":"2025-02-17T13:13:28","slug":"sou-solidario-2","status":"publish","type":"page","link":"https:\/\/pastoral.lasalle.edu.br\/index.php\/sou-solidario-2\/","title":{"rendered":"Sou Solid\u00e1rio"},"content":{"rendered":"<p>[et_pb_section fb_built=&#8221;1&#8243; admin_label=&#8221;Header&#8221; _builder_version=&#8221;4.9.7&#8243; _module_preset=&#8221;default&#8221; background_color=&#8221;#7CDA24&#8243; background_image=&#8221;https:\/\/pastoral.lasalle.edu.br\/wp-content\/uploads\/2025\/02\/A3-Fundo-verde-Sou-solidario.png&#8221; custom_padding=&#8221;||15px|||&#8221; bottom_divider_style=&#8221;curve&#8221; bottom_divider_color=&#8221;#e3e3da&#8221; bottom_divider_height=&#8221;95px&#8221; bottom_divider_repeat=&#8221;1x&#8221; global_colors_info=&#8221;{%22gcid-bafd0c31-2a11-4c7d-b3a8-caae4a4218d9%22:%91%93}&#8221;][et_pb_row _builder_version=&#8221;4.16&#8243; _module_preset=&#8221;default&#8221; global_colors_info=&#8221;{}&#8221;][et_pb_column type=&#8221;4_4&#8243; _builder_version=&#8221;4.16&#8243; _module_preset=&#8221;default&#8221; global_colors_info=&#8221;{}&#8221;][et_pb_image src=&#8221;https:\/\/pastoral.lasalle.edu.br\/wp-content\/uploads\/2025\/02\/Sou-Solidario-Logo.png&#8221; title_text=&#8221;Sou Solid\u00e1rio&#8221; url=&#8221;https:\/\/drive.google.com\/file\/d\/15BUZdGq-1NKoojKFLyX6CawHtNxN3l46\/view?usp=drive_link&#8221; align=&#8221;center&#8221; _builder_version=&#8221;4.9.7&#8243; _module_preset=&#8221;default&#8221; background_enable_color=&#8221;off&#8221; background_enable_image=&#8221;off&#8221; transform_scale=&#8221;60%|60%&#8221; width=&#8221;57%&#8221; max_width=&#8221;59%&#8221; custom_margin=&#8221;-139px||-41px||false|false&#8221; custom_margin_tablet=&#8221;|0vw|||false|false&#8221; custom_margin_phone=&#8221;-94px|0vw|||false|false&#8221; custom_margin_last_edited=&#8221;on|tablet&#8221; hover_enabled=&#8221;0&#8243; global_colors_info=&#8221;{}&#8221; align_last_edited=&#8221;on|phone&#8221; align_phone=&#8221;center&#8221; module_alignment_last_edited=&#8221;on|phone&#8221; module_alignment_phone=&#8221;center&#8221; transform_styles_last_edited=&#8221;on|phone&#8221; transform_scale_last_edited=&#8221;on|phone&#8221; transform_translate_last_edited=&#8221;on|phone&#8221; transform_rotate_last_edited=&#8221;on|phone&#8221; transform_skew_last_edited=&#8221;on|phone&#8221; transform_origin_last_edited=&#8221;on|phone&#8221; transform_scale_phone=&#8221;78%|78%&#8221; sticky_enabled=&#8221;0&#8243;][\/et_pb_image][\/et_pb_column][\/et_pb_row][\/et_pb_section][et_pb_section fb_built=&#8221;1&#8243; admin_label=&#8221;About Us&#8221; _builder_version=&#8221;4.9.7&#8243; _module_preset=&#8221;default&#8221; background_enable_color=&#8221;off&#8221; background_image=&#8221;https:\/\/pastoral.lasalle.edu.br\/wp-content\/uploads\/2025\/02\/Sou-solidario-fundo.png&#8221; global_colors_info=&#8221;{%22gcid-bafd0c31-2a11-4c7d-b3a8-caae4a4218d9%22:%91%93}&#8221;][et_pb_row column_structure=&#8221;1_2,1_2&#8243; _builder_version=&#8221;4.16&#8243; _module_preset=&#8221;default&#8221; global_colors_info=&#8221;{}&#8221;][et_pb_column type=&#8221;1_2&#8243; _builder_version=&#8221;4.16&#8243; _module_preset=&#8221;default&#8221; global_colors_info=&#8221;{}&#8221;][et_pb_text _builder_version=&#8221;4.9.7&#8243; _module_preset=&#8221;41d5859c-fbaa-458a-88e4-5d886857f235&#8243; text_font=&#8221;Inter||||||||&#8221; text_text_color=&#8221;#15414a&#8221; text_font_size=&#8221;18px&#8221; text_line_height=&#8221;1.8em&#8221; custom_margin=&#8221;|-62px||||&#8221; hover_enabled=&#8221;0&#8243; text_font_size_tablet=&#8221;16px&#8221; text_font_size_phone=&#8221;14px&#8221; text_font_size_last_edited=&#8221;on|phone&#8221; locked=&#8221;off&#8221; global_colors_info=&#8221;{}&#8221; text_orientation_last_edited=&#8221;on|phone&#8221; text_orientation_phone=&#8221;left&#8221; custom_margin_last_edited=&#8221;on|phone&#8221; custom_margin_phone=&#8221;||||false|false&#8221; module_alignment_last_edited=&#8221;on|phone&#8221; module_alignment_phone=&#8221;center&#8221; header_text_align_last_edited=&#8221;on|phone&#8221; header_text_align_phone=&#8221;center&#8221; width_last_edited=&#8221;on|phone&#8221; width_phone=&#8221;94%&#8221; sticky_enabled=&#8221;0&#8243;]<\/p>\n<p style=\"text-align: left;\"><span style=\"color: #2b3079;\">O projeto<strong> Sou Solid\u00e1rio<\/strong> da Rede La Salle \u00e9 uma iniciativa que promove o voluntariado como express\u00e3o do compromisso crist\u00e3o e da cidadania ativa.<\/span><\/p>\n<p><span style=\"color: #2b3079;\">Com base nos valores lassalistas o projeto busca formar estudantes, educadores e comunidades para a solidariedade, incentivando a\u00e7\u00f5es que transformam vidas e fortalecem o compromisso social. Este documento oferece um guia completo para a cria\u00e7\u00e3o e organiza\u00e7\u00e3o<\/span><br \/><span style=\"color: #2b3079;\">dos <strong>N\u00facleos Sou Solid\u00e1rio<\/strong>, apresentando metodologias, processos formativos e diretrizes para atua\u00e7\u00e3o em diversas \u00e1reas, como educa\u00e7\u00e3o, assist\u00eancia social, direitos humanos e meio ambiente.<\/span><\/p>\n<p><span style=\"color: #2b3079;\"><strong>Junte-se a essa rede de transforma\u00e7\u00e3o e fa\u00e7a a diferen\u00e7a!<\/strong><\/span><\/p>\n<p>[\/et_pb_text][et_pb_button button_url=&#8221;https:\/\/drive.google.com\/file\/d\/15BUZdGq-1NKoojKFLyX6CawHtNxN3l46\/view?usp=drive_link&#8221; button_text=&#8221;Leia o documento completo&#8221; _builder_version=&#8221;4.9.7&#8243; _module_preset=&#8221;94ef7aca-dcd9-4f9d-93b2-efa3466cebc7&#8243; custom_button=&#8221;on&#8221; button_text_size=&#8221;14px&#8221; button_text_color=&#8221;#FFFFFF&#8221; button_bg_color=&#8221;#462e9b&#8221; button_bg_enable_image=&#8221;off&#8221; button_border_width=&#8221;0px&#8221; button_border_color=&#8221;#FFFFFF&#8221; button_border_radius=&#8221;8px&#8221; button_letter_spacing=&#8221;1px&#8221; button_font=&#8221;Heebo|800||on|||||&#8221; custom_padding=&#8221;16px|20px|16px|20px|true|true&#8221; box_shadow_style=&#8221;preset4&#8243; box_shadow_horizontal=&#8221;-4px&#8221; box_shadow_vertical=&#8221;4px&#8221; box_shadow_color=&#8221;rgba(21,65,74,0.24)&#8221; global_colors_info=&#8221;{}&#8221; button_border_width__hover_enabled=&#8221;off|desktop&#8221; button_border_width__hover=&#8221;5px&#8221;][\/et_pb_button][\/et_pb_column][et_pb_column type=&#8221;1_2&#8243; _builder_version=&#8221;4.16&#8243; _module_preset=&#8221;default&#8221; global_colors_info=&#8221;{}&#8221;][et_pb_image src=&#8221;https:\/\/pastoral.lasalle.edu.br\/wp-content\/uploads\/2025\/02\/Sou-Solidario-Capa.jpg&#8221; title_text=&#8221;Clique aqui para ler o documento do Sou Solid\u00e1rio!&#8221; url=&#8221;https:\/\/drive.google.com\/file\/d\/15BUZdGq-1NKoojKFLyX6CawHtNxN3l46\/view?usp=drive_link&#8221; _builder_version=&#8221;4.9.7&#8243; _module_preset=&#8221;default&#8221; background_enable_color=&#8221;off&#8221; background_image=&#8221;https:\/\/pastoral.lasalle.edu.br\/wp-content\/uploads\/2025\/02\/bookclub-img-11.jpg&#8221; width=&#8221;57%&#8221; max_width=&#8221;59%&#8221; custom_margin=&#8221;20px|-5vw||92px|false|false&#8221; custom_margin_tablet=&#8221;|0vw|||false|false&#8221; custom_margin_phone=&#8221;|0vw||66px|false|false&#8221; custom_margin_last_edited=&#8221;on|tablet&#8221; hover_enabled=&#8221;0&#8243; box_shadow_style=&#8221;preset2&#8243; box_shadow_horizontal=&#8221;19px&#8221; box_shadow_vertical=&#8221;18px&#8221; box_shadow_spread=&#8221;-9px&#8221; global_colors_info=&#8221;{}&#8221; sticky_enabled=&#8221;0&#8243;][\/et_pb_image][\/et_pb_column][\/et_pb_row][et_pb_row _builder_version=&#8221;4.16&#8243; _module_preset=&#8221;default&#8221; custom_padding=&#8221;||8px|||&#8221; global_colors_info=&#8221;{}&#8221;][et_pb_column type=&#8221;4_4&#8243; _builder_version=&#8221;4.16&#8243; _module_preset=&#8221;default&#8221; global_colors_info=&#8221;{}&#8221;][et_pb_text _builder_version=&#8221;4.9.7&#8243; _module_preset=&#8221;5ff55506-da7d-4dd7-b409-9d62c7203201&#8243; text_font=&#8221;Inter||||||||&#8221; text_text_color=&#8221;#15414a&#8221; text_font_size=&#8221;16px&#8221; text_line_height=&#8221;1.8em&#8221; link_text_color=&#8221;#FF5D67&#8243; text_orientation=&#8221;center&#8221; text_font_size_tablet=&#8221;15px&#8221; text_font_size_phone=&#8221;14px&#8221; text_font_size_last_edited=&#8221;on|phone&#8221; header_font_size_tablet=&#8221;55px&#8221; header_font_size_last_edited=&#8221;off|desktop&#8221; locked=&#8221;off&#8221; global_colors_info=&#8221;{}&#8221;]<\/p>\n<p><span style=\"color: #2b3079;\"><strong>Acesse os materiais de apoio do Sou Solid\u00e1rio, clicando nas caixas abaixo:<\/strong><\/span><\/p>\n<p>[\/et_pb_text][\/et_pb_column][\/et_pb_row][et_pb_row column_structure=&#8221;1_2,1_2&#8243; make_equal=&#8221;on&#8221; _builder_version=&#8221;4.9.7&#8243; _module_preset=&#8221;default&#8221; custom_margin=&#8221;18px|auto|18px|auto|true|false&#8221; custom_padding=&#8221;9px|||||&#8221; border_radii=&#8221;on|376px|376px|376px|376px&#8221; global_colors_info=&#8221;{}&#8221;][et_pb_column type=&#8221;1_2&#8243; _builder_version=&#8221;4.9.7&#8243; _module_preset=&#8221;default&#8221; background_color=&#8221;#6a873a&#8221; use_background_color_gradient=&#8221;on&#8221; background_color_gradient_start=&#8221;#a9c45b&#8221; background_color_gradient_end=&#8221;#6a873a&#8221; background_color_gradient_direction=&#8221;96deg&#8221; background_color_gradient_end_position=&#8221;55%&#8221; custom_padding=&#8221;55px|30px|55px|30px|true|true&#8221; custom_padding_tablet=&#8221;40px||40px||true|true&#8221; custom_padding_phone=&#8221;|20px||20px|true|true&#8221; custom_padding_last_edited=&#8221;on|desktop&#8221; box_shadow_style=&#8221;preset3&#8243; box_shadow_vertical=&#8221;0px&#8221; box_shadow_blur=&#8221;0px&#8221; box_shadow_spread=&#8221;0px&#8221; box_shadow_color=&#8221;RGBA(255,255,255,0)&#8221; box_shadow_blur_tablet=&#8221;0px&#8221; box_shadow_blur_phone=&#8221;0px&#8221; box_shadow_blur_last_edited=&#8221;on|desktop&#8221; global_colors_info=&#8221;{%22gcid-a2fe3d28-ddb9-47db-a560-936a61820b9d%22:%91%93}&#8221; box_shadow_vertical__hover=&#8221;30px&#8221; box_shadow_vertical__hover_enabled=&#8221;on|hover&#8221; box_shadow_blur__hover=&#8221;60px&#8221; box_shadow_blur__hover_enabled=&#8221;on|desktop&#8221; box_shadow_spread__hover=&#8221;-20px&#8221; box_shadow_spread__hover_enabled=&#8221;on|desktop&#8221; box_shadow_color__hover=&#8221;rgba(0,0,0,0.19)&#8221; box_shadow_color__hover_enabled=&#8221;on|desktop&#8221;][et_pb_blurb title=&#8221;MATERIAIS&#8221; url=&#8221;https:\/\/drive.google.com\/drive\/folders\/1KGnBV63Jmxlndbrh9V9oAuko6GwMY7Y9&#8243; image=&#8221;https:\/\/pastoral.lasalle.edu.br\/wp-content\/uploads\/2025\/02\/book-club-icon-09.png&#8221; _builder_version=&#8221;4.9.7&#8243; _module_preset=&#8221;58e41a12-d2dc-4bc3-82a3-e7e2a77a32bd&#8221; header_font=&#8221;Inter|700|||||||&#8221; header_text_color=&#8221;#FFFFFF&#8221; header_font_size=&#8221;31px&#8221; header_line_height=&#8221;1.1em&#8221; body_font=&#8221;Inter||||||||&#8221; body_text_color=&#8221;#15414a&#8221; text_orientation=&#8221;center&#8221; background_layout=&#8221;dark&#8221; animation=&#8221;off&#8221; global_colors_info=&#8221;{%22gcid-4770fd1d-3b05-47c6-b560-7b21752e8876%22:%91%93}&#8221;]<\/p>\n<p><span style=\"color: #ffffff;\">Acesse os principais materiais para as atividades do Sou Solid\u00e1rio.<\/span><\/p>\n<p>[\/et_pb_blurb][\/et_pb_column][et_pb_column type=&#8221;1_2&#8243; _builder_version=&#8221;4.9.7&#8243; _module_preset=&#8221;default&#8221; background_enable_color=&#8221;off&#8221; use_background_color_gradient=&#8221;on&#8221; background_color_gradient_start=&#8221;#a9c45b&#8221; background_color_gradient_end=&#8221;#6a873a&#8221; background_color_gradient_direction=&#8221;98deg&#8221; background_color_gradient_end_position=&#8221;56%&#8221; custom_padding=&#8221;55px|30px|55px|30px|true|true&#8221; custom_padding_tablet=&#8221;40px||40px||true|true&#8221; custom_padding_phone=&#8221;|20px||20px|true|true&#8221; custom_padding_last_edited=&#8221;on|desktop&#8221; box_shadow_style=&#8221;preset3&#8243; box_shadow_vertical=&#8221;0px&#8221; box_shadow_blur=&#8221;0px&#8221; box_shadow_spread=&#8221;0px&#8221; box_shadow_color=&#8221;RGBA(255,255,255,0)&#8221; box_shadow_blur_tablet=&#8221;0px&#8221; box_shadow_blur_phone=&#8221;0px&#8221; box_shadow_blur_last_edited=&#8221;on|desktop&#8221; global_colors_info=&#8221;{%22gcid-a2fe3d28-ddb9-47db-a560-936a61820b9d%22:%91%93}&#8221; box_shadow_vertical__hover=&#8221;30px&#8221; box_shadow_vertical__hover_enabled=&#8221;on|hover&#8221; box_shadow_blur__hover=&#8221;60px&#8221; box_shadow_blur__hover_enabled=&#8221;on|desktop&#8221; box_shadow_spread__hover=&#8221;-20px&#8221; box_shadow_spread__hover_enabled=&#8221;on|desktop&#8221; box_shadow_color__hover=&#8221;rgba(0,0,0,0.19)&#8221; box_shadow_color__hover_enabled=&#8221;on|desktop&#8221;][et_pb_blurb title=&#8221;COMUNICA\u00c7\u00c3O&#8221; image=&#8221;https:\/\/pastoral.lasalle.edu.br\/wp-content\/uploads\/2025\/02\/book-club-icon-06.png&#8221; _builder_version=&#8221;4.9.7&#8243; _module_preset=&#8221;58e41a12-d2dc-4bc3-82a3-e7e2a77a32bd&#8221; header_font=&#8221;Inter|700|||||||&#8221; header_text_color=&#8221;#FFFFFF&#8221; header_font_size=&#8221;32px&#8221; header_line_height=&#8221;1.1em&#8221; body_font=&#8221;Inter||||||||&#8221; body_text_color=&#8221;#15414a&#8221; text_orientation=&#8221;center&#8221; animation=&#8221;off&#8221; link_option_url=&#8221;https:\/\/drive.google.com\/drive\/folders\/1SAxYb6QCABoIJ23aTaqcJac-1BmsMTU_&#8221; global_colors_info=&#8221;{%22gcid-4770fd1d-3b05-47c6-b560-7b21752e8876%22:%91%93}&#8221;]<\/p>\n<p><span style=\"color: #ffffff;\">Acesse os arquivos de comunica\u00e7\u00e3o do Sou Solid\u00e1rio.<\/span><\/p>\n<p>[\/et_pb_blurb][\/et_pb_column][\/et_pb_row][et_pb_row _builder_version=&#8221;4.16&#8243; _module_preset=&#8221;default&#8221; custom_padding=&#8221;16px|||||&#8221; global_colors_info=&#8221;{}&#8221;][et_pb_column type=&#8221;4_4&#8243; _builder_version=&#8221;4.16&#8243; _module_preset=&#8221;default&#8221; global_colors_info=&#8221;{}&#8221;][et_pb_text _builder_version=&#8221;4.9.7&#8243; _module_preset=&#8221;5ff55506-da7d-4dd7-b409-9d62c7203201&#8243; text_font=&#8221;Inter||||||||&#8221; text_text_color=&#8221;#15414a&#8221; text_font_size=&#8221;16px&#8221; text_line_height=&#8221;1.8em&#8221; link_text_color=&#8221;#FF5D67&#8243; max_width=&#8221;650px&#8221; module_alignment=&#8221;center&#8221; text_font_size_tablet=&#8221;15px&#8221; text_font_size_phone=&#8221;14px&#8221; text_font_size_last_edited=&#8221;on|phone&#8221; header_font_size_tablet=&#8221;55px&#8221; header_font_size_last_edited=&#8221;off|desktop&#8221; global_colors_info=&#8221;{%22gcid-8b305f9d-4844-4604-ba06-445166ebe5d6%22:%91%93}&#8221;]<\/p>\n<p style=\"text-align: center;\"><span style=\"color: #2b3079;\">Acompanhe as novidades do Sou Solid\u00e1rio e marque a gente no Instagram.<\/span><\/p>\n<p>[\/et_pb_text][et_pb_button button_url=&#8221;https:\/\/www.instagram.com\/sou.solidario\/&#8221; button_text=&#8221;Siga o Sou Solid\u00e1rio no instagram&#8221; button_alignment=&#8221;center&#8221; _builder_version=&#8221;4.9.7&#8243; _module_preset=&#8221;94ef7aca-dcd9-4f9d-93b2-efa3466cebc7&#8243; custom_button=&#8221;on&#8221; button_text_size=&#8221;14px&#8221; button_text_color=&#8221;#FFFFFF&#8221; button_bg_color=&#8221;#462e9b&#8221; button_bg_enable_image=&#8221;off&#8221; button_border_width=&#8221;0px&#8221; button_border_color=&#8221;#FFFFFF&#8221; button_border_radius=&#8221;8px&#8221; button_letter_spacing=&#8221;1px&#8221; button_font=&#8221;Heebo|800||on|||||&#8221; custom_padding=&#8221;16px|20px|16px|20px|true|true&#8221; box_shadow_style=&#8221;preset4&#8243; box_shadow_horizontal=&#8221;-4px&#8221; box_shadow_vertical=&#8221;4px&#8221; box_shadow_color=&#8221;rgba(21,65,74,0.24)&#8221; global_colors_info=&#8221;{}&#8221; button_border_width__hover_enabled=&#8221;off|desktop&#8221; button_border_width__hover=&#8221;5px&#8221;][\/et_pb_button][\/et_pb_column][\/et_pb_row][\/et_pb_section][et_pb_section fb_built=&#8221;1&#8243; admin_label=&#8221;About Us&#8221; _builder_version=&#8221;4.9.7&#8243; _module_preset=&#8221;default&#8221; background_color=&#8221;#f08337&#8243; background_enable_image=&#8221;off&#8221; custom_padding=&#8221;40px||0px|||&#8221; global_colors_info=&#8221;{%22gcid-bafd0c31-2a11-4c7d-b3a8-caae4a4218d9%22:%91%93}&#8221;][et_pb_row _builder_version=&#8221;4.9.7&#8243; _module_preset=&#8221;default&#8221; transform_scale=&#8221;156%|156%&#8221; width=&#8221;20%&#8221; max_width=&#8221;2560px&#8221; min_height=&#8221;100px&#8221; custom_margin=&#8221;-180px||||false|false&#8221; global_colors_info=&#8221;{}&#8221;][et_pb_column type=&#8221;4_4&#8243; _builder_version=&#8221;4.9.7&#8243; _module_preset=&#8221;default&#8221; custom_padding=&#8221;||||false|false&#8221; global_colors_info=&#8221;{}&#8221;][et_pb_image src=&#8221;https:\/\/pastoral.lasalle.edu.br\/wp-content\/uploads\/2025\/02\/Fundo-Sou-Solidario.png&#8221; _builder_version=&#8221;4.9.7&#8243; _module_preset=&#8221;default&#8221; width=&#8221;100%&#8221; custom_margin=&#8221;||59px||false|false&#8221; custom_padding=&#8221;0px|||||&#8221; hover_enabled=&#8221;0&#8243; custom_margin_last_edited=&#8221;on|phone&#8221; custom_margin_phone=&#8221;79px||45px||false|false&#8221; transform_styles_last_edited=&#8221;on|phone&#8221; transform_scale_last_edited=&#8221;on|phone&#8221; transform_translate_last_edited=&#8221;on|phone&#8221; transform_rotate_last_edited=&#8221;on|phone&#8221; transform_skew_last_edited=&#8221;on|phone&#8221; transform_origin_last_edited=&#8221;on|phone&#8221; transform_scale_phone=&#8221;396%|396%&#8221; sticky_enabled=&#8221;0&#8243;][\/et_pb_image][\/et_pb_column][\/et_pb_row][\/et_pb_section]<\/p>\n","protected":false},"excerpt":{"rendered":"<p>O projeto Sou Solid\u00e1rio da Rede La Salle \u00e9 uma iniciativa que promove o voluntariado como express\u00e3o do compromisso crist\u00e3o e da cidadania ativa. Com base nos valores lassalistas o projeto busca formar estudantes, educadores e comunidades para a solidariedade, incentivando a\u00e7\u00f5es que transformam vidas e fortalecem o compromisso social. Este documento oferece um guia [&hellip;]<\/p>\n","protected":false},"author":1,"featured_media":0,"parent":0,"menu_order":0,"comment_status":"closed","ping_status":"closed","template":"","meta":{"_et_pb_use_builder":"on","_et_pb_old_content":"","_et_gb_content_width":"","footnotes":""},"class_list":["post-2541","page","type-page","status-publish","hentry"],"_links":{"self":[{"href":"https:\/\/pastoral.lasalle.edu.br\/index.php\/wp-json\/wp\/v2\/pages\/2541","targetHints":{"allow":["GET"]}}],"collection":[{"href":"https:\/\/pastoral.lasalle.edu.br\/index.php\/wp-json\/wp\/v2\/pages"}],"about":[{"href":"https:\/\/pastoral.lasalle.edu.br\/index.php\/wp-json\/wp\/v2\/types\/page"}],"author":[{"embeddable":true,"href":"https:\/\/pastoral.lasalle.edu.br\/index.php\/wp-json\/wp\/v2\/users\/1"}],"replies":[{"embeddable":true,"href":"https:\/\/pastoral.lasalle.edu.br\/index.php\/wp-json\/wp\/v2\/comments?post=2541"}],"version-history":[{"count":25,"href":"https:\/\/pastoral.lasalle.edu.br\/index.php\/wp-json\/wp\/v2\/pages\/2541\/revisions"}],"predecessor-version":[{"id":2729,"href":"https:\/\/pastoral.lasalle.edu.br\/index.php\/wp-json\/wp\/v2\/pages\/2541\/revisions\/2729"}],"wp:attachment":[{"href":"https:\/\/pastoral.lasalle.edu.br\/index.php\/wp-json\/wp\/v2\/media?parent=2541"}],"curies":[{"name":"wp","href":"https:\/\/api.w.org\/{rel}","templated":true}]}}