{"id":250,"date":"2022-01-05T11:14:51","date_gmt":"2022-01-05T14:14:51","guid":{"rendered":"https:\/\/pastoral.lasalle.edu.br\/?page_id=250"},"modified":"2022-01-07T15:39:56","modified_gmt":"2022-01-07T18:39:56","slug":"materiais-tema-pastoral","status":"publish","type":"page","link":"https:\/\/pastoral.lasalle.edu.br\/index.php\/materiais-tema-pastoral\/","title":{"rendered":"Materiais Tema Pastoral"},"content":{"rendered":"<p>[et_pb_section fb_built=&#8221;1&#8243; _builder_version=&#8221;4.9.7&#8243; _module_preset=&#8221;default&#8221; background_image=&#8221;https:\/\/pastoral.lasalle.edu.br\/wp-content\/uploads\/2022\/01\/banner-2.png&#8221; min_height=&#8221;734.4px&#8221; custom_margin=&#8221;0px||||false|false&#8221; custom_padding=&#8221;0px||0px||false|false&#8221;][et_pb_row _builder_version=&#8221;4.9.7&#8243; _module_preset=&#8221;default&#8221;][et_pb_column type=&#8221;4_4&#8243; _builder_version=&#8221;4.9.7&#8243; _module_preset=&#8221;default&#8221; custom_padding=&#8221;104px||||false|false&#8221;][et_pb_image src=&#8221;https:\/\/pastoral.lasalle.edu.br\/wp-content\/uploads\/2021\/11\/LogoInstitutoSite.png&#8221; title_text=&#8221;LogoInstitutoSite&#8221; url=&#8221;@ET-DC@eyJkeW5hbWljIjp0cnVlLCJjb250ZW50IjoicG9zdF9saW5rX3VybF9wYWdlIiwic2V0dGluZ3MiOnsicG9zdF9pZCI6IjIxMSJ9fQ==@&#8221; align=&#8221;center&#8221; _builder_version=&#8221;4.9.7&#8243; _dynamic_attributes=&#8221;url&#8221; _module_preset=&#8221;default&#8221; width=&#8221;49%&#8221; module_alignment=&#8221;center&#8221; custom_margin=&#8221;73px||||false|false&#8221; animation_style=&#8221;fade&#8221;][\/et_pb_image][\/et_pb_column][\/et_pb_row][et_pb_row _builder_version=&#8221;4.9.7&#8243; _module_preset=&#8221;default&#8221;][et_pb_column type=&#8221;4_4&#8243; _builder_version=&#8221;4.9.7&#8243; _module_preset=&#8221;default&#8221; custom_padding=&#8221;104px||||false|false&#8221;][et_pb_text _builder_version=&#8221;4.9.7&#8243; _module_preset=&#8221;default&#8221; animation_style=&#8221;fade&#8221; inline_fonts=&#8221;Open Sans&#8221;]<\/p>\n<p style=\"text-align: center;\"><span style=\"color: #ffffff; font-size: xx-large; font-family: 'Open Sans'; font-weight: normal;\"><strong>Materiais para download<\/strong><\/span><\/p>\n<p>[\/et_pb_text][\/et_pb_column][\/et_pb_row][\/et_pb_section][et_pb_section fb_built=&#8221;1&#8243; _builder_version=&#8221;4.9.7&#8243; _module_preset=&#8221;default&#8221; background_image=&#8221;https:\/\/pastoral.lasalle.edu.br\/wp-content\/uploads\/2022\/01\/banner_site_transparente.png&#8221; custom_margin=&#8221;-4px|||||&#8221; custom_padding=&#8221;42px|||||&#8221;][et_pb_row _builder_version=&#8221;4.9.7&#8243; _module_preset=&#8221;default&#8221; animation_style=&#8221;fade&#8221;][et_pb_column type=&#8221;4_4&#8243; _builder_version=&#8221;4.9.7&#8243; _module_preset=&#8221;default&#8221;][et_pb_text _builder_version=&#8221;4.9.7&#8243; _module_preset=&#8221;default&#8221; animation_style=&#8221;fade&#8221; animation_direction=&#8221;left&#8221; animation_duration=&#8221;900ms&#8221; animation_speed_curve=&#8221;ease-in&#8221;]<\/p>\n<p>Para que as Comunidades Educativas possam trabalhar o Tema Pastoral de forma mais efetiva, foram desenvolvidos alguns materiais e pe\u00e7as gr\u00e1ficas com o layout do da Reflex\u00e3o Lassalista. Confira abaixo a fa\u00e7a o download clicando nos Bot\u00f5es:<\/p>\n<p>[\/et_pb_text][\/et_pb_column][\/et_pb_row][et_pb_row column_structure=&#8221;1_3,1_3,1_3&#8243; _builder_version=&#8221;4.9.7&#8243; _module_preset=&#8221;default&#8221; animation_style=&#8221;fade&#8221;][et_pb_column type=&#8221;1_3&#8243; _builder_version=&#8221;4.9.7&#8243; _module_preset=&#8221;default&#8221;][et_pb_image src=&#8221;https:\/\/pastoral.lasalle.edu.br\/wp-content\/uploads\/2022\/01\/Botao_email.png&#8221; title_text=&#8221;Botao_email_2&#8243; url=&#8221;https:\/\/drive.google.com\/drive\/folders\/1QTRFVEQUoNZ_gnWL7F9LUINIHnf5T8oT?usp=sharing&#8221; url_new_window=&#8221;on&#8221; _builder_version=&#8221;4.9.7&#8243; _module_preset=&#8221;default&#8221; custom_margin=&#8221;0px||||false|false&#8221; custom_padding=&#8221;0px||0px||false|false&#8221; hover_enabled=&#8221;0&#8243; custom_margin__hover_enabled=&#8221;on|hover&#8221; custom_margin__hover=&#8221;-13px||||false|false&#8221; src__hover_enabled=&#8221;on|hover&#8221; src__hover=&#8221;https:\/\/pastoral.lasalle.edu.br\/wp-content\/uploads\/2022\/01\/Botao_email_2.png&#8221; sticky_enabled=&#8221;0&#8243;][\/et_pb_image][et_pb_text _builder_version=&#8221;4.9.7&#8243; _module_preset=&#8221;default&#8221;]<\/p>\n<p style=\"text-align: center;\">Assinatura para e-mail<\/p>\n<p>[\/et_pb_text][\/et_pb_column][et_pb_column type=&#8221;1_3&#8243; _builder_version=&#8221;4.9.7&#8243; _module_preset=&#8221;default&#8221;][et_pb_image src=&#8221;https:\/\/pastoral.lasalle.edu.br\/wp-content\/uploads\/2022\/01\/Botao_banner.png&#8221; title_text=&#8221;Botao_banner_2&#8243; url=&#8221;https:\/\/drive.google.com\/file\/d\/1LqjOqGUfCty66Rau8Fqg7ojAvAaxAow7\/view?usp=sharing&#8221; url_new_window=&#8221;on&#8221; _builder_version=&#8221;4.9.7&#8243; _module_preset=&#8221;default&#8221; custom_margin__hover_enabled=&#8221;on|hover&#8221; custom_margin__hover=&#8221;-13px||||false|false&#8221; src__hover_enabled=&#8221;on|hover&#8221; src__hover=&#8221;https:\/\/pastoral.lasalle.edu.br\/wp-content\/uploads\/2022\/01\/Botao_banner_2.png&#8221;][\/et_pb_image][et_pb_text _builder_version=&#8221;4.9.7&#8243; _module_preset=&#8221;default&#8221;]<\/p>\n<p style=\"text-align: center;\">Banner lona<\/p>\n<p>[\/et_pb_text][\/et_pb_column][et_pb_column type=&#8221;1_3&#8243; _builder_version=&#8221;4.9.7&#8243; _module_preset=&#8221;default&#8221;][et_pb_image src=&#8221;https:\/\/pastoral.lasalle.edu.br\/wp-content\/uploads\/2022\/01\/Botao_logotipo.png&#8221; title_text=&#8221;Botao_logotipo_2&#8243; url=&#8221;https:\/\/drive.google.com\/drive\/folders\/1_doyNqJc5B9kbUaERJUl2ioovp3MQa30?usp=sharing&#8221; url_new_window=&#8221;on&#8221; _builder_version=&#8221;4.9.7&#8243; _module_preset=&#8221;default&#8221; custom_margin__hover_enabled=&#8221;on|hover&#8221; custom_margin__hover=&#8221;-13px||||false|false&#8221; src__hover_enabled=&#8221;on|hover&#8221; src__hover=&#8221;https:\/\/pastoral.lasalle.edu.br\/wp-content\/uploads\/2022\/01\/Botao_logotipo_2.png&#8221;][\/et_pb_image][et_pb_text _builder_version=&#8221;4.9.7&#8243; _module_preset=&#8221;default&#8221;]<\/p>\n<p style=\"text-align: center;\">Marca<\/p>\n<p>[\/et_pb_text][\/et_pb_column][\/et_pb_row][et_pb_row column_structure=&#8221;1_3,1_3,1_3&#8243; _builder_version=&#8221;4.9.7&#8243; _module_preset=&#8221;default&#8221; animation_style=&#8221;fade&#8221;][et_pb_column type=&#8221;1_3&#8243; _builder_version=&#8221;4.9.7&#8243; _module_preset=&#8221;default&#8221;][et_pb_image src=&#8221;https:\/\/pastoral.lasalle.edu.br\/wp-content\/uploads\/2022\/01\/Botao_facebook.png&#8221; title_text=&#8221;Botao_facebook_2&#8243; url=&#8221;https:\/\/drive.google.com\/file\/d\/1EzkmwiLUJ0_2VY&#8211;1fc9M3iFXo6_u_QP\/view?usp=sharing&#8221; url_new_window=&#8221;on&#8221; _builder_version=&#8221;4.9.7&#8243; _module_preset=&#8221;default&#8221; custom_margin__hover_enabled=&#8221;on|hover&#8221; custom_margin__hover=&#8221;-13px||||false|false&#8221; src__hover_enabled=&#8221;on|hover&#8221; src__hover=&#8221;https:\/\/pastoral.lasalle.edu.br\/wp-content\/uploads\/2022\/01\/Botao_facebook_2.png&#8221;][\/et_pb_image][et_pb_text _builder_version=&#8221;4.9.7&#8243; _module_preset=&#8221;default&#8221;]<\/p>\n<p style=\"text-align: center;\">Cover Facebook<\/p>\n<p>[\/et_pb_text][\/et_pb_column][et_pb_column type=&#8221;1_3&#8243; _builder_version=&#8221;4.9.7&#8243; _module_preset=&#8221;default&#8221;][et_pb_image src=&#8221;https:\/\/pastoral.lasalle.edu.br\/wp-content\/uploads\/2022\/01\/Botao_cards.png&#8221; title_text=&#8221;Botao_cards_2&#8243; url=&#8221;https:\/\/drive.google.com\/drive\/folders\/1L4YGi9yqZyhCvGaoT52f6rewjB-cTcN3?usp=sharing&#8221; url_new_window=&#8221;on&#8221; _builder_version=&#8221;4.9.7&#8243; _module_preset=&#8221;default&#8221; custom_margin__hover_enabled=&#8221;on|hover&#8221; custom_margin__hover=&#8221;-13px||||false|false&#8221; src__hover_enabled=&#8221;on|hover&#8221; src__hover=&#8221;https:\/\/pastoral.lasalle.edu.br\/wp-content\/uploads\/2022\/01\/Botao_cards_2.png&#8221;][\/et_pb_image][et_pb_text _builder_version=&#8221;4.9.7&#8243; _module_preset=&#8221;default&#8221;]<\/p>\n<p style=\"text-align: center;\">Modelos de cards edit\u00e1veis<\/p>\n<p>[\/et_pb_text][\/et_pb_column][et_pb_column type=&#8221;1_3&#8243; _builder_version=&#8221;4.9.7&#8243; _module_preset=&#8221;default&#8221;][et_pb_image src=&#8221;https:\/\/pastoral.lasalle.edu.br\/wp-content\/uploads\/2022\/01\/Botao_folhastimbradas.png&#8221; title_text=&#8221;Botao_folhastimbradas_2&#8243; url=&#8221;https:\/\/drive.google.com\/drive\/folders\/1XVB7vTIC4AzdMSpz_8zofjg5m0yqUoR5?usp=sharing&#8221; url_new_window=&#8221;on&#8221; _builder_version=&#8221;4.9.7&#8243; _module_preset=&#8221;default&#8221; custom_margin__hover_enabled=&#8221;on|hover&#8221; custom_margin__hover=&#8221;-13px||||false|false&#8221; src__hover_enabled=&#8221;on|hover&#8221; src__hover=&#8221;https:\/\/pastoral.lasalle.edu.br\/wp-content\/uploads\/2022\/01\/Botao_folhastimbradas_2.png&#8221;][\/et_pb_image][et_pb_text _builder_version=&#8221;4.9.7&#8243; _module_preset=&#8221;default&#8221;]<\/p>\n<p style=\"text-align: center;\">Folha Timbrada<\/p>\n<p>[\/et_pb_text][\/et_pb_column][\/et_pb_row][et_pb_row column_structure=&#8221;1_3,1_3,1_3&#8243; _builder_version=&#8221;4.9.7&#8243; _module_preset=&#8221;default&#8221; animation_style=&#8221;fade&#8221;][et_pb_column type=&#8221;1_3&#8243; _builder_version=&#8221;4.9.7&#8243; _module_preset=&#8221;default&#8221;][\/et_pb_column][et_pb_column type=&#8221;1_3&#8243; _builder_version=&#8221;4.9.7&#8243; _module_preset=&#8221;default&#8221;][et_pb_image src=&#8221;https:\/\/pastoral.lasalle.edu.br\/wp-content\/uploads\/2022\/01\/botao_ppt.png&#8221; title_text=&#8221;botao_ppt_2&#8243; url=&#8221;https:\/\/drive.google.com\/drive\/folders\/1L-hYbPFHLwL6EIrEJun3vlUuR-4uKdIM?usp=sharing&#8221; url_new_window=&#8221;on&#8221; _builder_version=&#8221;4.9.7&#8243; _module_preset=&#8221;default&#8221; custom_margin__hover_enabled=&#8221;on|hover&#8221; custom_margin__hover=&#8221;-13px||||false|false&#8221; src__hover_enabled=&#8221;on|hover&#8221; src__hover=&#8221;https:\/\/pastoral.lasalle.edu.br\/wp-content\/uploads\/2022\/01\/botao_ppt_2.png&#8221;][\/et_pb_image][et_pb_text _builder_version=&#8221;4.9.7&#8243; _module_preset=&#8221;default&#8221;]<\/p>\n<p style=\"text-align: center;\">Modelo de Apresenta\u00e7\u00e3o (ppt)<\/p>\n<p>[\/et_pb_text][\/et_pb_column][et_pb_column type=&#8221;1_3&#8243; _builder_version=&#8221;4.9.7&#8243; _module_preset=&#8221;default&#8221;][\/et_pb_column][\/et_pb_row][et_pb_row _builder_version=&#8221;4.9.7&#8243; _module_preset=&#8221;default&#8221; animation_style=&#8221;fade&#8221;][et_pb_column type=&#8221;4_4&#8243; _builder_version=&#8221;4.9.7&#8243; _module_preset=&#8221;default&#8221;][et_pb_text _builder_version=&#8221;4.9.7&#8243; _module_preset=&#8221;default&#8221; animation_style=&#8221;fade&#8221; animation_direction=&#8221;left&#8221; animation_duration=&#8221;900ms&#8221; animation_speed_curve=&#8221;ease-in&#8221;]<\/p>\n<p>Caso a sua unidade queira algum desses materiais adaptados com a sua marca, favor entrar em contato com o setor de Comunica\u00e7\u00e3o e Marketing, pelo e-mail <a href=\"mailto:marketing@lasalle.org.br\">marketing@lasalle.org.br<\/a>.<\/p>\n<p>[\/et_pb_text][\/et_pb_column][\/et_pb_row][\/et_pb_section][et_pb_section fb_built=&#8221;1&#8243; _builder_version=&#8221;4.9.7&#8243; _module_preset=&#8221;default&#8221; background_image=&#8221;https:\/\/pastoral.lasalle.edu.br\/wp-content\/uploads\/2022\/01\/banner-2.png&#8221; min_height=&#8221;734.4px&#8221; custom_margin=&#8221;0px||-4px||false|false&#8221; custom_padding=&#8221;0px||0px||false|false&#8221;][et_pb_row _builder_version=&#8221;4.9.7&#8243; _module_preset=&#8221;default&#8221;][et_pb_column type=&#8221;4_4&#8243; _builder_version=&#8221;4.9.7&#8243; _module_preset=&#8221;default&#8221; custom_padding=&#8221;104px||||false|false&#8221;][et_pb_image src=&#8221;https:\/\/pastoral.lasalle.edu.br\/wp-content\/uploads\/2022\/01\/Botao_retorno_Verde.png&#8221; title_text=&#8221;Botao_retorno_Verde&#8221; url=&#8221;@ET-DC@eyJkeW5hbWljIjp0cnVlLCJjb250ZW50IjoicG9zdF9saW5rX3VybF9wYWdlIiwic2V0dGluZ3MiOnsicG9zdF9pZCI6IjIxMSJ9fQ==@&#8221; _builder_version=&#8221;4.9.7&#8243; _dynamic_attributes=&#8221;url&#8221; _module_preset=&#8221;default&#8221; width=&#8221;28%&#8221; module_alignment=&#8221;center&#8221; animation_style=&#8221;slide&#8221; custom_margin__hover_enabled=&#8221;on|hover&#8221; custom_margin__hover=&#8221;-13px||||false|false&#8221;][\/et_pb_image][\/et_pb_column][\/et_pb_row][\/et_pb_section]<\/p>\n","protected":false},"excerpt":{"rendered":"<p>Materiais para downloadPara que as Comunidades Educativas possam trabalhar o Tema Pastoral de forma mais efetiva, foram desenvolvidos alguns materiais e pe\u00e7as gr\u00e1ficas com o layout do da Reflex\u00e3o Lassalista. Confira abaixo a fa\u00e7a o download clicando nos Bot\u00f5es:Assinatura para e-mailBanner lonaMarcaCover FacebookModelos de cards edit\u00e1veisFolha TimbradaModelo de Apresenta\u00e7\u00e3o (ppt)Caso a sua unidade queira algum [&hellip;]<\/p>\n","protected":false},"author":1,"featured_media":0,"parent":0,"menu_order":0,"comment_status":"closed","ping_status":"closed","template":"","meta":{"_et_pb_use_builder":"on","_et_pb_old_content":"","_et_gb_content_width":"","footnotes":""},"class_list":["post-250","page","type-page","status-publish","hentry"],"_links":{"self":[{"href":"https:\/\/pastoral.lasalle.edu.br\/index.php\/wp-json\/wp\/v2\/pages\/250","targetHints":{"allow":["GET"]}}],"collection":[{"href":"https:\/\/pastoral.lasalle.edu.br\/index.php\/wp-json\/wp\/v2\/pages"}],"about":[{"href":"https:\/\/pastoral.lasalle.edu.br\/index.php\/wp-json\/wp\/v2\/types\/page"}],"author":[{"embeddable":true,"href":"https:\/\/pastoral.lasalle.edu.br\/index.php\/wp-json\/wp\/v2\/users\/1"}],"replies":[{"embeddable":true,"href":"https:\/\/pastoral.lasalle.edu.br\/index.php\/wp-json\/wp\/v2\/comments?post=250"}],"version-history":[{"count":20,"href":"https:\/\/pastoral.lasalle.edu.br\/index.php\/wp-json\/wp\/v2\/pages\/250\/revisions"}],"predecessor-version":[{"id":372,"href":"https:\/\/pastoral.lasalle.edu.br\/index.php\/wp-json\/wp\/v2\/pages\/250\/revisions\/372"}],"wp:attachment":[{"href":"https:\/\/pastoral.lasalle.edu.br\/index.php\/wp-json\/wp\/v2\/media?parent=250"}],"curies":[{"name":"wp","href":"https:\/\/api.w.org\/{rel}","templated":true}]}}