{"id":242,"date":"2022-01-05T10:43:38","date_gmt":"2022-01-05T13:43:38","guid":{"rendered":"https:\/\/pastoral.lasalle.edu.br\/?page_id=242"},"modified":"2022-01-06T11:56:23","modified_gmt":"2022-01-06T14:56:23","slug":"simbolo-pastoral-2022","status":"publish","type":"page","link":"https:\/\/pastoral.lasalle.edu.br\/index.php\/simbolo-pastoral-2022\/","title":{"rendered":"S\u00edmbolo Pastoral 2022"},"content":{"rendered":"<p>[et_pb_section fb_built=&#8221;1&#8243; admin_label=&#8221;Header&#8221; _builder_version=&#8221;4.9.7&#8243; use_background_color_gradient=&#8221;on&#8221; background_color_gradient_start=&#8221;#00ffd8&#8243; background_color_gradient_end=&#8221;#0029e2&#8243; background_color_gradient_type=&#8221;radial&#8221; background_color_gradient_direction_radial=&#8221;top right&#8221; background_image=&#8221;https:\/\/pastoral.lasalle.edu.br\/wp-content\/uploads\/2021\/12\/fundo-916&#215;1024.png&#8221; parallax=&#8221;on&#8221; width=&#8221;100%&#8221; max_width=&#8221;100%&#8221; min_height=&#8221;1748px&#8221; max_height=&#8221;1000px&#8221; custom_margin=&#8221;-57px||-1px||false|false&#8221; custom_padding=&#8221;4vw||10px||false|false&#8221; bottom_divider_color=&#8221;#FFFFFF&#8221;][et_pb_row _builder_version=&#8221;4.9.7&#8243; custom_margin=&#8221;56px||||false|false&#8221; custom_padding=&#8221;33px||||false|false&#8221;][et_pb_column type=&#8221;4_4&#8243; _builder_version=&#8221;3.25.1&#8243;][et_pb_image src=&#8221;https:\/\/pastoral.lasalle.edu.br\/wp-content\/uploads\/2021\/12\/LogoPastoralHorizontal.png&#8221; title_text=&#8221;LogoPastoralHorizontal&#8221; align=&#8221;center&#8221; _builder_version=&#8221;4.9.7&#8243; width=&#8221;35%&#8221; max_width_tablet=&#8221;400px&#8221; max_width_phone=&#8221;&#8221; max_width_last_edited=&#8221;on|desktop&#8221; module_alignment=&#8221;center&#8221; custom_margin=&#8221;-5vw|-10vw|3vw||false|false&#8221; custom_margin_tablet=&#8221;-2vw|0vw|-24vw|&#8221; custom_margin_phone=&#8221;&#8221; custom_margin_last_edited=&#8221;on|desktop&#8221; custom_padding=&#8221;||0px|||&#8221; animation_style=&#8221;zoom&#8221; animation_duration=&#8221;1750ms&#8221; animation_intensity_zoom=&#8221;5%&#8221; locked=&#8221;off&#8221;][\/et_pb_image][et_pb_text _builder_version=&#8221;4.9.7&#8243; text_font=&#8221;||||||||&#8221; header_2_font=&#8221;Overpass|900|||||||&#8221; header_2_font_size=&#8221;56px&#8221; header_2_line_height=&#8221;1.1em&#8221; header_3_font=&#8221;Overpass|600|||||||&#8221; header_3_text_color=&#8221;#00b4ff&#8221; header_3_font_size=&#8221;30px&#8221; header_3_line_height=&#8221;1.2em&#8221; background_layout=&#8221;dark&#8221; custom_margin=&#8221;25px|||||&#8221; animation_style=&#8221;fold&#8221; animation_direction=&#8221;left&#8221; header_2_font_size_tablet=&#8221;38px&#8221; header_2_font_size_phone=&#8221;26px&#8221; header_2_font_size_last_edited=&#8221;on|desktop&#8221; header_3_font_tablet=&#8221;&#8221; header_3_font_phone=&#8221;Overpass|700|||||||&#8221; header_3_font_last_edited=&#8221;on|phone&#8221; header_3_font_size_tablet=&#8221;24px&#8221; header_3_font_size_phone=&#8221;18px&#8221; header_3_font_size_last_edited=&#8221;on|desktop&#8221; locked=&#8221;off&#8221;]<\/p>\n<h3 style=\"text-align: center;\"><span style=\"color: #bae4ff;\">S\u00edmbolo Pastoral 2022<\/span><\/h3>\n<p><span style=\"color: #bae4ff;\"><\/span><\/p>\n<p><span style=\"color: #bae4ff;\"><\/span><\/p>\n<h2 style=\"text-align: center;\"><span style=\"color: #ffffff;\"><\/span><\/h2>\n<h2 style=\"text-align: center;\"><span style=\"color: #ffffff;\"><\/span><\/h2>\n<h2 style=\"text-align: center;\"><span style=\"color: #ffffff;\">O S\u00edmbolo<\/span><\/h2>\n<p>[\/et_pb_text][et_pb_text _builder_version=&#8221;4.9.7&#8243; text_font=&#8221;Overpass|300|||||||&#8221; text_font_size=&#8221;17px&#8221; text_line_height=&#8221;1.8em&#8221; background_layout=&#8221;dark&#8221; custom_margin=&#8221;||59px|||&#8221; animation_style=&#8221;fade&#8221; animation_duration=&#8221;1700ms&#8221; text_font_size_tablet=&#8221;&#8221; text_font_size_phone=&#8221;14px&#8221; text_font_size_last_edited=&#8221;on|desktop&#8221; locked=&#8221;off&#8221;]<\/p>\n<p style=\"text-align: center;\">O s\u00edmbolo pastoral, criado a partir do Tema Pastoral 2022 ajudar\u00e1 a vivenciar as diversas atividades, projetos e celebra\u00e7\u00f5es na Comunidade Educativa.<\/p>\n<p style=\"text-align: center;\">Este s\u00edmbolo consiste em uma <strong>estrela vazada<\/strong>, que d\u00e1 a ideia de \u201colhar al\u00e9m\u201d, fazendo refer\u00eancia \u00e0 utopia que n\u00e3o nos deixa ficar parados.<\/p>\n<p style=\"text-align: center;\">A base do s\u00edmbolo representa <strong>um livro<\/strong>, fazendo alus\u00e3o ao modo que vivemos o nosso carisma, por meio da Educa\u00e7\u00e3o.<\/p>\n<p style=\"text-align: center;\">Por fim, o que d\u00e1 sustento \u00e0 estrela \u00e9 a passagem b\u00edblica que ilumina e auxilia na reflex\u00e3o do tema, a saber: \u201c<strong>Meus olhos viram a tua salva\u00e7\u00e3o<\/strong>\u201d (Cf. Lc 2,22-40), pois vem da palavra de Deus a nossa inspira\u00e7\u00e3o.<\/p>\n<p>[\/et_pb_text][et_pb_text _builder_version=&#8221;4.9.7&#8243; text_font=&#8221;Overpass|300|||||||&#8221; text_font_size=&#8221;17px&#8221; text_line_height=&#8221;1.8em&#8221; background_layout=&#8221;dark&#8221; custom_margin=&#8221;||-1px|||&#8221; animation_style=&#8221;fade&#8221; animation_duration=&#8221;1700ms&#8221; text_font_size_tablet=&#8221;&#8221; text_font_size_phone=&#8221;14px&#8221; text_font_size_last_edited=&#8221;on|desktop&#8221; locked=&#8221;off&#8221;]<\/p>\n<blockquote>\n<p style=\"text-align: center;\"><em>Olhando para o passado-mem\u00f3ria e para o presente-discernimento, com o cora\u00e7\u00e3o cheio de gratid\u00e3o, os lassalistas, junto com sua extensa rede de educa\u00e7\u00e3o humana e crist\u00e3 nos cinco continentes, olham para o futuro-utopia e, com e como o velho Sime\u00e3o no Templo de Jerusal\u00e9m, exclamam: &#8220;Meus olhos viram a tua salva\u00e7\u00e3o!&#8221; (Lc 2,30)<\/em><\/p>\n<\/blockquote>\n<p>[\/et_pb_text][et_pb_image src=&#8221;https:\/\/pastoral.lasalle.edu.br\/wp-content\/uploads\/2021\/12\/Simbolo-Pastoral2.png&#8221; title_text=&#8221;Simbolo-Pastoral2&#8243; align=&#8221;center&#8221; _builder_version=&#8221;4.9.7&#8243; _module_preset=&#8221;default&#8221; width=&#8221;32%&#8221; custom_margin=&#8221;-16px||10px|||&#8221; animation_style=&#8221;fade&#8221; animation_duration=&#8221;1150ms&#8221;][\/et_pb_image][et_pb_text _builder_version=&#8221;4.9.7&#8243; text_font=&#8221;||||||||&#8221; header_2_font=&#8221;Overpass|900|||||||&#8221; header_2_font_size=&#8221;56px&#8221; header_2_line_height=&#8221;1.1em&#8221; header_3_font=&#8221;Overpass|600|||||||&#8221; header_3_text_color=&#8221;#00b4ff&#8221; header_3_font_size=&#8221;30px&#8221; header_3_line_height=&#8221;1.2em&#8221; background_layout=&#8221;dark&#8221; custom_margin=&#8221;28px||22px|||&#8221; custom_padding=&#8221;11px|||||&#8221; animation_style=&#8221;fold&#8221; animation_direction=&#8221;left&#8221; header_2_font_size_tablet=&#8221;38px&#8221; header_2_font_size_phone=&#8221;26px&#8221; header_2_font_size_last_edited=&#8221;on|desktop&#8221; header_3_font_tablet=&#8221;&#8221; header_3_font_phone=&#8221;Overpass|700|||||||&#8221; header_3_font_last_edited=&#8221;on|phone&#8221; header_3_font_size_tablet=&#8221;24px&#8221; header_3_font_size_phone=&#8221;18px&#8221; header_3_font_size_last_edited=&#8221;on|desktop&#8221; locked=&#8221;off&#8221;]<\/p>\n<h2 style=\"text-align: center;\"><span style=\"color: #ffffff;\"><\/span><\/h2>\n<h2 style=\"text-align: center;\"><span style=\"color: #ffffff;\"><\/span><\/h2>\n<h2 style=\"text-align: center;\"><span style=\"color: #ffffff;\">Livro<\/span><\/h2>\n<p>[\/et_pb_text][et_pb_text _builder_version=&#8221;4.9.7&#8243; text_font=&#8221;Overpass|300|||||||&#8221; text_font_size=&#8221;17px&#8221; text_line_height=&#8221;1.8em&#8221; background_layout=&#8221;dark&#8221; custom_margin=&#8221;||38px|||&#8221; animation_style=&#8221;fade&#8221; animation_duration=&#8221;1700ms&#8221; text_font_size_tablet=&#8221;&#8221; text_font_size_phone=&#8221;14px&#8221; text_font_size_last_edited=&#8221;on|desktop&#8221; locked=&#8221;off&#8221;]<\/p>\n<p style=\"text-align: center;\">O nosso s\u00edmbolo pastoral possui um livro com espa\u00e7os propositais: s\u00e3o doze linhas vazias que ser\u00e3o preenchidas ao passar do ano, conforme as celebra\u00e7\u00f5es mensais.<\/p>\n<p style=\"text-align: center;\">Cada reflex\u00e3o mensal, dispon\u00edvel no nosso site, contextualizar\u00e1 as frases disponibilizadas abaixo.<\/p>\n<p style=\"text-align: center;\">Voc\u00ea pode baixar todos os adesivos que ser\u00e3o utilizados durante o ano de 2022.<\/p>\n<p>[\/et_pb_text][et_pb_image src=&#8221;https:\/\/pastoral.lasalle.edu.br\/wp-content\/uploads\/2021\/12\/IcoAdesivo.png&#8221; title_text=&#8221;IcoAdesivo&#8221; url=&#8221;https:\/\/drive.google.com\/file\/d\/1yQGP1nYuCNqViGrwkkfm_nR-3Aszyecp\/view?usp=sharing&#8221; url_new_window=&#8221;on&#8221; align=&#8221;center&#8221; _builder_version=&#8221;4.9.7&#8243; _module_preset=&#8221;default&#8221; width=&#8221;40%&#8221; custom_margin=&#8221;-21px|||||&#8221; animation_style=&#8221;fade&#8221; animation_duration=&#8221;1150ms&#8221;][\/et_pb_image][\/et_pb_column][\/et_pb_row][\/et_pb_section][et_pb_section fb_built=&#8221;1&#8243; admin_label=&#8221;Header&#8221; _builder_version=&#8221;4.9.7&#8243; background_color=&#8221;#0C71C3&#8243; background_enable_image=&#8221;off&#8221; parallax=&#8221;on&#8221; width=&#8221;100%&#8221; max_width=&#8221;100%&#8221; min_height=&#8221;56px&#8221; max_height=&#8221;1000px&#8221; custom_margin=&#8221;-1px||0px||false|false&#8221; custom_padding=&#8221;5vw||0px||false|false&#8221; bottom_divider_color=&#8221;#FFFFFF&#8221;][et_pb_row _builder_version=&#8221;4.9.7&#8243; custom_margin=&#8221;-75px|auto||auto|false|false&#8221; custom_padding=&#8221;3px||||false|false&#8221;][et_pb_column type=&#8221;4_4&#8243; _builder_version=&#8221;3.25.1&#8243;][et_pb_text _builder_version=&#8221;4.9.7&#8243; text_font=&#8221;||||||||&#8221; header_2_font=&#8221;Overpass|900|||||||&#8221; header_2_font_size=&#8221;56px&#8221; header_2_line_height=&#8221;1.1em&#8221; header_3_font=&#8221;Overpass|600|||||||&#8221; header_3_text_color=&#8221;#00b4ff&#8221; header_3_font_size=&#8221;30px&#8221; header_3_line_height=&#8221;1.2em&#8221; background_layout=&#8221;dark&#8221; custom_margin=&#8221;49px|||||&#8221; animation_style=&#8221;fold&#8221; animation_direction=&#8221;left&#8221; header_2_font_size_tablet=&#8221;38px&#8221; header_2_font_size_phone=&#8221;26px&#8221; header_2_font_size_last_edited=&#8221;on|desktop&#8221; header_3_font_tablet=&#8221;&#8221; header_3_font_phone=&#8221;Overpass|700|||||||&#8221; header_3_font_last_edited=&#8221;on|phone&#8221; header_3_font_size_tablet=&#8221;24px&#8221; header_3_font_size_phone=&#8221;18px&#8221; header_3_font_size_last_edited=&#8221;on|desktop&#8221; locked=&#8221;off&#8221;]<\/p>\n<h2 style=\"text-align: center;\"><span style=\"color: #ffffff;\"><\/span><\/h2>\n<h2 style=\"text-align: center;\">Mapa Pastoral<span style=\"color: #ffffff;\"><\/span><\/h2>\n<p>[\/et_pb_text][et_pb_text _builder_version=&#8221;4.9.7&#8243; text_font=&#8221;Overpass|300|||||||&#8221; text_font_size=&#8221;17px&#8221; text_line_height=&#8221;1.8em&#8221; background_layout=&#8221;dark&#8221; animation_style=&#8221;fade&#8221; animation_duration=&#8221;1700ms&#8221; text_font_size_tablet=&#8221;&#8221; text_font_size_phone=&#8221;14px&#8221; text_font_size_last_edited=&#8221;on|desktop&#8221; locked=&#8221;off&#8221;]<\/p>\n<p style=\"text-align: center;\">No ano de 2022, al\u00e9m das frases que colaremos no livro, teremos a refer\u00eancia de um mapa ilustrativo.<\/p>\n<p style=\"text-align: center;\">Cada Comunidade Educativa Lassalista percorrer\u00e1 o caminho deste ano com as suas pr\u00f3prias experi\u00eancias e realidades. Por\u00e9m, para caminharmos juntos no mesmo prop\u00f3sito, \u00e9 preciso um mapa! Por isso a Pastoral Provincial elaborou o mapa de 2022, baseado nas celebra\u00e7\u00f5es e roteiros do ano.\u00a0<\/p>\n<p style=\"text-align: center;\">\n<p style=\"text-align: center;\">Voc\u00ea est\u00e1 convidado a fazer download do arquivo e imprimi-lo em formato de Banner (120x80cm) e imprimir os adesivos (tamanhos diferentes) para acompanhar cada passo neste caminho, colando <strong>um adesivo por m\u00eas<\/strong> de acordo com as celebra\u00e7\u00f5es que ser\u00e3o enviadas.<\/p>\n<p>[\/et_pb_text][et_pb_image src=&#8221;https:\/\/pastoral.lasalle.edu.br\/wp-content\/uploads\/2021\/12\/IcoMapapastoral.png&#8221; title_text=&#8221;IcoMapapastoral&#8221; url=&#8221;https:\/\/drive.google.com\/drive\/folders\/1eGkmiEFUcAe_vpSYtIs-bmqGZNVxVM88?usp=sharing&#8221; url_new_window=&#8221;on&#8221; align=&#8221;center&#8221; _builder_version=&#8221;4.9.7&#8243; _module_preset=&#8221;default&#8221; width=&#8221;40%&#8221; animation_style=&#8221;fade&#8221; animation_duration=&#8221;1150ms&#8221;][\/et_pb_image][\/et_pb_column][\/et_pb_row][\/et_pb_section][et_pb_section fb_built=&#8221;1&#8243; admin_label=&#8221;Feature&#8221; _builder_version=&#8221;4.9.7&#8243; use_background_color_gradient=&#8221;on&#8221; background_color_gradient_start=&#8221;#00ffd8&#8243; background_color_gradient_end=&#8221;#0029e2&#8243; background_color_gradient_type=&#8221;radial&#8221; background_color_gradient_direction_radial=&#8221;top right&#8221; background_enable_image=&#8221;off&#8221; background_position=&#8221;bottom_center&#8221; min_height=&#8221;867.8px&#8221; custom_margin=&#8221;-7px||-2px||false|false&#8221; custom_padding=&#8221;4vw||4vw||false|false&#8221; locked=&#8221;off&#8221;][et_pb_row column_structure=&#8221;2_5,3_5&#8243; _builder_version=&#8221;3.25.1&#8243; z_index=&#8221;1&#8243; min_height=&#8221;424.9px&#8221; custom_padding=&#8221;11px|||||&#8221;][et_pb_column type=&#8221;2_5&#8243; _builder_version=&#8221;3.25.1&#8243;][et_pb_text _builder_version=&#8221;3.27.4&#8243; text_font=&#8221;||||||||&#8221; header_2_font=&#8221;Overpass|900|||||||&#8221; header_2_font_size=&#8221;56px&#8221; header_2_line_height=&#8221;1.1em&#8221; header_3_font=&#8221;Overpass|600|||||||&#8221; header_3_text_color=&#8221;#00b4ff&#8221; header_3_font_size=&#8221;30px&#8221; header_3_line_height=&#8221;1.2em&#8221; background_layout=&#8221;dark&#8221; custom_margin=&#8221;55px|||||&#8221; custom_padding=&#8221;|||||&#8221; header_2_font_size_tablet=&#8221;38px&#8221; header_2_font_size_phone=&#8221;26px&#8221; header_2_font_size_last_edited=&#8221;on|desktop&#8221; header_3_font_tablet=&#8221;&#8221; header_3_font_phone=&#8221;Overpass|700|||||||&#8221; header_3_font_last_edited=&#8221;on|phone&#8221; header_3_font_size_tablet=&#8221;24px&#8221; header_3_font_size_phone=&#8221;18px&#8221; header_3_font_size_last_edited=&#8221;on|desktop&#8221; locked=&#8221;off&#8221;]<\/p>\n<h3>S\u00edmbolo Pastoral<\/h3>\n<h2>Arquivos \u00fateis<\/h2>\n<p>[\/et_pb_text][et_pb_text _builder_version=&#8221;4.9.7&#8243; text_font=&#8221;Overpass|300|||||||&#8221; text_font_size=&#8221;17px&#8221; text_line_height=&#8221;1.8em&#8221; background_layout=&#8221;dark&#8221; text_font_size_tablet=&#8221;&#8221; text_font_size_phone=&#8221;14px&#8221; text_font_size_last_edited=&#8221;on|desktop&#8221; locked=&#8221;off&#8221;]<\/p>\n<p>Aqui voc\u00ea tem acesso aos materiais gr\u00e1ficos produzidos e disponibilizados pela Pastoral Provincial referentes ao s\u00edmbolo pastoral.<\/p>\n<p>&nbsp;<\/p>\n<p>Caso esteja procurando os materiais referentes ao Tema Pastoral 2022 <a href=\"https:\/\/pastoral.lasalle.edu.br\/index.php\/materiais-tema-pastoral\/\"><strong>clique aqui.<\/strong><\/a><\/p>\n<p>[\/et_pb_text][\/et_pb_column][et_pb_column type=&#8221;3_5&#8243; _builder_version=&#8221;3.25.1&#8243;][et_pb_blurb title=&#8221;Logotipo S\u00edmbolo Pastoral 2022&#8243; url=&#8221;https:\/\/drive.google.com\/drive\/folders\/1lbME3waOtJq-DCBrsXpGWXeIJdgiU-50?usp=sharing&#8221; url_new_window=&#8221;on&#8221; image=&#8221;https:\/\/pastoral.lasalle.edu.br\/wp-content\/uploads\/2021\/12\/IcoLogoPastoral.png&#8221; icon_placement=&#8221;left&#8221; image_max_width=&#8221;120px&#8221; image_max_width_tablet=&#8221;&#8221; image_max_width_phone=&#8221;50px&#8221; image_max_width_last_edited=&#8221;on|phone&#8221; _builder_version=&#8221;4.9.7&#8243; header_font=&#8221;Overpass|900|||||||&#8221; header_line_height=&#8221;1.4em&#8221; body_font=&#8221;Overpass|300|||||||&#8221; body_line_height=&#8221;1.8em&#8221; background_color=&#8221;#ffffff&#8221; text_orientation=&#8221;center&#8221; custom_margin=&#8221;58px||39px||false|false&#8221; custom_padding=&#8221;24px|20px|24px|20px|true|true&#8221; hover_enabled=&#8221;0&#8243; border_radii=&#8221;on|10px|10px|10px|10px&#8221; box_shadow_style=&#8221;preset1&#8243; box_shadow_vertical=&#8221;10px&#8221; box_shadow_blur=&#8221;60px&#8221; box_shadow_color=&#8221;rgba(10,45,97,0.1)&#8221; locked=&#8221;off&#8221; background__hover_enabled=&#8221;on|hover&#8221; background_color__hover=&#8221;#9dd9f9&#8243; background_enable_color__hover=&#8221;on&#8221; transform_styles__hover_enabled=&#8221;on|hover&#8221; transform_scale__hover_enabled=&#8221;on|hover&#8221; transform_translate__hover_enabled=&#8221;on|desktop&#8221; transform_rotate__hover_enabled=&#8221;on|desktop&#8221; transform_skew__hover_enabled=&#8221;on|desktop&#8221; transform_origin__hover_enabled=&#8221;on|desktop&#8221; transform_scale__hover=&#8221;104%|104%&#8221; sticky_enabled=&#8221;0&#8243;]<\/p>\n<p><a href=\"https:\/\/drive.google.com\/drive\/folders\/1lbME3waOtJq-DCBrsXpGWXeIJdgiU-50?usp=sharing\" target=\"_blank\" rel=\"noopener\"><strong>Clique aqui<\/strong><\/a> para acessar as vers\u00f5es dos logotipos do S\u00edmbolo Pastoral.<\/p>\n<p>[\/et_pb_blurb][et_pb_blurb title=&#8221;Materiais Digitais S\u00edmbolo Pastoral 2022&#8243; url=&#8221;https:\/\/drive.google.com\/drive\/folders\/1l44fuO2fUQbq1w6koFB3ku0JhYW0XtvY?usp=sharing&#8221; url_new_window=&#8221;on&#8221; image=&#8221;https:\/\/pastoral.lasalle.edu.br\/wp-content\/uploads\/2021\/11\/IcoArquivos.png&#8221; icon_placement=&#8221;left&#8221; image_max_width=&#8221;120px&#8221; image_max_width_tablet=&#8221;&#8221; image_max_width_phone=&#8221;50px&#8221; image_max_width_last_edited=&#8221;on|phone&#8221; _builder_version=&#8221;4.9.7&#8243; header_font=&#8221;Overpass|900|||||||&#8221; header_line_height=&#8221;1.4em&#8221; body_font=&#8221;Overpass|300|||||||&#8221; body_line_height=&#8221;1.8em&#8221; background_color=&#8221;#FFFFFF&#8221; text_orientation=&#8221;center&#8221; custom_padding=&#8221;24px|20px|24px|20px|true|true&#8221; border_radii=&#8221;on|10px|10px|10px|10px&#8221; box_shadow_style=&#8221;preset1&#8243; box_shadow_vertical=&#8221;10px&#8221; box_shadow_blur=&#8221;60px&#8221; box_shadow_color=&#8221;rgba(10,45,97,0.1)&#8221; locked=&#8221;off&#8221; background__hover_enabled=&#8221;on|desktop&#8221; transform_styles__hover_enabled=&#8221;on|hover&#8221; transform_scale__hover_enabled=&#8221;on|hover&#8221; transform_translate__hover_enabled=&#8221;on|desktop&#8221; transform_rotate__hover_enabled=&#8221;on|desktop&#8221; transform_skew__hover_enabled=&#8221;on|desktop&#8221; transform_origin__hover_enabled=&#8221;on|desktop&#8221; transform_scale__hover=&#8221;104%|104%&#8221;]<\/p>\n<p><a href=\"https:\/\/drive.google.com\/drive\/folders\/1l44fuO2fUQbq1w6koFB3ku0JhYW0XtvY?usp=sharing\" target=\"_blank\" rel=\"noopener\"><strong>Clique aqui<\/strong><\/a> para acessar os arquivos produzidos para 2022 relacionados ao S\u00edmbolo Pastoral.<\/p>\n<p>[\/et_pb_blurb][\/et_pb_column][\/et_pb_row][\/et_pb_section]<\/p>\n","protected":false},"excerpt":{"rendered":"<p>S\u00edmbolo Pastoral 2022 O S\u00edmboloO s\u00edmbolo pastoral, criado a partir do Tema Pastoral 2022 ajudar\u00e1 a vivenciar as diversas atividades, projetos e celebra\u00e7\u00f5es na Comunidade Educativa. Este s\u00edmbolo consiste em uma estrela vazada, que d\u00e1 a ideia de \u201colhar al\u00e9m\u201d, fazendo refer\u00eancia \u00e0 utopia que n\u00e3o nos deixa ficar parados. A base do s\u00edmbolo representa [&hellip;]<\/p>\n","protected":false},"author":1,"featured_media":0,"parent":0,"menu_order":0,"comment_status":"closed","ping_status":"closed","template":"","meta":{"_et_pb_use_builder":"on","_et_pb_old_content":"","_et_gb_content_width":"","footnotes":""},"class_list":["post-242","page","type-page","status-publish","hentry"],"_links":{"self":[{"href":"https:\/\/pastoral.lasalle.edu.br\/index.php\/wp-json\/wp\/v2\/pages\/242","targetHints":{"allow":["GET"]}}],"collection":[{"href":"https:\/\/pastoral.lasalle.edu.br\/index.php\/wp-json\/wp\/v2\/pages"}],"about":[{"href":"https:\/\/pastoral.lasalle.edu.br\/index.php\/wp-json\/wp\/v2\/types\/page"}],"author":[{"embeddable":true,"href":"https:\/\/pastoral.lasalle.edu.br\/index.php\/wp-json\/wp\/v2\/users\/1"}],"replies":[{"embeddable":true,"href":"https:\/\/pastoral.lasalle.edu.br\/index.php\/wp-json\/wp\/v2\/comments?post=242"}],"version-history":[{"count":8,"href":"https:\/\/pastoral.lasalle.edu.br\/index.php\/wp-json\/wp\/v2\/pages\/242\/revisions"}],"predecessor-version":[{"id":330,"href":"https:\/\/pastoral.lasalle.edu.br\/index.php\/wp-json\/wp\/v2\/pages\/242\/revisions\/330"}],"wp:attachment":[{"href":"https:\/\/pastoral.lasalle.edu.br\/index.php\/wp-json\/wp\/v2\/media?parent=242"}],"curies":[{"name":"wp","href":"https:\/\/api.w.org\/{rel}","templated":true}]}}