{"id":2352,"date":"2024-07-23T09:50:33","date_gmt":"2024-07-23T12:50:33","guid":{"rendered":"https:\/\/pastoral.lasalle.edu.br\/?page_id=2352"},"modified":"2024-08-01T10:08:24","modified_gmt":"2024-08-01T13:08:24","slug":"dia-do-estudante-24","status":"publish","type":"page","link":"https:\/\/pastoral.lasalle.edu.br\/index.php\/dia-do-estudante-24\/","title":{"rendered":"Dia do Estudante 24"},"content":{"rendered":"<p>[et_pb_section fb_built=&#8221;1&#8243; admin_label=&#8221;Hero section&#8221; module_id=&#8221;olharsi&#8221; _builder_version=&#8221;4.9.7&#8243; background_enable_color=&#8221;off&#8221; background_image=&#8221;https:\/\/pastoral.lasalle.edu.br\/wp-content\/uploads\/2024\/07\/Background-Mes-Vocacional.jpg&#8221; min_height=&#8221;523.8px&#8221; custom_margin=&#8221;||-100px||false|false&#8221; custom_margin_tablet=&#8221;&#8221; custom_margin_phone=&#8221;-118px||-128px||false|false&#8221; custom_margin_last_edited=&#8221;on|phone&#8221; custom_padding=&#8221;0%||3.6%||false|false&#8221;][et_pb_row use_custom_gutter=&#8221;on&#8221; gutter_width=&#8221;1&#8243; custom_padding_last_edited=&#8221;on|phone&#8221; admin_label=&#8221;Linha&#8221; _builder_version=&#8221;4.9.7&#8243; _module_preset=&#8221;default&#8221; transform_scale_tablet=&#8221;&#8221; transform_scale_phone=&#8221;206%|206%&#8221; transform_scale_last_edited=&#8221;on|phone&#8221; transform_translate_tablet=&#8221;&#8221; transform_translate_phone=&#8221;&#8221; transform_translate_last_edited=&#8221;on|phone&#8221; transform_rotate_tablet=&#8221;&#8221; transform_rotate_phone=&#8221;&#8221; transform_rotate_last_edited=&#8221;on|phone&#8221; transform_skew_tablet=&#8221;&#8221; transform_skew_phone=&#8221;&#8221; transform_skew_last_edited=&#8221;on|phone&#8221; transform_origin_tablet=&#8221;&#8221; transform_origin_phone=&#8221;&#8221; transform_origin_last_edited=&#8221;on|phone&#8221; transform_styles_last_edited=&#8221;on|phone&#8221; width=&#8221;65%&#8221; max_width=&#8221;846px&#8221; module_alignment=&#8221;center&#8221; custom_margin=&#8221;||44px||false|false&#8221; custom_margin_tablet=&#8221;&#8221; custom_margin_phone=&#8221;||||false|false&#8221; custom_margin_last_edited=&#8221;on|phone&#8221; custom_padding=&#8221;0px||0px|||&#8221; custom_padding_tablet=&#8221;&#8221; custom_padding_phone=&#8221;250px|||8px|false|false&#8221; transform_styles_tablet=&#8221;&#8221; transform_styles_phone=&#8221;&#8221;][et_pb_column type=&#8221;4_4&#8243; _builder_version=&#8221;4.9.7&#8243; _module_preset=&#8221;default&#8221;][et_pb_image src=&#8221;https:\/\/pastoral.lasalle.edu.br\/wp-content\/uploads\/2024\/07\/Dia-do-Estudante.png&#8221; title_text=&#8221;Dia-do-Estudante&#8221; align=&#8221;center&#8221; _builder_version=&#8221;4.9.7&#8243; _module_preset=&#8221;default&#8221; transform_scale=&#8221;208%|208%&#8221; transform_scale_tablet=&#8221;&#8221; transform_scale_phone=&#8221;162%|162%&#8221; transform_scale_last_edited=&#8221;on|phone&#8221; transform_translate_tablet=&#8221;&#8221; transform_translate_phone=&#8221;&#8221; transform_translate_last_edited=&#8221;on|phone&#8221; transform_rotate_tablet=&#8221;&#8221; transform_rotate_phone=&#8221;&#8221; transform_rotate_last_edited=&#8221;on|phone&#8221; transform_skew_tablet=&#8221;&#8221; transform_skew_phone=&#8221;&#8221; transform_skew_last_edited=&#8221;on|phone&#8221; transform_origin_tablet=&#8221;&#8221; transform_origin_phone=&#8221;&#8221; transform_origin_last_edited=&#8221;on|phone&#8221; transform_styles_last_edited=&#8221;on|phone&#8221; width=&#8221;50%&#8221; max_width=&#8221;84%&#8221; custom_margin=&#8221;|||166px|false|false&#8221; custom_margin_tablet=&#8221;&#8221; custom_margin_phone=&#8221;-205px|||61px|false|false&#8221; custom_margin_last_edited=&#8221;on|phone&#8221; custom_padding=&#8221;95px|||0px|false|false&#8221; transform_styles_tablet=&#8221;&#8221; transform_styles_phone=&#8221;&#8221;][\/et_pb_image][\/et_pb_column][\/et_pb_row][\/et_pb_section][et_pb_section fb_built=&#8221;1&#8243; admin_label=&#8221;Featured Places&#8221; _builder_version=&#8221;4.9.7&#8243; background_color=&#8221;#FFFFFF&#8221; use_background_color_gradient=&#8221;on&#8221; background_color_gradient_start=&#8221;#ffffff&#8221; background_color_gradient_end=&#8221;rgba(91,121,158,0)&#8221; background_color_gradient_type=&#8221;radial&#8221; min_height=&#8221;182.8px&#8221; custom_margin=&#8221;||-124px||false|false&#8221; custom_padding=&#8221;0px|0px|23px|0px||&#8221;][et_pb_row _builder_version=&#8221;4.9.7&#8243; background_color=&#8221;#FFFFFF&#8221; min_height=&#8221;94px&#8221; height=&#8221;694px&#8221; custom_margin=&#8221;|auto|-363px|auto|false|false&#8221; custom_margin_tablet=&#8221;&#8221; custom_margin_phone=&#8221;|auto|-513px|auto|false|false&#8221; custom_margin_last_edited=&#8221;on|phone&#8221; custom_padding=&#8221;||0px||false|false&#8221;][et_pb_column type=&#8221;4_4&#8243; _builder_version=&#8221;3.25&#8243; custom_padding=&#8221;|||&#8221; custom_padding__hover=&#8221;|||&#8221;][et_pb_image src=&#8221;https:\/\/pastoral.lasalle.edu.br\/wp-content\/uploads\/2024\/07\/acao-estudante.png&#8221; title_text=&#8221;a\u00e7\u00e3o-estudante&#8221; _builder_version=&#8221;4.9.7&#8243; _module_preset=&#8221;default&#8221; transform_scale_tablet=&#8221;&#8221; transform_scale_phone=&#8221;220%|220%&#8221; transform_scale_last_edited=&#8221;on|phone&#8221; transform_translate_tablet=&#8221;&#8221; transform_translate_phone=&#8221;&#8221; transform_translate_last_edited=&#8221;on|phone&#8221; transform_rotate_tablet=&#8221;&#8221; transform_rotate_phone=&#8221;&#8221; transform_rotate_last_edited=&#8221;on|phone&#8221; transform_skew_tablet=&#8221;&#8221; transform_skew_phone=&#8221;&#8221; transform_skew_last_edited=&#8221;on|phone&#8221; transform_origin_tablet=&#8221;&#8221; transform_origin_phone=&#8221;&#8221; transform_origin_last_edited=&#8221;on|phone&#8221; transform_styles_last_edited=&#8221;on|phone&#8221; width=&#8221;39%&#8221; custom_margin=&#8221;|||-5px|false|false&#8221; custom_margin_tablet=&#8221;&#8221; custom_margin_phone=&#8221;|||86px|false|false&#8221; custom_margin_last_edited=&#8221;on|phone&#8221; custom_padding=&#8221;|||0px||&#8221; transform_styles_tablet=&#8221;&#8221; transform_styles_phone=&#8221;&#8221;][\/et_pb_image][\/et_pb_column][\/et_pb_row][\/et_pb_section][et_pb_section fb_built=&#8221;1&#8243; _builder_version=&#8221;4.9.7&#8243; _module_preset=&#8221;default&#8221; background_enable_image=&#8221;off&#8221; background_position=&#8221;bottom_right&#8221; min_height=&#8221;133px&#8221; custom_padding=&#8221;0px||43px|||&#8221;][et_pb_row custom_padding_last_edited=&#8221;on|phone&#8221; _builder_version=&#8221;4.9.7&#8243; _module_preset=&#8221;default&#8221; min_height=&#8221;341.4px&#8221; custom_padding=&#8221;0px||0px|||&#8221; custom_padding_tablet=&#8221;&#8221; custom_padding_phone=&#8221;24px||0px||false|false&#8221;][et_pb_column type=&#8221;4_4&#8243; _builder_version=&#8221;4.9.7&#8243; _module_preset=&#8221;default&#8221;][et_pb_text _builder_version=&#8221;4.9.7&#8243; _module_preset=&#8221;default&#8221; header_font=&#8221;||||||||&#8221; header_text_align=&#8221;left&#8221; header_text_color=&#8221;#183c5b&#8221; header_font_size=&#8221;10px&#8221; header_line_height=&#8221;2.7em&#8221; module_alignment=&#8221;center&#8221; custom_margin=&#8221;-118px||-1px|0px|false|false&#8221; custom_margin_tablet=&#8221;&#8221; custom_margin_phone=&#8221;-17px||-1px|0px|false|false&#8221; custom_margin_last_edited=&#8221;on|phone&#8221; custom_padding=&#8221;3px||10px|0px|false|false&#8221; custom_padding_tablet=&#8221;&#8221; custom_padding_phone=&#8221;3px||10px|0px|false|false&#8221; custom_padding_last_edited=&#8221;on|phone&#8221; border_color_left=&#8221;#2778b8&#8243;]<\/p>\n<h1 style=\"text-align: justify;\"><span style=\"color: #666666; font-size: 18px; text-align: justify;\">Para o dia do estudante, sugerimos que a atividade seja realizada no dia <strong>12 de agosto<\/strong>, visto que dia 11 \u00e9 domingo e coincide com o <strong>dia dos pais.<\/strong><br \/><\/span><\/h1>\n<h1 style=\"text-align: justify;\"><span style=\"color: #666666; font-size: 18px; text-align: justify;\">Acolher os estudantes com uma recep\u00e7\u00e3o diferenciada neste dia.<\/span><\/h1>\n<h1 style=\"text-align: justify;\"><span style=\"color: #666666; font-size: 18px; text-align: justify;\"><br \/>Escolher um per\u00edodo da manh\u00e3, sugerimos o per\u00edodo que antecede o recreio. Neste per\u00edodo os professores combinam de realizar a reflex\u00e3o utilizando o v\u00eddeo abaixo<\/span><span style=\"color: #666666; font-size: 18px; text-align: justify;\">.<\/span><\/h1>\n<h1 style=\"text-align: justify;\"><span style=\"color: #666666; font-size: 18px; text-align: justify;\"><br \/>A ideia \u00e9 que haja algu\u00e9m no p\u00e1tio, da equipe diretiva, para realizar uma fala em homenagem aos estudantes.<\/span><\/h1>\n<h1 style=\"text-align: justify;\"><span style=\"color: #666666; font-size: 18px; text-align: justify;\"><br \/>No P\u00e1tio pode haver um DNA desenhado no ch\u00e3o, onde os estudantes se posicionam em cima para uma foto com drone ou do segundo andar. Na hora da foto realizarem um gesto ou gritar \u201cFeliz Dia do Estudante\u201d.<br \/><\/span><\/h1>\n<p>[\/et_pb_text][et_pb_image src=&#8221;https:\/\/pastoral.lasalle.edu.br\/wp-content\/uploads\/2024\/07\/Video.png&#8221; title_text=&#8221;V\u00eddeo&#8221; module_id=&#8221;video&#8221; _builder_version=&#8221;4.9.7&#8243; _module_preset=&#8221;default&#8221; transform_scale_tablet=&#8221;&#8221; transform_scale_phone=&#8221;220%|220%&#8221; transform_scale_last_edited=&#8221;on|phone&#8221; transform_translate_tablet=&#8221;&#8221; transform_translate_phone=&#8221;&#8221; transform_translate_last_edited=&#8221;on|phone&#8221; transform_rotate_tablet=&#8221;&#8221; transform_rotate_phone=&#8221;&#8221; transform_rotate_last_edited=&#8221;on|phone&#8221; transform_skew_tablet=&#8221;&#8221; transform_skew_phone=&#8221;&#8221; transform_skew_last_edited=&#8221;on|phone&#8221; transform_origin_tablet=&#8221;&#8221; transform_origin_phone=&#8221;&#8221; transform_origin_last_edited=&#8221;on|phone&#8221; transform_styles_last_edited=&#8221;on|phone&#8221; width=&#8221;39%&#8221; custom_margin=&#8221;||-6px|-168px|false|false&#8221; custom_margin_tablet=&#8221;&#8221; custom_margin_phone=&#8221;&#8221; custom_margin_last_edited=&#8221;on|desktop&#8221; custom_padding=&#8221;0px|||||&#8221; transform_styles_tablet=&#8221;&#8221; transform_styles_phone=&#8221;&#8221;][\/et_pb_image][et_pb_text _builder_version=&#8221;4.9.7&#8243; _module_preset=&#8221;default&#8221; header_font=&#8221;||||||||&#8221; header_text_align=&#8221;left&#8221; header_text_color=&#8221;#183c5b&#8221; header_font_size=&#8221;10px&#8221; header_line_height=&#8221;2.7em&#8221; module_alignment=&#8221;center&#8221; custom_margin=&#8221;-118px||-1px|0px|false|false&#8221; custom_margin_tablet=&#8221;&#8221; custom_margin_phone=&#8221;-17px||-1px|0px|false|false&#8221; custom_margin_last_edited=&#8221;on|phone&#8221; custom_padding=&#8221;88px||10px|0px|false|false&#8221; custom_padding_tablet=&#8221;&#8221; custom_padding_phone=&#8221;3px||10px|0px|false|false&#8221; custom_padding_last_edited=&#8221;on|phone&#8221; border_color_left=&#8221;#2778b8&#8243;]<\/p>\n<h1 style=\"text-align: justify;\"><span style=\"color: #666666;\"><span style=\"font-size: 18px;\">Assista abaixo o v\u00eddeo para o momento de reflex\u00e3o com os estudantes. Lembramos que este v\u00eddeo \u00e9 apenas para uso interno e n\u00e3o para compartilhamento nas redes sociais.\u00a0<\/span><\/span><\/h1>\n<p>[\/et_pb_text][et_pb_video src=&#8221;https:\/\/youtu.be\/9-2VzKN6s0s&#8221; _builder_version=&#8221;4.9.7&#8243; _module_preset=&#8221;default&#8221; width=&#8221;60%&#8221; module_alignment=&#8221;center&#8221;][\/et_pb_video][\/et_pb_column][\/et_pb_row][et_pb_row column_structure=&#8221;1_4,1_4,1_4,1_4&#8243; custom_padding_last_edited=&#8221;on|phone&#8221; _builder_version=&#8221;4.9.7&#8243; _module_preset=&#8221;default&#8221; transform_scale=&#8221;80%|80%&#8221; min_height=&#8221;341.4px&#8221; custom_padding=&#8221;54px||0px||false|false&#8221; custom_padding_tablet=&#8221;&#8221; custom_padding_phone=&#8221;0px||||false|false&#8221;][et_pb_column type=&#8221;1_4&#8243; _builder_version=&#8221;4.9.7&#8243; _module_preset=&#8221;default&#8221;][et_pb_image src=&#8221;https:\/\/pastoral.lasalle.edu.br\/wp-content\/uploads\/2024\/07\/Semana-Anterior-1.png&#8221; title_text=&#8221;Semana Anterior&#8221; url=&#8221;@ET-DC@eyJkeW5hbWljIjp0cnVlLCJjb250ZW50IjoicG9zdF9saW5rX3VybF9wYWdlIiwic2V0dGluZ3MiOnsicG9zdF9pZCI6IjIyOTAifX0=@&#8221; align_tablet=&#8221;&#8221; align_phone=&#8221;center&#8221; align_last_edited=&#8221;on|phone&#8221; _builder_version=&#8221;4.9.7&#8243; _dynamic_attributes=&#8221;url&#8221; _module_preset=&#8221;default&#8221; transform_styles__hover_enabled=&#8221;on|hover&#8221; transform_scale__hover_enabled=&#8221;on|hover&#8221; transform_translate__hover_enabled=&#8221;on|desktop&#8221; transform_rotate__hover_enabled=&#8221;on|desktop&#8221; transform_skew__hover_enabled=&#8221;on|desktop&#8221; transform_origin__hover_enabled=&#8221;on|desktop&#8221; transform_scale__hover=&#8221;115%|115%&#8221;][\/et_pb_image][\/et_pb_column][et_pb_column type=&#8221;1_4&#8243; _builder_version=&#8221;4.9.7&#8243; _module_preset=&#8221;default&#8221;][et_pb_image src=&#8221;https:\/\/pastoral.lasalle.edu.br\/wp-content\/uploads\/2024\/07\/Topo-Pagina.png&#8221; title_text=&#8221;Topo Pagina&#8221; url=&#8221;#olharsi&#8221; align_tablet=&#8221;&#8221; align_phone=&#8221;center&#8221; align_last_edited=&#8221;on|phone&#8221; _builder_version=&#8221;4.9.7&#8243; _module_preset=&#8221;default&#8221; custom_margin_tablet=&#8221;&#8221; custom_margin_phone=&#8221;-84px||||false|false&#8221; custom_margin_last_edited=&#8221;on|phone&#8221; transform_styles__hover_enabled=&#8221;on|hover&#8221; transform_scale__hover_enabled=&#8221;on|hover&#8221; transform_translate__hover_enabled=&#8221;on|desktop&#8221; transform_rotate__hover_enabled=&#8221;on|desktop&#8221; transform_skew__hover_enabled=&#8221;on|desktop&#8221; transform_origin__hover_enabled=&#8221;on|desktop&#8221; transform_scale__hover=&#8221;115%|115%&#8221;][\/et_pb_image][\/et_pb_column][et_pb_column type=&#8221;1_4&#8243; _builder_version=&#8221;4.9.7&#8243; _module_preset=&#8221;default&#8221;][et_pb_image src=&#8221;https:\/\/pastoral.lasalle.edu.br\/wp-content\/uploads\/2024\/07\/Proxima-Semana-1.png&#8221; title_text=&#8221;Pr\u00f3xima Semana&#8221; url=&#8221;@ET-DC@eyJkeW5hbWljIjp0cnVlLCJjb250ZW50IjoicG9zdF9saW5rX3VybF9wYWdlIiwic2V0dGluZ3MiOnsicG9zdF9pZCI6IjIzMTMifX0=@&#8221; align=&#8221;center&#8221; align_tablet=&#8221;&#8221; align_phone=&#8221;center&#8221; align_last_edited=&#8221;on|desktop&#8221; _builder_version=&#8221;4.9.7&#8243; _dynamic_attributes=&#8221;url&#8221; _module_preset=&#8221;default&#8221; custom_margin=&#8221;||||false|false&#8221; custom_margin_tablet=&#8221;&#8221; custom_margin_phone=&#8221;-74px||||false|false&#8221; custom_margin_last_edited=&#8221;on|phone&#8221; custom_padding=&#8221;||||false|false&#8221; transform_styles__hover_enabled=&#8221;on|hover&#8221; transform_scale__hover_enabled=&#8221;on|hover&#8221; transform_translate__hover_enabled=&#8221;on|desktop&#8221; transform_rotate__hover_enabled=&#8221;on|desktop&#8221; transform_skew__hover_enabled=&#8221;on|desktop&#8221; transform_origin__hover_enabled=&#8221;on|desktop&#8221; transform_scale__hover=&#8221;115%|115%&#8221;][\/et_pb_image][\/et_pb_column][et_pb_column type=&#8221;1_4&#8243; _builder_version=&#8221;4.9.7&#8243; _module_preset=&#8221;default&#8221;][et_pb_image src=&#8221;https:\/\/pastoral.lasalle.edu.br\/wp-content\/uploads\/2024\/07\/Home-1.png&#8221; title_text=&#8221;Home&#8221; url=&#8221;@ET-DC@eyJkeW5hbWljIjp0cnVlLCJjb250ZW50IjoicG9zdF9saW5rX3VybF9wYWdlIiwic2V0dGluZ3MiOnsicG9zdF9pZCI6IjIxMDcifX0=@&#8221; align_tablet=&#8221;&#8221; align_phone=&#8221;center&#8221; align_last_edited=&#8221;on|phone&#8221; _builder_version=&#8221;4.9.7&#8243; _dynamic_attributes=&#8221;url&#8221; _module_preset=&#8221;default&#8221; custom_margin_tablet=&#8221;&#8221; custom_margin_phone=&#8221;-79px||||false|false&#8221; custom_margin_last_edited=&#8221;on|phone&#8221; transform_styles__hover_enabled=&#8221;on|hover&#8221; transform_scale__hover_enabled=&#8221;on|hover&#8221; transform_translate__hover_enabled=&#8221;on|desktop&#8221; transform_rotate__hover_enabled=&#8221;on|desktop&#8221; transform_skew__hover_enabled=&#8221;on|desktop&#8221; transform_origin__hover_enabled=&#8221;on|desktop&#8221; transform_scale__hover=&#8221;115%|115%&#8221;][\/et_pb_image][\/et_pb_column][\/et_pb_row][\/et_pb_section][et_pb_section fb_built=&#8221;1&#8243; admin_label=&#8221;Banner Logo&#8221; _builder_version=&#8221;4.9.7&#8243; background_color=&#8221;gcid-144fbbe4-137e-479a-9db9-a6ee3599e848&#8243; background_enable_color=&#8221;off&#8221; background_image=&#8221;https:\/\/pastoral.lasalle.edu.br\/wp-content\/uploads\/2024\/07\/Background-Mes-Vocacional.jpg&#8221; parallax=&#8221;on&#8221; width=&#8221;100%&#8221; max_width=&#8221;100%&#8221; min_height=&#8221;318.2px&#8221; max_height=&#8221;1000px&#8221; custom_margin=&#8221;39px||-9px||false|false&#8221; custom_padding=&#8221;0%||0%||true|&#8221; locked=&#8221;off&#8221; global_colors_info=&#8221;{%22gcid-1d250360-9f11-4b1d-944e-d6e8a9d36b41%22:%91%93,%22gcid-144fbbe4-137e-479a-9db9-a6ee3599e848%22:%91%22background_color%22%93}&#8221;][et_pb_row custom_padding_last_edited=&#8221;on|phone&#8221; _builder_version=&#8221;4.9.7&#8243; module_alignment=&#8221;center&#8221; custom_margin=&#8221;||||false|false&#8221; custom_padding=&#8221;24px||0px||false|false&#8221; custom_padding_tablet=&#8221;&#8221; custom_padding_phone=&#8221;15px||||false|false&#8221;][et_pb_column type=&#8221;4_4&#8243; _builder_version=&#8221;3.25&#8243; custom_padding=&#8221;|||&#8221; custom_padding__hover=&#8221;|||&#8221;][et_pb_image src=&#8221;https:\/\/pastoral.lasalle.edu.br\/wp-content\/uploads\/2024\/07\/Rodape-1.png&#8221; title_text=&#8221;Rodap\u00e9&#8221; _builder_version=&#8221;4.9.7&#8243; _module_preset=&#8221;default&#8221; transform_scale_tablet=&#8221;&#8221; transform_scale_phone=&#8221;174%|174%&#8221; transform_scale_last_edited=&#8221;on|phone&#8221; transform_translate_tablet=&#8221;&#8221; transform_translate_phone=&#8221;&#8221; transform_translate_last_edited=&#8221;on|phone&#8221; transform_rotate_tablet=&#8221;&#8221; transform_rotate_phone=&#8221;&#8221; transform_rotate_last_edited=&#8221;on|phone&#8221; transform_skew_tablet=&#8221;&#8221; transform_skew_phone=&#8221;&#8221; transform_skew_last_edited=&#8221;on|phone&#8221; transform_origin_tablet=&#8221;&#8221; transform_origin_phone=&#8221;&#8221; transform_origin_last_edited=&#8221;on|phone&#8221; transform_styles_last_edited=&#8221;on|phone&#8221; custom_padding=&#8221;123px|||||&#8221; custom_padding_tablet=&#8221;&#8221; custom_padding_phone=&#8221;44px||38px||false|false&#8221; custom_padding_last_edited=&#8221;on|phone&#8221; transform_styles_tablet=&#8221;&#8221; transform_styles_phone=&#8221;&#8221;][\/et_pb_image][\/et_pb_column][\/et_pb_row][\/et_pb_section]<\/p>\n","protected":false},"excerpt":{"rendered":"<p>Para o dia do estudante, sugerimos que a atividade seja realizada no dia 12 de agosto, visto que dia 11 \u00e9 domingo e coincide com o dia dos pais. Acolher os estudantes com uma recep\u00e7\u00e3o diferenciada neste dia. Escolher um per\u00edodo da manh\u00e3, sugerimos o per\u00edodo que antecede o recreio. Neste per\u00edodo os professores combinam [&hellip;]<\/p>\n","protected":false},"author":1,"featured_media":0,"parent":0,"menu_order":0,"comment_status":"closed","ping_status":"closed","template":"","meta":{"_et_pb_use_builder":"on","_et_pb_old_content":"","_et_gb_content_width":"","footnotes":""},"class_list":["post-2352","page","type-page","status-publish","hentry"],"_links":{"self":[{"href":"https:\/\/pastoral.lasalle.edu.br\/index.php\/wp-json\/wp\/v2\/pages\/2352","targetHints":{"allow":["GET"]}}],"collection":[{"href":"https:\/\/pastoral.lasalle.edu.br\/index.php\/wp-json\/wp\/v2\/pages"}],"about":[{"href":"https:\/\/pastoral.lasalle.edu.br\/index.php\/wp-json\/wp\/v2\/types\/page"}],"author":[{"embeddable":true,"href":"https:\/\/pastoral.lasalle.edu.br\/index.php\/wp-json\/wp\/v2\/users\/1"}],"replies":[{"embeddable":true,"href":"https:\/\/pastoral.lasalle.edu.br\/index.php\/wp-json\/wp\/v2\/comments?post=2352"}],"version-history":[{"count":16,"href":"https:\/\/pastoral.lasalle.edu.br\/index.php\/wp-json\/wp\/v2\/pages\/2352\/revisions"}],"predecessor-version":[{"id":2408,"href":"https:\/\/pastoral.lasalle.edu.br\/index.php\/wp-json\/wp\/v2\/pages\/2352\/revisions\/2408"}],"wp:attachment":[{"href":"https:\/\/pastoral.lasalle.edu.br\/index.php\/wp-json\/wp\/v2\/media?parent=2352"}],"curies":[{"name":"wp","href":"https:\/\/api.w.org\/{rel}","templated":true}]}}