{"id":211,"date":"2022-01-04T16:16:40","date_gmt":"2022-01-04T19:16:40","guid":{"rendered":"https:\/\/pastoral.lasalle.edu.br\/?page_id=211"},"modified":"2022-01-11T15:37:40","modified_gmt":"2022-01-11T18:37:40","slug":"tema-pastoral-2022","status":"publish","type":"page","link":"https:\/\/pastoral.lasalle.edu.br\/index.php\/tema-pastoral-2022\/","title":{"rendered":"Tema Pastoral 2022"},"content":{"rendered":"<p>[et_pb_section fb_built=&#8221;1&#8243; fullwidth=&#8221;on&#8221; _builder_version=&#8221;4.9.7&#8243; _module_preset=&#8221;default&#8221;][et_pb_fullwidth_image src=&#8221;https:\/\/pastoral.lasalle.edu.br\/wp-content\/uploads\/2022\/01\/A-Utopia_Tema-Reflexao-2022.png&#8221; title_text=&#8221;A Utopia_Tema Reflex\u00e3o 2022&#8243; _builder_version=&#8221;4.9.7&#8243; _module_preset=&#8221;default&#8221; custom_margin=&#8221;-31px||144px||false|false&#8221; custom_padding=&#8221;0px||0px||false|false&#8221; hover_enabled=&#8221;0&#8243; src__hover_enabled=&#8221;off|desktop&#8221; sticky_enabled=&#8221;0&#8243;][\/et_pb_fullwidth_image][\/et_pb_section][et_pb_section fb_built=&#8221;1&#8243; _builder_version=&#8221;4.9.7&#8243; _module_preset=&#8221;default&#8221; background_image=&#8221;https:\/\/pastoral.lasalle.edu.br\/wp-content\/uploads\/2022\/01\/banner_site_transparente.png&#8221; min_height=&#8221;972.8px&#8221; custom_margin=&#8221;-151px|||||&#8221; custom_padding=&#8221;42px|||||&#8221;][et_pb_row _builder_version=&#8221;4.9.7&#8243; _module_preset=&#8221;default&#8221; animation_style=&#8221;fade&#8221;][et_pb_column type=&#8221;4_4&#8243; _builder_version=&#8221;4.9.7&#8243; _module_preset=&#8221;default&#8221;][et_pb_text _builder_version=&#8221;4.9.7&#8243; _module_preset=&#8221;default&#8221; animation_style=&#8221;fade&#8221; animation_direction=&#8221;left&#8221; animation_duration=&#8221;900ms&#8221; animation_speed_curve=&#8221;ease-in&#8221;]<\/p>\n<p><span style=\"font-size: large;\"><strong>A Utopia: um sonho poss\u00edvel!<\/strong><\/span><\/p>\n<p>Estimados(as) Lassalistas!<\/p>\n<p>&nbsp;<\/p>\n<p>Este ano, o Tema Pastoral \u00e9 \u201cA Utopia: um sonho poss\u00edvel! Construindo novos caminhos para transformar vidas\u201d, que prop\u00f5e uma reflex\u00e3o sobre a resposta do escritor uruguaio, Eduardo Galeano, para a seguinte pergunta: para que serve a utopia?<\/p>\n<p>Galeano esclarece: \u201ca utopia est\u00e1 no horizonte. Me aproximo dois passos, e ele se afasta dois passos. Caminho dez passos, e o horizonte se desloca dez passos mais adiante. Por mais que eu caminhe, nunca o alcan\u00e7arei. Ent\u00e3o, para que serve a utopia? Serve para caminhar\u201d.<\/p>\n<p>Por isso, precisamos caminhar conscientes, entendendo que s\u00e3o necess\u00e1rias atitudes efetivas hoje para levar adiante nossa miss\u00e3o de formar crist\u00e3 e integralmente crian\u00e7as e jovens, principalmente, aqueles que mais necessitam, construindo novos caminhos para transformar vidas.<\/p>\n<p>Convidamos voc\u00ea a dedicar um tempo para a leitura do documento e para refletir sobre quais sonhos voc\u00ea v\u00ea no horizonte e o que te move para busc\u00e1-los em 2022.<\/p>\n<p><span style=\"color: #000000;\"><a href=\"https:\/\/drive.google.com\/file\/d\/1jJ7vIUDorTfl7tc3lna_qRDPASP0DF05\/view\" target=\"_blank\" rel=\"noopener\" title=\"Reflex\u00e3o Lassalista\" style=\"color: #000000;\"><span style=\"text-decoration: underline;\">Clique aqui<\/span><\/a><\/span> ou na imagem abaixo para acessar a Reflex\u00e3o Lassalista 7.<\/p>\n<p>[\/et_pb_text][\/et_pb_column][\/et_pb_row][et_pb_row _builder_version=&#8221;4.9.7&#8243; _module_preset=&#8221;default&#8221; custom_margin=&#8221;-42px|auto||auto||&#8221;][et_pb_column type=&#8221;4_4&#8243; _builder_version=&#8221;4.9.7&#8243; _module_preset=&#8221;default&#8221;][et_pb_image src=&#8221;https:\/\/pastoral.lasalle.edu.br\/wp-content\/uploads\/2022\/01\/reflexaobotao.png&#8221; alt=&#8221;Capa Reflex\u00e3o Lassalista 7&#8243; title_text=&#8221;Botao_Reflexao_Capa_2&#8243; url=&#8221;https:\/\/drive.google.com\/file\/d\/1jJ7vIUDorTfl7tc3lna_qRDPASP0DF05\/view&#8221; url_new_window=&#8221;on&#8221; align=&#8221;center&#8221; _builder_version=&#8221;4.9.7&#8243; _module_preset=&#8221;default&#8221; animation_style=&#8221;fade&#8221; animation_duration=&#8221;1500ms&#8221; src__hover_enabled=&#8221;on|hover&#8221; src__hover=&#8221;https:\/\/pastoral.lasalle.edu.br\/wp-content\/uploads\/2022\/01\/Botao_Reflexao_Capa_2.png&#8221;][\/et_pb_image][\/et_pb_column][\/et_pb_row][\/et_pb_section][et_pb_section fb_built=&#8221;1&#8243; _builder_version=&#8221;4.9.7&#8243; _module_preset=&#8221;default&#8221; background_image=&#8221;https:\/\/pastoral.lasalle.edu.br\/wp-content\/uploads\/2022\/01\/banner-2.png&#8221; min_height=&#8221;489.4px&#8221; custom_margin=&#8221;-53px||||false|false&#8221; custom_padding=&#8221;0px|||||&#8221;][et_pb_row _builder_version=&#8221;4.9.7&#8243; _module_preset=&#8221;default&#8221;][et_pb_column type=&#8221;4_4&#8243; _builder_version=&#8221;4.9.7&#8243; _module_preset=&#8221;default&#8221;][et_pb_text _builder_version=&#8221;4.9.7&#8243; _module_preset=&#8221;default&#8221;][\/et_pb_text][\/et_pb_column][\/et_pb_row][et_pb_row _builder_version=&#8221;4.9.7&#8243; _module_preset=&#8221;default&#8221;][et_pb_column type=&#8221;4_4&#8243; _builder_version=&#8221;4.9.7&#8243; _module_preset=&#8221;default&#8221;][et_pb_text _builder_version=&#8221;4.9.7&#8243; _module_preset=&#8221;default&#8221; inline_fonts=&#8221;Open Sans&#8221;]<\/p>\n<h1 style=\"text-align: center;\"><span style=\"color: #ffffff; font-family: 'Open Sans'; font-weight: normal; font-size: xx-large;\"><strong>+<\/strong><\/span><\/h1>\n<p>[\/et_pb_text][\/et_pb_column][\/et_pb_row][et_pb_row column_structure=&#8221;1_3,1_3,1_3&#8243; _builder_version=&#8221;4.9.7&#8243; _module_preset=&#8221;default&#8221; width=&#8221;64%&#8221;][et_pb_column type=&#8221;1_3&#8243; _builder_version=&#8221;4.9.7&#8243; _module_preset=&#8221;default&#8221;][et_pb_image src=&#8221;https:\/\/pastoral.lasalle.edu.br\/wp-content\/uploads\/2022\/01\/Botao_Reflexao.png&#8221; alt=&#8221;Sobre a Reflex\u00e3o Lassalista.&#8221; title_text=&#8221;Saiba mais sobre a Reflex\u00e3o Lassalista!&#8221; url=&#8221;@ET-DC@eyJkeW5hbWljIjp0cnVlLCJjb250ZW50IjoicG9zdF9saW5rX3VybF9wYWdlIiwic2V0dGluZ3MiOnsicG9zdF9pZCI6IjI1OCJ9fQ==@&#8221; align=&#8221;center&#8221; _builder_version=&#8221;4.9.7&#8243; _dynamic_attributes=&#8221;url&#8221; _module_preset=&#8221;default&#8221; custom_margin_tablet=&#8221;&#8221; custom_margin_phone=&#8221;&#8221; custom_margin_last_edited=&#8221;on|desktop&#8221; animation_style=&#8221;zoom&#8221; animation_duration=&#8221;1100ms&#8221; src__hover_enabled=&#8221;off|hover&#8221; custom_margin__hover_enabled=&#8221;on|hover&#8221; custom_margin__hover=&#8221;-13px||||false|false&#8221;][\/et_pb_image][\/et_pb_column][et_pb_column type=&#8221;1_3&#8243; _builder_version=&#8221;4.9.7&#8243; _module_preset=&#8221;default&#8221;][et_pb_image src=&#8221;https:\/\/pastoral.lasalle.edu.br\/wp-content\/uploads\/2022\/01\/Botao_materiais.png&#8221; alt=&#8221;Materiais para Download&#8221; title_text=&#8221;Fa\u00e7a download das principais pe\u00e7as gr\u00e1ficas relacionada ao tema pastoral.&#8221; url=&#8221;@ET-DC@eyJkeW5hbWljIjp0cnVlLCJjb250ZW50IjoicG9zdF9saW5rX3VybF9wYWdlIiwic2V0dGluZ3MiOnsicG9zdF9pZCI6IjI1MCJ9fQ==@&#8221; align=&#8221;center&#8221; _builder_version=&#8221;4.9.7&#8243; _dynamic_attributes=&#8221;url&#8221; _module_preset=&#8221;default&#8221; animation_style=&#8221;zoom&#8221; animation_duration=&#8221;1200ms&#8221; custom_margin__hover_enabled=&#8221;on|hover&#8221; custom_margin__hover=&#8221;-13px||||false|false&#8221;][\/et_pb_image][\/et_pb_column][et_pb_column type=&#8221;1_3&#8243; _builder_version=&#8221;4.9.7&#8243; _module_preset=&#8221;default&#8221;][et_pb_image src=&#8221;https:\/\/pastoral.lasalle.edu.br\/wp-content\/uploads\/2022\/01\/Botao_Simbolo.png&#8221; alt=&#8221;S\u00edmbolo Pastoral&#8221; title_text=&#8221;Conhe\u00e7a o s\u00edmbolo pastoral e os materiais que ser\u00e3o utilizados pela pastoral.&#8221; url=&#8221;@ET-DC@eyJkeW5hbWljIjp0cnVlLCJjb250ZW50IjoicG9zdF9saW5rX3VybF9wYWdlIiwic2V0dGluZ3MiOnsicG9zdF9pZCI6IjI0MiJ9fQ==@&#8221; align=&#8221;center&#8221; _builder_version=&#8221;4.9.7&#8243; _dynamic_attributes=&#8221;url&#8221; _module_preset=&#8221;default&#8221; animation_style=&#8221;zoom&#8221; animation_duration=&#8221;1300ms&#8221; custom_margin__hover_enabled=&#8221;on|hover&#8221; custom_margin__hover=&#8221;-13px||||false|false&#8221;][\/et_pb_image][\/et_pb_column][\/et_pb_row][\/et_pb_section]<\/p>\n","protected":false},"excerpt":{"rendered":"<p>A Utopia: um sonho poss\u00edvel! Estimados(as) Lassalistas! &nbsp; Este ano, o Tema Pastoral \u00e9 \u201cA Utopia: um sonho poss\u00edvel! Construindo novos caminhos para transformar vidas\u201d, que prop\u00f5e uma reflex\u00e3o sobre a resposta do escritor uruguaio, Eduardo Galeano, para a seguinte pergunta: para que serve a utopia? Galeano esclarece: \u201ca utopia est\u00e1 no horizonte. Me aproximo [&hellip;]<\/p>\n","protected":false},"author":1,"featured_media":0,"parent":0,"menu_order":0,"comment_status":"closed","ping_status":"closed","template":"","meta":{"_et_pb_use_builder":"on","_et_pb_old_content":"","_et_gb_content_width":"","footnotes":""},"class_list":["post-211","page","type-page","status-publish","hentry"],"_links":{"self":[{"href":"https:\/\/pastoral.lasalle.edu.br\/index.php\/wp-json\/wp\/v2\/pages\/211","targetHints":{"allow":["GET"]}}],"collection":[{"href":"https:\/\/pastoral.lasalle.edu.br\/index.php\/wp-json\/wp\/v2\/pages"}],"about":[{"href":"https:\/\/pastoral.lasalle.edu.br\/index.php\/wp-json\/wp\/v2\/types\/page"}],"author":[{"embeddable":true,"href":"https:\/\/pastoral.lasalle.edu.br\/index.php\/wp-json\/wp\/v2\/users\/1"}],"replies":[{"embeddable":true,"href":"https:\/\/pastoral.lasalle.edu.br\/index.php\/wp-json\/wp\/v2\/comments?post=211"}],"version-history":[{"count":22,"href":"https:\/\/pastoral.lasalle.edu.br\/index.php\/wp-json\/wp\/v2\/pages\/211\/revisions"}],"predecessor-version":[{"id":375,"href":"https:\/\/pastoral.lasalle.edu.br\/index.php\/wp-json\/wp\/v2\/pages\/211\/revisions\/375"}],"wp:attachment":[{"href":"https:\/\/pastoral.lasalle.edu.br\/index.php\/wp-json\/wp\/v2\/media?parent=211"}],"curies":[{"name":"wp","href":"https:\/\/api.w.org\/{rel}","templated":true}]}}