{"id":1954,"date":"2024-04-15T08:58:21","date_gmt":"2024-04-15T11:58:21","guid":{"rendered":"https:\/\/pastoral.lasalle.edu.br\/?page_id=1954"},"modified":"2024-04-15T17:26:43","modified_gmt":"2024-04-15T20:26:43","slug":"olhar-para-deus","status":"publish","type":"page","link":"https:\/\/pastoral.lasalle.edu.br\/index.php\/olhar-para-deus\/","title":{"rendered":"Olhar para Deus"},"content":{"rendered":"<p>[et_pb_section fb_built=&#8221;1&#8243; admin_label=&#8221;Hero section&#8221; module_id=&#8221;olharsi&#8221; _builder_version=&#8221;4.9.7&#8243; background_color=&#8221;#994190&#8243; background_image=&#8221;https:\/\/pastoral.lasalle.edu.br\/wp-content\/uploads\/2024\/04\/Leve4.png&#8221; background_blend=&#8221;soft-light&#8221; min_height=&#8221;523.8px&#8221; custom_margin=&#8221;||-100px||false|false&#8221; custom_padding=&#8221;0%||3.6%||false|false&#8221;][et_pb_row column_structure=&#8221;1_2,1_2&#8243; custom_padding_last_edited=&#8221;on|phone&#8221; _builder_version=&#8221;4.9.7&#8243; _module_preset=&#8221;default&#8221; custom_margin=&#8221;||44px||false|false&#8221; custom_padding=&#8221;121px||0px|||&#8221; custom_padding_tablet=&#8221;&#8221; custom_padding_phone=&#8221;64px||||false|false&#8221;][et_pb_column type=&#8221;1_2&#8243; _builder_version=&#8221;4.9.7&#8243; _module_preset=&#8221;default&#8221;][et_pb_image src=&#8221;https:\/\/pastoral.lasalle.edu.br\/wp-content\/uploads\/2024\/04\/Horizontal-fundo-azul.png&#8221; title_text=&#8221;Horizontal-fundo azul&#8221; url=&#8221;@ET-DC@eyJkeW5hbWljIjp0cnVlLCJjb250ZW50IjoicG9zdF9saW5rX3VybF9wYWdlIiwic2V0dGluZ3MiOnsicG9zdF9pZCI6IjE3MDMifX0=@&#8221; _builder_version=&#8221;4.9.7&#8243; _dynamic_attributes=&#8221;url&#8221; _module_preset=&#8221;default&#8221; transform_scale=&#8221;90%|90%&#8221; custom_padding=&#8221;0px|||||&#8221;][\/et_pb_image][\/et_pb_column][et_pb_column type=&#8221;1_2&#8243; _builder_version=&#8221;4.9.7&#8243; _module_preset=&#8221;default&#8221;][et_pb_image src=&#8221;https:\/\/pastoral.lasalle.edu.br\/wp-content\/uploads\/2024\/04\/Olhar-para-Deus.png&#8221; title_text=&#8221;Olhar-para-Deus&#8221; align=&#8221;center&#8221; _builder_version=&#8221;4.9.7&#8243; _module_preset=&#8221;default&#8221; width=&#8221;100%&#8221; max_width=&#8221;84%&#8221; custom_margin=&#8221;||||false|false&#8221; custom_padding=&#8221;24px||||false|false&#8221;][\/et_pb_image][\/et_pb_column][\/et_pb_row][\/et_pb_section][et_pb_section fb_built=&#8221;1&#8243; admin_label=&#8221;Featured Places&#8221; _builder_version=&#8221;4.9.7&#8243; background_color=&#8221;#FFFFFF&#8221; use_background_color_gradient=&#8221;on&#8221; background_color_gradient_start=&#8221;#ffffff&#8221; background_color_gradient_end=&#8221;rgba(91,121,158,0)&#8221; background_color_gradient_type=&#8221;radial&#8221; custom_margin=&#8221;||||false|false&#8221; custom_padding=&#8221;0px|0px|0px|0px|false|false&#8221;][et_pb_row column_structure=&#8221;1_2,1_2&#8243; _builder_version=&#8221;4.9.7&#8243; background_enable_color=&#8221;off&#8221; custom_margin=&#8221;|auto||auto|false|false&#8221; custom_padding=&#8221;||||true|false&#8221;][et_pb_column type=&#8221;1_2&#8243; _builder_version=&#8221;3.25&#8243; custom_padding=&#8221;|||&#8221; custom_padding__hover=&#8221;|||&#8221;][et_pb_text _builder_version=&#8221;4.9.7&#8243; _module_preset=&#8221;default&#8221; header_font=&#8221;||||||||&#8221; header_text_align=&#8221;left&#8221; header_text_color=&#8221;#183c5b&#8221; header_font_size=&#8221;10px&#8221; header_line_height=&#8221;2.7em&#8221; module_alignment=&#8221;center&#8221; custom_margin=&#8221;|||88px||&#8221; custom_padding=&#8221;12px||10px|0px|false|false&#8221; border_color_left=&#8221;#ed737f&#8221;]<\/p>\n<h1 style=\"text-align: right;\"><span style=\"color: #666666;\"><span style=\"font-size: 18px;\">[ Para fazer download do roteiro ]<\/span><\/span><\/h1>\n<p>[\/et_pb_text][\/et_pb_column][et_pb_column type=&#8221;1_2&#8243; _builder_version=&#8221;3.25&#8243; custom_padding=&#8221;|||&#8221; custom_padding__hover=&#8221;|||&#8221;][et_pb_button button_url=&#8221;https:\/\/drive.google.com\/file\/d\/1ONxPIZFv7nl8SfapDMOdpR2YQUj_FQ5_\/view?usp=drive_link&#8221; url_new_window=&#8221;on&#8221; button_text=&#8221;Clique Aqui&#8221; button_alignment_tablet=&#8221;&#8221; button_alignment_phone=&#8221;center&#8221; button_alignment_last_edited=&#8221;on|phone&#8221; _builder_version=&#8221;4.9.7&#8243; _module_preset=&#8221;default&#8221; custom_button=&#8221;on&#8221; button_text_color=&#8221;#994190&#8243; button_border_color=&#8221;#994190&#8243; button_border_radius=&#8221;0px&#8221;][\/et_pb_button][\/et_pb_column][\/et_pb_row][\/et_pb_section][et_pb_section fb_built=&#8221;1&#8243; admin_label=&#8221;Featured Places&#8221; _builder_version=&#8221;4.9.7&#8243; background_color=&#8221;#FFFFFF&#8221; use_background_color_gradient=&#8221;on&#8221; background_color_gradient_start=&#8221;#ffffff&#8221; background_color_gradient_end=&#8221;rgba(91,121,158,0)&#8221; background_color_gradient_type=&#8221;radial&#8221; min_height=&#8221;182.8px&#8221; custom_margin=&#8221;||-124px||false|false&#8221; custom_padding=&#8221;100px|0px|23px|0px||&#8221;][et_pb_row _builder_version=&#8221;4.9.7&#8243; background_color=&#8221;#FFFFFF&#8221; min_height=&#8221;94px&#8221; height=&#8221;694px&#8221; custom_margin=&#8221;-100px|auto|-70px|auto||&#8221; custom_padding=&#8221;23px||23px||true|&#8221;][et_pb_column type=&#8221;4_4&#8243; _builder_version=&#8221;3.25&#8243; custom_padding=&#8221;|||&#8221; custom_padding__hover=&#8221;|||&#8221;][et_pb_image src=&#8221;https:\/\/pastoral.lasalle.edu.br\/wp-content\/uploads\/2024\/04\/Prancheta-5-copia-2-3.png&#8221; title_text=&#8221;Prancheta 5 c\u00f3pia 2&#8243; align=&#8221;center&#8221; _builder_version=&#8221;4.9.7&#8243; _module_preset=&#8221;default&#8221; transform_scale_tablet=&#8221;&#8221; transform_scale_phone=&#8221;220%|220%&#8221; transform_scale_last_edited=&#8221;on|phone&#8221; transform_translate_tablet=&#8221;&#8221; transform_translate_phone=&#8221;&#8221; transform_translate_last_edited=&#8221;on|phone&#8221; transform_rotate_tablet=&#8221;&#8221; transform_rotate_phone=&#8221;&#8221; transform_rotate_last_edited=&#8221;on|phone&#8221; transform_skew_tablet=&#8221;&#8221; transform_skew_phone=&#8221;&#8221; transform_skew_last_edited=&#8221;on|phone&#8221; transform_origin_tablet=&#8221;&#8221; transform_origin_phone=&#8221;&#8221; transform_origin_last_edited=&#8221;on|phone&#8221; transform_styles_last_edited=&#8221;on|phone&#8221; width=&#8221;39%&#8221; transform_styles_tablet=&#8221;&#8221; transform_styles_phone=&#8221;&#8221;][\/et_pb_image][et_pb_video src=&#8221;https:\/\/youtu.be\/FDkwXB-m6VU&#8221; use_icon_font_size=&#8221;on&#8221; icon_font_size=&#8221;120px&#8221; _builder_version=&#8221;4.9.7&#8243; _module_preset=&#8221;default&#8221; width=&#8221;44%&#8221; max_width=&#8221;89%&#8221; module_alignment=&#8221;center&#8221;][\/et_pb_video][et_pb_text _builder_version=&#8221;4.9.7&#8243; _module_preset=&#8221;default&#8221; header_font=&#8221;||||||||&#8221; header_text_align=&#8221;left&#8221; header_text_color=&#8221;#183c5b&#8221; header_font_size=&#8221;10px&#8221; header_line_height=&#8221;2.7em&#8221; module_alignment=&#8221;center&#8221; custom_margin=&#8221;|||88px||&#8221; custom_padding=&#8221;3px||10px|24px|false|false&#8221; border_width_left=&#8221;3px&#8221; border_color_left=&#8221;#994190&#8243;]<\/p>\n<h1 style=\"text-align: left;\"><span style=\"color: #666666; font-size: 18px; text-align: justify;\"><strong>Quando voc\u00ea pensa em Deus, voc\u00ea olha para o alto? Para os c\u00e9us?<\/strong><\/span><\/h1>\n<h1 style=\"text-align: left;\"><span style=\"color: #666666; font-size: 18px; text-align: justify;\">N\u00f3s Lassalistas acreditamos que a pessoa humana \u00e9 composta por v\u00e1rias dimens\u00f5es: intelectual, emocional, f\u00edsica, social e espiritual. Quando equilibramos essas dimens\u00f5es em nossas vidas, alcan\u00e7amos a plenitude, e percebemos que nossa humanidade vai al\u00e9m, que ela transcende: busca sua natureza primordial. Por isso \u00e9 t\u00e3o importante percebermos a nossa transcend\u00eancia e nos darmos conta que Deus tem um papel especial em nossas vidas. <strong>Com Deus, completamos aquilo que<\/strong><br \/><strong>somos!<\/strong><\/span><\/h1>\n<h1 style=\"text-align: left;\"><span style=\"color: #666666; font-size: 18px; text-align: justify;\">No entanto, muita gente se preocupa apenas com as coisas da vida material, em adquirir, comprar e esquecer dessa dimens\u00e3o, tornando-se incompletas.<\/span><\/h1>\n<h1 style=\"text-align: left;\"><span style=\"color: #666666; font-size: 18px; text-align: justify;\">La Salle tinha uma rela\u00e7\u00e3o profunda e \u00edntima com Deus. Em certo momento de sua vida, quando se sentiu sem rumo, em crise, decidiu se retirar para um lugar mais isolado e ouvir o que Deus queria dele. Nesse momento, ouvia uma eremita, ouvia os p\u00e1ssaros cantar, ouvia os irm\u00e3os da sua congrega\u00e7\u00e3o lhe pedindo para permanecer com eles. Quando nos propomos a voltar o nosso olhar para o que Deus quer, encontramos o verdadeiro significado da nossa vida. Assim, nosso olhar para Deus n\u00e3o deve estar voltado somente para os c\u00e9us, mas sim para as pessoas, para a natureza e para n\u00f3s mesmos: \u00e9 onde Ele se revela. <strong>O que Deus quer de ti?<\/strong><\/span><\/h1>\n<h1 style=\"text-align: left;\"><span style=\"font-size: 18px; text-align: center;\"><\/span><\/h1>\n<p>[\/et_pb_text][et_pb_text _builder_version=&#8221;4.9.7&#8243; _module_preset=&#8221;default&#8221; header_font=&#8221;||||||||&#8221; header_text_align=&#8221;left&#8221; header_text_color=&#8221;#183c5b&#8221; header_font_size=&#8221;10px&#8221; header_line_height=&#8221;2.7em&#8221; module_alignment=&#8221;center&#8221; custom_margin=&#8221;|||88px||&#8221; custom_padding=&#8221;3px||10px|24px|false|false&#8221; border_color_top=&#8221;#ed737f&#8221; border_color_bottom=&#8221;#ed737f&#8221; border_color_left=&#8221;#ed737f&#8221;]<\/p>\n<h2><strong><span style=\"color: #666666; font-size: large;\">Para refletir:<\/span><\/strong><span style=\"font-size: 18px; text-align: center;\"><\/span><\/h2>\n<p>[\/et_pb_text][et_pb_text _builder_version=&#8221;4.9.7&#8243; _module_preset=&#8221;default&#8221; header_font=&#8221;||||||||&#8221; header_text_align=&#8221;left&#8221; header_text_color=&#8221;#183c5b&#8221; header_font_size=&#8221;10px&#8221; header_line_height=&#8221;2.7em&#8221; module_alignment=&#8221;center&#8221; custom_margin=&#8221;|||88px||&#8221; custom_padding=&#8221;3px||10px|24px|false|false&#8221; border_width_left=&#8221;3px&#8221; border_color_left=&#8221;#994190&#8243;]<\/p>\n<h1 style=\"text-align: left;\"><span style=\"color: #666666; font-size: 18px; text-align: justify;\"><em><span is=\"qowt-word-run\" qowt-eid=\"E516\" id=\"E516\" class=\"qowt-font3-Arial\" qowt-format=\"{&quot;udl&quot;:false}\">Como est\u00e1 a minha rela\u00e7\u00e3o com Deus? <br \/>Dedico tempo para conversar com Ele e para escut\u00e1-Lo? Qual tempo Deus tem de mim?<br \/>Qual o projeto de Deus para a minha vida? O que ele quer de mim? Percebo-o presente em minhas atitudes di\u00e1rias?<br \/>De que maneira a experi\u00eancia de La Salle e sua obra me revelam Deus?<\/span><\/em><\/span><span style=\"font-size: 18px; text-align: center;\"><\/span><\/h1>\n<p>[\/et_pb_text][\/et_pb_column][\/et_pb_row][\/et_pb_section][et_pb_section fb_built=&#8221;1&#8243; _builder_version=&#8221;4.9.7&#8243; _module_preset=&#8221;default&#8221; background_enable_image=&#8221;off&#8221; background_position=&#8221;bottom_right&#8221; min_height=&#8221;133px&#8221; custom_padding=&#8221;||0px|||&#8221;][et_pb_row _builder_version=&#8221;4.9.7&#8243; _module_preset=&#8221;default&#8221; min_height=&#8221;255.4px&#8221;][et_pb_column type=&#8221;4_4&#8243; _builder_version=&#8221;4.9.7&#8243; _module_preset=&#8221;default&#8221;][\/et_pb_column][\/et_pb_row][\/et_pb_section][et_pb_section fb_built=&#8221;1&#8243; admin_label=&#8221;Hero section&#8221; _builder_version=&#8221;4.9.7&#8243; background_color=&#8221;#994190&#8243; background_image=&#8221;https:\/\/pastoral.lasalle.edu.br\/wp-content\/uploads\/2024\/04\/Leve4.png&#8221; background_blend=&#8221;soft-light&#8221; min_height=&#8221;523.8px&#8221; custom_margin=&#8221;||-18px||false|false&#8221; custom_padding=&#8221;0.8%||4.7%|||&#8221;][et_pb_row custom_padding_last_edited=&#8221;on|phone&#8221; _builder_version=&#8221;4.9.7&#8243; _module_preset=&#8221;default&#8221; min_height=&#8221;255.4px&#8221; custom_padding=&#8221;0px||0px|||&#8221; custom_padding_tablet=&#8221;&#8221; custom_padding_phone=&#8221;18px||0px||false|false&#8221;][et_pb_column type=&#8221;4_4&#8243; _builder_version=&#8221;4.9.7&#8243; _module_preset=&#8221;default&#8221;][et_pb_image src=&#8221;https:\/\/pastoral.lasalle.edu.br\/wp-content\/uploads\/2024\/04\/Prece.png&#8221; title_text=&#8221;Prece&#8221; align=&#8221;center&#8221; _builder_version=&#8221;4.9.7&#8243; _module_preset=&#8221;default&#8221; transform_scale_tablet=&#8221;&#8221; transform_scale_phone=&#8221;220%|220%&#8221; transform_scale_last_edited=&#8221;on|phone&#8221; transform_translate_tablet=&#8221;&#8221; transform_translate_phone=&#8221;&#8221; transform_translate_last_edited=&#8221;on|phone&#8221; transform_rotate_tablet=&#8221;&#8221; transform_rotate_phone=&#8221;&#8221; transform_rotate_last_edited=&#8221;on|phone&#8221; transform_skew_tablet=&#8221;&#8221; transform_skew_phone=&#8221;&#8221; transform_skew_last_edited=&#8221;on|phone&#8221; transform_origin_tablet=&#8221;&#8221; transform_origin_phone=&#8221;&#8221; transform_origin_last_edited=&#8221;on|phone&#8221; transform_styles_last_edited=&#8221;on|phone&#8221; width=&#8221;39%&#8221; transform_styles_tablet=&#8221;&#8221; transform_styles_phone=&#8221;&#8221;][\/et_pb_image][et_pb_video src=&#8221;https:\/\/youtu.be\/PoqM1A_aP8M&#8221; use_icon_font_size=&#8221;on&#8221; icon_font_size=&#8221;120px&#8221; _builder_version=&#8221;4.9.7&#8243; _module_preset=&#8221;default&#8221; width=&#8221;44%&#8221; max_width=&#8221;89%&#8221; module_alignment=&#8221;center&#8221; hover_enabled=&#8221;0&#8243; sticky_enabled=&#8221;0&#8243;][\/et_pb_video][et_pb_video src=&#8221;https:\/\/youtu.be\/Sm37VdgwpHI&#8221; use_icon_font_size=&#8221;on&#8221; icon_font_size=&#8221;120px&#8221; _builder_version=&#8221;4.9.7&#8243; _module_preset=&#8221;default&#8221; width=&#8221;38%&#8221; module_alignment=&#8221;center&#8221;][\/et_pb_video][et_pb_text _builder_version=&#8221;4.9.7&#8243; _module_preset=&#8221;default&#8221; header_text_align=&#8221;left&#8221; header_text_color=&#8221;#ed737f&#8221; header_font_size=&#8221;20px&#8221; header_line_height=&#8221;1.5em&#8221; module_alignment=&#8221;center&#8221; custom_margin=&#8221;|||88px||&#8221; custom_padding=&#8221;|||24px||&#8221; border_width_left=&#8221;3px&#8221; border_color_left=&#8221;#FFFFFF&#8221;]<\/p>\n<h1 style=\"text-align: left;\"><span style=\"color: #ffffff;\"><span is=\"qowt-word-run\" qowt-eid=\"E516\" id=\"E516\" class=\"qowt-font3-Arial\" qowt-format=\"{&quot;udl&quot;:false}\">Senhor, abra meus olhos para te enxergar nos lugare s que n\u00e3o consigo te ver, abra meus ouvidos para escutar o que tens a me dizer, abra meus bra\u00e7os para te abra\u00e7ar e te acolher atrav\u00e9s daqueles que precisarem do meu abra\u00e7o. Ajuda-me a ser mais feliz atrav\u00e9s do teu exemplo. <strong>Am\u00e9m.<\/strong><\/span><\/span><\/h1>\n<p>[\/et_pb_text][\/et_pb_column][\/et_pb_row][\/et_pb_section][et_pb_section fb_built=&#8221;1&#8243; _builder_version=&#8221;4.9.7&#8243; _module_preset=&#8221;default&#8221; background_enable_image=&#8221;off&#8221; background_position=&#8221;bottom_right&#8221; min_height=&#8221;133px&#8221; custom_padding=&#8221;0px||41px|||&#8221;][et_pb_row custom_padding_last_edited=&#8221;on|phone&#8221; _builder_version=&#8221;4.9.7&#8243; _module_preset=&#8221;default&#8221; min_height=&#8221;341.4px&#8221; custom_padding=&#8221;0px||0px|||&#8221; custom_padding_tablet=&#8221;&#8221; custom_padding_phone=&#8221;24px||0px||false|false&#8221;][et_pb_column type=&#8221;4_4&#8243; _builder_version=&#8221;4.9.7&#8243; _module_preset=&#8221;default&#8221;][et_pb_image src=&#8221;https:\/\/pastoral.lasalle.edu.br\/wp-content\/uploads\/2024\/04\/Prancheta-5-3.png&#8221; title_text=&#8221;Prancheta 5&#8243; align=&#8221;center&#8221; _builder_version=&#8221;4.9.7&#8243; _module_preset=&#8221;default&#8221; transform_scale_tablet=&#8221;&#8221; transform_scale_phone=&#8221;220%|220%&#8221; transform_scale_last_edited=&#8221;on|phone&#8221; transform_translate_tablet=&#8221;&#8221; transform_translate_phone=&#8221;&#8221; transform_translate_last_edited=&#8221;on|phone&#8221; transform_rotate_tablet=&#8221;&#8221; transform_rotate_phone=&#8221;&#8221; transform_rotate_last_edited=&#8221;on|phone&#8221; transform_skew_tablet=&#8221;&#8221; transform_skew_phone=&#8221;&#8221; transform_skew_last_edited=&#8221;on|phone&#8221; transform_origin_tablet=&#8221;&#8221; transform_origin_phone=&#8221;&#8221; transform_origin_last_edited=&#8221;on|phone&#8221; transform_styles_last_edited=&#8221;on|phone&#8221; width=&#8221;39%&#8221; transform_styles_tablet=&#8221;&#8221; transform_styles_phone=&#8221;&#8221;][\/et_pb_image][et_pb_text _builder_version=&#8221;4.9.7&#8243; _module_preset=&#8221;default&#8221; header_font=&#8221;||||||||&#8221; header_text_align=&#8221;left&#8221; header_text_color=&#8221;#183c5b&#8221; header_font_size=&#8221;10px&#8221; header_line_height=&#8221;2.7em&#8221; module_alignment=&#8221;center&#8221; custom_margin=&#8221;|||88px||&#8221; custom_padding=&#8221;||10px|24px|false|false&#8221; border_width_left=&#8221;3px&#8221; border_color_left=&#8221;#994190&#8243;]<\/p>\n<h1 style=\"text-align: left;\"><strong><span is=\"qowt-word-run\" qowt-eid=\"E516\" class=\"qowt-font3-Arial\" qowt-format=\"{&quot;udl&quot;:false}\"><span style=\"font-size: 18px;\">Confira algumas sugest\u00f5es de atividades para serem realizadas durante a programa\u00e7\u00e3o da Semana de La Salle na sua Comunidade Educativa:<\/span><\/span><\/strong><\/h1>\n<h1 style=\"text-align: left;\"><span is=\"qowt-word-run\" qowt-eid=\"E516\" class=\"qowt-font3-Arial\" qowt-format=\"{&quot;udl&quot;:false}\"><span style=\"font-size: 18px;\">1. Promover um momento de escuta interior, na capela ou em meio \u00e0 natureza;<\/span><\/span><\/h1>\n<h1 style=\"text-align: left;\"><span is=\"qowt-word-run\" qowt-eid=\"E516\" class=\"qowt-font3-Arial\" qowt-format=\"{&quot;udl&quot;:false}\"><span style=\"font-size: 18px;\">2. Realizar uma dan\u00e7a circular;<\/span><\/span><\/h1>\n<h1 style=\"text-align: left;\"><span is=\"qowt-word-run\" qowt-eid=\"E516\" class=\"qowt-font3-Arial\" qowt-format=\"{&quot;udl&quot;:false}\"><span style=\"font-size: 18px;\">3. Convidar as fam\u00edlias para um momento de ora\u00e7\u00e3o junto com seus filhos;<\/span><\/span><\/h1>\n<h1 style=\"text-align: left;\"><span is=\"qowt-word-run\" qowt-eid=\"E516\" class=\"qowt-font3-Arial\" qowt-format=\"{&quot;udl&quot;:false}\"><span style=\"font-size: 18px;\">4. Utilizar elementos da natureza para mostrar que Deus se encontra em toda forma de vida;<\/span><\/span><\/h1>\n<h1 style=\"text-align: left;\"><span is=\"qowt-word-run\" qowt-eid=\"E516\" class=\"qowt-font3-Arial\" qowt-format=\"{&quot;udl&quot;:false}\"><span style=\"font-size: 18px;\">5. Assistir algum desses clipes ou outro que colaborem na reflex\u00e3o do dia:<br \/>\u00a0 \u00a0 5.1 Ningu\u00e9m te ama como eu <a href=\"https:\/\/www.youtube.com\/watch?v=2n0h6DUKcTU\"><span style=\"text-decoration: underline;\">(clique aqui)<\/span><\/a><br \/>\u00a0 \u00a0 5.2 Apenas um olhar <a href=\"https:\/\/www.youtube.com\/watch?v=pONMNmKZqVk\"><span style=\"text-decoration: underline;\">(clique aqui)<\/span><\/a><br \/>\u00a0 \u00a0 5.3 S\u00f3 o come\u00e7o <a href=\"https:\/\/www.youtube.com\/watch?v=XktoQTwHSK4\"><span style=\"text-decoration: underline;\">(clique aqui)<\/span><\/a><\/span><\/span><\/h1>\n<p>[\/et_pb_text][\/et_pb_column][\/et_pb_row][et_pb_row column_structure=&#8221;1_4,1_4,1_4,1_4&#8243; custom_padding_last_edited=&#8221;on|phone&#8221; _builder_version=&#8221;4.9.7&#8243; _module_preset=&#8221;default&#8221; min_height=&#8221;341.4px&#8221; custom_padding=&#8221;109px||0px||false|false&#8221; custom_padding_tablet=&#8221;&#8221; custom_padding_phone=&#8221;35px||||false|false&#8221;][et_pb_column type=&#8221;1_4&#8243; _builder_version=&#8221;4.9.7&#8243; _module_preset=&#8221;default&#8221;][et_pb_image src=&#8221;https:\/\/pastoral.lasalle.edu.br\/wp-content\/uploads\/2024\/04\/Prancheta-12-4.png&#8221; title_text=&#8221;Prancheta 12&#8243; url=&#8221;@ET-DC@eyJkeW5hbWljIjp0cnVlLCJjb250ZW50IjoicG9zdF9saW5rX3VybF9wYWdlIiwic2V0dGluZ3MiOnsicG9zdF9pZCI6IjE5MTkifX0=@&#8221; _builder_version=&#8221;4.9.7&#8243; _dynamic_attributes=&#8221;url&#8221; _module_preset=&#8221;default&#8221; transform_styles__hover_enabled=&#8221;on|hover&#8221; transform_scale__hover_enabled=&#8221;on|hover&#8221; transform_translate__hover_enabled=&#8221;on|desktop&#8221; transform_rotate__hover_enabled=&#8221;on|desktop&#8221; transform_skew__hover_enabled=&#8221;on|desktop&#8221; transform_origin__hover_enabled=&#8221;on|desktop&#8221; transform_scale__hover=&#8221;115%|115%&#8221;][\/et_pb_image][\/et_pb_column][et_pb_column type=&#8221;1_4&#8243; _builder_version=&#8221;4.9.7&#8243; _module_preset=&#8221;default&#8221;][et_pb_image src=&#8221;https:\/\/pastoral.lasalle.edu.br\/wp-content\/uploads\/2024\/04\/Prancheta-12-copia-2-4.png&#8221; title_text=&#8221;Prancheta 12 c\u00f3pia 2&#8243; url=&#8221;#olharsi&#8221; _builder_version=&#8221;4.9.7&#8243; _module_preset=&#8221;default&#8221; transform_styles__hover_enabled=&#8221;on|hover&#8221; transform_scale__hover_enabled=&#8221;on|hover&#8221; transform_translate__hover_enabled=&#8221;on|desktop&#8221; transform_rotate__hover_enabled=&#8221;on|desktop&#8221; transform_skew__hover_enabled=&#8221;on|desktop&#8221; transform_origin__hover_enabled=&#8221;on|desktop&#8221; transform_scale__hover=&#8221;115%|115%&#8221;][\/et_pb_image][\/et_pb_column][et_pb_column type=&#8221;1_4&#8243; _builder_version=&#8221;4.9.7&#8243; _module_preset=&#8221;default&#8221;][\/et_pb_column][et_pb_column type=&#8221;1_4&#8243; _builder_version=&#8221;4.9.7&#8243; _module_preset=&#8221;default&#8221;][et_pb_image src=&#8221;https:\/\/pastoral.lasalle.edu.br\/wp-content\/uploads\/2024\/04\/Prancheta-12-copia-3-3.png&#8221; title_text=&#8221;Prancheta 12 c\u00f3pia 3&#8243; url=&#8221;@ET-DC@eyJkeW5hbWljIjp0cnVlLCJjb250ZW50IjoicG9zdF9saW5rX3VybF9wYWdlIiwic2V0dGluZ3MiOnsicG9zdF9pZCI6IjE3MDMifX0=@&#8221; _builder_version=&#8221;4.9.7&#8243; _dynamic_attributes=&#8221;url&#8221; _module_preset=&#8221;default&#8221; transform_styles__hover_enabled=&#8221;on|hover&#8221; transform_scale__hover_enabled=&#8221;on|hover&#8221; transform_translate__hover_enabled=&#8221;on|desktop&#8221; transform_rotate__hover_enabled=&#8221;on|desktop&#8221; transform_skew__hover_enabled=&#8221;on|desktop&#8221; transform_origin__hover_enabled=&#8221;on|desktop&#8221; transform_scale__hover=&#8221;115%|115%&#8221;][\/et_pb_image][\/et_pb_column][\/et_pb_row][\/et_pb_section][et_pb_section fb_built=&#8221;1&#8243; _builder_version=&#8221;4.9.7&#8243; _module_preset=&#8221;default&#8221; background_image=&#8221;https:\/\/pastoral.lasalle.edu.br\/wp-content\/uploads\/2024\/04\/Rodape.png&#8221; module_alignment=&#8221;center&#8221; min_height=&#8221;133px&#8221; custom_padding=&#8221;33px|||||&#8221;][et_pb_row _builder_version=&#8221;4.9.7&#8243; _dynamic_attributes=&#8221;link_option_url&#8221; _module_preset=&#8221;default&#8221; link_option_url=&#8221;@ET-DC@eyJkeW5hbWljIjp0cnVlLCJjb250ZW50IjoicG9zdF9saW5rX3VybF9wYWdlIiwic2V0dGluZ3MiOnsicG9zdF9pZCI6IjE3MDMifX0=@&#8221;][et_pb_column type=&#8221;4_4&#8243; _builder_version=&#8221;4.9.7&#8243; _module_preset=&#8221;default&#8221;][\/et_pb_column][\/et_pb_row][\/et_pb_section]<\/p>\n","protected":false},"excerpt":{"rendered":"<p>[ Para fazer download do roteiro ]Quando voc\u00ea pensa em Deus, voc\u00ea olha para o alto? Para os c\u00e9us? N\u00f3s Lassalistas acreditamos que a pessoa humana \u00e9 composta por v\u00e1rias dimens\u00f5es: intelectual, emocional, f\u00edsica, social e espiritual. Quando equilibramos essas dimens\u00f5es em nossas vidas, alcan\u00e7amos a plenitude, e percebemos que nossa humanidade vai al\u00e9m, que [&hellip;]<\/p>\n","protected":false},"author":1,"featured_media":0,"parent":0,"menu_order":0,"comment_status":"closed","ping_status":"closed","template":"","meta":{"_et_pb_use_builder":"on","_et_pb_old_content":"","_et_gb_content_width":"","footnotes":""},"class_list":["post-1954","page","type-page","status-publish","hentry"],"_links":{"self":[{"href":"https:\/\/pastoral.lasalle.edu.br\/index.php\/wp-json\/wp\/v2\/pages\/1954","targetHints":{"allow":["GET"]}}],"collection":[{"href":"https:\/\/pastoral.lasalle.edu.br\/index.php\/wp-json\/wp\/v2\/pages"}],"about":[{"href":"https:\/\/pastoral.lasalle.edu.br\/index.php\/wp-json\/wp\/v2\/types\/page"}],"author":[{"embeddable":true,"href":"https:\/\/pastoral.lasalle.edu.br\/index.php\/wp-json\/wp\/v2\/users\/1"}],"replies":[{"embeddable":true,"href":"https:\/\/pastoral.lasalle.edu.br\/index.php\/wp-json\/wp\/v2\/comments?post=1954"}],"version-history":[{"count":16,"href":"https:\/\/pastoral.lasalle.edu.br\/index.php\/wp-json\/wp\/v2\/pages\/1954\/revisions"}],"predecessor-version":[{"id":2051,"href":"https:\/\/pastoral.lasalle.edu.br\/index.php\/wp-json\/wp\/v2\/pages\/1954\/revisions\/2051"}],"wp:attachment":[{"href":"https:\/\/pastoral.lasalle.edu.br\/index.php\/wp-json\/wp\/v2\/media?parent=1954"}],"curies":[{"name":"wp","href":"https:\/\/api.w.org\/{rel}","templated":true}]}}