{"id":1936,"date":"2024-04-15T08:45:16","date_gmt":"2024-04-15T11:45:16","guid":{"rendered":"https:\/\/pastoral.lasalle.edu.br\/?page_id=1936"},"modified":"2024-04-17T08:48:58","modified_gmt":"2024-04-17T11:48:58","slug":"olhar-para-a-familia","status":"publish","type":"page","link":"https:\/\/pastoral.lasalle.edu.br\/index.php\/olhar-para-a-familia\/","title":{"rendered":"Olhar para a fam\u00edlia"},"content":{"rendered":"<p>[et_pb_section fb_built=&#8221;1&#8243; admin_label=&#8221;Hero section&#8221; module_id=&#8221;olharsi&#8221; _builder_version=&#8221;4.9.7&#8243; background_color=&#8221;#e6a943&#8243; background_image=&#8221;https:\/\/pastoral.lasalle.edu.br\/wp-content\/uploads\/2024\/04\/Leve4.png&#8221; background_blend=&#8221;soft-light&#8221; min_height=&#8221;523.8px&#8221; custom_margin=&#8221;||-100px||false|false&#8221; custom_padding=&#8221;0%||3.6%||false|false&#8221;][et_pb_row column_structure=&#8221;1_2,1_2&#8243; custom_padding_last_edited=&#8221;on|phone&#8221; _builder_version=&#8221;4.9.7&#8243; _module_preset=&#8221;default&#8221; custom_margin=&#8221;||44px||false|false&#8221; custom_padding=&#8221;121px||0px|||&#8221; custom_padding_tablet=&#8221;&#8221; custom_padding_phone=&#8221;64px||||false|false&#8221;][et_pb_column type=&#8221;1_2&#8243; _builder_version=&#8221;4.9.7&#8243; _module_preset=&#8221;default&#8221;][et_pb_image src=&#8221;https:\/\/pastoral.lasalle.edu.br\/wp-content\/uploads\/2024\/04\/Horizontal-fundo-amarelo.png&#8221; title_text=&#8221;Horizontal-fundo amarelo&#8221; url=&#8221;@ET-DC@eyJkeW5hbWljIjp0cnVlLCJjb250ZW50IjoicG9zdF9saW5rX3VybF9wYWdlIiwic2V0dGluZ3MiOnsicG9zdF9pZCI6IjE3MDMifX0=@&#8221; _builder_version=&#8221;4.9.7&#8243; _dynamic_attributes=&#8221;url&#8221; _module_preset=&#8221;default&#8221; transform_scale=&#8221;90%|90%&#8221; custom_padding=&#8221;0px|||||&#8221;][\/et_pb_image][\/et_pb_column][et_pb_column type=&#8221;1_2&#8243; _builder_version=&#8221;4.9.7&#8243; _module_preset=&#8221;default&#8221;][et_pb_image src=&#8221;https:\/\/pastoral.lasalle.edu.br\/wp-content\/uploads\/2024\/04\/Olhar-para-a-familia.png&#8221; title_text=&#8221;Olhar-para-a-familia&#8221; align=&#8221;center&#8221; _builder_version=&#8221;4.9.7&#8243; _module_preset=&#8221;default&#8221; width=&#8221;100%&#8221; max_width=&#8221;84%&#8221; custom_margin=&#8221;||||false|false&#8221; custom_padding=&#8221;24px||||false|false&#8221;][\/et_pb_image][\/et_pb_column][\/et_pb_row][\/et_pb_section][et_pb_section fb_built=&#8221;1&#8243; admin_label=&#8221;Featured Places&#8221; _builder_version=&#8221;4.9.7&#8243; background_color=&#8221;#FFFFFF&#8221; use_background_color_gradient=&#8221;on&#8221; background_color_gradient_start=&#8221;#ffffff&#8221; background_color_gradient_end=&#8221;rgba(91,121,158,0)&#8221; background_color_gradient_type=&#8221;radial&#8221; custom_margin=&#8221;||||false|false&#8221; custom_padding=&#8221;0px|0px|0px|0px|false|false&#8221;][et_pb_row column_structure=&#8221;1_2,1_2&#8243; _builder_version=&#8221;4.9.7&#8243; background_enable_color=&#8221;off&#8221; custom_margin=&#8221;|auto||auto|false|false&#8221; custom_padding=&#8221;||||true|false&#8221;][et_pb_column type=&#8221;1_2&#8243; _builder_version=&#8221;3.25&#8243; custom_padding=&#8221;|||&#8221; custom_padding__hover=&#8221;|||&#8221;][et_pb_text _builder_version=&#8221;4.9.7&#8243; _module_preset=&#8221;default&#8221; header_font=&#8221;||||||||&#8221; header_text_align=&#8221;left&#8221; header_text_color=&#8221;#183c5b&#8221; header_font_size=&#8221;10px&#8221; header_line_height=&#8221;2.7em&#8221; module_alignment=&#8221;center&#8221; custom_margin=&#8221;|||88px||&#8221; custom_padding=&#8221;12px||10px|0px|false|false&#8221; border_color_left=&#8221;#ed737f&#8221;]<\/p>\n<h1 style=\"text-align: right;\"><span style=\"color: #666666;\"><span style=\"font-size: 18px;\">[ Para fazer download do roteiro ]<\/span><\/span><\/h1>\n<p>[\/et_pb_text][\/et_pb_column][et_pb_column type=&#8221;1_2&#8243; _builder_version=&#8221;3.25&#8243; custom_padding=&#8221;|||&#8221; custom_padding__hover=&#8221;|||&#8221;][et_pb_button button_url=&#8221;https:\/\/drive.google.com\/file\/d\/1SDxEpNDLrbNBYsgtjiDTfPoFDigjDL4v\/view?usp=sharing&#8221; url_new_window=&#8221;on&#8221; button_text=&#8221;Clique Aqui&#8221; button_alignment_tablet=&#8221;&#8221; button_alignment_phone=&#8221;center&#8221; button_alignment_last_edited=&#8221;on|phone&#8221; _builder_version=&#8221;4.9.7&#8243; _module_preset=&#8221;default&#8221; custom_button=&#8221;on&#8221; button_text_color=&#8221;#e6a943&#8243; button_border_color=&#8221;#e6a943&#8243; button_border_radius=&#8221;0px&#8221;][\/et_pb_button][\/et_pb_column][\/et_pb_row][\/et_pb_section][et_pb_section fb_built=&#8221;1&#8243; admin_label=&#8221;Featured Places&#8221; _builder_version=&#8221;4.9.7&#8243; background_color=&#8221;#FFFFFF&#8221; use_background_color_gradient=&#8221;on&#8221; background_color_gradient_start=&#8221;#ffffff&#8221; background_color_gradient_end=&#8221;rgba(91,121,158,0)&#8221; background_color_gradient_type=&#8221;radial&#8221; min_height=&#8221;182.8px&#8221; custom_margin=&#8221;||-124px||false|false&#8221; custom_padding=&#8221;100px|0px|23px|0px||&#8221;][et_pb_row _builder_version=&#8221;4.9.7&#8243; background_color=&#8221;#FFFFFF&#8221; min_height=&#8221;94px&#8221; height=&#8221;694px&#8221; custom_margin=&#8221;-100px|auto|-70px|auto||&#8221; custom_padding=&#8221;23px||23px||true|&#8221;][et_pb_column type=&#8221;4_4&#8243; _builder_version=&#8221;3.25&#8243; custom_padding=&#8221;|||&#8221; custom_padding__hover=&#8221;|||&#8221;][et_pb_image src=&#8221;https:\/\/pastoral.lasalle.edu.br\/wp-content\/uploads\/2024\/04\/Prancheta-5-copia-2-2.png&#8221; title_text=&#8221;Prancheta 5 c\u00f3pia 2&#8243; align=&#8221;center&#8221; _builder_version=&#8221;4.9.7&#8243; _module_preset=&#8221;default&#8221; transform_scale_tablet=&#8221;&#8221; transform_scale_phone=&#8221;220%|220%&#8221; transform_scale_last_edited=&#8221;on|phone&#8221; transform_translate_tablet=&#8221;&#8221; transform_translate_phone=&#8221;&#8221; transform_translate_last_edited=&#8221;on|phone&#8221; transform_rotate_tablet=&#8221;&#8221; transform_rotate_phone=&#8221;&#8221; transform_rotate_last_edited=&#8221;on|phone&#8221; transform_skew_tablet=&#8221;&#8221; transform_skew_phone=&#8221;&#8221; transform_skew_last_edited=&#8221;on|phone&#8221; transform_origin_tablet=&#8221;&#8221; transform_origin_phone=&#8221;&#8221; transform_origin_last_edited=&#8221;on|phone&#8221; transform_styles_last_edited=&#8221;on|phone&#8221; width=&#8221;39%&#8221; transform_styles_tablet=&#8221;&#8221; transform_styles_phone=&#8221;&#8221;][\/et_pb_image][et_pb_video src=&#8221;https:\/\/youtu.be\/m7WnZKFdudQ&#8221; use_icon_font_size=&#8221;on&#8221; icon_font_size=&#8221;120px&#8221; _builder_version=&#8221;4.9.7&#8243; _module_preset=&#8221;default&#8221; width=&#8221;44%&#8221; max_width=&#8221;89%&#8221; module_alignment=&#8221;center&#8221;][\/et_pb_video][et_pb_text _builder_version=&#8221;4.9.7&#8243; _module_preset=&#8221;default&#8221; header_font=&#8221;||||||||&#8221; header_text_align=&#8221;left&#8221; header_text_color=&#8221;#183c5b&#8221; header_font_size=&#8221;10px&#8221; header_line_height=&#8221;2.7em&#8221; module_alignment=&#8221;center&#8221; custom_margin=&#8221;|||88px||&#8221; custom_padding=&#8221;3px||10px|24px|false|false&#8221; border_width_left=&#8221;3px&#8221; border_color_left=&#8221;#e6a943&#8243;]<\/p>\n<h1 style=\"text-align: left;\"><span style=\"color: #666666; font-size: 18px; text-align: justify;\"><strong>Quem \u00e9 a tua fam\u00edlia?<\/strong><\/span><\/h1>\n<h1 style=\"text-align: left;\"><span style=\"color: #666666; font-size: 18px; text-align: justify;\">Chegamos ao terceiro dia da Semana de La Salle e hoje queremos falar das \u201cfam\u00edlias\u201d. O primeiro olhar que recebemos \u00e9 de nossas fam\u00edlias, daquelas pessoas que nos conhecem, convivem conosco, por quem temos la\u00e7os afetivos e compartilhamos sentimentos de identifica\u00e7\u00e3o e perten\u00e7a. \u00c9 sin\u00f4nimo de cuidado, de afeto, de conviv\u00eancia, de aprendizado&#8230; onde aprendemos a ser o que somos!<\/span><\/h1>\n<h1 style=\"text-align: left;\"><span style=\"color: #666666; font-size: 18px; text-align: justify;\">S\u00e3o muitas as possibilidades de se pertencer a uma fam\u00edlia, de se formar uma fam\u00edlia. E de modo especial, queremos chamar aten\u00e7\u00e3o para uma outra fam\u00edlia a qual pertencemos: a Fam\u00edlia Lassalista.<\/span><\/h1>\n<h1 style=\"text-align: left;\"><span style=\"color: #666666; font-size: 18px; text-align: justify;\">La Salle nasceu numa fam\u00edlia numerosa, era o irm\u00e3o mais velho de 11 filhos. Mas ao ouvir o chamado de Deus e olhar para a realidade das pessoas, formou uma nova fam\u00edlia, com Irm\u00e3os que se comprometeram com esse projeto. <strong>Em 15 de maio de 1950, S\u00e3o Jo\u00e3o Batista de La Salle foi declarado Padroeiro Universal dos Educadores pelo Papa Pio XII.<\/strong> Inspirados nesse marco hist\u00f3rico, a Rede La Salle passa a celebrar o Dia de La Salle nesta data.<\/span><\/h1>\n<h1 style=\"text-align: left;\"><span style=\"color: #666666; font-size: 18px; text-align: justify;\">Hoje pertencemos tamb\u00e9m a essa fam\u00edlia de La Salle, que compartilha valores e sonhos, que vive em uma Casa Comum, o planeta Terra, buscando amar e cuidar das pessoas, da natureza e da vida. Ser de uma mesma fam\u00edlia significa estar junto e n\u00e3o abandonar o pr\u00f3ximo.<\/span><\/h1>\n<h1 style=\"text-align: left;\"><span style=\"color: #666666; font-size: 18px; text-align: justify;\">Voc\u00ea faz parte dessa linda fam\u00edlia!<\/span><span style=\"font-size: 18px; text-align: center;\"><\/span><\/h1>\n<p>[\/et_pb_text][et_pb_text _builder_version=&#8221;4.9.7&#8243; _module_preset=&#8221;default&#8221; header_font=&#8221;||||||||&#8221; header_text_align=&#8221;left&#8221; header_text_color=&#8221;#183c5b&#8221; header_font_size=&#8221;10px&#8221; header_line_height=&#8221;2.7em&#8221; module_alignment=&#8221;center&#8221; custom_margin=&#8221;|||88px||&#8221; custom_padding=&#8221;3px||10px|24px|false|false&#8221; border_color_top=&#8221;#ed737f&#8221; border_color_bottom=&#8221;#ed737f&#8221; border_color_left=&#8221;#ed737f&#8221;]<\/p>\n<h2><strong><span style=\"color: #666666; font-size: large;\">Para refletir:<\/span><\/strong><span style=\"font-size: 18px; text-align: center;\"><\/span><\/h2>\n<p>[\/et_pb_text][et_pb_text _builder_version=&#8221;4.9.7&#8243; _module_preset=&#8221;default&#8221; header_font=&#8221;||||||||&#8221; header_text_align=&#8221;left&#8221; header_text_color=&#8221;#183c5b&#8221; header_font_size=&#8221;10px&#8221; header_line_height=&#8221;2.7em&#8221; module_alignment=&#8221;center&#8221; custom_margin=&#8221;|||88px||&#8221; custom_padding=&#8221;3px||10px|24px|false|false&#8221; border_width_left=&#8221;3px&#8221; border_color_left=&#8221;#e6a943&#8243;]<\/p>\n<h1 style=\"text-align: left;\"><span style=\"color: #666666; font-size: 18px; text-align: justify;\"><em><span is=\"qowt-word-run\" qowt-eid=\"E516\" id=\"E516\" class=\"qowt-font3-Arial\" qowt-format=\"{&quot;udl&quot;:false}\">Voc\u00ea se sente acolhido e amado em sua fam\u00edlia? E voc\u00ea ama e acolhe a sua fam\u00edlia?<br \/>No seu \u201cretrato de fam\u00edlia\u201d, quem s\u00e3o as pessoas que comp\u00f5e a foto? Quem est\u00e1 ali do seu lado?<br \/>Familiaridade tamb\u00e9m \u00e9 mem\u00f3ria. Lembre-se dos bons momentos que voc\u00ea teve com sua fam\u00edlia. <br \/>Lembre-se de momentos dif\u00edceis que voc\u00ea teve em sua fam\u00edlia.<br \/>Fa\u00e7a uma prece de gratid\u00e3o por tudo o que foi vivido.<\/span><\/em><\/span><span style=\"font-size: 18px; text-align: center;\"><\/span><\/h1>\n<p>[\/et_pb_text][\/et_pb_column][\/et_pb_row][\/et_pb_section][et_pb_section fb_built=&#8221;1&#8243; _builder_version=&#8221;4.9.7&#8243; _module_preset=&#8221;default&#8221; background_enable_image=&#8221;off&#8221; background_position=&#8221;bottom_right&#8221; min_height=&#8221;133px&#8221; custom_padding=&#8221;||0px|||&#8221;][et_pb_row _builder_version=&#8221;4.9.7&#8243; _module_preset=&#8221;default&#8221; min_height=&#8221;255.4px&#8221;][et_pb_column type=&#8221;4_4&#8243; _builder_version=&#8221;4.9.7&#8243; _module_preset=&#8221;default&#8221;][\/et_pb_column][\/et_pb_row][\/et_pb_section][et_pb_section fb_built=&#8221;1&#8243; admin_label=&#8221;Hero section&#8221; _builder_version=&#8221;4.9.7&#8243; background_color=&#8221;#e6a943&#8243; background_image=&#8221;https:\/\/pastoral.lasalle.edu.br\/wp-content\/uploads\/2024\/04\/Leve4.png&#8221; background_blend=&#8221;soft-light&#8221; min_height=&#8221;523.8px&#8221; custom_margin=&#8221;||-18px||false|false&#8221; custom_padding=&#8221;0.8%||4.7%|||&#8221;][et_pb_row custom_padding_last_edited=&#8221;on|phone&#8221; _builder_version=&#8221;4.9.7&#8243; _module_preset=&#8221;default&#8221; min_height=&#8221;255.4px&#8221; custom_padding=&#8221;0px||0px|||&#8221; custom_padding_tablet=&#8221;&#8221; custom_padding_phone=&#8221;18px||0px||false|false&#8221;][et_pb_column type=&#8221;4_4&#8243; _builder_version=&#8221;4.9.7&#8243; _module_preset=&#8221;default&#8221;][et_pb_image src=&#8221;https:\/\/pastoral.lasalle.edu.br\/wp-content\/uploads\/2024\/04\/Prece.png&#8221; title_text=&#8221;Prece&#8221; align=&#8221;center&#8221; _builder_version=&#8221;4.9.7&#8243; _module_preset=&#8221;default&#8221; transform_scale_tablet=&#8221;&#8221; transform_scale_phone=&#8221;220%|220%&#8221; transform_scale_last_edited=&#8221;on|phone&#8221; transform_translate_tablet=&#8221;&#8221; transform_translate_phone=&#8221;&#8221; transform_translate_last_edited=&#8221;on|phone&#8221; transform_rotate_tablet=&#8221;&#8221; transform_rotate_phone=&#8221;&#8221; transform_rotate_last_edited=&#8221;on|phone&#8221; transform_skew_tablet=&#8221;&#8221; transform_skew_phone=&#8221;&#8221; transform_skew_last_edited=&#8221;on|phone&#8221; transform_origin_tablet=&#8221;&#8221; transform_origin_phone=&#8221;&#8221; transform_origin_last_edited=&#8221;on|phone&#8221; transform_styles_last_edited=&#8221;on|phone&#8221; width=&#8221;39%&#8221; transform_styles_tablet=&#8221;&#8221; transform_styles_phone=&#8221;&#8221;][\/et_pb_image][et_pb_video src=&#8221;https:\/\/youtu.be\/nRSGIczwKno&#8221; use_icon_font_size=&#8221;on&#8221; icon_font_size=&#8221;120px&#8221; _builder_version=&#8221;4.9.7&#8243; _module_preset=&#8221;default&#8221; width=&#8221;38%&#8221; module_alignment=&#8221;center&#8221;][\/et_pb_video][et_pb_text _builder_version=&#8221;4.9.7&#8243; _module_preset=&#8221;default&#8221; header_text_align=&#8221;left&#8221; header_text_color=&#8221;#ed737f&#8221; header_font_size=&#8221;20px&#8221; header_line_height=&#8221;1.5em&#8221; module_alignment=&#8221;center&#8221; custom_margin=&#8221;|||88px||&#8221; custom_padding=&#8221;|||24px||&#8221; border_width_left=&#8221;3px&#8221; border_color_left=&#8221;#FFFFFF&#8221;]<\/p>\n<h1 style=\"text-align: left;\"><span style=\"color: #ffffff;\"><span is=\"qowt-word-run\" qowt-eid=\"E516\" id=\"E516\" class=\"qowt-font3-Arial\" qowt-format=\"{&quot;udl&quot;:false}\">Senhor, te agrade\u00e7o pela minha fam\u00edlia. Sei que ela n\u00e3o \u00e9 perfeita e que temos nossos momentos dif\u00edceis. Cuida de cada um que comp\u00f5e a minha fam\u00edlia e permita que sejamos unidos, amados e felizes. Que eu seja tamb\u00e9m da Fam\u00edlia Lassalista, com amor e compromisso pela vida.<strong> Am\u00e9m.<\/strong><\/span><\/span><\/h1>\n<p>[\/et_pb_text][\/et_pb_column][\/et_pb_row][\/et_pb_section][et_pb_section fb_built=&#8221;1&#8243; _builder_version=&#8221;4.9.7&#8243; _module_preset=&#8221;default&#8221; background_enable_image=&#8221;off&#8221; background_position=&#8221;bottom_right&#8221; min_height=&#8221;133px&#8221; custom_padding=&#8221;0px||41px|||&#8221;][et_pb_row custom_padding_last_edited=&#8221;on|phone&#8221; _builder_version=&#8221;4.9.7&#8243; _module_preset=&#8221;default&#8221; min_height=&#8221;341.4px&#8221; custom_padding=&#8221;0px||0px|||&#8221; custom_padding_tablet=&#8221;&#8221; custom_padding_phone=&#8221;24px||0px||false|false&#8221;][et_pb_column type=&#8221;4_4&#8243; _builder_version=&#8221;4.9.7&#8243; _module_preset=&#8221;default&#8221;][et_pb_image src=&#8221;https:\/\/pastoral.lasalle.edu.br\/wp-content\/uploads\/2024\/04\/Prancheta-5-2.png&#8221; title_text=&#8221;Prancheta 5&#8243; align=&#8221;center&#8221; _builder_version=&#8221;4.9.7&#8243; _module_preset=&#8221;default&#8221; transform_scale_tablet=&#8221;&#8221; transform_scale_phone=&#8221;220%|220%&#8221; transform_scale_last_edited=&#8221;on|phone&#8221; transform_translate_tablet=&#8221;&#8221; transform_translate_phone=&#8221;&#8221; transform_translate_last_edited=&#8221;on|phone&#8221; transform_rotate_tablet=&#8221;&#8221; transform_rotate_phone=&#8221;&#8221; transform_rotate_last_edited=&#8221;on|phone&#8221; transform_skew_tablet=&#8221;&#8221; transform_skew_phone=&#8221;&#8221; transform_skew_last_edited=&#8221;on|phone&#8221; transform_origin_tablet=&#8221;&#8221; transform_origin_phone=&#8221;&#8221; transform_origin_last_edited=&#8221;on|phone&#8221; transform_styles_last_edited=&#8221;on|phone&#8221; width=&#8221;39%&#8221; transform_styles_tablet=&#8221;&#8221; transform_styles_phone=&#8221;&#8221;][\/et_pb_image][et_pb_text _builder_version=&#8221;4.9.7&#8243; _module_preset=&#8221;default&#8221; header_font=&#8221;||||||||&#8221; header_text_align=&#8221;left&#8221; header_text_color=&#8221;#183c5b&#8221; header_font_size=&#8221;10px&#8221; header_line_height=&#8221;2.7em&#8221; module_alignment=&#8221;center&#8221; custom_margin=&#8221;|||88px||&#8221; custom_padding=&#8221;||10px|24px|false|false&#8221; hover_enabled=&#8221;0&#8243; border_width_left=&#8221;3px&#8221; border_color_left=&#8221;#e6a943&#8243; sticky_enabled=&#8221;0&#8243;]<\/p>\n<h1 style=\"text-align: left;\"><strong><span is=\"qowt-word-run\" qowt-eid=\"E516\" class=\"qowt-font3-Arial\" qowt-format=\"{&quot;udl&quot;:false}\"><span style=\"font-size: 18px;\">Confira algumas sugest\u00f5es de atividades para serem realizadas durante a programa\u00e7\u00e3o da Semana de La Salle na sua Comunidade Educativa:<\/span><\/span><\/strong><\/h1>\n<h1 style=\"text-align: left;\"><span is=\"qowt-word-run\" qowt-eid=\"E516\" id=\"E516\" class=\"qowt-font3-Arial\" qowt-format=\"{&quot;udl&quot;:false}\"><qowt-page named-flow=\"FLOW-1\"><span style=\"font-size: 18px;\">1. Levar uma foto da sua fam\u00edlia para montar um grande painel com as diferentes fam\u00edlias que formam a Comunidade Educativa;<\/span><\/qowt-page><\/span><\/h1>\n<h1 style=\"text-align: left;\"><span is=\"qowt-word-run\" qowt-eid=\"E516\" id=\"E516\" class=\"qowt-font3-Arial\" qowt-format=\"{&quot;udl&quot;:false}\"><qowt-page named-flow=\"FLOW-1\"><span style=\"font-size: 18px;\">2. Roda de conversa sobre como \u00e9 a fam\u00edlia de cada um;<\/span><\/qowt-page><\/span><\/h1>\n<h1 style=\"text-align: left;\"><span is=\"qowt-word-run\" qowt-eid=\"E516\" id=\"E516\" class=\"qowt-font3-Arial\" qowt-format=\"{&quot;udl&quot;:false}\"><qowt-page named-flow=\"FLOW-1\"><span style=\"font-size: 18px;\">3. Fazer com massinha ou argila a modelagem da sua fam\u00edlia ou um s\u00edmbolo que represente a sua fam\u00edlia;<\/span><\/qowt-page><\/span><\/h1>\n<h1 style=\"text-align: left;\"><span is=\"qowt-word-run\" qowt-eid=\"E516\" id=\"E516\" class=\"qowt-font3-Arial\" qowt-format=\"{&quot;udl&quot;:false}\"><qowt-page named-flow=\"FLOW-1\"><span style=\"font-size: 18px;\">4. Mostrar o s\u00edmbolo Indivisa Manent, s\u00edmbolo da fam\u00edlia de La Salle (<a href=\"https:\/\/drive.google.com\/drive\/folders\/1eRXJvRSny3n6fLQAZJ7G0yvdXwEAMj-1?usp=sharing\">confira aqui<\/a>);<\/span><\/qowt-page><\/span><\/h1>\n<h1 style=\"text-align: left;\"><span is=\"qowt-word-run\" qowt-eid=\"E516\" id=\"E516\" class=\"qowt-font3-Arial\" qowt-format=\"{&quot;udl&quot;:false}\"><qowt-page named-flow=\"FLOW-1\"><span style=\"font-size: 18px;\">5. Elaborar uma a\u00e7\u00e3o para os estudantes fazerem em fam\u00edlia. Sugerir que postem uma foto e marquem a escola;<\/span><\/qowt-page><\/span><\/h1>\n<h1 style=\"text-align: left;\"><span is=\"qowt-word-run\" qowt-eid=\"E516\" id=\"E516\" class=\"qowt-font3-Arial\" qowt-format=\"{&quot;udl&quot;:false}\"><qowt-page named-flow=\"FLOW-1\"><span style=\"font-size: 18px;\">6. Construir a \u00e1rvore da fam\u00edlia com fotos das fam\u00edlias dos estudantes em sala de aula;<\/span><\/qowt-page><\/span><\/h1>\n<h1 style=\"text-align: left;\"><span is=\"qowt-word-run\" qowt-eid=\"E516\" id=\"E516\" class=\"qowt-font3-Arial\" qowt-format=\"{&quot;udl&quot;:false}\"><qowt-page named-flow=\"FLOW-1\"><span style=\"font-size: 18px;\">7. Fazer uma foto oficial da turma na Casa do Lassalinho ou em outro ambiente da Comunidade Educativa.<\/span><\/qowt-page><\/span><\/h1>\n<p>[\/et_pb_text][\/et_pb_column][\/et_pb_row][et_pb_row column_structure=&#8221;1_4,1_4,1_4,1_4&#8243; custom_padding_last_edited=&#8221;on|phone&#8221; _builder_version=&#8221;4.9.7&#8243; _module_preset=&#8221;default&#8221; min_height=&#8221;341.4px&#8221; custom_padding=&#8221;109px||0px||false|false&#8221; custom_padding_tablet=&#8221;&#8221; custom_padding_phone=&#8221;35px||||false|false&#8221;][et_pb_column type=&#8221;1_4&#8243; _builder_version=&#8221;4.9.7&#8243; _module_preset=&#8221;default&#8221;][et_pb_image src=&#8221;https:\/\/pastoral.lasalle.edu.br\/wp-content\/uploads\/2024\/04\/Prancheta-12-3.png&#8221; title_text=&#8221;Prancheta 12&#8243; url=&#8221;@ET-DC@eyJkeW5hbWljIjp0cnVlLCJjb250ZW50IjoicG9zdF9saW5rX3VybF9wYWdlIiwic2V0dGluZ3MiOnsicG9zdF9pZCI6IjE5MDIifX0=@&#8221; _builder_version=&#8221;4.9.7&#8243; _dynamic_attributes=&#8221;url&#8221; _module_preset=&#8221;default&#8221; transform_styles__hover_enabled=&#8221;on|hover&#8221; transform_scale__hover_enabled=&#8221;on|hover&#8221; transform_translate__hover_enabled=&#8221;on|desktop&#8221; transform_rotate__hover_enabled=&#8221;on|desktop&#8221; transform_skew__hover_enabled=&#8221;on|desktop&#8221; transform_origin__hover_enabled=&#8221;on|desktop&#8221; transform_scale__hover=&#8221;115%|115%&#8221;][\/et_pb_image][\/et_pb_column][et_pb_column type=&#8221;1_4&#8243; _builder_version=&#8221;4.9.7&#8243; _module_preset=&#8221;default&#8221;][et_pb_image src=&#8221;https:\/\/pastoral.lasalle.edu.br\/wp-content\/uploads\/2024\/04\/Prancheta-12-copia-2-3.png&#8221; title_text=&#8221;Prancheta 12 c\u00f3pia 2&#8243; url=&#8221;#olharsi&#8221; _builder_version=&#8221;4.9.7&#8243; _module_preset=&#8221;default&#8221; transform_styles__hover_enabled=&#8221;on|hover&#8221; transform_scale__hover_enabled=&#8221;on|hover&#8221; transform_translate__hover_enabled=&#8221;on|desktop&#8221; transform_rotate__hover_enabled=&#8221;on|desktop&#8221; transform_skew__hover_enabled=&#8221;on|desktop&#8221; transform_origin__hover_enabled=&#8221;on|desktop&#8221; transform_scale__hover=&#8221;115%|115%&#8221;][\/et_pb_image][\/et_pb_column][et_pb_column type=&#8221;1_4&#8243; _builder_version=&#8221;4.9.7&#8243; _module_preset=&#8221;default&#8221;][et_pb_image src=&#8221;https:\/\/pastoral.lasalle.edu.br\/wp-content\/uploads\/2024\/04\/Prancheta-12-copia-5.png&#8221; title_text=&#8221;Prancheta 12 c\u00f3pia&#8221; url=&#8221;@ET-DC@eyJkeW5hbWljIjp0cnVlLCJjb250ZW50IjoicG9zdF9saW5rX3VybF9wYWdlIiwic2V0dGluZ3MiOnsicG9zdF9pZCI6IjE5MTkifX0=@&#8221; align=&#8221;center&#8221; _builder_version=&#8221;4.9.7&#8243; _dynamic_attributes=&#8221;url&#8221; _module_preset=&#8221;default&#8221; custom_margin=&#8221;||||false|false&#8221; custom_padding=&#8221;||||false|false&#8221; transform_styles__hover_enabled=&#8221;on|hover&#8221; transform_scale__hover_enabled=&#8221;on|hover&#8221; transform_translate__hover_enabled=&#8221;on|desktop&#8221; transform_rotate__hover_enabled=&#8221;on|desktop&#8221; transform_skew__hover_enabled=&#8221;on|desktop&#8221; transform_origin__hover_enabled=&#8221;on|desktop&#8221; transform_scale__hover=&#8221;115%|115%&#8221;][\/et_pb_image][\/et_pb_column][et_pb_column type=&#8221;1_4&#8243; _builder_version=&#8221;4.9.7&#8243; _module_preset=&#8221;default&#8221;][et_pb_image src=&#8221;https:\/\/pastoral.lasalle.edu.br\/wp-content\/uploads\/2024\/04\/Prancheta-12-copia-3-2.png&#8221; title_text=&#8221;Prancheta 12 c\u00f3pia 3&#8243; url=&#8221;@ET-DC@eyJkeW5hbWljIjp0cnVlLCJjb250ZW50IjoicG9zdF9saW5rX3VybF9wYWdlIiwic2V0dGluZ3MiOnsicG9zdF9pZCI6IjE3MDMifX0=@&#8221; _builder_version=&#8221;4.9.7&#8243; _dynamic_attributes=&#8221;url&#8221; _module_preset=&#8221;default&#8221; transform_styles__hover_enabled=&#8221;on|hover&#8221; transform_scale__hover_enabled=&#8221;on|hover&#8221; transform_translate__hover_enabled=&#8221;on|desktop&#8221; transform_rotate__hover_enabled=&#8221;on|desktop&#8221; transform_skew__hover_enabled=&#8221;on|desktop&#8221; transform_origin__hover_enabled=&#8221;on|desktop&#8221; transform_scale__hover=&#8221;115%|115%&#8221;][\/et_pb_image][\/et_pb_column][\/et_pb_row][\/et_pb_section][et_pb_section fb_built=&#8221;1&#8243; _builder_version=&#8221;4.9.7&#8243; _module_preset=&#8221;default&#8221; background_image=&#8221;https:\/\/pastoral.lasalle.edu.br\/wp-content\/uploads\/2024\/04\/Rodape.png&#8221; module_alignment=&#8221;center&#8221; min_height=&#8221;133px&#8221; custom_padding=&#8221;33px|||||&#8221;][et_pb_row _builder_version=&#8221;4.9.7&#8243; _dynamic_attributes=&#8221;link_option_url&#8221; _module_preset=&#8221;default&#8221; link_option_url=&#8221;@ET-DC@eyJkeW5hbWljIjp0cnVlLCJjb250ZW50IjoicG9zdF9saW5rX3VybF9wYWdlIiwic2V0dGluZ3MiOnsicG9zdF9pZCI6IjE3MDMifX0=@&#8221;][et_pb_column type=&#8221;4_4&#8243; _builder_version=&#8221;4.9.7&#8243; _module_preset=&#8221;default&#8221;][\/et_pb_column][\/et_pb_row][\/et_pb_section]<\/p>\n","protected":false},"excerpt":{"rendered":"<p>[ Para fazer download do roteiro ]Quem \u00e9 a tua fam\u00edlia? Chegamos ao terceiro dia da Semana de La Salle e hoje queremos falar das \u201cfam\u00edlias\u201d. O primeiro olhar que recebemos \u00e9 de nossas fam\u00edlias, daquelas pessoas que nos conhecem, convivem conosco, por quem temos la\u00e7os afetivos e compartilhamos sentimentos de identifica\u00e7\u00e3o e perten\u00e7a. \u00c9 [&hellip;]<\/p>\n","protected":false},"author":1,"featured_media":0,"parent":0,"menu_order":0,"comment_status":"closed","ping_status":"closed","template":"","meta":{"_et_pb_use_builder":"on","_et_pb_old_content":"","_et_gb_content_width":"","footnotes":""},"class_list":["post-1936","page","type-page","status-publish","hentry"],"_links":{"self":[{"href":"https:\/\/pastoral.lasalle.edu.br\/index.php\/wp-json\/wp\/v2\/pages\/1936","targetHints":{"allow":["GET"]}}],"collection":[{"href":"https:\/\/pastoral.lasalle.edu.br\/index.php\/wp-json\/wp\/v2\/pages"}],"about":[{"href":"https:\/\/pastoral.lasalle.edu.br\/index.php\/wp-json\/wp\/v2\/types\/page"}],"author":[{"embeddable":true,"href":"https:\/\/pastoral.lasalle.edu.br\/index.php\/wp-json\/wp\/v2\/users\/1"}],"replies":[{"embeddable":true,"href":"https:\/\/pastoral.lasalle.edu.br\/index.php\/wp-json\/wp\/v2\/comments?post=1936"}],"version-history":[{"count":13,"href":"https:\/\/pastoral.lasalle.edu.br\/index.php\/wp-json\/wp\/v2\/pages\/1936\/revisions"}],"predecessor-version":[{"id":2061,"href":"https:\/\/pastoral.lasalle.edu.br\/index.php\/wp-json\/wp\/v2\/pages\/1936\/revisions\/2061"}],"wp:attachment":[{"href":"https:\/\/pastoral.lasalle.edu.br\/index.php\/wp-json\/wp\/v2\/media?parent=1936"}],"curies":[{"name":"wp","href":"https:\/\/api.w.org\/{rel}","templated":true}]}}