{"id":1902,"date":"2024-04-15T08:09:29","date_gmt":"2024-04-15T11:09:29","guid":{"rendered":"https:\/\/pastoral.lasalle.edu.br\/?page_id=1902"},"modified":"2024-04-15T14:52:45","modified_gmt":"2024-04-15T17:52:45","slug":"olhar-para-o-outro","status":"publish","type":"page","link":"https:\/\/pastoral.lasalle.edu.br\/index.php\/olhar-para-o-outro\/","title":{"rendered":"Olhar para o outro"},"content":{"rendered":"<p>[et_pb_section fb_built=&#8221;1&#8243; admin_label=&#8221;Hero section&#8221; module_id=&#8221;olharsi&#8221; _builder_version=&#8221;4.9.7&#8243; background_color=&#8221;#2778b8&#8243; background_image=&#8221;https:\/\/pastoral.lasalle.edu.br\/wp-content\/uploads\/2024\/04\/Leve4.png&#8221; background_blend=&#8221;soft-light&#8221; min_height=&#8221;523.8px&#8221; custom_margin=&#8221;||-100px||false|false&#8221; custom_padding=&#8221;0%||3.6%||false|false&#8221;][et_pb_row column_structure=&#8221;1_2,1_2&#8243; custom_padding_last_edited=&#8221;on|phone&#8221; _builder_version=&#8221;4.9.7&#8243; _module_preset=&#8221;default&#8221; custom_margin=&#8221;||44px||false|false&#8221; custom_padding=&#8221;121px||0px|||&#8221; custom_padding_tablet=&#8221;&#8221; custom_padding_phone=&#8221;64px||||false|false&#8221;][et_pb_column type=&#8221;1_2&#8243; _builder_version=&#8221;4.9.7&#8243; _module_preset=&#8221;default&#8221;][et_pb_image src=&#8221;https:\/\/pastoral.lasalle.edu.br\/wp-content\/uploads\/2024\/04\/Horizontal-fundo-azul.png&#8221; title_text=&#8221;Horizontal-fundo azul&#8221; url=&#8221;@ET-DC@eyJkeW5hbWljIjp0cnVlLCJjb250ZW50IjoicG9zdF9saW5rX3VybF9wYWdlIiwic2V0dGluZ3MiOnsicG9zdF9pZCI6IjE3MDMifX0=@&#8221; _builder_version=&#8221;4.9.7&#8243; _dynamic_attributes=&#8221;url&#8221; _module_preset=&#8221;default&#8221; transform_scale=&#8221;90%|90%&#8221; custom_padding=&#8221;0px|||||&#8221;][\/et_pb_image][\/et_pb_column][et_pb_column type=&#8221;1_2&#8243; _builder_version=&#8221;4.9.7&#8243; _module_preset=&#8221;default&#8221;][et_pb_image src=&#8221;https:\/\/pastoral.lasalle.edu.br\/wp-content\/uploads\/2024\/04\/Olhar-para-o-outro.png&#8221; title_text=&#8221;Olhar-para-o-outro&#8221; align=&#8221;center&#8221; _builder_version=&#8221;4.9.7&#8243; _module_preset=&#8221;default&#8221; width=&#8221;100%&#8221; max_width=&#8221;84%&#8221; custom_margin=&#8221;||||false|false&#8221; custom_padding=&#8221;24px||||false|false&#8221;][\/et_pb_image][\/et_pb_column][\/et_pb_row][\/et_pb_section][et_pb_section fb_built=&#8221;1&#8243; admin_label=&#8221;Featured Places&#8221; _builder_version=&#8221;4.9.7&#8243; background_color=&#8221;#FFFFFF&#8221; use_background_color_gradient=&#8221;on&#8221; background_color_gradient_start=&#8221;#ffffff&#8221; background_color_gradient_end=&#8221;rgba(91,121,158,0)&#8221; background_color_gradient_type=&#8221;radial&#8221; custom_margin=&#8221;||||false|false&#8221; custom_padding=&#8221;0px|0px|0px|0px|false|false&#8221;][et_pb_row column_structure=&#8221;1_2,1_2&#8243; _builder_version=&#8221;4.9.7&#8243; background_enable_color=&#8221;off&#8221; custom_margin=&#8221;|auto||auto|false|false&#8221; custom_padding=&#8221;||||true|false&#8221;][et_pb_column type=&#8221;1_2&#8243; _builder_version=&#8221;3.25&#8243; custom_padding=&#8221;|||&#8221; custom_padding__hover=&#8221;|||&#8221;][et_pb_text _builder_version=&#8221;4.9.7&#8243; _module_preset=&#8221;default&#8221; header_font=&#8221;||||||||&#8221; header_text_align=&#8221;left&#8221; header_text_color=&#8221;#183c5b&#8221; header_font_size=&#8221;10px&#8221; header_line_height=&#8221;2.7em&#8221; module_alignment=&#8221;center&#8221; custom_margin=&#8221;|||88px||&#8221; custom_padding=&#8221;12px||10px|0px|false|false&#8221; border_color_left=&#8221;#ed737f&#8221;]<\/p>\n<h1 style=\"text-align: right;\"><span style=\"color: #666666;\"><span style=\"font-size: 18px;\">[ Para fazer download do roteiro ]<\/span><\/span><\/h1>\n<p>[\/et_pb_text][\/et_pb_column][et_pb_column type=&#8221;1_2&#8243; _builder_version=&#8221;3.25&#8243; custom_padding=&#8221;|||&#8221; custom_padding__hover=&#8221;|||&#8221;][et_pb_button button_url=&#8221;https:\/\/drive.google.com\/file\/d\/19o3E6XOn0afC2skET7tpm9q1Azgf7WLy\/view?usp=sharing&#8221; url_new_window=&#8221;on&#8221; button_text=&#8221;Clique Aqui&#8221; button_alignment_tablet=&#8221;&#8221; button_alignment_phone=&#8221;center&#8221; button_alignment_last_edited=&#8221;on|phone&#8221; _builder_version=&#8221;4.9.7&#8243; _module_preset=&#8221;default&#8221; custom_button=&#8221;on&#8221; button_text_color=&#8221;#2778b8&#8243; button_border_color=&#8221;#2778b8&#8243; button_border_radius=&#8221;0px&#8221;][\/et_pb_button][\/et_pb_column][\/et_pb_row][\/et_pb_section][et_pb_section fb_built=&#8221;1&#8243; admin_label=&#8221;Featured Places&#8221; _builder_version=&#8221;4.9.7&#8243; background_color=&#8221;#FFFFFF&#8221; use_background_color_gradient=&#8221;on&#8221; background_color_gradient_start=&#8221;#ffffff&#8221; background_color_gradient_end=&#8221;rgba(91,121,158,0)&#8221; background_color_gradient_type=&#8221;radial&#8221; min_height=&#8221;182.8px&#8221; custom_margin=&#8221;||-124px||false|false&#8221; custom_padding=&#8221;100px|0px|23px|0px||&#8221;][et_pb_row _builder_version=&#8221;4.9.7&#8243; background_color=&#8221;#FFFFFF&#8221; min_height=&#8221;94px&#8221; height=&#8221;694px&#8221; custom_margin=&#8221;-100px|auto|-70px|auto||&#8221; custom_padding=&#8221;23px||23px||true|&#8221;][et_pb_column type=&#8221;4_4&#8243; _builder_version=&#8221;3.25&#8243; custom_padding=&#8221;|||&#8221; custom_padding__hover=&#8221;|||&#8221;][et_pb_image src=&#8221;https:\/\/pastoral.lasalle.edu.br\/wp-content\/uploads\/2024\/04\/Prancheta-5-copia-2.png&#8221; title_text=&#8221;Prancheta 5 c\u00f3pia 2&#8243; align=&#8221;center&#8221; _builder_version=&#8221;4.9.7&#8243; _module_preset=&#8221;default&#8221; transform_scale_tablet=&#8221;&#8221; transform_scale_phone=&#8221;220%|220%&#8221; transform_scale_last_edited=&#8221;on|phone&#8221; transform_translate_tablet=&#8221;&#8221; transform_translate_phone=&#8221;&#8221; transform_translate_last_edited=&#8221;on|phone&#8221; transform_rotate_tablet=&#8221;&#8221; transform_rotate_phone=&#8221;&#8221; transform_rotate_last_edited=&#8221;on|phone&#8221; transform_skew_tablet=&#8221;&#8221; transform_skew_phone=&#8221;&#8221; transform_skew_last_edited=&#8221;on|phone&#8221; transform_origin_tablet=&#8221;&#8221; transform_origin_phone=&#8221;&#8221; transform_origin_last_edited=&#8221;on|phone&#8221; transform_styles_last_edited=&#8221;on|phone&#8221; width=&#8221;39%&#8221; transform_styles_tablet=&#8221;&#8221; transform_styles_phone=&#8221;&#8221;][\/et_pb_image][et_pb_video src=&#8221;https:\/\/youtu.be\/fFpJKeiu00w&#8221; use_icon_font_size=&#8221;on&#8221; icon_font_size=&#8221;120px&#8221; _builder_version=&#8221;4.9.7&#8243; _module_preset=&#8221;default&#8221; width=&#8221;44%&#8221; max_width=&#8221;89%&#8221; module_alignment=&#8221;center&#8221; hover_enabled=&#8221;0&#8243; sticky_enabled=&#8221;0&#8243;][\/et_pb_video][et_pb_text _builder_version=&#8221;4.9.7&#8243; _module_preset=&#8221;default&#8221; header_font=&#8221;||||||||&#8221; header_text_align=&#8221;left&#8221; header_text_color=&#8221;#183c5b&#8221; header_font_size=&#8221;10px&#8221; header_line_height=&#8221;2.7em&#8221; module_alignment=&#8221;center&#8221; custom_margin=&#8221;|||88px||&#8221; custom_padding=&#8221;3px||10px|24px|false|false&#8221; border_width_left=&#8221;3px&#8221; border_color_left=&#8221;#2778b8&#8243;]<\/p>\n<h1 style=\"text-align: left;\"><span style=\"color: #666666; font-size: 18px; text-align: justify;\"><strong>O olhar para o outro.<\/strong> Sair de si e dirigir o olhar para fora, para as pessoas e a sociedade, e perceber o que acontece ao nosso redor. Este segundo dia nos chama a olhar e perceber nossos contextos de vida: o lugar onde estamos, nossa fam\u00edlia e amigos, os vizinhos, os colegas de escola ou de trabalho, as pessoas na rua, os empobrecidos e os necessitados.<\/span><\/h1>\n<h1 style=\"text-align: left;\"><strong><span style=\"color: #666666; font-size: 18px; text-align: justify;\">Quem s\u00e3o aqueles que est\u00e3o pr\u00f3ximos de n\u00f3s? De quem nos sentimos pr\u00f3ximos? Quem s\u00e3o aqueles que ainda est\u00e3o distantes? <\/span><\/strong><\/h1>\n<h1 style=\"text-align: left;\"><span style=\"color: #666666; font-size: 18px; text-align: justify;\">La Salle, quando c\u00f4nego, tinha a responsabilidade de rezar pelos outros, mas Deus o chamou de forma diferente e o fez olhar para os outros, aproximar-se dos que mais precisavam e oferecer uma alternativa de salva\u00e7\u00e3o para aquele momento em que viviam. Seus irm\u00e3os eram as crian\u00e7as sem escola, os professores mal formados e todos que passavam necessidades. Com La Salle aprendemos que f\u00e9 e obras andam juntas.<\/span><span style=\"font-size: 18px; text-align: center;\"><\/span><\/h1>\n<p>[\/et_pb_text][et_pb_text _builder_version=&#8221;4.9.7&#8243; _module_preset=&#8221;default&#8221; header_font=&#8221;||||||||&#8221; header_text_align=&#8221;left&#8221; header_text_color=&#8221;#183c5b&#8221; header_font_size=&#8221;10px&#8221; header_line_height=&#8221;2.7em&#8221; module_alignment=&#8221;center&#8221; custom_margin=&#8221;|||88px||&#8221; custom_padding=&#8221;3px||10px|24px|false|false&#8221; border_color_top=&#8221;#ed737f&#8221; border_color_bottom=&#8221;#ed737f&#8221; border_color_left=&#8221;#ed737f&#8221;]<\/p>\n<h2><strong><span style=\"color: #666666; font-size: large;\">Para refletir:<\/span><\/strong><span style=\"font-size: 18px; text-align: center;\"><\/span><\/h2>\n<p>[\/et_pb_text][et_pb_text _builder_version=&#8221;4.9.7&#8243; _module_preset=&#8221;default&#8221; header_font=&#8221;||||||||&#8221; header_text_align=&#8221;left&#8221; header_text_color=&#8221;#183c5b&#8221; header_font_size=&#8221;10px&#8221; header_line_height=&#8221;2.7em&#8221; module_alignment=&#8221;center&#8221; custom_margin=&#8221;|||88px||&#8221; custom_padding=&#8221;3px||10px|24px|false|false&#8221; border_width_left=&#8221;3px&#8221; border_color_left=&#8221;#2778b8&#8243;]<\/p>\n<h1 style=\"text-align: left;\"><span style=\"color: #666666; font-size: 18px; text-align: justify;\"><em><span is=\"qowt-word-run\" qowt-eid=\"E516\" id=\"E516\" class=\"qowt-font3-Arial\" qowt-format=\"{&quot;udl&quot;:false}\">Quem \u00e9 meu irm\u00e3o, minha irm\u00e3? Quem \u00e9 meu pr\u00f3ximo?<br \/>Qual lente tenho usado para olhar as pessoas que est\u00e3o ao meu entorno?<br \/>Sou pr\u00f3ximo das pessoas a ponto de inspirar e motivar a seguirem um ideal, assim como fez La Salle?<br \/>De quem preciso me fazer pr\u00f3ximo? Como posso fazer isso?<br \/><\/span><\/em><\/span><span style=\"color: #666666; font-size: 18px; text-align: justify;\"><em><span is=\"qowt-word-run\" qowt-eid=\"E516\" id=\"E516\" class=\"qowt-font3-Arial\" qowt-format=\"{&quot;udl&quot;:false}\">Desejo me aproximar de algu\u00e9m que tive uma desaven\u00e7a? Como posso fazer isso?<\/span><\/em><\/span><span style=\"font-size: 18px; text-align: center;\"><\/span><\/h1>\n<p>[\/et_pb_text][\/et_pb_column][\/et_pb_row][\/et_pb_section][et_pb_section fb_built=&#8221;1&#8243; _builder_version=&#8221;4.9.7&#8243; _module_preset=&#8221;default&#8221; background_enable_image=&#8221;off&#8221; background_position=&#8221;bottom_right&#8221; min_height=&#8221;133px&#8221; custom_padding=&#8221;||0px|||&#8221;][et_pb_row _builder_version=&#8221;4.9.7&#8243; _module_preset=&#8221;default&#8221; min_height=&#8221;255.4px&#8221;][et_pb_column type=&#8221;4_4&#8243; _builder_version=&#8221;4.9.7&#8243; _module_preset=&#8221;default&#8221;][\/et_pb_column][\/et_pb_row][\/et_pb_section][et_pb_section fb_built=&#8221;1&#8243; admin_label=&#8221;Hero section&#8221; _builder_version=&#8221;4.9.7&#8243; background_color=&#8221;#2778b8&#8243; background_image=&#8221;https:\/\/pastoral.lasalle.edu.br\/wp-content\/uploads\/2024\/04\/Leve4.png&#8221; background_blend=&#8221;soft-light&#8221; min_height=&#8221;523.8px&#8221; custom_margin=&#8221;||-18px||false|false&#8221; custom_padding=&#8221;0.8%||4.7%|||&#8221;][et_pb_row custom_padding_last_edited=&#8221;on|phone&#8221; _builder_version=&#8221;4.9.7&#8243; _module_preset=&#8221;default&#8221; min_height=&#8221;255.4px&#8221; custom_padding=&#8221;0px||0px|||&#8221; custom_padding_tablet=&#8221;&#8221; custom_padding_phone=&#8221;18px||0px||false|false&#8221;][et_pb_column type=&#8221;4_4&#8243; _builder_version=&#8221;4.9.7&#8243; _module_preset=&#8221;default&#8221;][et_pb_image src=&#8221;https:\/\/pastoral.lasalle.edu.br\/wp-content\/uploads\/2024\/04\/Prece.png&#8221; title_text=&#8221;Prece&#8221; align=&#8221;center&#8221; _builder_version=&#8221;4.9.7&#8243; _module_preset=&#8221;default&#8221; transform_scale_tablet=&#8221;&#8221; transform_scale_phone=&#8221;220%|220%&#8221; transform_scale_last_edited=&#8221;on|phone&#8221; transform_translate_tablet=&#8221;&#8221; transform_translate_phone=&#8221;&#8221; transform_translate_last_edited=&#8221;on|phone&#8221; transform_rotate_tablet=&#8221;&#8221; transform_rotate_phone=&#8221;&#8221; transform_rotate_last_edited=&#8221;on|phone&#8221; transform_skew_tablet=&#8221;&#8221; transform_skew_phone=&#8221;&#8221; transform_skew_last_edited=&#8221;on|phone&#8221; transform_origin_tablet=&#8221;&#8221; transform_origin_phone=&#8221;&#8221; transform_origin_last_edited=&#8221;on|phone&#8221; transform_styles_last_edited=&#8221;on|phone&#8221; width=&#8221;39%&#8221; transform_styles_tablet=&#8221;&#8221; transform_styles_phone=&#8221;&#8221;][\/et_pb_image][et_pb_video src=&#8221;https:\/\/youtu.be\/TTOEgrMr0m8&#8243; use_icon_font_size=&#8221;on&#8221; icon_font_size=&#8221;120px&#8221; _builder_version=&#8221;4.9.7&#8243; _module_preset=&#8221;default&#8221; width=&#8221;38%&#8221; module_alignment=&#8221;center&#8221;][\/et_pb_video][et_pb_text _builder_version=&#8221;4.9.7&#8243; _module_preset=&#8221;default&#8221; header_text_align=&#8221;left&#8221; header_text_color=&#8221;#ed737f&#8221; header_font_size=&#8221;20px&#8221; header_line_height=&#8221;1.5em&#8221; module_alignment=&#8221;center&#8221; custom_margin=&#8221;|||88px||&#8221; custom_padding=&#8221;|||24px||&#8221; border_width_left=&#8221;3px&#8221; border_color_left=&#8221;#FFFFFF&#8221;]<\/p>\n<h1 style=\"text-align: left;\"><span style=\"color: #ffffff;\"><span is=\"qowt-word-run\" qowt-eid=\"E516\" id=\"E516\" class=\"qowt-font3-Arial\" qowt-format=\"{&quot;udl&quot;:false}\">Senhor, permita-me olhar ao meu redor, enxergar a todos com as lentes do amor. Como o bom samaritano, que eu consiga ter compaix\u00e3o pelo outro. Que eu seja um instrumento da transforma\u00e7\u00e3o na vida daqueles que se aproximarem de mim. <strong>Am\u00e9m<\/strong>.<\/span><\/span><\/h1>\n<p>[\/et_pb_text][\/et_pb_column][\/et_pb_row][\/et_pb_section][et_pb_section fb_built=&#8221;1&#8243; _builder_version=&#8221;4.9.7&#8243; _module_preset=&#8221;default&#8221; background_enable_image=&#8221;off&#8221; background_position=&#8221;bottom_right&#8221; min_height=&#8221;133px&#8221; custom_padding=&#8221;0px||41px|||&#8221;][et_pb_row custom_padding_last_edited=&#8221;on|phone&#8221; _builder_version=&#8221;4.9.7&#8243; _module_preset=&#8221;default&#8221; min_height=&#8221;341.4px&#8221; custom_padding=&#8221;0px||0px|||&#8221; custom_padding_tablet=&#8221;&#8221; custom_padding_phone=&#8221;24px||0px||false|false&#8221;][et_pb_column type=&#8221;4_4&#8243; _builder_version=&#8221;4.9.7&#8243; _module_preset=&#8221;default&#8221;][et_pb_image src=&#8221;https:\/\/pastoral.lasalle.edu.br\/wp-content\/uploads\/2024\/04\/Prancheta-5.png&#8221; title_text=&#8221;Prancheta 5&#8243; align=&#8221;center&#8221; _builder_version=&#8221;4.9.7&#8243; _module_preset=&#8221;default&#8221; transform_scale_tablet=&#8221;&#8221; transform_scale_phone=&#8221;220%|220%&#8221; transform_scale_last_edited=&#8221;on|phone&#8221; transform_translate_tablet=&#8221;&#8221; transform_translate_phone=&#8221;&#8221; transform_translate_last_edited=&#8221;on|phone&#8221; transform_rotate_tablet=&#8221;&#8221; transform_rotate_phone=&#8221;&#8221; transform_rotate_last_edited=&#8221;on|phone&#8221; transform_skew_tablet=&#8221;&#8221; transform_skew_phone=&#8221;&#8221; transform_skew_last_edited=&#8221;on|phone&#8221; transform_origin_tablet=&#8221;&#8221; transform_origin_phone=&#8221;&#8221; transform_origin_last_edited=&#8221;on|phone&#8221; transform_styles_last_edited=&#8221;on|phone&#8221; width=&#8221;39%&#8221; transform_styles_tablet=&#8221;&#8221; transform_styles_phone=&#8221;&#8221;][\/et_pb_image][et_pb_text _builder_version=&#8221;4.9.7&#8243; _module_preset=&#8221;default&#8221; header_font=&#8221;||||||||&#8221; header_text_align=&#8221;left&#8221; header_text_color=&#8221;#183c5b&#8221; header_font_size=&#8221;10px&#8221; header_line_height=&#8221;2.7em&#8221; module_alignment=&#8221;center&#8221; custom_margin=&#8221;|||88px||&#8221; custom_padding=&#8221;||10px|24px|false|false&#8221; border_width_left=&#8221;3px&#8221; border_color_left=&#8221;#2778b8&#8243;]<\/p>\n<h1 style=\"text-align: left;\"><strong><span is=\"qowt-word-run\" qowt-eid=\"E516\" class=\"qowt-font3-Arial\" qowt-format=\"{&quot;udl&quot;:false}\"><span style=\"font-size: 18px;\">Confira algumas sugest\u00f5es de atividades para serem realizadas durante a programa\u00e7\u00e3o da Semana de La Salle na sua Comunidade Educativa:<\/span><\/span><\/strong><\/h1>\n<h1 style=\"text-align: left;\"><span is=\"qowt-word-run\" qowt-eid=\"E516\" id=\"E516\" class=\"qowt-font3-Arial\" qowt-format=\"{&quot;udl&quot;:false}\"><qowt-page named-flow=\"FLOW-1\"><span style=\"font-size: 18px;\">1. Fazer uma lista com nomes de pessoas pr\u00f3ximas;<\/span><\/qowt-page><\/span><\/h1>\n<h1 style=\"text-align: left;\"><span is=\"qowt-word-run\" qowt-eid=\"E516\" id=\"E516\" class=\"qowt-font3-Arial\" qowt-format=\"{&quot;udl&quot;:false}\"><qowt-page named-flow=\"FLOW-1\"><span style=\"font-size: 18px;\">2. Fazer uma lista com nomes de pessoas que precisam conversar e se entender;<\/span><\/qowt-page><\/span><\/h1>\n<h1 style=\"text-align: left;\"><span is=\"qowt-word-run\" qowt-eid=\"E516\" id=\"E516\" class=\"qowt-font3-Arial\" qowt-format=\"{&quot;udl&quot;:false}\"><qowt-page named-flow=\"FLOW-1\"><span style=\"font-size: 18px;\">3. Pensar um gesto concreto para ajudar algu\u00e9m;<\/span><\/qowt-page><\/span><\/h1>\n<h1 style=\"text-align: left;\"><span is=\"qowt-word-run\" qowt-eid=\"E516\" id=\"E516\" class=\"qowt-font3-Arial\" qowt-format=\"{&quot;udl&quot;:false}\"><qowt-page named-flow=\"FLOW-1\"><span style=\"font-size: 18px;\">4. Dar uma volta pelo entorno da escola e olhar para as pessoas que encontra, realizar um bate papo ao retornar (de repente, a partir dessa sa\u00edda, pode surgir um projeto);<\/span><\/qowt-page><\/span><\/h1>\n<h1 style=\"text-align: left;\"><span is=\"qowt-word-run\" qowt-eid=\"E516\" id=\"E516\" class=\"qowt-font3-Arial\" qowt-format=\"{&quot;udl&quot;:false}\"><qowt-page named-flow=\"FLOW-1\"><span style=\"font-size: 18px;\">5. Enviar uma mensagem ou escrever uma carta para algu\u00e9m que merece uma aten\u00e7\u00e3o da sua parte;<\/span><\/qowt-page><\/span><\/h1>\n<h1 style=\"text-align: left;\"><span is=\"qowt-word-run\" qowt-eid=\"E516\" id=\"E516\" class=\"qowt-font3-Arial\" qowt-format=\"{&quot;udl&quot;:false}\"><qowt-page named-flow=\"FLOW-1\"><span style=\"font-size: 18px;\">6. Conhecer o alfabeto em braile (como um cego consegue ver?);<\/span><\/qowt-page><\/span><\/h1>\n<h1 style=\"text-align: left;\"><span is=\"qowt-word-run\" qowt-eid=\"E516\" id=\"E516\" class=\"qowt-font3-Arial\" qowt-format=\"{&quot;udl&quot;:false}\"><qowt-page named-flow=\"FLOW-1\"><span style=\"font-size: 18px;\">7. Din\u00e2mica de identificar objetos com os olhos vendados.<\/span><\/qowt-page><\/span><\/h1>\n<p>[\/et_pb_text][\/et_pb_column][\/et_pb_row][et_pb_row column_structure=&#8221;1_4,1_4,1_4,1_4&#8243; custom_padding_last_edited=&#8221;on|phone&#8221; _builder_version=&#8221;4.9.7&#8243; _module_preset=&#8221;default&#8221; min_height=&#8221;341.4px&#8221; custom_padding=&#8221;109px||0px||false|false&#8221; custom_padding_tablet=&#8221;&#8221; custom_padding_phone=&#8221;35px||||false|false&#8221;][et_pb_column type=&#8221;1_4&#8243; _builder_version=&#8221;4.9.7&#8243; _module_preset=&#8221;default&#8221;][et_pb_image src=&#8221;https:\/\/pastoral.lasalle.edu.br\/wp-content\/uploads\/2024\/04\/Prancheta-12-1.png&#8221; title_text=&#8221;Prancheta 12&#8243; url=&#8221;@ET-DC@eyJkeW5hbWljIjp0cnVlLCJjb250ZW50IjoicG9zdF9saW5rX3VybF9wYWdlIiwic2V0dGluZ3MiOnsicG9zdF9pZCI6IjE3MzYifX0=@&#8221; _builder_version=&#8221;4.9.7&#8243; _dynamic_attributes=&#8221;url&#8221; _module_preset=&#8221;default&#8221; transform_styles__hover_enabled=&#8221;on|hover&#8221; transform_scale__hover_enabled=&#8221;on|hover&#8221; transform_translate__hover_enabled=&#8221;on|desktop&#8221; transform_rotate__hover_enabled=&#8221;on|desktop&#8221; transform_skew__hover_enabled=&#8221;on|desktop&#8221; transform_origin__hover_enabled=&#8221;on|desktop&#8221; transform_scale__hover=&#8221;115%|115%&#8221;][\/et_pb_image][\/et_pb_column][et_pb_column type=&#8221;1_4&#8243; _builder_version=&#8221;4.9.7&#8243; _module_preset=&#8221;default&#8221;][et_pb_image src=&#8221;https:\/\/pastoral.lasalle.edu.br\/wp-content\/uploads\/2024\/04\/Prancheta-12-copia-2-1.png&#8221; title_text=&#8221;Prancheta 12 c\u00f3pia 2&#8243; url=&#8221;#olharsi&#8221; _builder_version=&#8221;4.9.7&#8243; _module_preset=&#8221;default&#8221; transform_styles__hover_enabled=&#8221;on|hover&#8221; transform_scale__hover_enabled=&#8221;on|hover&#8221; transform_translate__hover_enabled=&#8221;on|desktop&#8221; transform_rotate__hover_enabled=&#8221;on|desktop&#8221; transform_skew__hover_enabled=&#8221;on|desktop&#8221; transform_origin__hover_enabled=&#8221;on|desktop&#8221; transform_scale__hover=&#8221;115%|115%&#8221;][\/et_pb_image][\/et_pb_column][et_pb_column type=&#8221;1_4&#8243; _builder_version=&#8221;4.9.7&#8243; _module_preset=&#8221;default&#8221;][et_pb_image src=&#8221;https:\/\/pastoral.lasalle.edu.br\/wp-content\/uploads\/2024\/04\/Prancheta-12-copia-1.png&#8221; title_text=&#8221;Prancheta 12 c\u00f3pia&#8221; url=&#8221;@ET-DC@eyJkeW5hbWljIjp0cnVlLCJjb250ZW50IjoicG9zdF9saW5rX3VybF9wYWdlIiwic2V0dGluZ3MiOnsicG9zdF9pZCI6IjE5MzYifX0=@&#8221; align=&#8221;center&#8221; _builder_version=&#8221;4.9.7&#8243; _dynamic_attributes=&#8221;url&#8221; _module_preset=&#8221;default&#8221; custom_margin=&#8221;||||false|false&#8221; custom_padding=&#8221;||||false|false&#8221; transform_styles__hover_enabled=&#8221;on|hover&#8221; transform_scale__hover_enabled=&#8221;on|hover&#8221; transform_translate__hover_enabled=&#8221;on|desktop&#8221; transform_rotate__hover_enabled=&#8221;on|desktop&#8221; transform_skew__hover_enabled=&#8221;on|desktop&#8221; transform_origin__hover_enabled=&#8221;on|desktop&#8221; transform_scale__hover=&#8221;115%|115%&#8221;][\/et_pb_image][\/et_pb_column][et_pb_column type=&#8221;1_4&#8243; _builder_version=&#8221;4.9.7&#8243; _module_preset=&#8221;default&#8221;][et_pb_image src=&#8221;https:\/\/pastoral.lasalle.edu.br\/wp-content\/uploads\/2024\/04\/Prancheta-12-copia-3.png&#8221; title_text=&#8221;Prancheta 12 c\u00f3pia 3&#8243; url=&#8221;@ET-DC@eyJkeW5hbWljIjp0cnVlLCJjb250ZW50IjoicG9zdF9saW5rX3VybF9wYWdlIiwic2V0dGluZ3MiOnsicG9zdF9pZCI6IjE3MDMifX0=@&#8221; _builder_version=&#8221;4.9.7&#8243; _dynamic_attributes=&#8221;url&#8221; _module_preset=&#8221;default&#8221; transform_styles__hover_enabled=&#8221;on|hover&#8221; transform_scale__hover_enabled=&#8221;on|hover&#8221; transform_translate__hover_enabled=&#8221;on|desktop&#8221; transform_rotate__hover_enabled=&#8221;on|desktop&#8221; transform_skew__hover_enabled=&#8221;on|desktop&#8221; transform_origin__hover_enabled=&#8221;on|desktop&#8221; transform_scale__hover=&#8221;115%|115%&#8221;][\/et_pb_image][\/et_pb_column][\/et_pb_row][\/et_pb_section][et_pb_section fb_built=&#8221;1&#8243; _builder_version=&#8221;4.9.7&#8243; _module_preset=&#8221;default&#8221; background_image=&#8221;https:\/\/pastoral.lasalle.edu.br\/wp-content\/uploads\/2024\/04\/Rodape.png&#8221; module_alignment=&#8221;center&#8221; min_height=&#8221;133px&#8221; custom_padding=&#8221;33px|||||&#8221;][et_pb_row _builder_version=&#8221;4.9.7&#8243; _dynamic_attributes=&#8221;link_option_url&#8221; _module_preset=&#8221;default&#8221; link_option_url=&#8221;@ET-DC@eyJkeW5hbWljIjp0cnVlLCJjb250ZW50IjoicG9zdF9saW5rX3VybF9wYWdlIiwic2V0dGluZ3MiOnsicG9zdF9pZCI6IjE3MDMifX0=@&#8221;][et_pb_column type=&#8221;4_4&#8243; _builder_version=&#8221;4.9.7&#8243; _module_preset=&#8221;default&#8221;][\/et_pb_column][\/et_pb_row][\/et_pb_section]<\/p>\n","protected":false},"excerpt":{"rendered":"<p>[ Para fazer download do roteiro ]O olhar para o outro. Sair de si e dirigir o olhar para fora, para as pessoas e a sociedade, e perceber o que acontece ao nosso redor. Este segundo dia nos chama a olhar e perceber nossos contextos de vida: o lugar onde estamos, nossa fam\u00edlia e amigos, [&hellip;]<\/p>\n","protected":false},"author":1,"featured_media":0,"parent":0,"menu_order":0,"comment_status":"closed","ping_status":"closed","template":"","meta":{"_et_pb_use_builder":"on","_et_pb_old_content":"","_et_gb_content_width":"","footnotes":""},"class_list":["post-1902","page","type-page","status-publish","hentry"],"_links":{"self":[{"href":"https:\/\/pastoral.lasalle.edu.br\/index.php\/wp-json\/wp\/v2\/pages\/1902","targetHints":{"allow":["GET"]}}],"collection":[{"href":"https:\/\/pastoral.lasalle.edu.br\/index.php\/wp-json\/wp\/v2\/pages"}],"about":[{"href":"https:\/\/pastoral.lasalle.edu.br\/index.php\/wp-json\/wp\/v2\/types\/page"}],"author":[{"embeddable":true,"href":"https:\/\/pastoral.lasalle.edu.br\/index.php\/wp-json\/wp\/v2\/users\/1"}],"replies":[{"embeddable":true,"href":"https:\/\/pastoral.lasalle.edu.br\/index.php\/wp-json\/wp\/v2\/comments?post=1902"}],"version-history":[{"count":11,"href":"https:\/\/pastoral.lasalle.edu.br\/index.php\/wp-json\/wp\/v2\/pages\/1902\/revisions"}],"predecessor-version":[{"id":2043,"href":"https:\/\/pastoral.lasalle.edu.br\/index.php\/wp-json\/wp\/v2\/pages\/1902\/revisions\/2043"}],"wp:attachment":[{"href":"https:\/\/pastoral.lasalle.edu.br\/index.php\/wp-json\/wp\/v2\/media?parent=1902"}],"curies":[{"name":"wp","href":"https:\/\/api.w.org\/{rel}","templated":true}]}}