{"id":1736,"date":"2024-04-10T10:22:21","date_gmt":"2024-04-10T13:22:21","guid":{"rendered":"https:\/\/pastoral.lasalle.edu.br\/?page_id=1736"},"modified":"2024-04-15T13:47:42","modified_gmt":"2024-04-15T16:47:42","slug":"olhar-para-si","status":"publish","type":"page","link":"https:\/\/pastoral.lasalle.edu.br\/index.php\/olhar-para-si\/","title":{"rendered":"Olhar para si"},"content":{"rendered":"<p>[et_pb_section fb_built=&#8221;1&#8243; admin_label=&#8221;Hero section&#8221; module_id=&#8221;olharsi&#8221; _builder_version=&#8221;4.9.7&#8243; background_color=&#8221;#ed737f&#8221; background_image=&#8221;https:\/\/pastoral.lasalle.edu.br\/wp-content\/uploads\/2024\/04\/Leve4.png&#8221; background_blend=&#8221;soft-light&#8221; min_height=&#8221;523.8px&#8221; custom_margin=&#8221;||-100px||false|false&#8221; custom_padding=&#8221;0%||3.6%||false|false&#8221;][et_pb_row column_structure=&#8221;1_2,1_2&#8243; custom_padding_last_edited=&#8221;on|phone&#8221; _builder_version=&#8221;4.9.7&#8243; _module_preset=&#8221;default&#8221; custom_margin=&#8221;||44px||false|false&#8221; custom_padding=&#8221;121px||0px|||&#8221; custom_padding_tablet=&#8221;&#8221; custom_padding_phone=&#8221;64px||||false|false&#8221;][et_pb_column type=&#8221;1_2&#8243; _builder_version=&#8221;4.9.7&#8243; _module_preset=&#8221;default&#8221;][et_pb_image src=&#8221;https:\/\/pastoral.lasalle.edu.br\/wp-content\/uploads\/2024\/04\/Horizontal-fundo-azul.png&#8221; title_text=&#8221;Horizontal-fundo azul&#8221; url=&#8221;@ET-DC@eyJkeW5hbWljIjp0cnVlLCJjb250ZW50IjoicG9zdF9saW5rX3VybF9wYWdlIiwic2V0dGluZ3MiOnsicG9zdF9pZCI6IjE3MDMifX0=@&#8221; _builder_version=&#8221;4.9.7&#8243; _dynamic_attributes=&#8221;url&#8221; _module_preset=&#8221;default&#8221; transform_scale=&#8221;90%|90%&#8221; custom_padding=&#8221;0px|||||&#8221;][\/et_pb_image][\/et_pb_column][et_pb_column type=&#8221;1_2&#8243; _builder_version=&#8221;4.9.7&#8243; _module_preset=&#8221;default&#8221;][et_pb_image src=&#8221;https:\/\/pastoral.lasalle.edu.br\/wp-content\/uploads\/2024\/04\/SI2.png&#8221; title_text=&#8221;SI2&#8243; align=&#8221;center&#8221; _builder_version=&#8221;4.9.7&#8243; _module_preset=&#8221;default&#8221; width=&#8221;100%&#8221; max_width=&#8221;84%&#8221; custom_margin=&#8221;||||false|false&#8221; custom_padding=&#8221;24px||||false|false&#8221;][\/et_pb_image][\/et_pb_column][\/et_pb_row][\/et_pb_section][et_pb_section fb_built=&#8221;1&#8243; admin_label=&#8221;Featured Places&#8221; _builder_version=&#8221;4.9.7&#8243; background_color=&#8221;#FFFFFF&#8221; use_background_color_gradient=&#8221;on&#8221; background_color_gradient_start=&#8221;#ffffff&#8221; background_color_gradient_end=&#8221;rgba(91,121,158,0)&#8221; background_color_gradient_type=&#8221;radial&#8221; custom_margin=&#8221;||||false|false&#8221; custom_padding=&#8221;0px|0px|0px|0px|false|false&#8221;][et_pb_row column_structure=&#8221;1_2,1_2&#8243; _builder_version=&#8221;4.9.7&#8243; background_enable_color=&#8221;off&#8221; custom_margin=&#8221;|auto||auto|false|false&#8221; custom_padding=&#8221;||||true|false&#8221;][et_pb_column type=&#8221;1_2&#8243; _builder_version=&#8221;3.25&#8243; custom_padding=&#8221;|||&#8221; custom_padding__hover=&#8221;|||&#8221;][et_pb_text _builder_version=&#8221;4.9.7&#8243; _module_preset=&#8221;default&#8221; header_font=&#8221;||||||||&#8221; header_text_align=&#8221;left&#8221; header_text_color=&#8221;#183c5b&#8221; header_font_size=&#8221;10px&#8221; header_line_height=&#8221;2.7em&#8221; module_alignment=&#8221;center&#8221; custom_margin=&#8221;|||88px||&#8221; custom_padding=&#8221;12px||10px|0px|false|false&#8221; border_color_left=&#8221;#ed737f&#8221;]<\/p>\n<h1 style=\"text-align: right;\"><span style=\"color: #666666;\"><span style=\"font-size: 18px;\">[ Para fazer download do roteiro ]<\/span><\/span><\/h1>\n<p>[\/et_pb_text][\/et_pb_column][et_pb_column type=&#8221;1_2&#8243; _builder_version=&#8221;3.25&#8243; custom_padding=&#8221;|||&#8221; custom_padding__hover=&#8221;|||&#8221;][et_pb_button button_url=&#8221;https:\/\/drive.google.com\/file\/d\/1uo52YWCLZBMVFECOGm8HAgfggn2T_2b2\/view?usp=sharing&#8221; url_new_window=&#8221;on&#8221; button_text=&#8221;Clique Aqui&#8221; button_alignment_tablet=&#8221;&#8221; button_alignment_phone=&#8221;center&#8221; button_alignment_last_edited=&#8221;on|phone&#8221; _builder_version=&#8221;4.9.7&#8243; _module_preset=&#8221;default&#8221; custom_button=&#8221;on&#8221; button_text_color=&#8221;#ed737f&#8221; button_border_radius=&#8221;0px&#8221;][\/et_pb_button][\/et_pb_column][\/et_pb_row][\/et_pb_section][et_pb_section fb_built=&#8221;1&#8243; admin_label=&#8221;Featured Places&#8221; _builder_version=&#8221;4.9.7&#8243; background_color=&#8221;#FFFFFF&#8221; use_background_color_gradient=&#8221;on&#8221; background_color_gradient_start=&#8221;#ffffff&#8221; background_color_gradient_end=&#8221;rgba(91,121,158,0)&#8221; background_color_gradient_type=&#8221;radial&#8221; min_height=&#8221;182.8px&#8221; custom_margin=&#8221;||-124px||false|false&#8221; custom_padding=&#8221;100px|0px|23px|0px||&#8221;][et_pb_row _builder_version=&#8221;4.9.7&#8243; background_color=&#8221;#FFFFFF&#8221; min_height=&#8221;94px&#8221; height=&#8221;694px&#8221; custom_margin=&#8221;-100px|auto|-70px|auto||&#8221; custom_padding=&#8221;23px||23px||true|&#8221;][et_pb_column type=&#8221;4_4&#8243; _builder_version=&#8221;3.25&#8243; custom_padding=&#8221;|||&#8221; custom_padding__hover=&#8221;|||&#8221;][et_pb_image src=&#8221;https:\/\/pastoral.lasalle.edu.br\/wp-content\/uploads\/2024\/04\/Reflexoes-SI.png&#8221; title_text=&#8221;Reflex\u00f5es-SI&#8221; align=&#8221;center&#8221; _builder_version=&#8221;4.9.7&#8243; _module_preset=&#8221;default&#8221; transform_scale_tablet=&#8221;&#8221; transform_scale_phone=&#8221;220%|220%&#8221; transform_scale_last_edited=&#8221;on|phone&#8221; transform_translate_tablet=&#8221;&#8221; transform_translate_phone=&#8221;&#8221; transform_translate_last_edited=&#8221;on|phone&#8221; transform_rotate_tablet=&#8221;&#8221; transform_rotate_phone=&#8221;&#8221; transform_rotate_last_edited=&#8221;on|phone&#8221; transform_skew_tablet=&#8221;&#8221; transform_skew_phone=&#8221;&#8221; transform_skew_last_edited=&#8221;on|phone&#8221; transform_origin_tablet=&#8221;&#8221; transform_origin_phone=&#8221;&#8221; transform_origin_last_edited=&#8221;on|phone&#8221; transform_styles_last_edited=&#8221;on|phone&#8221; width=&#8221;39%&#8221; transform_styles_tablet=&#8221;&#8221; transform_styles_phone=&#8221;&#8221;][\/et_pb_image][et_pb_video src=&#8221;https:\/\/youtu.be\/trjVSLYwra8&#8243; use_icon_font_size=&#8221;on&#8221; icon_font_size=&#8221;120px&#8221; _builder_version=&#8221;4.9.7&#8243; _module_preset=&#8221;default&#8221; width=&#8221;44%&#8221; max_width=&#8221;89%&#8221; module_alignment=&#8221;center&#8221; hover_enabled=&#8221;0&#8243; sticky_enabled=&#8221;0&#8243;][\/et_pb_video][et_pb_text _builder_version=&#8221;4.9.7&#8243; _module_preset=&#8221;default&#8221; header_font=&#8221;||||||||&#8221; header_text_align=&#8221;left&#8221; header_text_color=&#8221;#183c5b&#8221; header_font_size=&#8221;10px&#8221; header_line_height=&#8221;2.7em&#8221; module_alignment=&#8221;center&#8221; custom_margin=&#8221;|||88px||&#8221; custom_padding=&#8221;3px||10px|24px|false|false&#8221; border_width_left=&#8221;3px&#8221; border_color_left=&#8221;#ed737f&#8221;]<\/p>\n<h1 style=\"text-align: left;\"><span style=\"color: #666666; font-size: 18px; text-align: justify;\">Neste primeiro dia da Semana de La Salle, queremos refletir sobre o <strong>\u201cOlhar para si\u201d<\/strong>. Esse \u00e9 um olhar \u00fanico, que garante o autoconhecimento, o autocuidado e o reconhecimento de si como um ser \u00fanico no mundo.<\/span><\/h1>\n<p style=\"text-align: justify;\"><span style=\"font-size: 18px; text-align: center;\">Muitas vezes n\u00e3o \u00e9 f\u00e1cil olhar para si mesmo, para si mesma, pois temos nossas resist\u00eancias internas, nossos medos e receios, orgulhos e teimosias que nos fazem olhar mais para os outros e n\u00e3o dedicar tempo suficiente para nos olharmos com o devido cuidado.<\/span><\/p>\n<p style=\"text-align: justify;\"><span style=\"font-size: 18px; text-align: center;\">La Salle foi uma pessoa como n\u00f3s, ou seja, um ser \u00fanico, insubstitu\u00edvel, que viveu alegrias e tristezas, d\u00favidas e certezas, e deixou um grande legado para a humanidade: uma educa\u00e7\u00e3o humanizadora, que toca cora\u00e7\u00f5es e transforma vidas. La Salle, por muitas vezes, precisou parar e rever seus olhares, suas <\/span><span style=\"font-size: 18px; text-align: center;\">atitudes e seus pensamentos, que o fez agir diferente de um outro modo em sua \u00e9poca.<\/span><\/p>\n<p style=\"text-align: justify;\"><strong><span style=\"font-size: 18px; text-align: center;\">Ao olhar para si mesmo\/a, o que se revela?<\/span><span style=\"font-size: 18px; text-align: center;\">\u00a0<\/span><\/strong><\/p>\n<p>[\/et_pb_text][et_pb_text _builder_version=&#8221;4.9.7&#8243; _module_preset=&#8221;default&#8221; header_font=&#8221;||||||||&#8221; header_text_align=&#8221;left&#8221; header_text_color=&#8221;#183c5b&#8221; header_font_size=&#8221;10px&#8221; header_line_height=&#8221;2.7em&#8221; module_alignment=&#8221;center&#8221; custom_margin=&#8221;|||88px||&#8221; custom_padding=&#8221;3px||10px|24px|false|false&#8221; border_color_top=&#8221;#ed737f&#8221; border_color_bottom=&#8221;#ed737f&#8221; border_color_left=&#8221;#ed737f&#8221;]<\/p>\n<h2><strong><span style=\"color: #666666; font-size: large;\">Para refletir:<\/span><\/strong><span style=\"font-size: 18px; text-align: center;\"><\/span><\/h2>\n<p>[\/et_pb_text][et_pb_text _builder_version=&#8221;4.9.7&#8243; _module_preset=&#8221;default&#8221; header_font=&#8221;||||||||&#8221; header_text_align=&#8221;left&#8221; header_text_color=&#8221;#183c5b&#8221; header_font_size=&#8221;10px&#8221; header_line_height=&#8221;2.7em&#8221; module_alignment=&#8221;center&#8221; custom_margin=&#8221;|||88px||&#8221; custom_padding=&#8221;3px||10px|24px|false|false&#8221; border_width_left=&#8221;3px&#8221; border_color_left=&#8221;#ed737f&#8221;]<\/p>\n<h1 style=\"text-align: left;\"><span style=\"color: #666666; font-size: 18px; text-align: justify;\"><em><span is=\"qowt-word-run\" qowt-eid=\"E516\" id=\"E516\" class=\"qowt-font3-Arial\" qowt-format=\"{&quot;udl&quot;:false}\">Como \u00e9 olhar para mim mesmo\/a? Tenho feito isso ?<br \/><\/span><\/em><span style=\"font-size: 18px;\"><em>Reconhe\u00e7o a mim mesmo, minhas atitudes, meus gestos e meus sentimentos?<\/em><br \/><\/span><em><span is=\"qowt-word-run\" qowt-eid=\"E518\" id=\"E518\" class=\"qowt-font3-Arial\" qowt-format=\"{&quot;udl&quot;:false}\">Ao olhar para o espelho, o que vejo? O que retorna ao meu olhar?<br \/><\/span><span style=\"font-size: 18px;\">Qual meu sentimento em rela\u00e7\u00e3o a mim mesmo\/a?<\/span><\/em><\/span><span style=\"font-size: 18px; text-align: center;\"><\/span><\/h1>\n<p>[\/et_pb_text][\/et_pb_column][\/et_pb_row][\/et_pb_section][et_pb_section fb_built=&#8221;1&#8243; _builder_version=&#8221;4.9.7&#8243; _module_preset=&#8221;default&#8221; background_enable_image=&#8221;off&#8221; background_position=&#8221;bottom_right&#8221; min_height=&#8221;133px&#8221; custom_padding=&#8221;||0px|||&#8221;][et_pb_row _builder_version=&#8221;4.9.7&#8243; _module_preset=&#8221;default&#8221; min_height=&#8221;255.4px&#8221;][et_pb_column type=&#8221;4_4&#8243; _builder_version=&#8221;4.9.7&#8243; _module_preset=&#8221;default&#8221;][\/et_pb_column][\/et_pb_row][\/et_pb_section][et_pb_section fb_built=&#8221;1&#8243; admin_label=&#8221;Hero section&#8221; _builder_version=&#8221;4.9.7&#8243; background_color=&#8221;#ed737f&#8221; background_image=&#8221;https:\/\/pastoral.lasalle.edu.br\/wp-content\/uploads\/2024\/04\/Leve4.png&#8221; background_blend=&#8221;soft-light&#8221; min_height=&#8221;523.8px&#8221; custom_margin=&#8221;||-18px||false|false&#8221; custom_padding=&#8221;0.8%||4.7%|||&#8221;][et_pb_row custom_padding_last_edited=&#8221;on|phone&#8221; _builder_version=&#8221;4.9.7&#8243; _module_preset=&#8221;default&#8221; min_height=&#8221;255.4px&#8221; custom_padding=&#8221;0px||0px|||&#8221; custom_padding_tablet=&#8221;&#8221; custom_padding_phone=&#8221;18px||0px||false|false&#8221;][et_pb_column type=&#8221;4_4&#8243; _builder_version=&#8221;4.9.7&#8243; _module_preset=&#8221;default&#8221;][et_pb_image src=&#8221;https:\/\/pastoral.lasalle.edu.br\/wp-content\/uploads\/2024\/04\/Prece.png&#8221; title_text=&#8221;Prece&#8221; align=&#8221;center&#8221; _builder_version=&#8221;4.9.7&#8243; _module_preset=&#8221;default&#8221; transform_scale_tablet=&#8221;&#8221; transform_scale_phone=&#8221;220%|220%&#8221; transform_scale_last_edited=&#8221;on|phone&#8221; transform_translate_tablet=&#8221;&#8221; transform_translate_phone=&#8221;&#8221; transform_translate_last_edited=&#8221;on|phone&#8221; transform_rotate_tablet=&#8221;&#8221; transform_rotate_phone=&#8221;&#8221; transform_rotate_last_edited=&#8221;on|phone&#8221; transform_skew_tablet=&#8221;&#8221; transform_skew_phone=&#8221;&#8221; transform_skew_last_edited=&#8221;on|phone&#8221; transform_origin_tablet=&#8221;&#8221; transform_origin_phone=&#8221;&#8221; transform_origin_last_edited=&#8221;on|phone&#8221; transform_styles_last_edited=&#8221;on|phone&#8221; width=&#8221;39%&#8221; transform_styles_tablet=&#8221;&#8221; transform_styles_phone=&#8221;&#8221;][\/et_pb_image][et_pb_video src=&#8221;https:\/\/youtu.be\/vfXYeA-5GsE&#8221; use_icon_font_size=&#8221;on&#8221; icon_font_size=&#8221;120px&#8221; _builder_version=&#8221;4.9.7&#8243; _module_preset=&#8221;default&#8221; width=&#8221;38%&#8221; module_alignment=&#8221;center&#8221; hover_enabled=&#8221;0&#8243; sticky_enabled=&#8221;0&#8243;][\/et_pb_video][et_pb_text _builder_version=&#8221;4.9.7&#8243; _module_preset=&#8221;default&#8221; header_text_align=&#8221;left&#8221; header_text_color=&#8221;#ed737f&#8221; header_font_size=&#8221;20px&#8221; header_line_height=&#8221;1.5em&#8221; module_alignment=&#8221;center&#8221; custom_margin=&#8221;|||88px||&#8221; custom_padding=&#8221;|||24px||&#8221; border_width_left=&#8221;3px&#8221; border_color_left=&#8221;#FFFFFF&#8221;]<\/p>\n<h1 style=\"text-align: left;\"><span style=\"color: #ffffff;\"><span is=\"qowt-word-run\" qowt-eid=\"E516\" id=\"E516\" class=\"qowt-font3-Arial\" qowt-format=\"{&quot;udl&quot;:false}\">Senhor, permita-me dar uma aten\u00e7\u00e3o especial para mim neste dia. Que eu consiga, a exemplo de S\u00e3o Jo\u00e3o Batista de La Salle, olhar para mim e para o meu legado atrav\u00e9s de quem eu sou <\/span><span is=\"qowt-word-run\" qowt-eid=\"E516\" id=\"E516\" class=\"qowt-font3-Arial\" qowt-format=\"{&quot;udl&quot;:false}\">verdadeiramente, da minha autenticidade. <strong>Am\u00e9m.<\/strong><\/span><\/span><\/h1>\n<p>[\/et_pb_text][\/et_pb_column][\/et_pb_row][\/et_pb_section][et_pb_section fb_built=&#8221;1&#8243; _builder_version=&#8221;4.9.7&#8243; _module_preset=&#8221;default&#8221; background_enable_image=&#8221;off&#8221; background_position=&#8221;bottom_right&#8221; min_height=&#8221;133px&#8221; custom_padding=&#8221;0px||41px|||&#8221;][et_pb_row custom_padding_last_edited=&#8221;on|phone&#8221; _builder_version=&#8221;4.9.7&#8243; _module_preset=&#8221;default&#8221; min_height=&#8221;341.4px&#8221; custom_padding=&#8221;0px||0px|||&#8221; custom_padding_tablet=&#8221;&#8221; custom_padding_phone=&#8221;24px||0px||false|false&#8221;][et_pb_column type=&#8221;4_4&#8243; _builder_version=&#8221;4.9.7&#8243; _module_preset=&#8221;default&#8221;][et_pb_image src=&#8221;https:\/\/pastoral.lasalle.edu.br\/wp-content\/uploads\/2024\/04\/Atividades-SI.png&#8221; title_text=&#8221;Atividades-SI&#8221; align=&#8221;center&#8221; _builder_version=&#8221;4.9.7&#8243; _module_preset=&#8221;default&#8221; transform_scale_tablet=&#8221;&#8221; transform_scale_phone=&#8221;220%|220%&#8221; transform_scale_last_edited=&#8221;on|phone&#8221; transform_translate_tablet=&#8221;&#8221; transform_translate_phone=&#8221;&#8221; transform_translate_last_edited=&#8221;on|phone&#8221; transform_rotate_tablet=&#8221;&#8221; transform_rotate_phone=&#8221;&#8221; transform_rotate_last_edited=&#8221;on|phone&#8221; transform_skew_tablet=&#8221;&#8221; transform_skew_phone=&#8221;&#8221; transform_skew_last_edited=&#8221;on|phone&#8221; transform_origin_tablet=&#8221;&#8221; transform_origin_phone=&#8221;&#8221; transform_origin_last_edited=&#8221;on|phone&#8221; transform_styles_last_edited=&#8221;on|phone&#8221; width=&#8221;39%&#8221; transform_styles_tablet=&#8221;&#8221; transform_styles_phone=&#8221;&#8221;][\/et_pb_image][et_pb_text _builder_version=&#8221;4.9.7&#8243; _module_preset=&#8221;default&#8221; header_font=&#8221;||||||||&#8221; header_text_align=&#8221;left&#8221; header_text_color=&#8221;#183c5b&#8221; header_font_size=&#8221;10px&#8221; header_line_height=&#8221;2.7em&#8221; module_alignment=&#8221;center&#8221; custom_margin=&#8221;|||88px||&#8221; custom_padding=&#8221;||10px|24px|false|false&#8221; border_width_left=&#8221;3px&#8221; border_color_left=&#8221;#ed737f&#8221;]<\/p>\n<h1 style=\"text-align: left;\"><strong><span is=\"qowt-word-run\" qowt-eid=\"E516\" class=\"qowt-font3-Arial\" qowt-format=\"{&quot;udl&quot;:false}\"><span style=\"font-size: 18px;\">Confira algumas sugest\u00f5es de atividades para serem realizadas durante a programa\u00e7\u00e3o da Semana de La Salle na sua Comunidade Educativa:<\/span><\/span><\/strong><\/h1>\n<h1 style=\"text-align: left;\"><span is=\"qowt-word-run\" qowt-eid=\"E516\" id=\"E516\" class=\"qowt-font3-Arial\" qowt-format=\"{&quot;udl&quot;:false}\"><qowt-page named-flow=\"FLOW-1\"><span style=\"font-size: 18px;\">1. Passar uma caixa com um espelho dentro, afirmando que dentro da caixa est\u00e1 o presente mais maravilhoso que algu\u00e9m pode receber. Ao passar a caixa, convidar para individualmente abrir e ver o presente;<\/span><\/qowt-page><\/span><\/h1>\n<h1 style=\"text-align: left;\"><span style=\"font-size: 18px; text-align: center;\">2. Atividades em duplas ou trios para se observarem e apontarem o que veem ao olhar um para o outro: qual a impress\u00e3o que se passa? O que h\u00e1 de similar e o que h\u00e1 de diferente entre n\u00f3s? O que a pessoa percebe em mim \u00e9 algo que eu sou? Realizar um bate papo ou desenho sobre as diferen\u00e7as;<\/span><\/h1>\n<h1 style=\"text-align: left;\"><span style=\"font-size: 18px; text-align: center;\">3. Observar uma imagem de La Salle e fazer um exerc\u00edcio do que ele v\u00ea, do que enxergava em si mesmo, em sua realidade. Realizar uma colagem, escrita ou releitura de La Salle;<\/span><\/h1>\n<h1 style=\"text-align: left;\"><span style=\"font-size: 18px; text-align: center;\">4. Distribuir pequenos espelhos e convidar para que fiquem um tempo apenas olhando para si mesmos, percebendo os pensamentos e sentimentos que essa tarefa pode gerar. Deixar um tempo relativamente longo (em torno de 5 minutos);<\/span><\/h1>\n<h1 style=\"text-align: left;\"><span style=\"font-size: 18px; text-align: center;\">5. Fazer selfies com diferentes pessoas (colegas, professores, familiares) e observar o seu sentimento e o das demais pessoas ao fazer uma selfie com voc\u00ea.<\/span><\/h1>\n<h1 style=\"text-align: left;\"><span style=\"font-size: 18px; text-align: center;\">6. Parar por alguns instantes em sil\u00eancio e pensar em si mesmo. Quais as marcas que tenho deixado nas pessoas?<\/span><span style=\"font-size: 18px; text-align: center;\">\u00a0<\/span><\/h1>\n<p>[\/et_pb_text][\/et_pb_column][\/et_pb_row][et_pb_row column_structure=&#8221;1_4,1_4,1_4,1_4&#8243; custom_padding_last_edited=&#8221;on|phone&#8221; _builder_version=&#8221;4.9.7&#8243; _module_preset=&#8221;default&#8221; min_height=&#8221;341.4px&#8221; custom_padding=&#8221;109px||0px||false|false&#8221; custom_padding_tablet=&#8221;&#8221; custom_padding_phone=&#8221;35px||||false|false&#8221;][et_pb_column type=&#8221;1_4&#8243; _builder_version=&#8221;4.9.7&#8243; _module_preset=&#8221;default&#8221;][\/et_pb_column][et_pb_column type=&#8221;1_4&#8243; _builder_version=&#8221;4.9.7&#8243; _module_preset=&#8221;default&#8221;][et_pb_image src=&#8221;https:\/\/pastoral.lasalle.edu.br\/wp-content\/uploads\/2024\/04\/Prancheta-12-copia-2.png&#8221; title_text=&#8221;Prancheta 12 c\u00f3pia 2&#8243; url=&#8221;#olharsi&#8221; _builder_version=&#8221;4.9.7&#8243; _module_preset=&#8221;default&#8221; transform_styles__hover_enabled=&#8221;on|hover&#8221; transform_scale__hover_enabled=&#8221;on|hover&#8221; transform_translate__hover_enabled=&#8221;on|desktop&#8221; transform_rotate__hover_enabled=&#8221;on|desktop&#8221; transform_skew__hover_enabled=&#8221;on|desktop&#8221; transform_origin__hover_enabled=&#8221;on|desktop&#8221; transform_scale__hover=&#8221;115%|115%&#8221;][\/et_pb_image][\/et_pb_column][et_pb_column type=&#8221;1_4&#8243; _builder_version=&#8221;4.9.7&#8243; _module_preset=&#8221;default&#8221;][et_pb_image src=&#8221;https:\/\/pastoral.lasalle.edu.br\/wp-content\/uploads\/2024\/04\/Prancheta-12-copia.png&#8221; title_text=&#8221;Prancheta 12 c\u00f3pia&#8221; url=&#8221;@ET-DC@eyJkeW5hbWljIjp0cnVlLCJjb250ZW50IjoicG9zdF9saW5rX3VybF9wYWdlIiwic2V0dGluZ3MiOnsicG9zdF9pZCI6IjE5MDIifX0=@&#8221; align=&#8221;center&#8221; _builder_version=&#8221;4.9.7&#8243; _dynamic_attributes=&#8221;url&#8221; _module_preset=&#8221;default&#8221; custom_margin=&#8221;||||false|false&#8221; custom_padding=&#8221;||||false|false&#8221; transform_styles__hover_enabled=&#8221;on|hover&#8221; transform_scale__hover_enabled=&#8221;on|hover&#8221; transform_translate__hover_enabled=&#8221;on|desktop&#8221; transform_rotate__hover_enabled=&#8221;on|desktop&#8221; transform_skew__hover_enabled=&#8221;on|desktop&#8221; transform_origin__hover_enabled=&#8221;on|desktop&#8221; transform_scale__hover=&#8221;115%|115%&#8221;][\/et_pb_image][\/et_pb_column][et_pb_column type=&#8221;1_4&#8243; _builder_version=&#8221;4.9.7&#8243; _module_preset=&#8221;default&#8221;][et_pb_image src=&#8221;https:\/\/pastoral.lasalle.edu.br\/wp-content\/uploads\/2024\/04\/iniciio.png&#8221; title_text=&#8221;iniciio&#8221; url=&#8221;@ET-DC@eyJkeW5hbWljIjp0cnVlLCJjb250ZW50IjoicG9zdF9saW5rX3VybF9wYWdlIiwic2V0dGluZ3MiOnsicG9zdF9pZCI6IjE3MDMifX0=@&#8221; _builder_version=&#8221;4.9.7&#8243; _dynamic_attributes=&#8221;url&#8221; _module_preset=&#8221;default&#8221; transform_styles__hover_enabled=&#8221;on|hover&#8221; transform_scale__hover_enabled=&#8221;on|hover&#8221; transform_translate__hover_enabled=&#8221;on|desktop&#8221; transform_rotate__hover_enabled=&#8221;on|desktop&#8221; transform_skew__hover_enabled=&#8221;on|desktop&#8221; transform_origin__hover_enabled=&#8221;on|desktop&#8221; transform_scale__hover=&#8221;115%|115%&#8221;][\/et_pb_image][\/et_pb_column][\/et_pb_row][\/et_pb_section][et_pb_section fb_built=&#8221;1&#8243; _builder_version=&#8221;4.9.7&#8243; _module_preset=&#8221;default&#8221; background_image=&#8221;https:\/\/pastoral.lasalle.edu.br\/wp-content\/uploads\/2024\/04\/Rodape.png&#8221; module_alignment=&#8221;center&#8221; min_height=&#8221;133px&#8221; custom_padding=&#8221;33px|||||&#8221;][et_pb_row _builder_version=&#8221;4.9.7&#8243; _dynamic_attributes=&#8221;link_option_url&#8221; _module_preset=&#8221;default&#8221; link_option_url=&#8221;@ET-DC@eyJkeW5hbWljIjp0cnVlLCJjb250ZW50IjoicG9zdF9saW5rX3VybF9wYWdlIiwic2V0dGluZ3MiOnsicG9zdF9pZCI6IjE3MDMifX0=@&#8221;][et_pb_column type=&#8221;4_4&#8243; _builder_version=&#8221;4.9.7&#8243; _module_preset=&#8221;default&#8221;][\/et_pb_column][\/et_pb_row][\/et_pb_section]<\/p>\n","protected":false},"excerpt":{"rendered":"<p>[ Para fazer download do roteiro ]Neste primeiro dia da Semana de La Salle, queremos refletir sobre o \u201cOlhar para si\u201d. Esse \u00e9 um olhar \u00fanico, que garante o autoconhecimento, o autocuidado e o reconhecimento de si como um ser \u00fanico no mundo. Muitas vezes n\u00e3o \u00e9 f\u00e1cil olhar para si mesmo, para si mesma, [&hellip;]<\/p>\n","protected":false},"author":1,"featured_media":0,"parent":0,"menu_order":0,"comment_status":"closed","ping_status":"closed","template":"","meta":{"_et_pb_use_builder":"on","_et_pb_old_content":"","_et_gb_content_width":"","footnotes":""},"class_list":["post-1736","page","type-page","status-publish","hentry"],"_links":{"self":[{"href":"https:\/\/pastoral.lasalle.edu.br\/index.php\/wp-json\/wp\/v2\/pages\/1736","targetHints":{"allow":["GET"]}}],"collection":[{"href":"https:\/\/pastoral.lasalle.edu.br\/index.php\/wp-json\/wp\/v2\/pages"}],"about":[{"href":"https:\/\/pastoral.lasalle.edu.br\/index.php\/wp-json\/wp\/v2\/types\/page"}],"author":[{"embeddable":true,"href":"https:\/\/pastoral.lasalle.edu.br\/index.php\/wp-json\/wp\/v2\/users\/1"}],"replies":[{"embeddable":true,"href":"https:\/\/pastoral.lasalle.edu.br\/index.php\/wp-json\/wp\/v2\/comments?post=1736"}],"version-history":[{"count":39,"href":"https:\/\/pastoral.lasalle.edu.br\/index.php\/wp-json\/wp\/v2\/pages\/1736\/revisions"}],"predecessor-version":[{"id":2037,"href":"https:\/\/pastoral.lasalle.edu.br\/index.php\/wp-json\/wp\/v2\/pages\/1736\/revisions\/2037"}],"wp:attachment":[{"href":"https:\/\/pastoral.lasalle.edu.br\/index.php\/wp-json\/wp\/v2\/media?parent=1736"}],"curies":[{"name":"wp","href":"https:\/\/api.w.org\/{rel}","templated":true}]}}