{"id":1661,"date":"2024-03-14T11:31:49","date_gmt":"2024-03-14T14:31:49","guid":{"rendered":"https:\/\/pastoral.lasalle.edu.br\/?page_id=1661"},"modified":"2025-03-20T08:49:11","modified_gmt":"2025-03-20T11:49:11","slug":"diretrizes-das-jornadas-de-formacao-estudantis-lassalistas","status":"publish","type":"page","link":"https:\/\/pastoral.lasalle.edu.br\/index.php\/diretrizes-das-jornadas-de-formacao-estudantis-lassalistas\/","title":{"rendered":"Diretrizes das Jornadas de Forma\u00e7\u00e3o Estudantis Lassalistas"},"content":{"rendered":"<p>[et_pb_section fb_built=&#8221;1&#8243; _builder_version=&#8221;4.16&#8243; _module_preset=&#8221;default&#8221; background_image=&#8221;https:\/\/pastoral.lasalle.edu.br\/wp-content\/uploads\/2024\/03\/Linhas.png&#8221; background_position=&#8221;bottom_center&#8221; global_colors_info=&#8221;{}&#8221;][et_pb_row column_structure=&#8221;1_2,1_2&#8243; _builder_version=&#8221;4.16&#8243; _module_preset=&#8221;default&#8221; background_color=&#8221;#262652&#8243; custom_margin=&#8221;78px|auto||auto||&#8221; custom_margin_tablet=&#8221;&#8221; custom_margin_phone=&#8221;-27px|auto||auto|false|false&#8221; custom_margin_last_edited=&#8221;on|phone&#8221; custom_padding=&#8221;63px|||||&#8221; border_width_right=&#8221;45px&#8221; border_color_right=&#8221;#e08e2a&#8221; global_colors_info=&#8221;{}&#8221;][et_pb_column type=&#8221;1_2&#8243; _builder_version=&#8221;4.16&#8243; _module_preset=&#8221;default&#8221; global_colors_info=&#8221;{}&#8221;][et_pb_image src=&#8221;https:\/\/pastoral.lasalle.edu.br\/wp-content\/uploads\/2024\/03\/Lettering.png&#8221; title_text=&#8221;Lettering&#8221; admin_label=&#8221;Imagem&#8221; _builder_version=&#8221;4.16&#8243; _module_preset=&#8221;default&#8221; custom_margin=&#8221;-64px||63px|||&#8221; custom_margin_tablet=&#8221;&#8221; custom_margin_phone=&#8221;||2px||false|false&#8221; custom_margin_last_edited=&#8221;on|phone&#8221; global_colors_info=&#8221;{}&#8221;][\/et_pb_image][et_pb_text admin_label=&#8221;Texto&#8221; _builder_version=&#8221;4.16&#8243; _module_preset=&#8221;aa8ac0f1-4d0f-4301-b133-2ce8f45b1bb0&#8243; text_text_color=&#8221;#FFFFFF&#8221; text_font_size=&#8221;16px&#8221; text_line_height=&#8221;1.8em&#8221; custom_padding=&#8221;|||31px||&#8221; custom_padding_tablet=&#8221;&#8221; custom_padding_phone=&#8221;0px||0px|4px|false|false&#8221; custom_padding_last_edited=&#8221;on|phone&#8221; text_font_size_tablet=&#8221;15px&#8221; text_font_size_phone=&#8221;14px&#8221; text_font_size_last_edited=&#8221;on|desktop&#8221; text_orientation_tablet=&#8221;&#8221; text_orientation_phone=&#8221;center&#8221; text_orientation_last_edited=&#8221;on|phone&#8221; global_colors_info=&#8221;{}&#8221;]<\/p>\n<p>Considerando o prop\u00f3sito da Rede La Salle de promover uma educa\u00e7\u00e3o integral, humana e crist\u00e3 que toca os cora\u00e7\u00f5es e transforma vidas, apresentamos as Diretrizes<br \/>das Jornadas de Forma\u00e7\u00e3o Estudantis Lassalistas. Elas t\u00eam o objetivo de dar maior unidade, inspirar e orientar as Comunidades Educativas Lassalistas no desenvolvimento<br \/>dessa proposta formativa voltada aos estudantes da Educa\u00e7\u00e3o B\u00e1sica.<\/p>\n<p>[\/et_pb_text][\/et_pb_column][et_pb_column type=&#8221;1_2&#8243; _builder_version=&#8221;4.16&#8243; _module_preset=&#8221;default&#8221; global_colors_info=&#8221;{}&#8221;][et_pb_image src=&#8221;https:\/\/pastoral.lasalle.edu.br\/wp-content\/uploads\/2024\/03\/Capa.png&#8221; title_text=&#8221;Capa&#8221; url=&#8221;https:\/\/drive.google.com\/file\/d\/1R1EWiPVYtPj0G4ttCT1nOjJJbF4WEXc0\/view?usp=sharing&#8221; url_new_window=&#8221;on&#8221; align=&#8221;center&#8221; admin_label=&#8221;Imagem&#8221; _builder_version=&#8221;4.16&#8243; _module_preset=&#8221;default&#8221; background_color=&#8221;#b52026&#8243; custom_margin=&#8221;-71px|-21px|||false|false&#8221; custom_margin_tablet=&#8221;0vw|-30px||-30px|false|true&#8221; custom_margin_phone=&#8221;0vw|-20px||-20px|false|true&#8221; custom_margin_last_edited=&#8221;on|tablet&#8221; custom_padding=&#8221;10.9%|10%|10.9%|10%|true|true&#8221; border_radii=&#8221;on|5px|5px|5px|5px&#8221; box_shadow_style=&#8221;preset4&#8243; box_shadow_horizontal=&#8221;20px&#8221; box_shadow_vertical=&#8221;20px&#8221; box_shadow_blur=&#8221;40px&#8221; box_shadow_color=&#8221;rgba(0,0,0,0.2)&#8221; global_colors_info=&#8221;{}&#8221;][\/et_pb_image][et_pb_text _builder_version=&#8221;4.16&#8243; _module_preset=&#8221;aa8ac0f1-4d0f-4301-b133-2ce8f45b1bb0&#8243; text_text_color=&#8221;#FFFFFF&#8221; text_font_size=&#8221;16px&#8221; text_line_height=&#8221;1.8em&#8221; custom_margin=&#8221;151px|||||&#8221; custom_margin_tablet=&#8221;&#8221; custom_margin_phone=&#8221;0px|2px||20px|false|false&#8221; custom_margin_last_edited=&#8221;on|phone&#8221; text_font_size_tablet=&#8221;15px&#8221; text_font_size_phone=&#8221;14px&#8221; text_font_size_last_edited=&#8221;on|desktop&#8221; global_colors_info=&#8221;{}&#8221;]<\/p>\n<p><span>Acesse o documento na \u00edntegra e tenha acesso aos subs\u00eddios clicando nos bot\u00f5es abaixo:<\/span><\/p>\n<p>[\/et_pb_text][et_pb_button button_url=&#8221;https:\/\/drive.google.com\/drive\/folders\/1_UUA6yP-IzuymXxIUy8U02x2kERNQkrB?usp=drive_link&#8221; url_new_window=&#8221;on&#8221; button_text=&#8221;Documento e Materiais&#8221; _builder_version=&#8221;4.27.4&#8243; _module_preset=&#8221;3b5c5a86-f460-4fb4-9771-ae60f244532e&#8221; custom_button=&#8221;on&#8221; button_text_size=&#8221;14px&#8221; button_text_color=&#8221;#FFFFFF&#8221; button_bg_color=&#8221;#f1ca34&#8243; button_border_width=&#8221;0px&#8221; button_border_radius=&#8221;0px&#8221; button_letter_spacing=&#8221;0.15em&#8221; button_font=&#8221;Inter|700||on|||||&#8221; custom_padding=&#8221;16px|24px|16px|24px|true|true&#8221; custom_padding_tablet=&#8221;&#8221; custom_padding_phone=&#8221;20px|97px|20px|97px|true|true&#8221; custom_padding_last_edited=&#8221;on|phone&#8221; hover_enabled=&#8221;0&#8243; global_colors_info=&#8221;{}&#8221; button_bg_enable_color=&#8221;on&#8221; sticky_enabled=&#8221;0&#8243;][\/et_pb_button][et_pb_button button_url=&#8221;https:\/\/drive.google.com\/drive\/folders\/1J3E9pKKv4_i6Ir5vMNIGDW_mllXjX9t8?usp=sharing&#8221; url_new_window=&#8221;on&#8221; button_text=&#8221;Reposit\u00f3rio&#8221; _builder_version=&#8221;4.27.4&#8243; _module_preset=&#8221;3b5c5a86-f460-4fb4-9771-ae60f244532e&#8221; custom_button=&#8221;on&#8221; button_text_size=&#8221;14px&#8221; button_text_color=&#8221;#FFFFFF&#8221; button_bg_color=&#8221;#d9873a&#8221; button_border_width=&#8221;0px&#8221; button_border_radius=&#8221;0px&#8221; button_letter_spacing=&#8221;0.15em&#8221; button_font=&#8221;Inter|700||on|||||&#8221; custom_padding=&#8221;16px|24px|16px|24px|true|true&#8221; custom_padding_tablet=&#8221;&#8221; custom_padding_phone=&#8221;20px|97px|20px|97px|true|true&#8221; custom_padding_last_edited=&#8221;on|phone&#8221; hover_enabled=&#8221;0&#8243; global_colors_info=&#8221;{}&#8221; sticky_enabled=&#8221;0&#8243; button_bg_enable_color=&#8221;on&#8221;][\/et_pb_button][\/et_pb_column][\/et_pb_row][\/et_pb_section]<\/p>\n","protected":false},"excerpt":{"rendered":"<p>Considerando o prop\u00f3sito da Rede La Salle de promover uma educa\u00e7\u00e3o integral, humana e crist\u00e3 que toca os cora\u00e7\u00f5es e transforma vidas, apresentamos as Diretrizesdas Jornadas de Forma\u00e7\u00e3o Estudantis Lassalistas. Elas t\u00eam o objetivo de dar maior unidade, inspirar e orientar as Comunidades Educativas Lassalistas no desenvolvimentodessa proposta formativa voltada aos estudantes da Educa\u00e7\u00e3o B\u00e1sica.Acesse [&hellip;]<\/p>\n","protected":false},"author":1,"featured_media":0,"parent":0,"menu_order":0,"comment_status":"closed","ping_status":"closed","template":"","meta":{"_et_pb_use_builder":"on","_et_pb_old_content":"","_et_gb_content_width":"","footnotes":""},"class_list":["post-1661","page","type-page","status-publish","hentry"],"_links":{"self":[{"href":"https:\/\/pastoral.lasalle.edu.br\/index.php\/wp-json\/wp\/v2\/pages\/1661","targetHints":{"allow":["GET"]}}],"collection":[{"href":"https:\/\/pastoral.lasalle.edu.br\/index.php\/wp-json\/wp\/v2\/pages"}],"about":[{"href":"https:\/\/pastoral.lasalle.edu.br\/index.php\/wp-json\/wp\/v2\/types\/page"}],"author":[{"embeddable":true,"href":"https:\/\/pastoral.lasalle.edu.br\/index.php\/wp-json\/wp\/v2\/users\/1"}],"replies":[{"embeddable":true,"href":"https:\/\/pastoral.lasalle.edu.br\/index.php\/wp-json\/wp\/v2\/comments?post=1661"}],"version-history":[{"count":17,"href":"https:\/\/pastoral.lasalle.edu.br\/index.php\/wp-json\/wp\/v2\/pages\/1661\/revisions"}],"predecessor-version":[{"id":2958,"href":"https:\/\/pastoral.lasalle.edu.br\/index.php\/wp-json\/wp\/v2\/pages\/1661\/revisions\/2958"}],"wp:attachment":[{"href":"https:\/\/pastoral.lasalle.edu.br\/index.php\/wp-json\/wp\/v2\/media?parent=1661"}],"curies":[{"name":"wp","href":"https:\/\/api.w.org\/{rel}","templated":true}]}}