{"id":1401,"date":"2023-04-20T13:47:27","date_gmt":"2023-04-20T16:47:27","guid":{"rendered":"https:\/\/pastoral.lasalle.edu.br\/?page_id=1401"},"modified":"2023-04-25T10:59:08","modified_gmt":"2023-04-25T13:59:08","slug":"semana-de-la-salle-3o-dia-esp","status":"publish","type":"page","link":"https:\/\/pastoral.lasalle.edu.br\/index.php\/semana-de-la-salle-3o-dia-esp\/","title":{"rendered":"Semana de La Salle \u2013 3\u00ba dia\u00a0&#8211; esp"},"content":{"rendered":"<p>[et_pb_section fb_built=&#8221;1&#8243; admin_label=&#8221;Hero section&#8221; _builder_version=&#8221;4.9.7&#8243; background_color=&#8221;#88C4DD&#8221; background_image=&#8221;https:\/\/pastoral.lasalle.edu.br\/wp-content\/uploads\/2023\/04\/PAGINA-DIAS_Semana-de-La-Salle_3.png&#8221; min_height=&#8221;523.8px&#8221; custom_margin=&#8221;||-93px|||&#8221; custom_padding=&#8221;10%||9.7%|||&#8221;][et_pb_row _builder_version=&#8221;4.9.7&#8243; _module_preset=&#8221;default&#8221;][et_pb_column type=&#8221;4_4&#8243; _builder_version=&#8221;4.9.7&#8243; _module_preset=&#8221;default&#8221;][\/et_pb_column][\/et_pb_row][et_pb_row _builder_version=&#8221;4.9.7&#8243; _module_preset=&#8221;default&#8221;][et_pb_column type=&#8221;4_4&#8243; _builder_version=&#8221;4.9.7&#8243; _module_preset=&#8221;default&#8221;][\/et_pb_column][\/et_pb_row][\/et_pb_section][et_pb_section fb_built=&#8221;1&#8243; admin_label=&#8221;Featured Places&#8221; _builder_version=&#8221;4.9.7&#8243; background_color=&#8221;#FFFFFF&#8221; use_background_color_gradient=&#8221;on&#8221; background_color_gradient_start=&#8221;#ffffff&#8221; background_color_gradient_end=&#8221;rgba(91,121,158,0)&#8221; background_color_gradient_type=&#8221;radial&#8221; min_height=&#8221;100px&#8221; max_height=&#8221;1000px&#8221; custom_margin=&#8221;||-228px||false|false&#8221; custom_padding=&#8221;100px|0px|23px|0px||&#8221;][et_pb_row _builder_version=&#8221;4.9.7&#8243; background_color=&#8221;#FFFFFF&#8221; min_height=&#8221;94px&#8221; height=&#8221;694px&#8221; custom_margin=&#8221;-100px|auto|-70px|auto||&#8221; custom_padding=&#8221;23px||23px||true|&#8221;][et_pb_column type=&#8221;4_4&#8243; _builder_version=&#8221;3.25&#8243; custom_padding=&#8221;|||&#8221; custom_padding__hover=&#8221;|||&#8221;][et_pb_text _builder_version=&#8221;4.9.7&#8243; text_font=&#8221;Lato||||||||&#8221; text_text_color=&#8221;#000000&#8243; text_font_size=&#8221;18px&#8221; text_line_height=&#8221;1.4em&#8221; header_font=&#8221;||||||||&#8221; header_2_font=&#8221;Lato|700|||||||&#8221; header_2_font_size=&#8221;42px&#8221; header_2_line_height=&#8221;1.5em&#8221; header_3_font=&#8221;||||||||&#8221; text_orientation=&#8221;center&#8221; max_width=&#8221;800px&#8221; module_alignment=&#8221;center&#8221; min_height=&#8221;670px&#8221; custom_padding=&#8221;0px||36px|||&#8221; hover_enabled=&#8221;0&#8243; sticky_enabled=&#8221;0&#8243;]<\/p>\n<h2><span style=\"color: #494949;\">REFLEXIONES | 3\u00ba D\u00cdA\u00a0<\/span><\/h2>\n<p><strong>LA SALLE Y EL SERVICIO<\/strong><\/p>\n<p style=\"text-align: justify;\">Sugerimos realizar la oraci\u00f3n se\u00f1alada para el d\u00eda proponiendo a los estudiantes desarrollar una mirada atenta hacia el entorno de la comunidad educativa con el fin de que perciban a aquellas personas que necesiten de nuestra actitud de servir.<\/p>\n<p style=\"text-align: justify;\">A partir de esto, proponer los estudiantes la organizaci\u00f3n de una campa\u00f1a de recaudaci\u00f3n de alimentos, ropas y materiales de higiene, para que los d\u00eda jueves y el viernes puedan realizar una actividad solidaria de entregar de los \u00edtemes recaudados a aquellas personas que m\u00e1s necesiten de esa ayuda, La campa\u00f1a solidaria se puede realizar por cursos, por segmentos o por toda la unidad en conjunto.<\/p>\n<p style=\"text-align: justify;\">\u00a0Como conclusi\u00f3n de la actividad, el animador debe proponer que todos realicen el gesto que representa el valor tem\u00e1tico del d\u00eda que en este caso es usar un l\u00e1piz u una tiza para escribir o dibujar una respuesta a la siguiente pregunta; \u201cLasallista, \u00bfqu\u00e9 es lo que te impulsa a servir?\u201d<\/p>\n<p style=\"text-align: justify;\">En este d\u00eda, de modo especial, se lanzar\u00e1 una <em>\u201ctrend<\/em>\u201d (acci\u00f3n de compromiso\u201d) en el perfil de la Red La Salle en Instagram dando la oportunidad para la integraci\u00f3n de los estudiantes y educadores. El sector de Marketing de la Red La Salle har\u00e1 una publicaci\u00f3n de lanzamiento con un video invitando a todos a responder la siguiente pregunta; \u201cLasallista, \u00bfqu\u00e9 es lo que te impulsa a servir?\u201d<\/p>\n<p style=\"text-align: justify;\">Las fotograf\u00edas y videos que se produzcan durante los d\u00edas pasados se podr\u00e1n aprovechar para destacar m\u00e1s la actividad y aumentar el compromiso de la comunidad lasallista.<\/p>\n<p>[\/et_pb_text][\/et_pb_column][\/et_pb_row][\/et_pb_section][et_pb_section fb_built=&#8221;1&#8243; admin_label=&#8221;Featured Places&#8221; _builder_version=&#8221;4.9.7&#8243; background_color=&#8221;#FFFFFF&#8221; use_background_color_gradient=&#8221;on&#8221; background_color_gradient_start=&#8221;rgba(64,119,183,0.65)&#8221; background_color_gradient_end=&#8221;#27549e&#8221; background_color_gradient_type=&#8221;radial&#8221; min_height=&#8221;472px&#8221; custom_margin=&#8221;241px||0px||false|false&#8221; custom_padding=&#8221;65px|0px|31px|0px||&#8221;][et_pb_row _builder_version=&#8221;4.9.7&#8243; min_height=&#8221;100px&#8221; custom_margin=&#8221;-57px|auto|-88px|auto||&#8221; custom_padding=&#8221;||7px|||&#8221;][et_pb_column type=&#8221;4_4&#8243; _builder_version=&#8221;3.25&#8243; custom_padding=&#8221;|||&#8221; custom_padding__hover=&#8221;|||&#8221;][et_pb_text _builder_version=&#8221;4.9.7&#8243; text_font=&#8221;Lato||||||||&#8221; text_text_color=&#8221;#898f99&#8243; text_font_size=&#8221;18px&#8221; text_line_height=&#8221;1.9em&#8221; header_font=&#8221;||||||||&#8221; header_2_font=&#8221;Lato|700|||||||&#8221; header_2_font_size=&#8221;42px&#8221; header_2_line_height=&#8221;1.5em&#8221; header_3_font=&#8221;||||||||&#8221; text_orientation=&#8221;center&#8221; max_width=&#8221;800px&#8221; module_alignment=&#8221;center&#8221; min_height=&#8221;255px&#8221; custom_margin=&#8221;-67px||-12px||false|false&#8221; custom_padding=&#8221;55px|||||&#8221;]<\/p>\n<h2><span style=\"color: #ffffff;\">ORACIONES VOCACIONALES<\/span><\/h2>\n<p style=\"text-align: left;\"><span style=\"color: #ffffff;\">Presentamos sugerencias de Oraciones Vocacionales que servir\u00e1n de base para las reflexiones diarias. Divididos en tres grandes audiencias (Infantil, Joven y Adultos), nos invitan a reflexionar sobre la vida y obra de nuestro Fundador.<\/span><\/p>\n<p style=\"text-align: left;\"><span style=\"color: #ffffff;\"><\/span><\/p>\n<p>[\/et_pb_text][\/et_pb_column][\/et_pb_row][et_pb_row column_structure=&#8221;1_3,1_3,1_3&#8243; _builder_version=&#8221;3.25&#8243; max_width=&#8221;1440px&#8221; custom_margin=&#8221;74px|auto|-15px|auto||&#8221; use_custom_width=&#8221;on&#8221; custom_width_px=&#8221;1440px&#8221;][et_pb_column type=&#8221;1_3&#8243; _builder_version=&#8221;3.25&#8243; custom_padding=&#8221;|||&#8221; custom_padding__hover=&#8221;|||&#8221;][et_pb_blurb _builder_version=&#8221;4.9.7&#8243; header_font=&#8221;Lato|900||on|||||&#8221; header_font_size=&#8221;15px&#8221; header_letter_spacing=&#8221;1px&#8221; header_line_height=&#8221;1.4em&#8221; body_font=&#8221;Lato||||||||&#8221; body_text_color=&#8221;#898f99&#8243; body_font_size=&#8221;16px&#8221; body_line_height=&#8221;1.6em&#8221; background_color=&#8221;#ffffff&#8221; background_image=&#8221;https:\/\/pastoral.lasalle.edu.br\/wp-content\/uploads\/2023\/04\/CAPA-CRIANCAS-JOVENS-E-ADULTOS_Semana-de-La-Salle_Prancheta-1-01-1.png&#8221; text_orientation=&#8221;center&#8221; min_height=&#8221;336px&#8221; custom_margin=&#8221;|||&#8221; custom_padding=&#8221;60px|40px|60px|40px&#8221; animation=&#8221;off&#8221; border_radii=&#8221;on|10px|10px|10px|10px&#8221; border_style_all=&#8221;none&#8221; box_shadow_style=&#8221;preset2&#8243; box_shadow_horizontal=&#8221;0px&#8221; box_shadow_blur=&#8221;54px&#8221; box_shadow_spread=&#8221;17px&#8221; box_shadow_color=&#8221;rgba(0,0,0,0.04)&#8221;][\/et_pb_blurb][et_pb_button button_url=&#8221;https:\/\/drive.google.com\/file\/d\/1CARsdevdLPWXzXMl9gaCagTi2QIo6Yrq\/view?usp=sharing&#8221; url_new_window=&#8221;on&#8221; button_text=&#8221;accede aqu\u00ed&#8221; button_alignment=&#8221;center&#8221; _builder_version=&#8221;4.9.7&#8243; custom_button=&#8221;on&#8221; button_text_size=&#8221;15px&#8221; button_bg_color=&#8221;#3c39e6&#8243; button_border_width=&#8221;0px&#8221; button_border_radius=&#8221;6px&#8221; button_letter_spacing=&#8221;1px&#8221; button_font=&#8221;Lato|700||on|||||&#8221; button_use_icon=&#8221;off&#8221; background_layout=&#8221;dark&#8221; custom_margin=&#8221;|||&#8221; custom_padding=&#8221;12px|30px|12px|30px&#8221; box_shadow_style=&#8221;preset3&#8243; box_shadow_color=&#8221;rgba(60,57,230,0.15)&#8221; button_letter_spacing_hover=&#8221;1px&#8221; locked=&#8221;off&#8221; button_text_size__hover_enabled=&#8221;off&#8221; button_one_text_size__hover_enabled=&#8221;off&#8221; button_two_text_size__hover_enabled=&#8221;off&#8221; button_text_color__hover_enabled=&#8221;off&#8221; button_one_text_color__hover_enabled=&#8221;off&#8221; button_two_text_color__hover_enabled=&#8221;off&#8221; button_border_width__hover_enabled=&#8221;off&#8221; button_one_border_width__hover_enabled=&#8221;off&#8221; button_two_border_width__hover_enabled=&#8221;off&#8221; button_border_color__hover_enabled=&#8221;off&#8221; button_one_border_color__hover_enabled=&#8221;off&#8221; button_two_border_color__hover_enabled=&#8221;off&#8221; button_border_radius__hover_enabled=&#8221;off&#8221; button_one_border_radius__hover_enabled=&#8221;off&#8221; button_two_border_radius__hover_enabled=&#8221;off&#8221; button_letter_spacing__hover_enabled=&#8221;on&#8221; button_letter_spacing__hover=&#8221;1px&#8221; button_one_letter_spacing__hover_enabled=&#8221;off&#8221; button_two_letter_spacing__hover_enabled=&#8221;off&#8221; button_bg_color__hover_enabled=&#8221;off&#8221; button_one_bg_color__hover_enabled=&#8221;off&#8221; button_two_bg_color__hover_enabled=&#8221;off&#8221;][\/et_pb_button][\/et_pb_column][et_pb_column type=&#8221;1_3&#8243; _builder_version=&#8221;3.25&#8243; custom_padding=&#8221;|||&#8221; custom_padding__hover=&#8221;|||&#8221;][et_pb_blurb _builder_version=&#8221;4.9.7&#8243; header_font=&#8221;Lato|900||on|||||&#8221; header_font_size=&#8221;15px&#8221; header_letter_spacing=&#8221;1px&#8221; header_line_height=&#8221;1.4em&#8221; body_font=&#8221;Lato||||||||&#8221; body_text_color=&#8221;#898f99&#8243; body_font_size=&#8221;16px&#8221; body_line_height=&#8221;1.6em&#8221; background_color=&#8221;#ffffff&#8221; background_image=&#8221;https:\/\/pastoral.lasalle.edu.br\/wp-content\/uploads\/2023\/04\/CAPA-CRIANCAS-JOVENS-E-ADULTOS_Semana-de-La-Salle_Prancheta-1-02-1.png&#8221; text_orientation=&#8221;center&#8221; min_height=&#8221;336px&#8221; custom_margin=&#8221;|||&#8221; custom_padding=&#8221;60px|40px|60px|40px&#8221; animation=&#8221;off&#8221; border_radii=&#8221;on|10px|10px|10px|10px&#8221; border_color_all=&#8221;RGBA(0,0,0,0)&#8221; border_style_all=&#8221;none&#8221; border_width_top=&#8221;10px&#8221; box_shadow_style=&#8221;preset2&#8243; box_shadow_horizontal=&#8221;0px&#8221; box_shadow_blur=&#8221;54px&#8221; box_shadow_spread=&#8221;17px&#8221; box_shadow_color=&#8221;rgba(0,0,0,0.04)&#8221;][\/et_pb_blurb][et_pb_button button_url=&#8221;https:\/\/drive.google.com\/file\/d\/18qtpr15OrK_tLBuZGeIWe2sQT0Y4wr1E\/view?usp=sharing&#8221; url_new_window=&#8221;on&#8221; button_text=&#8221;accede aqu\u00ed&#8221; button_alignment=&#8221;center&#8221; _builder_version=&#8221;4.9.7&#8243; custom_button=&#8221;on&#8221; button_text_size=&#8221;15px&#8221; button_bg_color=&#8221;#3c39e6&#8243; button_border_width=&#8221;0px&#8221; button_border_radius=&#8221;6px&#8221; button_letter_spacing=&#8221;1px&#8221; button_font=&#8221;Lato|700||on|||||&#8221; button_use_icon=&#8221;off&#8221; background_layout=&#8221;dark&#8221; custom_margin=&#8221;|||&#8221; custom_padding=&#8221;12px|30px|12px|30px&#8221; box_shadow_style=&#8221;preset3&#8243; box_shadow_color=&#8221;rgba(60,57,230,0.15)&#8221; button_letter_spacing_hover=&#8221;1px&#8221; locked=&#8221;off&#8221; button_text_size__hover_enabled=&#8221;off&#8221; button_one_text_size__hover_enabled=&#8221;off&#8221; button_two_text_size__hover_enabled=&#8221;off&#8221; button_text_color__hover_enabled=&#8221;off&#8221; button_one_text_color__hover_enabled=&#8221;off&#8221; button_two_text_color__hover_enabled=&#8221;off&#8221; button_border_width__hover_enabled=&#8221;off&#8221; button_one_border_width__hover_enabled=&#8221;off&#8221; button_two_border_width__hover_enabled=&#8221;off&#8221; button_border_color__hover_enabled=&#8221;off&#8221; button_one_border_color__hover_enabled=&#8221;off&#8221; button_two_border_color__hover_enabled=&#8221;off&#8221; button_border_radius__hover_enabled=&#8221;off&#8221; button_one_border_radius__hover_enabled=&#8221;off&#8221; button_two_border_radius__hover_enabled=&#8221;off&#8221; button_letter_spacing__hover_enabled=&#8221;on&#8221; button_letter_spacing__hover=&#8221;1px&#8221; button_one_letter_spacing__hover_enabled=&#8221;off&#8221; button_two_letter_spacing__hover_enabled=&#8221;off&#8221; button_bg_color__hover_enabled=&#8221;off&#8221; button_one_bg_color__hover_enabled=&#8221;off&#8221; button_two_bg_color__hover_enabled=&#8221;off&#8221;][\/et_pb_button][\/et_pb_column][et_pb_column type=&#8221;1_3&#8243; _builder_version=&#8221;3.25&#8243; custom_padding=&#8221;|||&#8221; custom_padding__hover=&#8221;|||&#8221;][et_pb_blurb _builder_version=&#8221;4.9.7&#8243; header_font=&#8221;Lato|900||on|||||&#8221; header_font_size=&#8221;15px&#8221; header_letter_spacing=&#8221;1px&#8221; header_line_height=&#8221;1.4em&#8221; body_font=&#8221;Lato||||||||&#8221; body_text_color=&#8221;#898f99&#8243; body_font_size=&#8221;16px&#8221; body_line_height=&#8221;1.6em&#8221; background_color=&#8221;#ffffff&#8221; background_image=&#8221;https:\/\/pastoral.lasalle.edu.br\/wp-content\/uploads\/2023\/04\/CAPA-CRIANCAS-JOVENS-E-ADULTOS_Semana-de-La-Salle_Prancheta-1-03-1.png&#8221; text_orientation=&#8221;center&#8221; min_height=&#8221;335px&#8221; custom_margin=&#8221;|||0px||&#8221; custom_padding=&#8221;60px|40px|39px|40px||&#8221; animation=&#8221;off&#8221; border_radii=&#8221;on|10px|10px|10px|10px&#8221; border_color_all=&#8221;#3c39e6&#8243; border_style_all=&#8221;none&#8221; border_width_top=&#8221;10px&#8221; box_shadow_style=&#8221;preset2&#8243; box_shadow_horizontal=&#8221;0px&#8221; box_shadow_blur=&#8221;54px&#8221; box_shadow_spread=&#8221;17px&#8221; box_shadow_color=&#8221;rgba(0,0,0,0.04)&#8221;][\/et_pb_blurb][et_pb_button button_url=&#8221;https:\/\/drive.google.com\/file\/d\/18zCzTAwgj8RjLCDS7xORVP5enrAffzTM\/view?usp=sharing&#8221; url_new_window=&#8221;on&#8221; button_text=&#8221;accede aqu\u00ed&#8221; button_alignment=&#8221;center&#8221; _builder_version=&#8221;4.9.7&#8243; custom_button=&#8221;on&#8221; button_text_size=&#8221;15px&#8221; button_bg_color=&#8221;#3c39e6&#8243; button_border_width=&#8221;0px&#8221; button_border_radius=&#8221;6px&#8221; button_letter_spacing=&#8221;1px&#8221; button_font=&#8221;Lato|700||on|||||&#8221; button_use_icon=&#8221;off&#8221; background_layout=&#8221;dark&#8221; custom_margin=&#8221;|||&#8221; custom_padding=&#8221;12px|30px|12px|30px&#8221; box_shadow_style=&#8221;preset3&#8243; box_shadow_color=&#8221;rgba(60,57,230,0.15)&#8221; button_letter_spacing_hover=&#8221;1px&#8221; locked=&#8221;off&#8221; button_text_size__hover_enabled=&#8221;off&#8221; button_one_text_size__hover_enabled=&#8221;off&#8221; button_two_text_size__hover_enabled=&#8221;off&#8221; button_text_color__hover_enabled=&#8221;off&#8221; button_one_text_color__hover_enabled=&#8221;off&#8221; button_two_text_color__hover_enabled=&#8221;off&#8221; button_border_width__hover_enabled=&#8221;off&#8221; button_one_border_width__hover_enabled=&#8221;off&#8221; button_two_border_width__hover_enabled=&#8221;off&#8221; button_border_color__hover_enabled=&#8221;off&#8221; button_one_border_color__hover_enabled=&#8221;off&#8221; button_two_border_color__hover_enabled=&#8221;off&#8221; button_border_radius__hover_enabled=&#8221;off&#8221; button_one_border_radius__hover_enabled=&#8221;off&#8221; button_two_border_radius__hover_enabled=&#8221;off&#8221; button_letter_spacing__hover_enabled=&#8221;on&#8221; button_letter_spacing__hover=&#8221;1px&#8221; button_one_letter_spacing__hover_enabled=&#8221;off&#8221; button_two_letter_spacing__hover_enabled=&#8221;off&#8221; button_bg_color__hover_enabled=&#8221;off&#8221; button_one_bg_color__hover_enabled=&#8221;off&#8221; button_two_bg_color__hover_enabled=&#8221;off&#8221;][\/et_pb_button][\/et_pb_column][\/et_pb_row][\/et_pb_section][et_pb_section fb_built=&#8221;1&#8243; _builder_version=&#8221;4.9.7&#8243; _module_preset=&#8221;default&#8221; background_image=&#8221;https:\/\/pastoral.lasalle.edu.br\/wp-content\/uploads\/2023\/04\/RODAPE_Semana-de-La-Salle-3.png&#8221; background_position=&#8221;bottom_right&#8221; min_height=&#8221;133px&#8221;][et_pb_row _builder_version=&#8221;4.9.7&#8243; _module_preset=&#8221;default&#8221;][et_pb_column type=&#8221;4_4&#8243; _builder_version=&#8221;4.9.7&#8243; _module_preset=&#8221;default&#8221;][\/et_pb_column][\/et_pb_row][\/et_pb_section]<\/p>\n","protected":false},"excerpt":{"rendered":"<p>REFLEXIONES | 3\u00ba D\u00cdA\u00a0 LA SALLE Y EL SERVICIO Sugerimos realizar la oraci\u00f3n se\u00f1alada para el d\u00eda proponiendo a los estudiantes desarrollar una mirada atenta hacia el entorno de la comunidad educativa con el fin de que perciban a aquellas personas que necesiten de nuestra actitud de servir. A partir de esto, proponer los estudiantes [&hellip;]<\/p>\n","protected":false},"author":1,"featured_media":0,"parent":0,"menu_order":0,"comment_status":"closed","ping_status":"closed","template":"","meta":{"_et_pb_use_builder":"on","_et_pb_old_content":"","_et_gb_content_width":"","footnotes":""},"class_list":["post-1401","page","type-page","status-publish","hentry"],"_links":{"self":[{"href":"https:\/\/pastoral.lasalle.edu.br\/index.php\/wp-json\/wp\/v2\/pages\/1401","targetHints":{"allow":["GET"]}}],"collection":[{"href":"https:\/\/pastoral.lasalle.edu.br\/index.php\/wp-json\/wp\/v2\/pages"}],"about":[{"href":"https:\/\/pastoral.lasalle.edu.br\/index.php\/wp-json\/wp\/v2\/types\/page"}],"author":[{"embeddable":true,"href":"https:\/\/pastoral.lasalle.edu.br\/index.php\/wp-json\/wp\/v2\/users\/1"}],"replies":[{"embeddable":true,"href":"https:\/\/pastoral.lasalle.edu.br\/index.php\/wp-json\/wp\/v2\/comments?post=1401"}],"version-history":[{"count":9,"href":"https:\/\/pastoral.lasalle.edu.br\/index.php\/wp-json\/wp\/v2\/pages\/1401\/revisions"}],"predecessor-version":[{"id":1506,"href":"https:\/\/pastoral.lasalle.edu.br\/index.php\/wp-json\/wp\/v2\/pages\/1401\/revisions\/1506"}],"wp:attachment":[{"href":"https:\/\/pastoral.lasalle.edu.br\/index.php\/wp-json\/wp\/v2\/media?parent=1401"}],"curies":[{"name":"wp","href":"https:\/\/api.w.org\/{rel}","templated":true}]}}